{"id":99342,"date":"2026-04-03T12:24:17","date_gmt":"2026-04-03T10:24:17","guid":{"rendered":"https:\/\/macron.md\/?post_type=product&#038;p=99342"},"modified":"2026-04-03T21:02:21","modified_gmt":"2026-04-03T19:02:21","slug":"tricou-polo-ceremonial-fc-start","status":"publish","type":"product","link":"https:\/\/macron.md\/ru\/product\/tricou-polo-ceremonial-fc-start\/","title":{"rendered":"\u0424\u0423\u0422\u0411\u041e\u041b\u041a\u0410 \u041f\u041e\u041b\u041e \u0426\u0415\u0420\u0415\u041c\u041e\u041d\u0418\u0410\u041b\u042c\u041d\u0410\u042f FC START"},"content":{"rendered":"<div class=\"Y3BBE\" data-sfc-cp=\"\" data-hveid=\"CAEIAhAA\" data-complete=\"true\" data-processed=\"true\">\n<div class=\"otQkpb\" role=\"heading\" aria-level=\"3\" data-animation-nesting=\"\" data-sfc-cp=\"\" data-sfc-cb=\"\" data-complete=\"true\" data-processed=\"true\" data-sae=\"\"><strong class=\"Yjhzub\" data-sfc-cb=\"\" data-complete=\"true\">\u0424\u0443\u0442\u0431\u043e\u043b\u044c\u043d\u044b\u0439 \u043a\u043b\u0443\u0431 \u0421\u0422\u0410\u0420\u0422 \u0426\u0435\u0440\u0435\u043c\u043e\u043d\u0438\u0430\u043b\u044c\u043d\u0430\u044f \u043f\u043e\u043b\u043e \u2013 Macron Draco Hero<\/strong><\/div>\n<div class=\"Y3BBE\" data-sfc-cp=\"\" data-sfc-cb=\"\" data-hveid=\"CAEIBBAA\" data-complete=\"true\" data-processed=\"true\" aria-owns=\"action-menu-parent-container\">\u041e\u043d\u0430 \u043f\u0440\u0435\u0434\u0441\u0442\u0430\u0432\u043b\u044f\u0435\u0442 \u0446\u0432\u0435\u0442\u0430 \u043a\u043b\u0443\u0431\u0430 \u0441 \u044d\u043b\u0435\u0433\u0430\u043d\u0442\u043d\u043e\u0441\u0442\u044c\u044e \u0438 \u0441\u0442\u0438\u043b\u0435\u043c! \u0426\u0435\u0440\u0435\u043c\u043e\u043d\u0438\u0430\u043b\u044c\u043d\u0430\u044f \u043f\u043e\u043b\u043e\u00a0<strong class=\"Yjhzub\" data-sfc-cb=\"\" data-complete=\"true\" data-processed=\"true\">Draco Hero<\/strong>, \u043f\u0435\u0440\u0441\u043e\u043d\u0430\u043b\u0438\u0437\u0438\u0440\u043e\u0432\u0430\u043d\u043d\u044b\u0439 \u0434\u043b\u044f <b>\u0424\u041a \u0421\u0422\u0410\u0420\u0422<\/b>, \u2014 \u044d\u0442\u043e \u0438\u0434\u0435\u0430\u043b\u044c\u043d\u0430\u044f \u043e\u0434\u0435\u0436\u0434\u0430 \u0434\u043b\u044f \u043e\u0444\u0438\u0446\u0438\u0430\u043b\u044c\u043d\u044b\u0445 \u043c\u043e\u043c\u0435\u043d\u0442\u043e\u0432, \u043f\u0440\u0435\u0437\u0435\u043d\u0442\u0430\u0446\u0438\u043e\u043d\u043d\u044b\u0445 \u043c\u0435\u0440\u043e\u043f\u0440\u0438\u044f\u0442\u0438\u0439 \u0438\u043b\u0438 \u0434\u043b\u044f \u0431\u043e\u043b\u0435\u043b\u044c\u0449\u0438\u043a\u043e\u0432, \u0436\u0435\u043b\u0430\u044e\u0449\u0438\u0445 \u0438\u0437\u044b\u0441\u043a\u0430\u043d\u043d\u043e\u0433\u043e \u043f\u043e\u0432\u0441\u0435\u0434\u043d\u0435\u0432\u043d\u043e\u0433\u043e \u043e\u0431\u0440\u0430\u0437\u0430.<\/div>\n<\/div>\n<div class=\"Fsg96\" data-sfc-cp=\"\" data-complete=\"true\" data-processed=\"true\"><\/div>\n<hr class=\"j3tEEe\" data-serialized-params=\"[]\" data-complete=\"true\" data-processed=\"true\" data-sae=\"\" \/>\n<div class=\"Fsg96\" data-sfc-cp=\"\" data-complete=\"true\" data-processed=\"true\">\n<div class=\"otQkpb\" role=\"heading\" aria-level=\"3\" data-animation-nesting=\"\" data-sfc-cp=\"\" data-complete=\"true\" data-processed=\"true\" data-sae=\"\">\u26bd Detalii personalizare:<\/div>\n<ul class=\"KsbFXc U6u95\" data-complete=\"true\" data-processed=\"true\">\n<li class=\"dF3vjf\" data-hveid=\"CAEIBxAA\" data-complete=\"true\" data-sae=\"\"><span class=\"T286Pc\" data-sfc-cp=\"\" data-complete=\"true\">Include imprimarea <strong>numarului dorit.<\/strong><\/span><\/li>\n<\/ul>\n<div class=\"Fsg96\" data-sfc-cp=\"\" data-complete=\"true\" data-processed=\"true\"><\/div>\n<div class=\"otQkpb\" role=\"heading\" aria-level=\"3\" data-animation-nesting=\"\" data-sfc-cp=\"\" data-complete=\"true\" data-processed=\"true\" data-sae=\"\">\ud83d\udccf Ghid de m\u0103rimi \u0219i Recomand\u0103ri:<\/div>\n<ul class=\"KsbFXc U6u95\" data-complete=\"true\" data-processed=\"true\">\n<li class=\"dF3vjf\" data-hveid=\"CAEICRAA\" data-complete=\"true\" data-sae=\"\"><span class=\"T286Pc\" data-sfc-cp=\"\" data-complete=\"true\">Tabelul de m\u0103rimi afi\u0219at are un\u00a0<strong class=\"Yjhzub\" data-complete=\"true\">caracter orientativ<\/strong>.<\/span><\/li>\n<li class=\"dF3vjf\" data-hveid=\"CAEICRAB\" data-complete=\"true\" data-sae=\"\"><span class=\"T286Pc\" data-sfc-cp=\"\" data-complete=\"true\">Pentru a asigura o potrivire perfect\u0103, v\u0103\u00a0<strong class=\"Yjhzub\" data-complete=\"true\">recomand\u0103m insistent s\u0103 proba\u021bi tricoul \u00een magazin<\/strong> \u00eenainte de a solicita personalizarea.<\/span><\/li>\n<\/ul>\n<div class=\"Fsg96\" data-sfc-cp=\"\" data-complete=\"true\" data-processed=\"true\"><\/div>\n<div class=\"otQkpb\" role=\"heading\" aria-level=\"3\" data-animation-nesting=\"\" data-sfc-cp=\"\" data-complete=\"true\" data-processed=\"true\" data-sae=\"\">\u26a0\ufe0f Politica de retur:<\/div>\n<ul class=\"KsbFXc U6u95\" data-complete=\"true\" data-processed=\"true\">\n<li class=\"dF3vjf\" data-hveid=\"CAEICxAA\" data-complete=\"true\" data-sae=\"\"><span class=\"T286Pc\" data-sfc-cp=\"\" data-complete=\"true\"><strong class=\"Yjhzub\" data-complete=\"true\">Aten\u021bie!<\/strong>\u00a0Produsele personalizate (cu nume \u0219i num\u0103r)\u00a0<strong class=\"Yjhzub\" data-complete=\"true\">nu pot fi returnate sau schimbate<\/strong>.<\/span><\/li>\n<li class=\"dF3vjf\" data-hveid=\"CAEICxAB\" data-complete=\"true\" data-sae=\"\"><span class=\"T286Pc\" data-sfc-cp=\"\" data-complete=\"true\">De asemenea, procesul de imprimare este final: odat\u0103 aplicate, datele (numele\/num\u0103rul)\u00a0<strong class=\"Yjhzub\" data-complete=\"true\">nu mai pot fi modificate<\/strong>.<\/span><\/li>\n<\/ul>\n<\/div>","protected":false},"excerpt":{"rendered":"<ul class=\"KsbFXc U6u95\" data-complete=\"true\" data-processed=\"true\">\n<li data-hveid=\"CAEIBRAA\" data-complete=\"true\" data-sae=\"\"><span class=\"T286Pc\" data-sfc-cp=\"\" data-complete=\"true\"><strong class=\"Yjhzub\" data-complete=\"true\">Vela in tessuto principale:<\/strong>\u00a0Partea vizibil\u0103 a gulerului realizat\u0103 din acela\u0219i material ca \u0219i corpul tricoului.<\/span><\/li>\n<li data-hveid=\"CAEIBRAB\" data-complete=\"true\" data-sae=\"\"><span class=\"T286Pc\" data-sfc-cp=\"\" data-complete=\"true\"><strong class=\"Yjhzub\" data-complete=\"true\">Piping:<\/strong>\u00a0Acea bordur\u0103 sub\u021bire care ofer\u0103 un detaliu de design discret, aplicat\u0103 aici at\u00e2t la guler, c\u00e2t \u0219i la baza m\u00e2necilor.<\/span><\/li>\n<li data-hveid=\"CAEIBRAC\" data-complete=\"true\" data-sae=\"\"><span class=\"T286Pc\" data-sfc-cp=\"\" data-complete=\"true\"><strong class=\"Yjhzub\" data-complete=\"true\">Spacchetti laterali:<\/strong>\u00a0Mici t\u0103ieturi la baza lateral\u0103 a tricoului, care ofer\u0103 lejeritate \u0219i o a\u0219ezare mai bun\u0103 pe corp.<\/span><\/li>\n<li data-hveid=\"CAEIBRAD\" data-complete=\"true\" data-sae=\"\"><span class=\"T286Pc\" data-sfc-cp=\"\" data-complete=\"true\" aria-owns=\"action-menu-parent-container\"><strong class=\"Yjhzub\" data-complete=\"true\">Tricot (Knit):<\/strong>\u00a0Material moale \u0219i elastic, specific articolelor de tip polo sau trening.<\/span><\/li>\n<\/ul>","protected":false},"featured_media":99378,"template":"","meta":[],"product_brand":[44],"product_cat":[730,887],"product_tag":[747],"class_list":{"0":"post-99342","1":"product","2":"type-product","3":"status-publish","4":"has-post-thumbnail","6":"product_brand-macron","7":"product_cat-club-shop","8":"product_cat-fc-start","9":"product_tag-numar","10":"pa_age_range-adulti","11":"pa_age_range-copii","12":"pa_brand-macron","13":"pa_color-bordo","14":"pa_fit-slim","15":"pa_gender-barbati","16":"pa_material-poliestere","17":"pa_size-3xl","18":"pa_size-3xs","19":"pa_size-4xl","20":"pa_size-5xl","21":"pa_size-l","22":"pa_size-m","23":"pa_size-s","24":"pa_size-xl","25":"pa_size-xs","26":"pa_size-xxl","27":"pa_size-xxs","29":"first","30":"outofstock","31":"shipping-taxable","32":"purchasable","33":"product-type-variable"},"_links":{"self":[{"href":"https:\/\/macron.md\/ru\/wp-json\/wp\/v2\/product\/99342","targetHints":{"allow":["GET"]}}],"collection":[{"href":"https:\/\/macron.md\/ru\/wp-json\/wp\/v2\/product"}],"about":[{"href":"https:\/\/macron.md\/ru\/wp-json\/wp\/v2\/types\/product"}],"wp:featuredmedia":[{"embeddable":true,"href":"https:\/\/macron.md\/ru\/wp-json\/wp\/v2\/media\/99378"}],"wp:attachment":[{"href":"https:\/\/macron.md\/ru\/wp-json\/wp\/v2\/media?parent=99342"}],"wp:term":[{"taxonomy":"product_brand","embeddable":true,"href":"https:\/\/macron.md\/ru\/wp-json\/wp\/v2\/product_brand?post=99342"},{"taxonomy":"product_cat","embeddable":true,"href":"https:\/\/macron.md\/ru\/wp-json\/wp\/v2\/product_cat?post=99342"},{"taxonomy":"product_tag","embeddable":true,"href":"https:\/\/macron.md\/ru\/wp-json\/wp\/v2\/product_tag?post=99342"}],"curies":[{"name":"wp","href":"https:\/\/api.w.org\/{rel}","templated":true}]}}