{"id":99287,"date":"2026-04-03T11:56:34","date_gmt":"2026-04-03T09:56:34","guid":{"rendered":"https:\/\/macron.md\/?post_type=product&#038;p=99287"},"modified":"2026-04-03T21:02:29","modified_gmt":"2026-04-03T19:02:29","slug":"evo-jambiere-fc-start-5","status":"publish","type":"product","link":"https:\/\/macron.md\/ru\/product\/evo-jambiere-fc-start-5\/","title":{"rendered":"\u042d\u0412\u041e \u0414\u0416\u0410\u041c\u0411\u0418\u0415\u0420\u0415 \u0424\u041a \u0421\u0422\u0410\u0420\u0422"},"content":{"rendered":"<div class=\"otQkpb\" role=\"heading\" aria-level=\"3\" data-animation-nesting=\"\" data-sfc-cp=\"\" data-complete=\"true\" data-processed=\"true\" data-sae=\"\">\u0424\u0443\u0442\u0431\u043e\u043b\u044c\u043d\u044b\u0435 \u0433\u0435\u0442\u0440\u044b Macron \u2013 \u0417\u0430\u0449\u0438\u0442\u0430, \u041f\u043e\u0434\u0434\u0435\u0440\u0436\u043a\u0430 \u0438 \u0418\u0434\u0435\u0430\u043b\u044c\u043d\u0430\u044f \u041f\u043e\u0441\u0430\u0434\u043a\u0430<\/div>\n<div class=\"Y3BBE\" data-sfc-cp=\"\" data-hveid=\"CAEIBBAA\" data-complete=\"true\" data-processed=\"true\"><strong class=\"Yjhzub\" data-complete=\"true\">\u041d\u0435\u043e\u0431\u0445\u043e\u0434\u0438\u043c\u0430\u044f \u044d\u043a\u0438\u043f\u0438\u0440\u043e\u0432\u043a\u0430 \u0434\u043b\u044f \u043c\u0430\u043a\u0441\u0438\u043c\u0430\u043b\u044c\u043d\u043e\u0439 \u043f\u0440\u043e\u0438\u0437\u0432\u043e\u0434\u0438\u0442\u0435\u043b\u044c\u043d\u043e\u0441\u0442\u0438 \u0432 \u0434\u0435\u043d\u044c \u043c\u0430\u0442\u0447\u0430!<\/strong> \u042d\u0442\u0438 \u0442\u0435\u0445\u043d\u0438\u0447\u0435\u0441\u043a\u0438\u0435 \u0433\u0435\u0442\u0440\u044b \u0441\u043e\u0447\u0435\u0442\u0430\u044e\u0442 \u043a\u043e\u043c\u0444\u043e\u0440\u0442 \u0441\u0442\u0440\u0435\u0442\u0447-\u0445\u043b\u043e\u043f\u043a\u0430 \u0441 \u043f\u0440\u043e\u0447\u043d\u043e\u0441\u0442\u044c\u044e \u0441\u0438\u043d\u0442\u0435\u0442\u0438\u0447\u0435\u0441\u043a\u0438\u0445 \u043c\u0430\u0442\u0435\u0440\u0438\u0430\u043b\u043e\u0432, \u043e\u0431\u0435\u0441\u043f\u0435\u0447\u0438\u0432\u0430\u044f \u043e\u043f\u0442\u0438\u043c\u0430\u043b\u044c\u043d\u0443\u044e \u043f\u043e\u0434\u0434\u0435\u0440\u0436\u043a\u0443 \u0437\u0430\u0449\u0438\u0442\u043d\u0438\u043a\u0430\u043c \u0438 \u0431\u0435\u0437\u0443\u043f\u0440\u0435\u0447\u043d\u0443\u044e \u043f\u043e\u0441\u0430\u0434\u043a\u0443 \u043d\u0430 \u043f\u0440\u043e\u0442\u044f\u0436\u0435\u043d\u0438\u0438 \u0432\u0441\u0435\u0439 \u0438\u0433\u0440\u044b.<\/div>\n<div class=\"Fsg96\" data-sfc-cp=\"\" data-complete=\"true\" data-processed=\"true\"><\/div>\n<div class=\"otQkpb\" role=\"heading\" aria-level=\"3\" data-animation-nesting=\"\" data-sfc-cp=\"\" data-complete=\"true\" data-processed=\"true\" data-sae=\"\">Caracteristici \u0219i Beneficii Principale:<\/div>\n<ul class=\"KsbFXc U6u95\" data-processed=\"true\" data-complete=\"true\">\n<li data-hveid=\"CAEIBhAA\" data-complete=\"true\" data-sae=\"\"><span class=\"T286Pc\" data-sfc-cp=\"\" data-complete=\"true\"><strong class=\"Yjhzub\" data-complete=\"true\">\u041a\u043e\u043c\u0444\u043e\u0440\u0442\u043d\u0430\u044f \u0412\u0435\u0440\u0445\u043d\u044f\u044f \u041a\u0440\u043e\u043c\u043a\u0430:<\/strong>\u00a0\u0412\u0435\u0440\u0445\u043d\u044f\u044f \u0447\u0430\u0441\u0442\u044c \u0438\u043c\u0435\u0435\u0442\u00a0<strong class=\"Yjhzub\" data-complete=\"true\">\u044d\u043b\u0430\u0441\u0442\u0438\u0447\u043d\u044b\u0439 \u043c\u0430\u043d\u0436\u0435\u0442 \u0438\u0437 \u0440\u0435\u0431\u0440\u0438\u0441\u0442\u043e\u0433\u043e \u0442\u0440\u0438\u043a\u043e\u0442\u0430\u0436\u0430 (rib knit turnover top)<\/strong>, \u043c\u044f\u0433\u043a\u0438\u0439, \u043a\u043e\u0442\u043e\u0440\u044b\u0439 \u043e\u0431\u0435\u0441\u043f\u0435\u0447\u0438\u0432\u0430\u0435\u0442 \u043a\u043e\u043c\u0444\u043e\u0440\u0442\u043d\u0443\u044e \u0444\u0438\u043a\u0441\u0430\u0446\u0438\u044e \u043d\u0430 \u0433\u043e\u043b\u0435\u043d\u0438, \u043d\u0435 \u0441\u0434\u0430\u0432\u043b\u0438\u0432\u0430\u044f.<\/span><\/li>\n<li data-hveid=\"CAEIBhAB\" data-complete=\"true\" data-sae=\"\"><span class=\"T286Pc\" data-sfc-cp=\"\" data-complete=\"true\"><strong class=\"Yjhzub\" data-complete=\"true\">\u042d\u0440\u0433\u043e\u043d\u043e\u043c\u0438\u0447\u043d\u0430\u044f \u0413\u043e\u043b\u0435\u043d\u043e\u0441\u0442\u043e\u043f\u043d\u0430\u044f \u0427\u0430\u0441\u0442\u044c:<\/strong>\u00a0\u0418\u0437\u0433\u043e\u0442\u043e\u0432\u043b\u0435\u043d\u043d\u0430\u044f \u0438\u0437 \u0441\u043c\u0435\u0441\u0438\u00a0<strong class=\"Yjhzub\" data-complete=\"true\">\u043f\u043e\u043b\u0438\u044d\u0441\u0442\u0435\u0440\u0430 \u0438 \u044d\u043b\u0430\u0441\u0442\u0430\u043d\u0430<\/strong>, \u044d\u0442\u0430 \u0447\u0430\u0441\u0442\u044c \u0438\u043c\u0435\u0435\u0442 \u0441\u043f\u0435\u0446\u0438\u0430\u043b\u044c\u043d\u043e \u0440\u0430\u0437\u0440\u0430\u0431\u043e\u0442\u0430\u043d\u043d\u0443\u044e \u0444\u043e\u0440\u043c\u0443, \u0447\u0442\u043e\u0431\u044b\u00a0<strong class=\"Yjhzub\" data-complete=\"true\">\u043e\u0431\u043b\u0435\u0433\u0447\u0438\u0442\u044c \u0432\u0441\u0442\u0430\u0432\u043a\u0443 \u0438 \u0444\u0438\u043a\u0441\u0430\u0446\u0438\u044e \u0449\u0438\u0442\u043a\u043e\u0432 (shin pads)<\/strong>.<\/span><\/li>\n<li data-hveid=\"CAEIBhAC\" data-complete=\"true\" data-sae=\"\"><span class=\"T286Pc\" data-sfc-cp=\"\" data-complete=\"true\"><strong class=\"Yjhzub\" data-complete=\"true\">\u0421\u0442\u0435\u043b\u044c\u043a\u0430 \u0438\u0437 \u0421\u0442\u0440\u0435\u0442\u0447-\u0425\u043b\u043e\u043f\u043a\u0430:<\/strong>\u00a0\u041d\u0438\u0436\u043d\u044f\u044f \u0447\u0430\u0441\u0442\u044c (\u0441\u0442\u043e\u043f\u0430) \u0438\u0437\u0433\u043e\u0442\u043e\u0432\u043b\u0435\u043d\u0430 \u0438\u0437\u00a0<strong class=\"Yjhzub\" data-complete=\"true\">\u044d\u043b\u0430\u0441\u0442\u0438\u0447\u043d\u043e\u0433\u043e \u0445\u043b\u043e\u043f\u043a\u0430 (stretch cotton)<\/strong>, \u043e\u0431\u0435\u0441\u043f\u0435\u0447\u0438\u0432\u0430\u044f \u043c\u044f\u0433\u043a\u043e\u0435 \u043f\u0440\u0438\u043a\u043e\u0441\u043d\u043e\u0432\u0435\u043d\u0438\u0435, \u043e\u0442\u043b\u0438\u0447\u043d\u043e\u0435 \u0432\u043f\u0438\u0442\u044b\u0432\u0430\u043d\u0438\u0435 \u043f\u043e\u0442\u0430 \u0438 \u0435\u0441\u0442\u0435\u0441\u0442\u0432\u0435\u043d\u043d\u044b\u0439 \u0442\u0435\u043f\u043b\u043e\u0432\u043e\u0439 \u043a\u043e\u043c\u0444\u043e\u0440\u0442.<\/span><\/li>\n<li data-hveid=\"CAEIBhAD\" data-sae=\"\" data-complete=\"true\"><span class=\"T286Pc\" data-sfc-cp=\"\" data-complete=\"true\"><strong class=\"Yjhzub\" data-complete=\"true\">\u0413\u0440\u0430\u0434\u0443\u0438\u0440\u043e\u0432\u0430\u043d\u043d\u0430\u044f \u041a\u043e\u043c\u043f\u0440\u0435\u0441\u0441\u0438\u044f:<\/strong>\u00a0O\u00a0<strong class=\"Yjhzub\" data-complete=\"true\">\u043a\u043e\u043c\u043f\u0440\u0435\u0441\u0441\u0438\u043e\u043d\u043d\u0430\u044f \u043b\u0435\u043d\u0442\u0430<\/strong>\u00a0\u0438\u0437 \u044d\u043b\u0430\u0441\u0442\u0430\u043d\u0430, \u043a\u043e\u043c\u0444\u043e\u0440\u0442\u043d\u0430\u044f, \u043e\u0431\u0435\u0441\u043f\u0435\u0447\u0438\u0432\u0430\u0435\u0442 \u043f\u043b\u043e\u0442\u043d\u0443\u044e \u043f\u043e\u0441\u0430\u0434\u043a\u0443 (snug fit) \u0438 \u043f\u043e\u0434\u0434\u0435\u0440\u0436\u043a\u0443, \u043f\u0440\u0435\u0434\u043e\u0442\u0432\u0440\u0430\u0449\u0430\u044f \u043c\u044b\u0448\u0435\u0447\u043d\u0443\u044e \u0443\u0441\u0442\u0430\u043b\u043e\u0441\u0442\u044c.<\/span><\/li>\n<li data-hveid=\"CAEIBhAE\" data-complete=\"true\" data-processed=\"true\" data-sae=\"\"><span class=\"T286Pc\" data-sfc-cp=\"\" data-complete=\"true\"><strong class=\"Yjhzub\" data-complete=\"true\">\u0418\u0437\u043d\u043e\u0441\u043e\u0441\u0442\u043e\u0439\u043a\u043e\u0441\u0442\u044c:<\/strong>\u00a0\u041e\u0431\u043b\u0430\u0441\u0442\u044c \u043f\u044f\u0442\u043a\u0438 \u0438 \u043d\u043e\u0441\u043a\u0430 \u0443\u0441\u0438\u043b\u0435\u043d\u0430\u00a0<strong class=\"Yjhzub\" data-complete=\"true\">\u0441\u043f\u0435\u0446\u0438\u0430\u043b\u044c\u043d\u044b\u043c\u0438 \u0438\u0437\u043d\u043e\u0441\u043e\u0441\u0442\u043e\u0439\u043a\u0438\u043c\u0438 \u043d\u0438\u0442\u044f\u043c\u0438<\/strong>, \u0433\u0430\u0440\u0430\u043d\u0442\u0438\u0440\u0443\u044f \u0434\u043b\u0438\u0442\u0435\u043b\u044c\u043d\u044b\u0439 \u0441\u0440\u043e\u043a \u0441\u043b\u0443\u0436\u0431\u044b \u0433\u0435\u0442\u0440.<\/span><\/li>\n<li data-hveid=\"CAEIBhAF\" data-complete=\"true\" data-processed=\"true\" data-sae=\"\"><span class=\"T286Pc\" data-sfc-cp=\"\" data-complete=\"true\" aria-owns=\"action-menu-parent-container\"><strong class=\"Yjhzub\" data-complete=\"true\">Versatilitate Cromatic\u0103:<\/strong>\u00a0\u0414\u043e\u0441\u0442\u0443\u043f\u043d\u044b \u0432\u00a0<strong class=\"Yjhzub\" data-complete=\"true\">12 \u0432\u0430\u0440\u0438\u0430\u043d\u0442\u043e\u0432 \u0446\u0432\u0435\u0442\u0430<\/strong>, \u043b\u0435\u0433\u043a\u043e \u0441\u043e\u0447\u0435\u0442\u0430\u044e\u0442\u0441\u044f \u0441 \u043e\u0444\u0438\u0446\u0438\u0430\u043b\u044c\u043d\u043e\u0439 \u044d\u043a\u0438\u043f\u0438\u0440\u043e\u0432\u043a\u043e\u0439 \u0432\u0430\u0448\u0435\u0433\u043e \u043a\u043b\u0443\u0431\u0430.<\/span><\/li>\n<\/ul>","protected":false},"excerpt":{"rendered":"<div class=\"otQkpb\" role=\"heading\" aria-level=\"3\" data-animation-nesting=\"\" data-sfc-cp=\"\" data-complete=\"true\" data-processed=\"true\" data-sae=\"\">Specifica\u021bii Tehnice:<\/div>\n<ul class=\"KsbFXc U6u95\" data-complete=\"true\" data-processed=\"true\">\n<li data-hveid=\"CAEICBAA\" data-complete=\"true\" data-sae=\"\"><span class=\"T286Pc\" data-sfc-cp=\"\" data-complete=\"true\"><strong class=\"Yjhzub\" data-complete=\"true\">\u041c\u0430\u0442\u0435\u0440\u0438\u0430\u043b:<\/strong>\u00a0Mix de Poliester, Bumbac Stretch \u0219i Elastan<\/span><\/li>\n<li data-hveid=\"CAEICBAB\" data-complete=\"true\" data-sae=\"\"><span class=\"T286Pc\" data-sfc-cp=\"\" data-complete=\"true\"><strong class=\"Yjhzub\" data-complete=\"true\">Tip:<\/strong>\u00a0\u0218osete lungi de meci (cu talp\u0103)<\/span><\/li>\n<li data-hveid=\"CAEICBAC\" data-complete=\"true\" data-sae=\"\"><span class=\"T286Pc\" data-sfc-cp=\"\" data-complete=\"true\"><strong class=\"Yjhzub\" data-complete=\"true\">Tehnologie:<\/strong>\u00a0Zon\u0103 special\u0103 pentru ap\u0103r\u0103tori, band\u0103 de compresie<\/span><\/li>\n<li data-hveid=\"CAEICBAD\" data-complete=\"true\" data-sae=\"\"><span class=\"T286Pc\" data-sfc-cp=\"\" data-complete=\"true\"><strong class=\"Yjhzub\" data-complete=\"true\">Culori:<\/strong>\u00a012 variante disponibile<\/span><\/li>\n<li data-hveid=\"CAEICBAE\" data-complete=\"true\" data-sae=\"\"><span class=\"T286Pc\" data-sfc-cp=\"\" data-complete=\"true\" aria-owns=\"action-menu-parent-container\"><strong class=\"Yjhzub\" data-complete=\"true\">Utilizare:<\/strong>\u00a0Meciuri oficiale, competi\u021bii, antrenament intensiv<\/span><\/li>\n<\/ul>","protected":false},"featured_media":79627,"template":"","meta":[],"product_brand":[44],"product_cat":[730,887],"product_tag":[],"class_list":{"0":"post-99287","1":"product","2":"type-product","3":"status-publish","4":"has-post-thumbnail","6":"product_brand-macron","7":"product_cat-club-shop","8":"product_cat-fc-start","9":"pa_age_range-adulti","10":"pa_brand-macron","11":"pa_color-alb","12":"pa_fit-regular","13":"pa_gender-barbati","14":"pa_material-poliestere","15":"pa_size-l","16":"pa_size-m","17":"pa_size-s","18":"pa_size-xl","19":"pa_size-xs","21":"first","22":"instock","23":"shipping-taxable","24":"purchasable","25":"product-type-variable"},"_links":{"self":[{"href":"https:\/\/macron.md\/ru\/wp-json\/wp\/v2\/product\/99287","targetHints":{"allow":["GET"]}}],"collection":[{"href":"https:\/\/macron.md\/ru\/wp-json\/wp\/v2\/product"}],"about":[{"href":"https:\/\/macron.md\/ru\/wp-json\/wp\/v2\/types\/product"}],"wp:featuredmedia":[{"embeddable":true,"href":"https:\/\/macron.md\/ru\/wp-json\/wp\/v2\/media\/79627"}],"wp:attachment":[{"href":"https:\/\/macron.md\/ru\/wp-json\/wp\/v2\/media?parent=99287"}],"wp:term":[{"taxonomy":"product_brand","embeddable":true,"href":"https:\/\/macron.md\/ru\/wp-json\/wp\/v2\/product_brand?post=99287"},{"taxonomy":"product_cat","embeddable":true,"href":"https:\/\/macron.md\/ru\/wp-json\/wp\/v2\/product_cat?post=99287"},{"taxonomy":"product_tag","embeddable":true,"href":"https:\/\/macron.md\/ru\/wp-json\/wp\/v2\/product_tag?post=99287"}],"curies":[{"name":"wp","href":"https:\/\/api.w.org\/{rel}","templated":true}]}}