{"id":99133,"date":"2026-04-03T10:40:44","date_gmt":"2026-04-03T08:40:44","guid":{"rendered":"https:\/\/macron.md\/?post_type=product&#038;p=99133"},"modified":"2026-04-03T10:57:16","modified_gmt":"2026-04-03T08:57:16","slug":"tricou-p-u-portari-cs-alravo","status":"publish","type":"product","link":"https:\/\/macron.md\/ru\/product\/tricou-p-u-portari-cs-alravo\/","title":{"rendered":"\u0424\u0423\u0422\u0411\u041e\u041b\u041a\u0410 \u0414\u041b\u042f \u0412\u0420\u0410\u0422\u0410\u0420\u0415\u0419 CS ALRAVO"},"content":{"rendered":"<div class=\"Y3BBE\" data-sfc-cp=\"\" data-hveid=\"CAEIAhAA\" data-complete=\"true\" data-processed=\"true\">\u0424\u0443\u0442\u0431\u043e\u043b\u043a\u0430 \u0434\u043b\u044f \u0444\u0443\u0442\u0431\u043e\u043b\u0430 Rigel \u0438\u0437 \u043c\u0430\u0442\u0435\u0440\u0438\u0430\u043b\u0430 Evertex (100% \u043f\u043e\u043b\u0438\u044d\u0441\u0442\u0435\u0440). \u0423\u0434\u043e\u0431\u043d\u0430\u044f \u0438 \u043f\u0440\u043e\u0447\u043d\u0430\u044f, \u0431\u043b\u0430\u0433\u043e\u0434\u0430\u0440\u044f \u0442\u0435\u043a\u0441\u0442\u0443\u0440\u0435 \u0442\u043a\u0430\u043d\u0438, \u044f\u0432\u043b\u044f\u0435\u0442\u0441\u044f \u0438\u0434\u0435\u0430\u043b\u044c\u043d\u043e\u0439 \u0432\u0435\u0449\u044c\u044e \u0434\u043b\u044f \u0432\u0430\u0448\u0438\u0445 \u0438\u0433\u0440. \u0418\u0434\u0435\u0430\u043b\u044c\u043d\u043e \u043f\u043e\u0434\u0445\u043e\u0434\u0438\u0442 \u0434\u043b\u044f \u0432\u0441\u0435\u0445 \u0442\u0438\u043f\u043e\u0432 \u0442\u0435\u043b\u043e\u0441\u043b\u043e\u0436\u0435\u043d\u0438\u044f. \u0414\u043e\u0441\u0442\u0443\u043f\u043d\u0430 \u0432 \u0440\u0430\u0437\u043b\u0438\u0447\u043d\u044b\u0445 \u0446\u0432\u0435\u0442\u0430\u0445 \u0438 \u0440\u0430\u0437\u043c\u0435\u0440\u0430\u0445, \u043e\u0442 \u0434\u0435\u0442\u0441\u043a\u0438\u0445 \u0434\u043e \u0432\u0437\u0440\u043e\u0441\u043b\u044b\u0445.<\/div>\n<ul class=\"KsbFXc U6u95\" data-complete=\"true\" data-processed=\"true\">\n<li data-hveid=\"CAEIAxAA\" data-complete=\"true\" data-sae=\"\"><span class=\"T286Pc\" data-sfc-cp=\"\" data-complete=\"true\">\u0418\u0434\u0435\u0430\u043b\u044c\u043d\u044b\u0439 \u043a\u0440\u043e\u0439 \u0434\u043b\u044f \u043b\u044e\u0431\u043e\u0433\u043e \u0442\u0438\u043f\u0430 \u0442\u0435\u043b\u043e\u0441\u043b\u043e\u0436\u0435\u043d\u0438\u044f.<\/span><\/li>\n<li data-hveid=\"CAEIAxAB\" data-complete=\"true\" data-sae=\"\"><span class=\"T286Pc\" data-sfc-cp=\"\" data-complete=\"true\">\u0414\u043e\u0441\u0442\u0443\u043f\u043d\u043e \u0432 \u0440\u0430\u0437\u043b\u0438\u0447\u043d\u044b\u0445 \u0446\u0432\u0435\u0442\u0430\u0445 \u0438 \u0440\u0430\u0437\u043c\u0435\u0440\u0430\u0445, \u043e\u0442 \u0434\u0435\u0442\u0441\u043a\u0438\u0445 \u0434\u043e \u0432\u0437\u0440\u043e\u0441\u043b\u044b\u0445.<\/span><\/li>\n<\/ul>\n<div class=\"otQkpb\" role=\"heading\" aria-level=\"3\" data-animation-nesting=\"\" data-sfc-cp=\"\" data-complete=\"true\" data-processed=\"true\" data-sae=\"\">\u26bd Detalii personalizare:<\/div>\n<ul class=\"KsbFXc U6u95\" data-complete=\"true\" data-processed=\"true\">\n<li class=\"dF3vjf\" data-hveid=\"CAEIBxAA\" data-complete=\"true\" data-sae=\"\"><span class=\"T286Pc\" data-sfc-cp=\"\" data-complete=\"true\">Include imprimarea\u00a0<strong>\u041d\u043e\u043c\u0435\u0440 \u0438 \u0436\u0435\u043b\u0430\u0435\u043c\u043e\u0435 \u0438\u043c\u044f.<\/strong><\/span><\/li>\n<li class=\"dF3vjf\" data-hveid=\"CAEIBxAB\" data-complete=\"true\" data-sae=\"\"><span class=\"T286Pc\" data-sfc-cp=\"\" data-complete=\"true\"><strong class=\"Yjhzub\" data-complete=\"true\">Important:<\/strong>\u00a0V\u0103 rug\u0103m s\u0103\u00a0<strong class=\"Yjhzub\" data-complete=\"true\">verifica\u021bi disponibilitatea numerelor de joc la antrenorul echipei<\/strong> \u00eenainte de a plasa comanda pentru a evita dublarea acestora.<\/span><\/li>\n<\/ul>\n<div class=\"Fsg96\" data-sfc-cp=\"\" data-complete=\"true\" data-processed=\"true\"><\/div>\n<div class=\"otQkpb\" role=\"heading\" aria-level=\"3\" data-animation-nesting=\"\" data-sfc-cp=\"\" data-complete=\"true\" data-processed=\"true\" data-sae=\"\">\ud83d\udccf Ghid de m\u0103rimi \u0219i Recomand\u0103ri:<\/div>\n<ul class=\"KsbFXc U6u95\" data-complete=\"true\" data-processed=\"true\">\n<li class=\"dF3vjf\" data-hveid=\"CAEICRAA\" data-complete=\"true\" data-sae=\"\"><span class=\"T286Pc\" data-sfc-cp=\"\" data-complete=\"true\">Tabelul de m\u0103rimi afi\u0219at are un\u00a0<strong class=\"Yjhzub\" data-complete=\"true\">caracter orientativ<\/strong>.<\/span><\/li>\n<li class=\"dF3vjf\" data-hveid=\"CAEICRAB\" data-complete=\"true\" data-sae=\"\"><span class=\"T286Pc\" data-sfc-cp=\"\" data-complete=\"true\">Pentru a asigura o potrivire perfect\u0103, v\u0103\u00a0<strong class=\"Yjhzub\" data-complete=\"true\">recomand\u0103m insistent s\u0103 proba\u021bi tricoul \u00een magazin<\/strong> \u00eenainte de a solicita personalizarea.<\/span><\/li>\n<\/ul>\n<div class=\"Fsg96\" data-sfc-cp=\"\" data-complete=\"true\" data-processed=\"true\"><\/div>\n<div class=\"otQkpb\" role=\"heading\" aria-level=\"3\" data-animation-nesting=\"\" data-sfc-cp=\"\" data-complete=\"true\" data-processed=\"true\" data-sae=\"\">\u26a0\ufe0f Politica de retur:<\/div>\n<ul class=\"KsbFXc U6u95\" data-complete=\"true\" data-processed=\"true\">\n<li class=\"dF3vjf\" data-hveid=\"CAEICxAA\" data-complete=\"true\" data-sae=\"\"><span class=\"T286Pc\" data-sfc-cp=\"\" data-complete=\"true\"><strong class=\"Yjhzub\" data-complete=\"true\">Aten\u021bie!<\/strong>\u00a0Produsele personalizate (cu nume \u0219i num\u0103r)\u00a0<strong class=\"Yjhzub\" data-complete=\"true\">nu pot fi returnate sau schimbate<\/strong>.<\/span><\/li>\n<li class=\"dF3vjf\" data-hveid=\"CAEICxAB\" data-complete=\"true\" data-sae=\"\"><span class=\"T286Pc\" data-sfc-cp=\"\" data-complete=\"true\">De asemenea, procesul de imprimare este final: odat\u0103 aplicate, datele (numele\/num\u0103rul)\u00a0<strong class=\"Yjhzub\" data-complete=\"true\">nu mai pot fi modificate<\/strong>.<\/span><\/li>\n<\/ul>\n<div class=\"Fsg96\" data-sfc-cp=\"\" data-complete=\"true\" data-processed=\"true\"><\/div>\n<div data-xid=\"Gd7Hsc\" data-sfc-cp=\"\" data-processed=\"true\" data-complete=\"true\">\n<div class=\"DBd2Wb\" data-processed=\"true\" data-complete=\"true\">\n<div data-complete=\"true\" data-processed=\"true\"><\/div>\n<div class=\"zkL70c\" data-processed=\"true\">\n<div data-xid=\"YruvMc\" data-signal-inputs=\"ns9scf=ROpyxf_u\/ns9scf\" data-processed=\"true\" data-complete=\"true\">\n<div class=\"OUQe0e\" data-processed=\"true\">\n<div id=\"shrproxy31\" class=\"bQ0Yzc\" data-ved=\"0CAAQp4QQahcKEwjwi_D_zM6SAxUAAAAAHQAAAAAQFw\" data-hveid=\"0\"><\/div>\n<\/div>\n<\/div>\n<\/div>\n<\/div>\n<\/div>\n<p>&nbsp;<\/p>","protected":false},"excerpt":{"rendered":"<div class=\"Y3BBE\" data-sfc-cp=\"\" data-hveid=\"CAEIAhAA\" data-complete=\"true\" data-processed=\"true\">\n<div class=\"otQkpb\" role=\"heading\" aria-level=\"3\" data-animation-nesting=\"\" data-sfc-cp=\"\" data-complete=\"true\" data-processed=\"true\" data-sae=\"\"><strong class=\"Yjhzub\" data-complete=\"true\">Specifica\u021bii Tehnice:<\/strong><\/div>\n<ul class=\"KsbFXc U6u95\" data-complete=\"true\" data-processed=\"true\">\n<li data-hveid=\"CAEICxAA\" data-complete=\"true\" data-sae=\"\"><span class=\"T286Pc\" data-sfc-cp=\"\" data-complete=\"true\"><strong class=\"Yjhzub\" data-complete=\"true\">\u041c\u0430\u0442\u0435\u0440\u0438\u0430\u043b:<\/strong>\u00a0100% Poliester (Evertex)<\/span><\/li>\n<li data-hveid=\"CAEICxAB\" data-complete=\"true\" data-sae=\"\"><span class=\"T286Pc\" data-sfc-cp=\"\" data-complete=\"true\"><strong class=\"Yjhzub\" data-complete=\"true\">\u041a\u0440\u043e\u0439:<\/strong>\u00a0Slim Fit \/ Standard (potrivit pentru toate tipurile de corp)<\/span><\/li>\n<li data-hveid=\"CAEICxAC\" data-complete=\"true\" data-sae=\"\"><span class=\"T286Pc\" data-sfc-cp=\"\" data-complete=\"true\"><strong class=\"Yjhzub\" data-complete=\"true\">Guler:<\/strong>\u00a0Rotund, cu band\u0103 de \u00eent\u0103rire<\/span><\/li>\n<li data-hveid=\"CAEICxAD\" data-complete=\"true\" data-sae=\"\"><span class=\"T286Pc\" data-sfc-cp=\"\" data-complete=\"true\"><strong class=\"Yjhzub\" data-complete=\"true\">Utilizare recomandat\u0103:<\/strong>\u00a0Fotbal, Volei, Handbal, Antrenament Multi-sport<\/span><\/li>\n<li data-hveid=\"CAEICxAE\" data-complete=\"true\" data-sae=\"\"><span class=\"T286Pc\" data-sfc-cp=\"\" data-complete=\"true\"><strong class=\"Yjhzub\" data-complete=\"true\">\u00centre\u021binere:<\/strong> Lavabil la ma\u0219in\u0103 (recomandat 30\u00b0C), nu necesit\u0103 c\u0103lcare.<\/span><\/li>\n<\/ul>\n<div class=\"Fsg96\" data-sfc-cp=\"\" data-complete=\"true\" data-processed=\"true\"><\/div>\n<hr class=\"j3tEEe\" data-serialized-params=\"[]\" data-complete=\"true\" data-processed=\"true\" data-sae=\"\" \/>\n<\/div>\n<div data-xid=\"Gd7Hsc\" data-sfc-cp=\"\" data-processed=\"true\" data-complete=\"true\">\n<div class=\"DBd2Wb\" data-processed=\"true\" data-complete=\"true\">\n<div data-complete=\"true\" data-processed=\"true\"><\/div>\n<div class=\"zkL70c\" data-processed=\"true\">\n<div data-xid=\"YruvMc\" data-signal-inputs=\"ns9scf=NRLgsc_w\/ns9scf\" data-processed=\"true\" data-complete=\"true\">\n<div class=\"OUQe0e\" data-processed=\"true\">\n<div id=\"shrproxy37\" class=\"bQ0Yzc\" data-ved=\"0CAAQp4QQahcKEwjwi_D_zM6SAxUAAAAAHQAAAAAQIg\" data-hveid=\"0\"><\/div>\n<\/div>\n<\/div>\n<\/div>\n<\/div>\n<\/div>","protected":false},"featured_media":99158,"template":"","meta":[],"product_brand":[44],"product_cat":[730,886],"product_tag":[747,746],"class_list":{"0":"post-99133","1":"product","2":"type-product","3":"status-publish","4":"has-post-thumbnail","6":"product_brand-macron","7":"product_cat-club-shop","8":"product_cat-cs-alravo","9":"product_tag-numar","10":"product_tag-nume","11":"pa_brand-macron","12":"pa_color-albastru-celest","13":"pa_color-gri","14":"pa_gender-barbati","15":"pa_size-3xl","16":"pa_size-3xs","17":"pa_size-4xl","18":"pa_size-4xs","19":"pa_size-5xl","20":"pa_size-l","21":"pa_size-m","22":"pa_size-s","23":"pa_size-xl","24":"pa_size-xs","25":"pa_size-xxl","26":"pa_size-xxs","28":"first","29":"instock","30":"shipping-taxable","31":"purchasable","32":"product-type-variable"},"_links":{"self":[{"href":"https:\/\/macron.md\/ru\/wp-json\/wp\/v2\/product\/99133","targetHints":{"allow":["GET"]}}],"collection":[{"href":"https:\/\/macron.md\/ru\/wp-json\/wp\/v2\/product"}],"about":[{"href":"https:\/\/macron.md\/ru\/wp-json\/wp\/v2\/types\/product"}],"wp:featuredmedia":[{"embeddable":true,"href":"https:\/\/macron.md\/ru\/wp-json\/wp\/v2\/media\/99158"}],"wp:attachment":[{"href":"https:\/\/macron.md\/ru\/wp-json\/wp\/v2\/media?parent=99133"}],"wp:term":[{"taxonomy":"product_brand","embeddable":true,"href":"https:\/\/macron.md\/ru\/wp-json\/wp\/v2\/product_brand?post=99133"},{"taxonomy":"product_cat","embeddable":true,"href":"https:\/\/macron.md\/ru\/wp-json\/wp\/v2\/product_cat?post=99133"},{"taxonomy":"product_tag","embeddable":true,"href":"https:\/\/macron.md\/ru\/wp-json\/wp\/v2\/product_tag?post=99133"}],"curies":[{"name":"wp","href":"https:\/\/api.w.org\/{rel}","templated":true}]}}