{"id":98976,"date":"2026-04-02T15:54:36","date_gmt":"2026-04-02T13:54:36","guid":{"rendered":"https:\/\/macron.md\/?post_type=product&#038;p=98976"},"modified":"2026-04-03T10:30:44","modified_gmt":"2026-04-03T08:30:44","slug":"sorti-pentru-portari-cs-alravo","status":"publish","type":"product","link":"https:\/\/macron.md\/ru\/product\/sorti-pentru-portari-cs-alravo\/","title":{"rendered":"\u0428\u041e\u0420\u0422\u042b \u0414\u041b\u042f \u0412\u0420\u0410\u0422\u0410\u0420\u0415\u0419 CS ALRAVO"},"content":{"rendered":"<p><strong class=\"Yjhzub\" data-complete=\"true\">\u0428\u043e\u0440\u0442\u044b (\u043a\u043e\u0440\u043e\u0442\u043a\u0438\u0435 \u0431\u0440\u044e\u043a\u0438) Cassiopea Hero, \u0438\u0437\u0433\u043e\u0442\u043e\u0432\u043b\u0435\u043d\u043d\u044b\u0435 \u0438\u0437 \u043c\u0430\u0442\u0435\u0440\u0438\u0430\u043b\u0430 Heavy Evertex, \u0441\u043f\u0435\u0446\u0438\u0430\u043b\u044c\u043d\u043e \u0440\u0430\u0437\u0440\u0430\u0431\u043e\u0442\u0430\u043d\u044b \u0434\u043b\u044f \u0432\u0440\u0430\u0442\u0430\u0440\u0435\u0439. \u0418\u043c\u0435\u044e\u0442 \u0431\u043e\u043a\u043e\u0432\u0443\u044e \u043f\u043e\u0434\u043a\u043b\u0430\u0434\u043a\u0443 (\u0437\u0430\u0449\u0438\u0442\u0443), \u043e\u0431\u0435\u0441\u043f\u0435\u0447\u0438\u0432\u0430\u044f \u043f\u0440\u0438 \u044d\u0442\u043e\u043c \u0448\u0438\u0440\u043e\u043a\u0438\u0439 \u0434\u0438\u0430\u043f\u0430\u0437\u043e\u043d \u0434\u0432\u0438\u0436\u0435\u043d\u0438\u0439.<\/strong><\/p>\n<p>&nbsp;<\/p>\n<div class=\"otQkpb\" role=\"heading\" aria-level=\"3\" data-animation-nesting=\"\" data-sfc-cp=\"\" data-complete=\"true\" data-processed=\"true\" data-sae=\"\">\u26bd Detalii personalizare:<\/div>\n<ul class=\"KsbFXc U6u95\" data-complete=\"true\" data-processed=\"true\">\n<li class=\"dF3vjf\" data-hveid=\"CAEIBxAA\" data-complete=\"true\" data-sae=\"\"><span class=\"T286Pc\" data-sfc-cp=\"\" data-complete=\"true\">Include imprimarea <strong>\u0436\u0435\u043b\u0430\u0435\u043c\u043e\u0433\u043e \u043d\u043e\u043c\u0435\u0440\u0430.<\/strong><\/span><\/li>\n<li class=\"dF3vjf\" data-hveid=\"CAEIBxAB\" data-complete=\"true\" data-sae=\"\"><span class=\"T286Pc\" data-sfc-cp=\"\" data-complete=\"true\"><strong class=\"Yjhzub\" data-complete=\"true\">Important:<\/strong>\u00a0V\u0103 rug\u0103m s\u0103\u00a0<strong class=\"Yjhzub\" data-complete=\"true\">verifica\u021bi disponibilitatea numerelor de joc la antrenorul echipei<\/strong> \u00eenainte de a plasa comanda pentru a evita dublarea acestora.<\/span><\/li>\n<\/ul>\n<div class=\"Fsg96\" data-sfc-cp=\"\" data-complete=\"true\" data-processed=\"true\"><\/div>\n<div class=\"otQkpb\" role=\"heading\" aria-level=\"3\" data-animation-nesting=\"\" data-sfc-cp=\"\" data-complete=\"true\" data-processed=\"true\" data-sae=\"\">\ud83d\udccf Ghid de m\u0103rimi \u0219i Recomand\u0103ri:<\/div>\n<ul class=\"KsbFXc U6u95\" data-complete=\"true\" data-processed=\"true\">\n<li class=\"dF3vjf\" data-hveid=\"CAEICRAA\" data-complete=\"true\" data-sae=\"\"><span class=\"T286Pc\" data-sfc-cp=\"\" data-complete=\"true\">Tabelul de m\u0103rimi afi\u0219at are un\u00a0<strong class=\"Yjhzub\" data-complete=\"true\">caracter orientativ<\/strong>.<\/span><\/li>\n<li class=\"dF3vjf\" data-hveid=\"CAEICRAB\" data-complete=\"true\" data-sae=\"\"><span class=\"T286Pc\" data-sfc-cp=\"\" data-complete=\"true\">Pentru a asigura o potrivire perfect\u0103, v\u0103\u00a0<strong class=\"Yjhzub\" data-complete=\"true\">\u043d\u0430\u0441\u0442\u043e\u044f\u0442\u0435\u043b\u044c\u043d\u043e \u0440\u0435\u043a\u043e\u043c\u0435\u043d\u0434\u0443\u0435\u043c \u043f\u0440\u0438\u043c\u0435\u0440\u0438\u0442\u044c \u0448\u043e\u0440\u0442\u044b \u0432 \u043c\u0430\u0433\u0430\u0437\u0438\u043d\u0435.<\/strong> \u00eenainte de a solicita personalizarea.<\/span><\/li>\n<\/ul>\n<div class=\"Fsg96\" data-sfc-cp=\"\" data-complete=\"true\" data-processed=\"true\"><\/div>\n<div class=\"otQkpb\" role=\"heading\" aria-level=\"3\" data-animation-nesting=\"\" data-sfc-cp=\"\" data-complete=\"true\" data-processed=\"true\" data-sae=\"\">\u26a0\ufe0f Politica de retur:<\/div>\n<ul class=\"KsbFXc U6u95\" data-complete=\"true\" data-processed=\"true\">\n<li class=\"dF3vjf\" data-hveid=\"CAEICxAA\" data-complete=\"true\" data-sae=\"\"><span class=\"T286Pc\" data-sfc-cp=\"\" data-complete=\"true\"><strong class=\"Yjhzub\" data-complete=\"true\">Aten\u021bie!<\/strong>\u00a0Produsele personalizate (cu nume \u0219i num\u0103r)\u00a0<strong class=\"Yjhzub\" data-complete=\"true\">nu pot fi returnate sau schimbate<\/strong>.<\/span><\/li>\n<li class=\"dF3vjf\" data-hveid=\"CAEICxAB\" data-complete=\"true\" data-sae=\"\"><span class=\"T286Pc\" data-sfc-cp=\"\" data-complete=\"true\">De asemenea, procesul de imprimare este final: odat\u0103 aplicate, datele (numele\/num\u0103rul)\u00a0<strong class=\"Yjhzub\" data-complete=\"true\">nu mai pot fi modificate<\/strong>.<\/span><\/li>\n<\/ul>","protected":false},"excerpt":{"rendered":"<p><strong class=\"Yjhzub\" data-complete=\"true\">C\u0103ptu\u0219eal\u0103 (protec\u021bie) lateral\u0103, \u0218nur plat.<\/strong><br data-serialized-params=\"[]\" data-complete=\"true\" \/><strong class=\"Yjhzub\" data-complete=\"true\" aria-owns=\"action-menu-parent-container\">100% Poliester (material tricotat), \u0218ort Unisex.<\/strong><\/p>","protected":false},"featured_media":98986,"template":"","meta":[],"product_brand":[44],"product_cat":[730,886],"product_tag":[747],"class_list":{"0":"post-98976","1":"product","2":"type-product","3":"status-publish","4":"has-post-thumbnail","6":"product_brand-macron","7":"product_cat-club-shop","8":"product_cat-cs-alravo","9":"product_tag-numar","10":"pa_age_range-adulti","11":"pa_brand-macron","12":"pa_fit-regular","13":"pa_gender-barbati","14":"pa_material-poliestere","15":"pa_size-3xl","16":"pa_size-3xs","17":"pa_size-l","18":"pa_size-m","19":"pa_size-s","20":"pa_size-xl","21":"pa_size-xs","22":"pa_size-xxl","23":"pa_size-xxs","25":"first","26":"instock","27":"shipping-taxable","28":"purchasable","29":"product-type-variable"},"_links":{"self":[{"href":"https:\/\/macron.md\/ru\/wp-json\/wp\/v2\/product\/98976","targetHints":{"allow":["GET"]}}],"collection":[{"href":"https:\/\/macron.md\/ru\/wp-json\/wp\/v2\/product"}],"about":[{"href":"https:\/\/macron.md\/ru\/wp-json\/wp\/v2\/types\/product"}],"wp:featuredmedia":[{"embeddable":true,"href":"https:\/\/macron.md\/ru\/wp-json\/wp\/v2\/media\/98986"}],"wp:attachment":[{"href":"https:\/\/macron.md\/ru\/wp-json\/wp\/v2\/media?parent=98976"}],"wp:term":[{"taxonomy":"product_brand","embeddable":true,"href":"https:\/\/macron.md\/ru\/wp-json\/wp\/v2\/product_brand?post=98976"},{"taxonomy":"product_cat","embeddable":true,"href":"https:\/\/macron.md\/ru\/wp-json\/wp\/v2\/product_cat?post=98976"},{"taxonomy":"product_tag","embeddable":true,"href":"https:\/\/macron.md\/ru\/wp-json\/wp\/v2\/product_tag?post=98976"}],"curies":[{"name":"wp","href":"https:\/\/api.w.org\/{rel}","templated":true}]}}