{"id":89750,"date":"2026-02-08T16:25:09","date_gmt":"2026-02-08T14:25:09","guid":{"rendered":"https:\/\/macron.md\/product\/notus-papuci\/"},"modified":"2026-04-03T10:30:23","modified_gmt":"2026-04-03T08:30:23","slug":"notus-papuci","status":"publish","type":"product","link":"https:\/\/macron.md\/ru\/product\/notus-papuci\/","title":{"rendered":"NOTUS PAPUCI"},"content":{"rendered":"<div class=\"otQkpb\" role=\"heading\" aria-level=\"3\" data-animation-nesting=\"\" data-sfc-cp=\"\" data-complete=\"true\" data-processed=\"true\" data-sae=\"\"><strong class=\"Yjhzub\" data-complete=\"true\">\u041f\u0430\u043f\u0443\u0447\u0438 \u0421\u043f\u043e\u0440\u0442 \u0423\u043b\u044c\u0442\u0440\u0430\u043b\u0435\u0433\u043a\u0438\u0435 Macron \u2013 \u0421\u0442\u0438\u043b\u044c \u0421\u043b\u0430\u0439\u0434\u044b \u0438 \u041c\u0430\u043a\u0441\u0438\u043c\u0430\u043b\u044c\u043d\u044b\u0439 \u041a\u043e\u043c\u0444\u043e\u0440\u0442<\/strong><\/div>\n<div class=\"Y3BBE\" data-sfc-cp=\"\" data-hveid=\"CAEIBBAA\" data-complete=\"true\" data-processed=\"true\">\u042d\u0442\u0438 \u0441\u043b\u0430\u0439\u0434\u044b \u044f\u0432\u043b\u044f\u044e\u0442\u0441\u044f \u0438\u0434\u0435\u0430\u043b\u044c\u043d\u044b\u043c \u0432\u044b\u0431\u043e\u0440\u043e\u043c \u0434\u043b\u044f \u0441\u043f\u043e\u0440\u0442\u0441\u043c\u0435\u043d\u043e\u0432, \u0446\u0435\u043d\u044f\u0449\u0438\u0445 \u0440\u0430\u0441\u0441\u043b\u0430\u0431\u043b\u0435\u043d\u0438\u0435 \u043d\u043e\u0433 \u043f\u043e\u0441\u043b\u0435 \u0442\u0440\u0435\u043d\u0438\u0440\u043e\u0432\u043a\u0438, \u0438\u043b\u0438 \u0434\u043b\u044f \u043e\u0442\u0434\u044b\u0445\u0430 \u0443 \u0431\u0430\u0441\u0441\u0435\u0439\u043d\u0430.<\/div>\n<div class=\"Y3BBE\" data-sfc-cp=\"\" data-hveid=\"CAEIBRAA\" data-complete=\"true\" data-processed=\"true\"><strong class=\"Yjhzub\" data-complete=\"true\">Caracteristici cheie:<\/strong><\/div>\n<ul class=\"KsbFXc U6u95\" data-processed=\"true\" data-complete=\"true\">\n<li data-hveid=\"CAEIBhAA\" data-complete=\"true\" data-sae=\"\"><span class=\"T286Pc\" data-sfc-cp=\"\" data-complete=\"true\"><strong class=\"Yjhzub\" data-complete=\"true\">\u041a\u043e\u043d\u0441\u0442\u0440\u0443\u043a\u0446\u0438\u044f \u0423\u043b\u044c\u0442\u0440\u0430\u043b\u0435\u0433\u043a\u0430\u044f:<\/strong>\u00a0\u0418\u0437\u0433\u043e\u0442\u043e\u0432\u043b\u0435\u043d\u044b \u0438\u0437 \u043c\u0430\u0442\u0435\u0440\u0438\u0430\u043b\u043e\u0432 \u043f\u043e\u0441\u043b\u0435\u0434\u043d\u0435\u0433\u043e \u043f\u043e\u043a\u043e\u043b\u0435\u043d\u0438\u044f, \u0441\u0432\u043e\u0434\u044f\u0449\u0438\u0445 \u0432\u0435\u0441 \u043a \u043c\u0438\u043d\u0438\u043c\u0443\u043c\u0443 \u0438 \u043e\u0431\u0435\u0441\u043f\u0435\u0447\u0438\u0432\u0430\u044e\u0449\u0438\u0445 \u043e\u0449\u0443\u0449\u0435\u043d\u0438\u0435 \u043f\u043e\u043b\u043d\u043e\u0439 \u0441\u0432\u043e\u0431\u043e\u0434\u044b.<\/span><\/li>\n<li data-hveid=\"CAEIBhAB\" data-complete=\"true\" data-sae=\"\"><span class=\"T286Pc\" data-sfc-cp=\"\" data-complete=\"true\"><strong class=\"Yjhzub\" data-complete=\"true\">\u0418\u043d\u0442\u0435\u0433\u0440\u0438\u0440\u043e\u0432\u0430\u043d\u043d\u044b\u0439 \u0414\u0438\u0437\u0430\u0439\u043d:<\/strong>\u00a0<strong class=\"Yjhzub\" data-complete=\"true\">\u0412\u0435\u0440\u0445\u043d\u044f\u044f \u043f\u043e\u043b\u043e\u0441\u0430 (\u043b\u044f\u043c\u043a\u0430 \u0441\u043b\u0430\u0439\u0434\u0430)<\/strong>\u00a0\u0438\u043d\u0442\u0435\u0433\u0440\u0438\u0440\u043e\u0432\u0430\u043d\u0430 \u043d\u0435\u043f\u043e\u0441\u0440\u0435\u0434\u0441\u0442\u0432\u0435\u043d\u043d\u043e \u0432 \u043f\u043e\u0434\u043e\u0448\u0432\u0443 \u2014 \u043a\u043e\u043d\u0441\u0442\u0440\u0443\u043a\u0442\u0438\u0432\u043d\u043e\u0435 \u0440\u0435\u0448\u0435\u043d\u0438\u0435, \u0443\u0441\u0442\u0440\u0430\u043d\u044f\u044e\u0449\u0435\u0435 \u0442\u043e\u0447\u043a\u0438 \u0440\u0430\u0437\u0440\u044b\u0432\u0430 \u0438 \u0437\u043d\u0430\u0447\u0438\u0442\u0435\u043b\u044c\u043d\u043e \u043f\u043e\u0432\u044b\u0448\u0430\u044e\u0449\u0435\u0435\u00a0<strong class=\"Yjhzub\" data-complete=\"true\">\u0434\u043e\u043b\u0433\u043e\u0432\u0435\u0447\u043d\u043e\u0441\u0442\u044c<\/strong>\u00a0\u0438\u0437\u0434\u0435\u043b\u0438\u044f.<\/span><\/li>\n<li data-hveid=\"CAEIBhAC\" data-complete=\"true\" data-sae=\"\"><span class=\"T286Pc\" data-sfc-cp=\"\" data-complete=\"true\"><strong class=\"Yjhzub\" data-complete=\"true\">\u041e\u0431\u043b\u0435\u0433\u0430\u044e\u0449\u0430\u044f \u0424\u0438\u043a\u0441\u0430\u0446\u0438\u044f:<\/strong>\u00a0\u0428\u0438\u0440\u043e\u043a\u0430\u044f \u043f\u043e\u043b\u043e\u0441\u0430 \u0438\u0434\u0435\u0430\u043b\u044c\u043d\u043e \u043e\u0431\u043b\u0435\u0433\u0430\u0435\u0442 \u043d\u043e\u0433\u0443, \u043e\u0431\u0435\u0441\u043f\u0435\u0447\u0438\u0432\u0430\u044f \u043f\u043e\u0432\u044b\u0448\u0435\u043d\u043d\u0443\u044e \u0441\u0442\u0430\u0431\u0438\u043b\u044c\u043d\u043e\u0441\u0442\u044c \u0438 \u043f\u0440\u0435\u0434\u043e\u0442\u0432\u0440\u0430\u0449\u0430\u044f \u0441\u043e\u0441\u043a\u0430\u043b\u044c\u0437\u044b\u0432\u0430\u043d\u0438\u0435 \u0441\u0442\u043e\u043f\u044b \u043f\u0440\u0438 \u0445\u043e\u0434\u044c\u0431\u0435.<\/span><\/li>\n<li data-hveid=\"CAEIBhAD\" data-sae=\"\" data-complete=\"true\"><span class=\"T286Pc\" data-sfc-cp=\"\" data-complete=\"true\"><strong class=\"Yjhzub\" data-complete=\"true\">Confort Superior:<\/strong> \u041f\u043e\u0434\u043e\u0448\u0432\u0430 \u0430\u043d\u0430\u0442\u043e\u043c\u0438\u0447\u0435\u0441\u043a\u0438 \u0441\u043f\u0440\u043e\u0435\u043a\u0442\u0438\u0440\u043e\u0432\u0430\u043d\u0430 \u0434\u043b\u044f \u043f\u043e\u0434\u0434\u0435\u0440\u0436\u043a\u0438 \u0441\u0442\u043e\u043f\u044b \u0438 \u0438\u0434\u0435\u0430\u043b\u044c\u043d\u043e \u043f\u043e\u0434\u0445\u043e\u0434\u0438\u0442 \u0434\u043b\u044f \u0434\u043b\u0438\u0442\u0435\u043b\u044c\u043d\u043e\u0433\u043e \u0438\u0441\u043f\u043e\u043b\u044c\u0437\u043e\u0432\u0430\u043d\u0438\u044f.<\/span><\/li>\n<\/ul>\n<div class=\"Y3BBE\" data-sfc-cp=\"\" data-hveid=\"CAEIBxAA\" data-complete=\"true\" data-processed=\"true\"><strong class=\"Yjhzub\" data-complete=\"true\">\u041a\u0440\u0430\u0442\u043a\u0438\u0435 \u0445\u0430\u0440\u0430\u043a\u0442\u0435\u0440\u0438\u0441\u0442\u0438\u043a\u0438:<\/strong><\/div>\n<ul class=\"KsbFXc U6u95\" data-complete=\"true\" data-processed=\"true\">\n<li data-hveid=\"CAEICBAA\" data-complete=\"true\" data-sae=\"\"><span class=\"T286Pc\" data-sfc-cp=\"\" data-complete=\"true\"><strong class=\"Yjhzub\" data-complete=\"true\">\u041c\u0430\u0442\u0435\u0440\u0438\u0430\u043b:<\/strong>\u00a0\u0421\u0432\u0435\u0440\u0445\u043b\u0435\u0433\u043a\u0430\u044f \u0442\u0435\u0445\u043d\u0438\u0447\u0435\u0441\u043a\u0430\u044f \u043f\u0435\u043d\u0430 (EVA).<\/span><\/li>\n<li data-hveid=\"CAEICBAB\" data-complete=\"true\" data-sae=\"\"><span class=\"T286Pc\" data-sfc-cp=\"\" data-complete=\"true\"><strong class=\"Yjhzub\" data-complete=\"true\">Tehnologie:<\/strong>\u00a0\u041f\u043e\u0434\u043e\u0448\u0432\u0430 \u0438 \u043b\u044f\u043c\u043a\u0430 \u0438\u0437 \u043e\u0434\u043d\u043e\u0439 \u0434\u0435\u0442\u0430\u043b\u0438 (\u043c\u043e\u043d\u043e\u0431\u043b\u043e\u043a).<\/span><\/li>\n<li data-hveid=\"CAEICBAC\" data-complete=\"true\" data-sae=\"\"><span class=\"T286Pc\" data-sfc-cp=\"\" data-complete=\"true\"><strong class=\"Yjhzub\" data-complete=\"true\">Utilizare:<\/strong> \u0411\u0430\u0441\u0441\u0435\u0439\u043d, \u0434\u0443\u0448, \u043f\u043b\u044f\u0436 \u0438\u043b\u0438 \u0441\u0432\u043e\u0431\u043e\u0434\u043d\u043e\u0435 \u0432\u0440\u0435\u043c\u044f.<\/span><\/li>\n<\/ul>\n<div class=\"Fsg96\" data-sfc-cp=\"\" data-complete=\"true\" data-processed=\"true\"><\/div>\n<hr class=\"j3tEEe\" data-serialized-params=\"[]\" data-complete=\"true\" data-processed=\"true\" data-sae=\"\" \/>","protected":false},"excerpt":{"rendered":"<div class=\"Y3BBE\" data-sfc-cp=\"\" data-hveid=\"CAEIBRAA\" data-processed=\"true\" data-complete=\"true\"><strong class=\"Yjhzub\" data-complete=\"true\">Specifica\u021bii Principale:<\/strong><\/div>\n<ul class=\"KsbFXc U6u95\" data-complete=\"true\" data-processed=\"true\">\n<li data-hveid=\"CAEIBhAA\" data-complete=\"true\" data-sae=\"\"><span class=\"T286Pc\" data-sfc-cp=\"\" data-complete=\"true\"><strong class=\"Yjhzub\" data-complete=\"true\">Compozi\u021bie Material:<\/strong>\u00a0100% EVA (<strong class=\"Yjhzub\" data-complete=\"true\">Etilen Vinil Acetat<\/strong>) \u2013 un material ultra-u\u0219or, flexibil, rezistent la ap\u0103 \u0219i cu propriet\u0103\u021bi excelente de amortizare.<\/span><\/li>\n<li data-hveid=\"CAEIBhAB\" data-complete=\"true\" data-sae=\"\"><span class=\"T286Pc\" data-sfc-cp=\"\" data-complete=\"true\"><strong class=\"Yjhzub\" data-complete=\"true\">Design Monobloc:<\/strong>\u00a0<strong class=\"Yjhzub\" data-complete=\"true\">Fascia anti-slip avvolgente integrata con la suola<\/strong>\u00a0(Banda superioar\u0103 anti-alunecare, care \u00eembrac\u0103 piciorul, este integrat\u0103 direct \u00een talp\u0103) \u2013 elimin\u0103 punctele slabe \u0219i cre\u0219te rezisten\u021ba produsului.<\/span><\/li>\n<li data-hveid=\"CAEIBhAC\" data-complete=\"true\" data-sae=\"\"><span class=\"T286Pc\" data-sfc-cp=\"\" data-complete=\"true\"><strong class=\"Yjhzub\" data-complete=\"true\">Utilizare Specific\u0103:<\/strong>\u00a0<strong class=\"Yjhzub\" data-complete=\"true\">Indicata per ambienti umidi<\/strong>\u00a0(Recomandat\u0103 pentru medii umede: piscin\u0103, spa, du\u0219uri, plaj\u0103) datorit\u0103 propriet\u0103\u021bilor anti-alunecare \u0219i a rezisten\u021bei la ap\u0103.<\/span><\/li>\n<li data-hveid=\"CAEIBhAD\" data-complete=\"true\" data-sae=\"\"><span class=\"T286Pc\" data-sfc-cp=\"\" data-complete=\"true\"><strong class=\"Yjhzub\" data-complete=\"true\">Tip Produs:<\/strong>\u00a0Face parte din categoria Echipamente Sportive &amp; Accesorii (Bat &amp; Ball SET &amp; Shoes or Accessories).<\/span><span class=\"uJ19be notranslate\" data-wiz-uids=\"NTMaE_1c,NTMaE_1d\" data-complete=\"true\"><span class=\"vKEkVd\" data-animation-atomic=\"\" data-wiz-attrbind=\"class=NTMaE_1b\/TKHnVd\" data-sae=\"\"><span aria-hidden=\"true\">\u00a0<\/span><\/span><\/span><\/li>\n<\/ul>\n<div class=\"Fsg96\" data-sfc-cp=\"\" data-complete=\"true\" data-processed=\"true\"><\/div>\n<hr class=\"j3tEEe\" data-serialized-params=\"[]\" data-complete=\"true\" data-processed=\"true\" data-sae=\"\" \/>","protected":false},"featured_media":89755,"template":"","meta":[],"product_brand":[44],"product_cat":[628,659],"product_tag":[],"class_list":{"0":"post-89750","1":"product","2":"type-product","3":"status-publish","4":"has-post-thumbnail","6":"product_brand-macron","7":"product_cat-accesorii","8":"product_cat-slapi","9":"pa_age_range-adulti","10":"pa_brand-macron","11":"pa_fit-regular","12":"pa_gender-unisex","13":"pa_material-poliestere","14":"pa_size-297","15":"pa_size-291","16":"pa_size-290","17":"pa_size-294","18":"pa_size-293","19":"pa_size-289","21":"first","22":"instock","23":"shipping-taxable","24":"purchasable","25":"product-type-variable"},"_links":{"self":[{"href":"https:\/\/macron.md\/ru\/wp-json\/wp\/v2\/product\/89750","targetHints":{"allow":["GET"]}}],"collection":[{"href":"https:\/\/macron.md\/ru\/wp-json\/wp\/v2\/product"}],"about":[{"href":"https:\/\/macron.md\/ru\/wp-json\/wp\/v2\/types\/product"}],"wp:featuredmedia":[{"embeddable":true,"href":"https:\/\/macron.md\/ru\/wp-json\/wp\/v2\/media\/89755"}],"wp:attachment":[{"href":"https:\/\/macron.md\/ru\/wp-json\/wp\/v2\/media?parent=89750"}],"wp:term":[{"taxonomy":"product_brand","embeddable":true,"href":"https:\/\/macron.md\/ru\/wp-json\/wp\/v2\/product_brand?post=89750"},{"taxonomy":"product_cat","embeddable":true,"href":"https:\/\/macron.md\/ru\/wp-json\/wp\/v2\/product_cat?post=89750"},{"taxonomy":"product_tag","embeddable":true,"href":"https:\/\/macron.md\/ru\/wp-json\/wp\/v2\/product_tag?post=89750"}],"curies":[{"name":"wp","href":"https:\/\/api.w.org\/{rel}","templated":true}]}}