{"id":89705,"date":"2026-02-08T16:25:06","date_gmt":"2026-02-08T14:25:06","guid":{"rendered":"https:\/\/macron.md\/product\/boreas-flip-papuci\/"},"modified":"2026-04-03T10:30:23","modified_gmt":"2026-04-03T08:30:23","slug":"boreas-flip-papuci","status":"publish","type":"product","link":"https:\/\/macron.md\/ru\/product\/boreas-flip-papuci\/","title":{"rendered":"BOREAS FLIP PAPUCI"},"content":{"rendered":"<div class=\"otQkpb\" role=\"heading\" aria-level=\"3\" data-animation-nesting=\"\" data-sfc-cp=\"\" data-complete=\"true\" data-processed=\"true\" data-sae=\"\"><strong class=\"Yjhzub\" data-complete=\"true\">\u0428\u043b\u0435\u043f\u0430\u043d\u0446\u044b \u0434\u043b\u044f \u043f\u043b\u044f\u0436\u0430 Macron \u2013 \u041a\u043e\u043c\u0444\u043e\u0440\u0442 \u0438 \u0421\u0432\u0435\u0440\u0445\u043f\u0440\u043e\u0447\u043d\u043e\u0441\u0442\u044c<\/strong><\/div>\n<div class=\"Y3BBE\" data-sfc-cp=\"\" data-hveid=\"CAEIBBAA\" data-complete=\"true\" data-processed=\"true\">\u042d\u0442\u0438 \u0448\u043b\u0435\u043f\u0430\u043d\u0446\u044b (\u0438\u043b\u0438 \u201e\u0432\u044c\u0435\u0442\u043d\u0430\u043c\u043a\u0438\u201d) \u0440\u0430\u0437\u0440\u0430\u0431\u043e\u0442\u0430\u043d\u044b \u0434\u043b\u044f \u043e\u0431\u0435\u0441\u043f\u0435\u0447\u0435\u043d\u0438\u044f \u0438\u0441\u043a\u043b\u044e\u0447\u0438\u0442\u0435\u043b\u044c\u043d\u043e\u0433\u043e \u043a\u043e\u043c\u0444\u043e\u0440\u0442\u0430 \u0438 \u043f\u043e\u0432\u044b\u0448\u0435\u043d\u043d\u043e\u0439 \u0434\u043e\u043b\u0433\u043e\u0432\u0435\u0447\u043d\u043e\u0441\u0442\u0438, \u0438\u0434\u0435\u0430\u043b\u044c\u043d\u043e \u043f\u043e\u0434\u0445\u043e\u0434\u044f\u0442 \u0434\u043b\u044f \u043f\u043b\u044f\u0436\u0430, \u0431\u0430\u0441\u0441\u0435\u0439\u043d\u0430 \u0438\u043b\u0438 \u043f\u043e\u0432\u0441\u0435\u0434\u043d\u0435\u0432\u043d\u043e\u0439 \u043d\u043e\u0441\u043a\u0438.<\/div>\n<div class=\"Y3BBE\" data-sfc-cp=\"\" data-hveid=\"CAEIBRAA\" data-processed=\"true\" data-complete=\"true\"><strong class=\"Yjhzub\" data-complete=\"true\">Key features and benefits:<\/strong><\/div>\n<ul class=\"KsbFXc U6u95\" data-complete=\"true\" data-processed=\"true\">\n<li data-hveid=\"CAEIBhAA\" data-complete=\"true\" data-sae=\"\"><span class=\"T286Pc\" data-sfc-cp=\"\" data-complete=\"true\"><strong class=\"Yjhzub\" data-complete=\"true\">\u0421\u0432\u0435\u0440\u0445\u043f\u0440\u043e\u0447\u043d\u0430\u044f \u043f\u043e\u0434\u043e\u0448\u0432\u0430:<\/strong>\u00a0\u0418\u0437\u0433\u043e\u0442\u043e\u0432\u043b\u0435\u043d\u044b \u0441\u00a0<strong class=\"Yjhzub\" data-complete=\"true\">\u0434\u0432\u043e\u0439\u043d\u044b\u043c \u0441\u043b\u043e\u0435\u043c<\/strong>\u00a0EVA, \u044d\u0442\u0438 \u0448\u043b\u0435\u043f\u0430\u043d\u0446\u044b \u0441\u043e\u0437\u0434\u0430\u043d\u044b, \u0447\u0442\u043e\u0431\u044b \u0432\u044b\u0434\u0435\u0440\u0436\u0438\u0432\u0430\u0442\u044c \u0438\u043d\u0442\u0435\u043d\u0441\u0438\u0432\u043d\u044b\u0439 \u0438\u0437\u043d\u043e\u0441, \u0441\u043e\u0445\u0440\u0430\u043d\u044f\u044f \u0441\u0432\u043e\u044e \u0444\u043e\u0440\u043c\u0443.<\/span><\/li>\n<li data-hveid=\"CAEIBhAB\" data-complete=\"true\" data-sae=\"\"><span class=\"T286Pc\" data-sfc-cp=\"\" data-complete=\"true\"><strong class=\"Yjhzub\" data-complete=\"true\">Confort Superior:<\/strong>\u00a0<strong class=\"Yjhzub\" data-complete=\"true\">\u041c\u044f\u0433\u043a\u0430\u044f \u0441\u0442\u0435\u043b\u044c\u043a\u0430 \u0438\u0437 EVA<\/strong>\u00a0\u043e\u0431\u0435\u0441\u043f\u0435\u0447\u0438\u0432\u0430\u0435\u0442 \u043e\u0442\u043b\u0438\u0447\u043d\u0443\u044e \u0430\u043c\u043e\u0440\u0442\u0438\u0437\u0430\u0446\u0438\u044e \u0438 \u043f\u0440\u0438\u044f\u0442\u043d\u044b\u0435 \u043e\u0449\u0443\u0449\u0435\u043d\u0438\u044f \u043f\u0440\u0438 \u043a\u043e\u043d\u0442\u0430\u043a\u0442\u0435 \u0441 \u043d\u043e\u0433\u043e\u0439.<\/span><\/li>\n<li data-hveid=\"CAEIBhAC\" data-complete=\"true\" data-sae=\"\"><span class=\"T286Pc\" data-sfc-cp=\"\" data-complete=\"true\"><strong class=\"Yjhzub\" data-complete=\"true\">\u0421\u043e\u0432\u0440\u0435\u043c\u0435\u043d\u043d\u044b\u0439 \u0434\u0432\u0443\u0445\u0446\u0432\u0435\u0442\u043d\u044b\u0439 \u0434\u0438\u0437\u0430\u0439\u043d:<\/strong>\u00a0\u0418\u043c\u0435\u0435\u0442 \u043f\u0440\u0438\u0432\u043b\u0435\u043a\u0430\u0442\u0435\u043b\u044c\u043d\u0443\u044e \u0434\u0432\u0443\u0445\u0446\u0432\u0435\u0442\u043d\u0443\u044e \u0433\u0440\u0430\u0444\u0438\u043a\u0443, \u043a\u043e\u0442\u043e\u0440\u0443\u044e \u043b\u0435\u0433\u043a\u043e \u0441\u043e\u0447\u0435\u0442\u0430\u0442\u044c \u0441 \u043a\u0443\u043f\u0430\u043b\u044c\u043d\u044b\u043c \u043a\u043e\u0441\u0442\u044e\u043c\u043e\u043c \u0438\u043b\u0438 \u0441\u043f\u043e\u0440\u0442\u0438\u0432\u043d\u043e\u0439 \u044d\u043a\u0438\u043f\u0438\u0440\u043e\u0432\u043a\u043e\u0439.<\/span><\/li>\n<li data-hveid=\"CAEIBhAD\" data-complete=\"true\" data-sae=\"\"><span class=\"T286Pc\" data-sfc-cp=\"\" data-complete=\"true\"><strong class=\"Yjhzub\" data-complete=\"true\">\u041f\u0440\u0435\u043c\u0438\u0430\u043b\u044c\u043d\u044b\u0439 \u0431\u0440\u0435\u043d\u0434\u0438\u043d\u0433:<\/strong>\u00a0\u0420\u0435\u043c\u0435\u0448\u043e\u043a \u043c\u0435\u0436\u0434\u0443 \u043f\u0430\u043b\u044c\u0446\u0430\u043c\u0438 \u0443\u043a\u0440\u0430\u0448\u0435\u043d\u00a0<strong class=\"Yjhzub\" data-complete=\"true\">\u043e\u0431\u044a\u0435\u043c\u043d\u044b\u043c \u043b\u043e\u0433\u043e\u0442\u0438\u043f\u043e\u043c Macron<\/strong>, \u0434\u043e\u0431\u0430\u0432\u043b\u044f\u044f \u044d\u043b\u0435\u043c\u0435\u043d\u0442 \u0441\u0434\u0435\u0440\u0436\u0430\u043d\u043d\u043e\u0433\u043e \u0438 \u043f\u0440\u0435\u043c\u0438\u0430\u043b\u044c\u043d\u043e\u0433\u043e \u0441\u0442\u0438\u043b\u044f.<\/span><\/li>\n<li data-hveid=\"CAEIBhAE\" data-complete=\"true\" data-sae=\"\"><span class=\"T286Pc\" data-sfc-cp=\"\" data-complete=\"true\"><strong class=\"Yjhzub\" data-complete=\"true\">\u041b\u0435\u0433\u043a\u0438\u0435 \u0438 \u043f\u0440\u0430\u043a\u0442\u0438\u0447\u043d\u044b\u0435:<\/strong> \u041c\u0430\u0442\u0435\u0440\u0438\u0430\u043b EVA \u0438\u0437\u0432\u0435\u0441\u0442\u0435\u043d \u0441\u0432\u043e\u0438\u043c \u043c\u0430\u043b\u044b\u043c \u0432\u0435\u0441\u043e\u043c \u0438 \u0432\u043e\u0434\u043e\u043d\u0435\u043f\u0440\u043e\u043d\u0438\u0446\u0430\u0435\u043c\u043e\u0441\u0442\u044c\u044e.<\/span><\/li>\n<\/ul>\n<div class=\"Y3BBE\" data-sfc-cp=\"\" data-hveid=\"CAEIBxAA\" data-processed=\"true\" data-complete=\"true\"><strong class=\"Yjhzub\" data-complete=\"true\">Specifica\u021bii Tehnice:<\/strong><\/div>\n<ul class=\"KsbFXc U6u95\" data-complete=\"true\" data-processed=\"true\">\n<li data-hveid=\"CAEICBAA\" data-complete=\"true\" data-sae=\"\"><span class=\"T286Pc\" data-sfc-cp=\"\" data-complete=\"true\"><strong class=\"Yjhzub\" data-complete=\"true\">\u041c\u0430\u0442\u0435\u0440\u0438\u0430\u043b:<\/strong>\u00a0100% EVA (\u042d\u0442\u0438\u043b\u0435\u043d\u0432\u0438\u043d\u0438\u043b\u0430\u0446\u0435\u0442\u0430\u0442)<\/span><\/li>\n<li data-hveid=\"CAEICBAB\" data-complete=\"true\" data-sae=\"\"><span class=\"T286Pc\" data-sfc-cp=\"\" data-complete=\"true\"><strong class=\"Yjhzub\" data-complete=\"true\">\u041a\u043e\u043d\u0441\u0442\u0440\u0443\u043a\u0446\u0438\u044f \u043f\u043e\u0434\u043e\u0448\u0432\u044b:<\/strong>\u00a0\u0414\u0432\u0443\u0445\u0441\u043b\u043e\u0439\u043d\u0430\u044f<\/span><\/li>\n<li data-hveid=\"CAEICBAC\" data-complete=\"true\" data-sae=\"\"><span class=\"T286Pc\" data-sfc-cp=\"\" data-complete=\"true\"><strong class=\"Yjhzub\" data-complete=\"true\">Design:<\/strong>\u00a0\u0414\u0432\u0443\u0445\u0446\u0432\u0435\u0442\u043d\u044b\u0439, \u043e\u0431\u044a\u0435\u043c\u043d\u044b\u0439 \u043b\u043e\u0433\u043e\u0442\u0438\u043f<\/span><\/li>\n<li data-hveid=\"CAEICBAD\" data-complete=\"true\" data-sae=\"\"><span class=\"T286Pc\" data-sfc-cp=\"\" data-complete=\"true\"><strong class=\"Yjhzub\" data-complete=\"true\">Utilizare:<\/strong> \u041f\u043b\u044f\u0436, \u0431\u0430\u0441\u0441\u0435\u0439\u043d, \u043e\u0442\u0434\u044b\u0445<\/span><\/li>\n<\/ul>\n<div class=\"Fsg96\" data-sfc-cp=\"\" data-complete=\"true\" data-processed=\"true\"><\/div>\n<hr class=\"j3tEEe\" data-serialized-params=\"[]\" data-complete=\"true\" data-processed=\"true\" data-sae=\"\" \/>","protected":false},"excerpt":{"rendered":"<div class=\"Y3BBE\" data-sfc-cp=\"\" data-hveid=\"CAEIBRAA\" data-complete=\"true\" data-processed=\"true\"><strong class=\"Yjhzub\" data-complete=\"true\">Specifica\u021bii Principale:<\/strong><\/div>\n<ul class=\"KsbFXc U6u95\" data-processed=\"true\" data-complete=\"true\">\n<li data-hveid=\"CAEIBhAA\" data-complete=\"true\" data-sae=\"\"><span class=\"T286Pc\" data-sfc-cp=\"\" data-complete=\"true\"><strong class=\"Yjhzub\" data-complete=\"true\">Compozi\u021bie Material:<\/strong>\u00a0100% EVA (<strong class=\"Yjhzub\" data-complete=\"true\">Etilen Vinil Acetat<\/strong>) \u2013 un material ultra-u\u0219or, flexibil, rezistent la ap\u0103 \u0219i cu propriet\u0103\u021bi excelente de amortizare.<\/span><\/li>\n<li data-hveid=\"CAEIBhAB\" data-complete=\"true\" data-sae=\"\"><span class=\"T286Pc\" data-sfc-cp=\"\" data-complete=\"true\"><strong class=\"Yjhzub\" data-complete=\"true\">Talp\u0103 Interioar\u0103 (Bran\u021b):<\/strong>\u00a0<strong class=\"Yjhzub\" data-complete=\"true\">Suola interna in EVA morbida<\/strong>\u00a0(Talp\u0103 interioar\u0103 moale din EVA) pentru confort sporit la purtare.<\/span><\/li>\n<li data-hveid=\"CAEIBhAC\" data-complete=\"true\" data-sae=\"\"><span class=\"T286Pc\" data-sfc-cp=\"\" data-complete=\"true\"><strong class=\"Yjhzub\" data-complete=\"true\">Durabilitate:<\/strong>\u00a0<strong class=\"Yjhzub\" data-complete=\"true\">Suola doppio strato resistente<\/strong>\u00a0(Talp\u0103 dublu stratificat\u0103 rezistent\u0103) pentru o via\u021b\u0103 extins\u0103 a produsului.<\/span><\/li>\n<li data-hveid=\"CAEIBhAD\" data-complete=\"true\" data-sae=\"\"><span class=\"T286Pc\" data-sfc-cp=\"\" data-complete=\"true\"><strong class=\"Yjhzub\" data-complete=\"true\">Design Superior:<\/strong>\u00a0<strong class=\"Yjhzub\" data-complete=\"true\">Fascetta infradito superiore con logo in rilievo<\/strong>\u00a0(Curea superioar\u0103 tip \u0219lap\/infradito, cu logo Macron \u00een relief).<\/span><\/li>\n<li data-hveid=\"CAEIBhAE\" data-sae=\"\" data-complete=\"true\"><span class=\"T286Pc\" data-sfc-cp=\"\" data-complete=\"true\" aria-owns=\"action-menu-parent-container\"><strong class=\"Yjhzub\" data-complete=\"true\">Tip Produs:<\/strong>\u00a0Face parte din categoria Echipamente Sportive &amp; Accesorii (Bat &amp; Ball SET &amp; Shoes or Accessories).<\/span><\/li>\n<\/ul>","protected":false},"featured_media":89710,"template":"","meta":[],"product_brand":[44],"product_cat":[628,659],"product_tag":[],"class_list":{"0":"post-89705","1":"product","2":"type-product","3":"status-publish","4":"has-post-thumbnail","6":"product_brand-macron","7":"product_cat-accesorii","8":"product_cat-slapi","9":"pa_age_range-adulti","10":"pa_brand-macron","11":"pa_fit-regular","12":"pa_gender-unisex","13":"pa_material-poliestere","14":"pa_size-299","15":"pa_size-298","16":"pa_size-296","17":"pa_size-295","18":"pa_size-297","19":"pa_size-291","20":"pa_size-290","21":"pa_size-294","22":"pa_size-293","23":"pa_size-289","24":"pa_size-292","25":"pa_size-309","26":"pa_size-308","27":"pa_size-307","29":"first","30":"instock","31":"shipping-taxable","32":"purchasable","33":"product-type-variable"},"_links":{"self":[{"href":"https:\/\/macron.md\/ru\/wp-json\/wp\/v2\/product\/89705","targetHints":{"allow":["GET"]}}],"collection":[{"href":"https:\/\/macron.md\/ru\/wp-json\/wp\/v2\/product"}],"about":[{"href":"https:\/\/macron.md\/ru\/wp-json\/wp\/v2\/types\/product"}],"wp:featuredmedia":[{"embeddable":true,"href":"https:\/\/macron.md\/ru\/wp-json\/wp\/v2\/media\/89710"}],"wp:attachment":[{"href":"https:\/\/macron.md\/ru\/wp-json\/wp\/v2\/media?parent=89705"}],"wp:term":[{"taxonomy":"product_brand","embeddable":true,"href":"https:\/\/macron.md\/ru\/wp-json\/wp\/v2\/product_brand?post=89705"},{"taxonomy":"product_cat","embeddable":true,"href":"https:\/\/macron.md\/ru\/wp-json\/wp\/v2\/product_cat?post=89705"},{"taxonomy":"product_tag","embeddable":true,"href":"https:\/\/macron.md\/ru\/wp-json\/wp\/v2\/product_tag?post=89705"}],"curies":[{"name":"wp","href":"https:\/\/api.w.org\/{rel}","templated":true}]}}