{"id":89324,"date":"2026-02-08T16:24:44","date_gmt":"2026-02-08T14:24:44","guid":{"rendered":"https:\/\/macron.md\/product\/f500-tricou-baschet-femenin-reversible\/"},"modified":"2026-04-03T10:30:25","modified_gmt":"2026-04-03T08:30:25","slug":"f500-tricou-baschet-femenin-reversible","status":"publish","type":"product","link":"https:\/\/macron.md\/ru\/product\/f500-tricou-baschet-femenin-reversible\/","title":{"rendered":"F500 TRICOU BASCHET FEMENIN REVERSIBLE"},"content":{"rendered":"<div class=\"otQkpb\" role=\"heading\" aria-level=\"3\" data-animation-nesting=\"\" data-sfc-cp=\"\" data-complete=\"true\" data-processed=\"true\" data-sae=\"\">\u041c\u0430\u0439\u043a\u0430 \u0438\u0433\u0440\u043e\u0432\u0430\u044f Macron (\u0420\u0435\u0432\u0435\u0440\u0441\u0438\u0432\u043d\u0430\u044f) \u0434\u043b\u044f \u0416\u0435\u043d\u0449\u0438\u043d \u2013 Doublefiber Light<\/div>\n<div class=\"Y3BBE\" data-sfc-cp=\"\" data-hveid=\"CAEIAxAA\" data-complete=\"true\" data-processed=\"true\"><strong class=\"Yjhzub\" data-complete=\"true\">\u041f\u0440\u0435\u043e\u0431\u0440\u0430\u0437\u0438 \u0441\u0432\u043e\u044e \u0438\u0433\u0440\u0443 \u0441 \u043f\u043e\u043c\u043e\u0449\u044c\u044e \u0443\u043d\u0438\u0432\u0435\u0440\u0441\u0430\u043b\u044c\u043d\u043e\u0441\u0442\u0438 \u0438 \u0441\u0442\u0438\u043b\u044f!<\/strong>\u00a0\u042d\u0442\u0430 \u0436\u0435\u043d\u0441\u043a\u0430\u044f \u0441\u043f\u043e\u0440\u0442\u0438\u0432\u043d\u0430\u044f \u043c\u0430\u0439\u043a\u0430, \u0441\u043e\u0437\u0434\u0430\u043d\u043d\u0430\u044f \u0441\u043f\u0435\u0446\u0438\u0430\u043b\u044c\u043d\u043e \u0434\u043b\u044f \u0438\u0433\u0440\u043e\u0432\u044b\u0445 \u0434\u043d\u0435\u0439, \u043f\u0440\u0435\u0434\u043b\u0430\u0433\u0430\u0435\u0442 \u0434\u0432\u0430 \u0432\u0430\u0440\u0438\u0430\u043d\u0442\u0430 \u0446\u0432\u0435\u0442\u0430 \u0432 \u043e\u0434\u043d\u043e\u043c \u0438\u0437\u0434\u0435\u043b\u0438\u0438 \u0431\u043b\u0430\u0433\u043e\u0434\u0430\u0440\u044f \u0440\u0435\u0432\u0435\u0440\u0441\u0438\u0432\u043d\u043e\u043c\u0443 \u0434\u0438\u0437\u0430\u0439\u043d\u0443. \u0418\u0437\u0433\u043e\u0442\u043e\u0432\u043b\u0435\u043d\u043d\u0430\u044f \u0438\u0437 \u043f\u0440\u0435\u043c\u0438\u0430\u043b\u044c\u043d\u043e\u0433\u043e \u043c\u0430\u0442\u0435\u0440\u0438\u0430\u043b\u0430, \u043e\u043d\u0430 \u043e\u0431\u0435\u0441\u043f\u0435\u0447\u0438\u0432\u0430\u0435\u0442 \u043c\u0430\u043a\u0441\u0438\u043c\u0430\u043b\u044c\u043d\u044b\u0439 \u043a\u043e\u043c\u0444\u043e\u0440\u0442 \u0438 \u0441\u0432\u043e\u0431\u043e\u0434\u0443 \u0434\u0432\u0438\u0436\u0435\u043d\u0438\u0439 \u043d\u0430 \u043f\u043b\u043e\u0449\u0430\u0434\u043a\u0435.<\/div>\n<div class=\"Fsg96\" data-sfc-cp=\"\" data-complete=\"true\" data-processed=\"true\"><\/div>\n<div class=\"otQkpb\" role=\"heading\" aria-level=\"3\" data-animation-nesting=\"\" data-sfc-cp=\"\" data-complete=\"true\" data-processed=\"true\" data-sae=\"\">Caracteristici Principale:<\/div>\n<ul class=\"KsbFXc U6u95\" data-complete=\"true\" data-processed=\"true\">\n<li data-hveid=\"CAEIBBAA\" data-complete=\"true\" data-sae=\"\"><span class=\"T286Pc\" data-sfc-cp=\"\" data-complete=\"true\"><strong class=\"Yjhzub\" data-complete=\"true\">Design Reversibil:<\/strong>\u00a0\u0414\u0432\u0430 \u0446\u0432\u0435\u0442\u0430 \u0432 \u043e\u0434\u043d\u043e\u0439 \u043c\u0430\u0439\u043a\u0435 \u2013 \u0438\u0434\u0435\u0430\u043b\u044c\u043d\u043e \u0434\u043b\u044f \u0442\u0440\u0435\u043d\u0438\u0440\u043e\u0432\u043e\u043a \u0438 \u043e\u0444\u0438\u0446\u0438\u0430\u043b\u044c\u043d\u044b\u0445 \u043c\u0430\u0442\u0447\u0435\u0439.<\/span><\/li>\n<li data-hveid=\"CAEIBBAB\" data-complete=\"true\" data-sae=\"\"><span class=\"T286Pc\" data-sfc-cp=\"\" data-complete=\"true\"><strong class=\"Yjhzub\" data-complete=\"true\">\u041c\u0430\u0442\u0435\u0440\u0438\u0430\u043b Doublefiber Light:<\/strong>\u00a0\u041c\u043e\u043d\u043e\u043c\u0430\u0442\u0435\u0440\u0438\u0430\u043b\u044c\u043d\u0430\u044f \u0434\u0432\u0443\u0445\u0446\u0432\u0435\u0442\u043d\u0430\u044f \u0442\u0435\u0445\u043d\u043e\u043b\u043e\u0433\u0438\u044f, \u0441\u0432\u0435\u0440\u0445\u043b\u0451\u0433\u043a\u0430\u044f \u0438 \u0434\u044b\u0448\u0430\u0449\u0430\u044f, \u044d\u0444\u0444\u0435\u043a\u0442\u0438\u0432\u043d\u043e \u043e\u0442\u0432\u043e\u0434\u044f\u0449\u0430\u044f \u0432\u043b\u0430\u0433\u0443.<\/span><\/li>\n<li data-hveid=\"CAEIBBAC\" data-complete=\"true\" data-sae=\"\"><span class=\"T286Pc\" data-sfc-cp=\"\" data-complete=\"true\"><strong class=\"Yjhzub\" data-complete=\"true\">Croial\u0103 Feminin\u0103:<\/strong>\u00a0\u0423\u0437\u043a\u0438\u0435 \u0431\u0440\u0435\u0442\u0435\u043b\u0438 (narrow shoulders) \u0434\u043b\u044f \u0441\u043e\u0432\u0440\u0435\u043c\u0435\u043d\u043d\u043e\u0433\u043e \u0432\u0438\u0434\u0430 \u0438 \u043f\u043e\u0432\u044b\u0448\u0435\u043d\u043d\u043e\u0439 \u043c\u043e\u0431\u0438\u043b\u044c\u043d\u043e\u0441\u0442\u0438 \u0440\u0443\u043a.<\/span><\/li>\n<li data-hveid=\"CAEIBBAD\" data-complete=\"true\" data-sae=\"\"><span class=\"T286Pc\" data-sfc-cp=\"\" data-complete=\"true\"><strong class=\"Yjhzub\" data-complete=\"true\">\u041f\u0440\u0435\u043c\u0438\u0430\u043b\u044c\u043d\u044b\u0435 \u0434\u0435\u0442\u0430\u043b\u0438:<\/strong>\u00a0\u041a\u0440\u0443\u0433\u043b\u044b\u0439 \u0432\u043e\u0440\u043e\u0442\u043d\u0438\u043a \u0438 \u043f\u0440\u043e\u0439\u043c\u044b \u0440\u0443\u043a\u0430\u0432\u043e\u0432, \u043e\u0431\u0440\u0430\u0431\u043e\u0442\u0430\u043d\u043d\u044b\u0435 \u044d\u043b\u0430\u0441\u0442\u0438\u0447\u043d\u043e\u0439 \u043b\u0435\u043d\u0442\u043e\u0439 (trim) \u0434\u043b\u044f \u0434\u043e\u043b\u0433\u043e\u0432\u0435\u0447\u043d\u043e\u0441\u0442\u0438 \u0438 \u043a\u043e\u043c\u0444\u043e\u0440\u0442\u0430.<\/span><\/li>\n<li data-hveid=\"CAEIBBAE\" data-complete=\"true\" data-sae=\"\"><span class=\"T286Pc\" data-sfc-cp=\"\" data-complete=\"true\" aria-owns=\"action-menu-parent-container\"><strong class=\"Yjhzub\" data-complete=\"true\">\u041d\u0430\u0434\u0451\u0436\u043d\u044b\u0439 \u0411\u0440\u0435\u043d\u0434:<\/strong>\u00a0\u041b\u043e\u0433\u043e\u0442\u0438\u043f Macron Hero \u043d\u0430\u043d\u0435\u0441\u0451\u043d \u043d\u0430 \u0433\u0440\u0443\u0434\u044c, \u0433\u0430\u0440\u0430\u043d\u0442\u0438\u0440\u0443\u044f \u043a\u0430\u0447\u0435\u0441\u0442\u0432\u043e \u043f\u0440\u043e\u0444\u0435\u0441\u0441\u0438\u043e\u043d\u0430\u043b\u044c\u043d\u043e\u0439 \u044d\u043a\u0438\u043f\u0438\u0440\u043e\u0432\u043a\u0438.<\/span><\/li>\n<\/ul>","protected":false},"excerpt":{"rendered":"<div class=\"otQkpb\" role=\"heading\" aria-level=\"3\" data-animation-nesting=\"\" data-sfc-cp=\"\" data-complete=\"true\" data-processed=\"true\" data-sae=\"\">Detalii Tehnice:<\/div>\n<ul class=\"KsbFXc U6u95\" data-processed=\"true\" data-complete=\"true\">\n<li data-hveid=\"CAEICRAA\" data-complete=\"true\" data-sae=\"\"><span class=\"T286Pc\" data-sfc-cp=\"\" data-complete=\"true\"><strong class=\"Yjhzub\" data-complete=\"true\">Compozi\u021bie:<\/strong>\u00a0100% Poliester (PL) \u2013 durabil \u0219i u\u0219or de \u00eentre\u021binut.<\/span><\/li>\n<li data-hveid=\"CAEICRAB\" data-complete=\"true\" data-sae=\"\"><span class=\"T286Pc\" data-sfc-cp=\"\" data-complete=\"true\"><strong class=\"Yjhzub\" data-complete=\"true\">Utilizare:<\/strong>\u00a0Ideal pentru baschet, volei sau antrenamente intense.<\/span><\/li>\n<li data-hveid=\"CAEICRAC\" data-sae=\"\" data-complete=\"true\"><span class=\"T286Pc\" data-sfc-cp=\"\" data-complete=\"true\"><strong class=\"Yjhzub\" data-complete=\"true\">\u00cengrijire:<\/strong>\u00a0Rezistent la sp\u0103l\u0103ri repetate, \u00ee\u0219i p\u0103streaz\u0103 forma \u0219i intensitatea culorilor.<\/span><span class=\"uJ19be notranslate\" data-wiz-uids=\"ECMs8_1x,ECMs8_1y\" data-complete=\"true\"><span class=\"vKEkVd\" data-animation-atomic=\"\" data-wiz-attrbind=\"class=ECMs8_1w\/TKHnVd\" data-sae=\"\"><span aria-hidden=\"true\" aria-owns=\"action-menu-parent-container\">\u00a0<\/span><\/span><\/span><\/li>\n<\/ul>","protected":false},"featured_media":89328,"template":"","meta":[],"product_brand":[44],"product_cat":[622,681],"product_tag":[],"class_list":{"0":"post-89324","1":"product","2":"type-product","3":"status-publish","4":"has-post-thumbnail","6":"product_brand-macron","7":"product_cat-basketball","8":"product_cat-bascet_dama","9":"pa_age_range-adulti","10":"pa_brand-macron","11":"pa_color-albastru","12":"pa_color-rosu","13":"pa_fit-regular","14":"pa_gender-femei","15":"pa_material-poliestere","16":"pa_size-3xl","17":"pa_size-3xs","18":"pa_size-4xl","19":"pa_size-l","20":"pa_size-m","21":"pa_size-s","22":"pa_size-xl","23":"pa_size-xs","24":"pa_size-xxl","25":"pa_size-xxs","27":"first","28":"outofstock","29":"shipping-taxable","30":"purchasable","31":"product-type-variable"},"_links":{"self":[{"href":"https:\/\/macron.md\/ru\/wp-json\/wp\/v2\/product\/89324","targetHints":{"allow":["GET"]}}],"collection":[{"href":"https:\/\/macron.md\/ru\/wp-json\/wp\/v2\/product"}],"about":[{"href":"https:\/\/macron.md\/ru\/wp-json\/wp\/v2\/types\/product"}],"wp:featuredmedia":[{"embeddable":true,"href":"https:\/\/macron.md\/ru\/wp-json\/wp\/v2\/media\/89328"}],"wp:attachment":[{"href":"https:\/\/macron.md\/ru\/wp-json\/wp\/v2\/media?parent=89324"}],"wp:term":[{"taxonomy":"product_brand","embeddable":true,"href":"https:\/\/macron.md\/ru\/wp-json\/wp\/v2\/product_brand?post=89324"},{"taxonomy":"product_cat","embeddable":true,"href":"https:\/\/macron.md\/ru\/wp-json\/wp\/v2\/product_cat?post=89324"},{"taxonomy":"product_tag","embeddable":true,"href":"https:\/\/macron.md\/ru\/wp-json\/wp\/v2\/product_tag?post=89324"}],"curies":[{"name":"wp","href":"https:\/\/api.w.org\/{rel}","templated":true}]}}