{"id":87943,"date":"2026-02-08T16:23:45","date_gmt":"2026-02-08T14:23:45","guid":{"rendered":"https:\/\/macron.md\/product\/wyrm-tricou-de-joc\/"},"modified":"2026-04-03T10:30:36","modified_gmt":"2026-04-03T08:30:36","slug":"wyrm-tricou-de-joc","status":"publish","type":"product","link":"https:\/\/macron.md\/ru\/product\/wyrm-tricou-de-joc\/","title":{"rendered":"WYRM \u0424\u0423\u0422\u0411\u041e\u041b\u041a\u0410 \u0414\u041b\u042f \u0418\u0413\u0420\u042b"},"content":{"rendered":"<div class=\"Y3BBE\" data-sfc-cp=\"\" data-hveid=\"CAEIAxAA\" data-complete=\"true\" data-processed=\"true\">\n<div class=\"Y3BBE\" data-sfc-cp=\"\" data-hveid=\"CAEIBBAA\" data-complete=\"true\" data-processed=\"true\"><strong class=\"Yjhzub\" data-complete=\"true\" data-processed=\"true\">\u0412\u044b\u0441\u043e\u043a\u043e\u043f\u0440\u043e\u0438\u0437\u0432\u043e\u0434\u0438\u0442\u0435\u043b\u044c\u043d\u0430\u044f \u0438\u0433\u0440\u043e\u0432\u0430\u044f \u0444\u0443\u0442\u0431\u043e\u043b\u043a\u0430 \u2013 \u041c\u0430\u043a\u0441\u0438\u043c\u0430\u043b\u044c\u043d\u044b\u0439 \u043a\u043e\u043c\u0444\u043e\u0440\u0442 \u0438 \u0432\u0435\u043d\u0442\u0438\u043b\u044f\u0446\u0438\u044f<\/strong><\/div>\n<div class=\"Y3BBE\" data-sfc-cp=\"\" data-hveid=\"CAEIBRAA\" data-complete=\"true\" data-processed=\"true\">\u042d\u0442\u0430 \u0441\u043f\u043e\u0440\u0442\u0438\u0432\u043d\u0430\u044f \u0444\u0443\u0442\u0431\u043e\u043b\u043a\u0430 \u0440\u0430\u0437\u0440\u0430\u0431\u043e\u0442\u0430\u043d\u0430 \u0434\u043b\u044f \u043e\u0431\u0435\u0441\u043f\u0435\u0447\u0435\u043d\u0438\u044f \u043c\u0430\u043a\u0441\u0438\u043c\u0430\u043b\u044c\u043d\u043e\u0439 \u043f\u0440\u043e\u0438\u0437\u0432\u043e\u0434\u0438\u0442\u0435\u043b\u044c\u043d\u043e\u0441\u0442\u0438 \u0432\u043e \u0432\u0440\u0435\u043c\u044f \u0438\u0433\u0440\u044b. \u0418\u0437\u0433\u043e\u0442\u043e\u0432\u043b\u0435\u043d\u043d\u0430\u044f \u0438\u0437 \u0438\u043d\u043d\u043e\u0432\u0430\u0446\u0438\u043e\u043d\u043d\u043e\u0439 \u0442\u043a\u0430\u043d\u0438\u00a0<strong class=\"Yjhzub\" data-complete=\"true\" data-processed=\"true\">Softlight<\/strong>, \u043e\u043d\u0430 \u043e\u0431\u0435\u0441\u043f\u0435\u0447\u0438\u0432\u0430\u0435\u0442 \u043f\u0440\u0438\u044f\u0442\u043d\u044b\u0435 \u0442\u0430\u043a\u0442\u0438\u043b\u044c\u043d\u044b\u0435 \u043e\u0449\u0443\u0449\u0435\u043d\u0438\u044f \u0438 \u043f\u043e\u043b\u043d\u0443\u044e \u0441\u0432\u043e\u0431\u043e\u0434\u0443 \u0434\u0432\u0438\u0436\u0435\u043d\u0438\u0439. \u0418\u043d\u0442\u0435\u043b\u043b\u0435\u043a\u0442\u0443\u0430\u043b\u044c\u043d\u044b\u0439 \u0434\u0438\u0437\u0430\u0439\u043d \u0441\u043e \u0441\u0442\u0440\u0430\u0442\u0435\u0433\u0438\u0447\u0435\u0441\u043a\u0438 \u0440\u0430\u0441\u043f\u043e\u043b\u043e\u0436\u0435\u043d\u043d\u044b\u043c\u0438 \u0432\u0435\u043d\u0442\u0438\u043b\u044f\u0446\u0438\u043e\u043d\u043d\u044b\u043c\u0438 \u0437\u043e\u043d\u0430\u043c\u0438 \u0441\u043e\u0445\u0440\u0430\u043d\u044f\u0435\u0442 \u0442\u0435\u043b\u043e \u0441\u0443\u0445\u0438\u043c \u0438 \u043f\u0440\u043e\u0445\u043b\u0430\u0434\u043d\u044b\u043c \u043d\u0435\u0437\u0430\u0432\u0438\u0441\u0438\u043c\u043e \u043e\u0442 \u0438\u043d\u0442\u0435\u043d\u0441\u0438\u0432\u043d\u043e\u0441\u0442\u0438 \u043d\u0430\u0433\u0440\u0443\u0437\u043a\u0438.<\/div>\n<div class=\"Fsg96\" data-sfc-cp=\"\" data-complete=\"true\" data-processed=\"true\"><\/div>\n<div class=\"otQkpb\" role=\"heading\" aria-level=\"3\" data-animation-nesting=\"\" data-sfc-cp=\"\" data-complete=\"true\" data-processed=\"true\" data-sae=\"\"><strong class=\"Yjhzub\" data-complete=\"true\">\u041e\u0441\u043d\u043e\u0432\u043d\u044b\u0435 \u0445\u0430\u0440\u0430\u043a\u0442\u0435\u0440\u0438\u0441\u0442\u0438\u043a\u0438<\/strong><\/div>\n<ul class=\"KsbFXc U6u95\" data-complete=\"true\" data-processed=\"true\">\n<li data-hveid=\"CAEIBhAA\" data-complete=\"true\" data-sae=\"\"><span class=\"T286Pc\" data-sfc-cp=\"\" data-complete=\"true\"><strong class=\"Yjhzub\" data-complete=\"true\">\u0422\u0435\u0445\u043d\u043e\u043b\u043e\u0433\u0438\u0447\u043d\u044b\u0439 \u043c\u0430\u0442\u0435\u0440\u0438\u0430\u043b:<\/strong>\u00a0\u0418\u0437\u0433\u043e\u0442\u043e\u0432\u043b\u0435\u043d\u0430 \u0438\u0437 \u043b\u0435\u0433\u043a\u043e\u0439 \u0442\u043a\u0430\u043d\u0438 Softlight \u0434\u043b\u044f \u043f\u043e\u0432\u044b\u0448\u0435\u043d\u043d\u043e\u0433\u043e \u043a\u043e\u043c\u0444\u043e\u0440\u0442\u0430.<\/span><\/li>\n<li data-hveid=\"CAEIBhAB\" data-complete=\"true\" data-sae=\"\"><span class=\"T286Pc\" data-sfc-cp=\"\" data-complete=\"true\"><strong class=\"Yjhzub\" data-complete=\"true\">\u041d\u0435\u043f\u0440\u0435\u0440\u044b\u0432\u043d\u0430\u044f \u0432\u0435\u043d\u0442\u0438\u043b\u044f\u0446\u0438\u044f:<\/strong>\u00a0Inser\u021bii din\u00a0<strong class=\"Yjhzub\" data-complete=\"true\">Mesh<\/strong>\u00a0\u043d\u0430 \u0440\u0443\u043a\u0430\u0432\u0430\u0445 \u0440\u0435\u0433\u043b\u0430\u043d \u0438 \u043f\u0430\u043d\u0435\u043b\u0438 \u0438\u0437\u00a0<strong class=\"Yjhzub\" data-complete=\"true\">Light Micromesh<\/strong>\u00a0\u043d\u0430 \u0441\u043f\u0438\u043d\u0435 \u0434\u043b\u044f \u043e\u043f\u0442\u0438\u043c\u0430\u043b\u044c\u043d\u043e\u0439 \u0432\u043e\u0437\u0434\u0443\u0445\u043e\u043f\u0440\u043e\u043d\u0438\u0446\u0430\u0435\u043c\u043e\u0441\u0442\u0438.<\/span><\/li>\n<li data-hveid=\"CAEIBhAC\" data-complete=\"true\" data-sae=\"\"><span class=\"T286Pc\" data-sfc-cp=\"\" data-complete=\"true\"><strong class=\"Yjhzub\" data-complete=\"true\">\u042d\u0440\u0433\u043e\u043d\u043e\u043c\u0438\u0447\u043d\u044b\u0439 \u0434\u0438\u0437\u0430\u0439\u043d:<\/strong>\u00a0\u0420\u0443\u043a\u0430\u0432\u0430 \u0440\u0435\u0433\u043b\u0430\u043d \u0434\u043b\u044f \u0443\u0432\u0435\u043b\u0438\u0447\u0435\u043d\u043d\u043e\u0439 \u043c\u043e\u0431\u0438\u043b\u044c\u043d\u043e\u0441\u0442\u0438 \u0438 \u0441\u043e\u0432\u0440\u0435\u043c\u0435\u043d\u043d\u044b\u0439 V-\u043e\u0431\u0440\u0430\u0437\u043d\u044b\u0439 \u0432\u044b\u0440\u0435\u0437.<\/span><\/li>\n<li data-hveid=\"CAEIBhAD\" data-complete=\"true\" data-sae=\"\"><span class=\"T286Pc\" data-sfc-cp=\"\" data-complete=\"true\"><strong class=\"Yjhzub\" data-complete=\"true\">\u041f\u0440\u0435\u043c\u0438\u0430\u043b\u044c\u043d\u044b\u0435 \u0434\u0435\u0442\u0430\u043b\u0438:<\/strong>\u00a0\u041c\u044f\u0433\u043a\u0430\u044f \u0440\u0435\u0431\u0440\u0438\u0441\u0442\u0430\u044f \u043e\u043a\u0430\u043d\u0442\u043e\u0432\u043a\u0430 \u043d\u0430 \u0433\u043e\u0440\u043b\u043e\u0432\u0438\u043d\u0435 \u043e\u0431\u0435\u0441\u043f\u0435\u0447\u0438\u0432\u0430\u0435\u0442 \u043f\u0440\u0430\u043a\u0442\u0438\u0447\u043d\u0443\u044e \u0438 \u043a\u043e\u043c\u0444\u043e\u0440\u0442\u043d\u0443\u044e \u043f\u043e\u0441\u0430\u0434\u043a\u0443.<\/span><\/li>\n<li data-hveid=\"CAEIBhAE\" data-complete=\"true\" data-sae=\"\"><span class=\"T286Pc\" data-sfc-cp=\"\" data-complete=\"true\"><strong class=\"Yjhzub\" data-complete=\"true\">\u0423\u043d\u0438\u0432\u0435\u0440\u0441\u0430\u043b\u044c\u043d\u043e\u0441\u0442\u044c:<\/strong>\u00a0\u0414\u043e\u0441\u0442\u0443\u043f\u043d\u0430 \u0432 \u0448\u0438\u0440\u043e\u043a\u043e\u043c \u0434\u0438\u0430\u043f\u0430\u0437\u043e\u043d\u0435 \u0446\u0432\u0435\u0442\u043e\u0432, \u0438\u0434\u0435\u0430\u043b\u044c\u043d\u043e \u043f\u043e\u0434\u0445\u043e\u0434\u0438\u0442 \u0434\u043b\u044f \u043a\u043e\u043c\u0430\u043d\u0434 \u0438\u043b\u0438 \u0438\u043d\u0434\u0438\u0432\u0438\u0434\u0443\u0430\u043b\u044c\u043d\u044b\u0445 \u0442\u0440\u0435\u043d\u0438\u0440\u043e\u0432\u043e\u043a.<\/span><\/li>\n<\/ul>\n<div class=\"Fsg96\" data-sfc-cp=\"\" data-complete=\"true\" data-processed=\"true\"><\/div>\n<div class=\"otQkpb\" role=\"heading\" aria-level=\"3\" data-animation-nesting=\"\" data-sfc-cp=\"\" data-complete=\"true\" data-processed=\"true\" data-sae=\"\"><strong class=\"Yjhzub\" data-complete=\"true\">\u041f\u043e\u0447\u0435\u043c\u0443 \u0441\u0442\u043e\u0438\u0442 \u0432\u044b\u0431\u0440\u0430\u0442\u044c \u044d\u0442\u0443 \u0444\u0443\u0442\u0431\u043e\u043b\u043a\u0443?<\/strong><\/div>\n<div class=\"Y3BBE\" data-sfc-cp=\"\" data-hveid=\"CAEIBxAA\" data-complete=\"true\" data-processed=\"true\" aria-owns=\"action-menu-parent-container\">\u0411\u043b\u0430\u0433\u043e\u0434\u0430\u0440\u044f \u0442\u0435\u0445\u043d\u043e\u043b\u043e\u0433\u0438\u0438 \u0443\u043f\u0440\u0430\u0432\u043b\u0435\u043d\u0438\u044f \u0432\u043b\u0430\u0433\u043e\u0439, \u044d\u0442\u0430 \u0444\u0443\u0442\u0431\u043e\u043b\u043a\u0430 \u043d\u0435 \u0442\u043e\u043b\u044c\u043a\u043e \u0445\u043e\u0440\u043e\u0448\u043e \u0432\u044b\u0433\u043b\u044f\u0434\u0438\u0442, \u043d\u043e \u0438 \u043f\u043e\u043c\u043e\u0433\u0430\u0435\u0442 \u0441\u043e\u0445\u0440\u0430\u043d\u044f\u0442\u044c \u043a\u043e\u043d\u0446\u0435\u043d\u0442\u0440\u0430\u0446\u0438\u044e \u043d\u0430 \u0438\u0433\u0440\u0435, \u0443\u0441\u0442\u0440\u0430\u043d\u044f\u044f \u0434\u0438\u0441\u043a\u043e\u043c\u0444\u043e\u0440\u0442, \u0432\u044b\u0437\u0432\u0430\u043d\u043d\u044b\u0439 \u043f\u043e\u0442\u043e\u043e\u0442\u0434\u0435\u043b\u0435\u043d\u0438\u0435\u043c. \u042d\u0442\u043e \u043d\u0435\u0437\u0430\u043c\u0435\u043d\u0438\u043c\u0430\u044f \u0447\u0430\u0441\u0442\u044c \u044d\u043a\u0438\u043f\u0438\u0440\u043e\u0432\u043a\u0438 \u043b\u044e\u0431\u043e\u0433\u043e \u0441\u043f\u043e\u0440\u0442\u0441\u043c\u0435\u043d\u0430, \u043a\u043e\u0442\u043e\u0440\u044b\u0439 \u0446\u0435\u043d\u0438\u0442 \u043a\u0430\u0447\u0435\u0441\u0442\u0432\u043e \u0438 \u0444\u0443\u043d\u043a\u0446\u0438\u043e\u043d\u0430\u043b\u044c\u043d\u043e\u0441\u0442\u044c.<\/div>\n<\/div>","protected":false},"excerpt":{"rendered":"<div class=\"otQkpb\" role=\"heading\" aria-level=\"3\" data-animation-nesting=\"\" data-sfc-cp=\"\" data-complete=\"true\" data-processed=\"true\" data-sae=\"\"><strong class=\"Yjhzub\" data-complete=\"true\">Specifica\u021bii Tehnice<\/strong><\/div>\n<ul class=\"KsbFXc U6u95\" data-complete=\"true\" data-processed=\"true\">\n<li data-hveid=\"CAEIBRAA\" data-complete=\"true\" data-sae=\"\"><span class=\"T286Pc\" data-sfc-cp=\"\" data-complete=\"true\"><strong class=\"Yjhzub\" data-complete=\"true\">Guler:<\/strong>\u00a0Design \u00een\u00a0<strong class=\"Yjhzub\" data-complete=\"true\">V<\/strong>\u00a0cu bordur\u0103 reiat\u0103 (costin\u0103) pentru o fixare optim\u0103.<\/span><\/li>\n<li data-hveid=\"CAEIBRAB\" data-complete=\"true\" data-sae=\"\"><span class=\"T286Pc\" data-sfc-cp=\"\" data-complete=\"true\"><strong class=\"Yjhzub\" data-complete=\"true\">Ventila\u021bie Premium:<\/strong>\u00a0Inser\u021bii din\u00a0<strong class=\"Yjhzub\" data-complete=\"true\">mesh \u00een contrast<\/strong>\u00a0pe m\u00e2neci (fa\u021b\u0103 \u0219i spate) pentru un aspect modern \u0219i respirabilitate sporit\u0103.<\/span><\/li>\n<li data-hveid=\"CAEIBRAC\" data-complete=\"true\" data-sae=\"\"><span class=\"T286Pc\" data-sfc-cp=\"\" data-complete=\"true\"><strong class=\"Yjhzub\" data-complete=\"true\">Respirabilitate Maxim\u0103:<\/strong>\u00a0Partea din spate este realizat\u0103 integral din\u00a0<strong class=\"Yjhzub\" data-complete=\"true\">light micromesh<\/strong>, asigur\u00e2nd evacuarea rapid\u0103 a transpira\u021biei.<\/span><\/li>\n<li data-hveid=\"CAEIBRAD\" data-complete=\"true\" data-sae=\"\"><span class=\"T286Pc\" data-sfc-cp=\"\" data-complete=\"true\"><strong class=\"Yjhzub\" data-complete=\"true\">Detalii Design:<\/strong>\u00a0Inser\u021bii triunghiulare din\u00a0<strong class=\"Yjhzub\" data-complete=\"true\">mesh \u00een contrast<\/strong>\u00a0la baza tricoului.<\/span><\/li>\n<li data-hveid=\"CAEIBRAE\" data-complete=\"true\" data-sae=\"\"><span class=\"T286Pc\" data-sfc-cp=\"\" data-complete=\"true\"><strong class=\"Yjhzub\" data-complete=\"true\">Croial\u0103 Ergonomic\u0103:<\/strong>\u00a0Partea inferioar\u0103 a tricoului este\u00a0<strong class=\"Yjhzub\" data-complete=\"true\">format\u0103 (sagomato)<\/strong>, oferind o a\u0219ezare perfect\u0103 pe corp \u00een timpul mi\u0219c\u0103rii.<\/span><\/li>\n<li data-hveid=\"CAEIBRAF\" data-complete=\"true\" data-sae=\"\"><span class=\"T286Pc\" data-sfc-cp=\"\" data-complete=\"true\" aria-owns=\"action-menu-parent-container\"><strong class=\"Yjhzub\" data-complete=\"true\">Compozi\u021bie:<\/strong>\u00a0100%\u00a0<strong class=\"Yjhzub\" data-complete=\"true\">Poliester<\/strong>\u00a0\u2013 material rezistent, cu uscare rapid\u0103.<\/span><\/li>\n<\/ul>","protected":false},"featured_media":87946,"template":"","meta":[],"product_brand":[44],"product_cat":[623,678],"product_tag":[],"class_list":{"0":"post-87943","1":"product","2":"type-product","3":"status-publish","4":"has-post-thumbnail","6":"product_brand-macron","7":"product_cat-football","8":"product_cat-tricou_de_joc","9":"pa_age_range-adulti","10":"pa_brand-macron","11":"pa_color-alb","12":"pa_color-albastru","13":"pa_color-albastru-celest","14":"pa_color-albastru-inchis","15":"pa_color-albastrugalben-2","16":"pa_color-amber","17":"pa_color-bordo","18":"pa_color-galbenalbastru-2","19":"pa_color-galbenalbastru-inchis-2","20":"pa_color-negru","21":"pa_color-negrugalben-2","22":"pa_color-negrurosu-2","23":"pa_color-rosu","24":"pa_color-rosualbastru-2","25":"pa_color-rosualbastru-inchis-2","26":"pa_color-rosunegru-2","27":"pa_color-verde","28":"pa_color-verde-inchis","29":"pa_fit-slim","30":"pa_gender-barbati","31":"pa_size-3xl","32":"pa_size-3xs","33":"pa_size-4xl","34":"pa_size-5xl","35":"pa_size-l","36":"pa_size-m","37":"pa_size-s","38":"pa_size-xl","39":"pa_size-xs","40":"pa_size-xxl","41":"pa_size-xxs","43":"first","44":"instock","45":"shipping-taxable","46":"purchasable","47":"product-type-variable"},"_links":{"self":[{"href":"https:\/\/macron.md\/ru\/wp-json\/wp\/v2\/product\/87943","targetHints":{"allow":["GET"]}}],"collection":[{"href":"https:\/\/macron.md\/ru\/wp-json\/wp\/v2\/product"}],"about":[{"href":"https:\/\/macron.md\/ru\/wp-json\/wp\/v2\/types\/product"}],"wp:featuredmedia":[{"embeddable":true,"href":"https:\/\/macron.md\/ru\/wp-json\/wp\/v2\/media\/87946"}],"wp:attachment":[{"href":"https:\/\/macron.md\/ru\/wp-json\/wp\/v2\/media?parent=87943"}],"wp:term":[{"taxonomy":"product_brand","embeddable":true,"href":"https:\/\/macron.md\/ru\/wp-json\/wp\/v2\/product_brand?post=87943"},{"taxonomy":"product_cat","embeddable":true,"href":"https:\/\/macron.md\/ru\/wp-json\/wp\/v2\/product_cat?post=87943"},{"taxonomy":"product_tag","embeddable":true,"href":"https:\/\/macron.md\/ru\/wp-json\/wp\/v2\/product_tag?post=87943"}],"curies":[{"name":"wp","href":"https:\/\/api.w.org\/{rel}","templated":true}]}}