{"id":87918,"date":"2026-02-08T16:23:44","date_gmt":"2026-02-08T14:23:44","guid":{"rendered":"https:\/\/macron.md\/product\/neckar-pantaloni-de-antrenament\/"},"modified":"2026-04-03T21:02:26","modified_gmt":"2026-04-03T19:02:26","slug":"neckar-pantaloni-de-antrenament","status":"publish","type":"product","link":"https:\/\/macron.md\/ru\/product\/neckar-pantaloni-de-antrenament\/","title":{"rendered":"NECKAR PANTALONI DE ANTRENAMENT"},"content":{"rendered":"<div class=\"Y3BBE\" data-sfc-cp=\"\" data-hveid=\"CAEIAhAA\" data-processed=\"true\" data-complete=\"true\"><strong class=\"Yjhzub\" data-complete=\"true\">\u0411\u043b\u0430\u0433\u043e\u0434\u0430\u0440\u044f \u043c\u0430\u0442\u0435\u0440\u0438\u0430\u043b\u0443 100% Poly Dry \u0438 \u0443\u0434\u043e\u0431\u043d\u043e\u0439 \u043f\u043e\u0441\u0430\u0434\u043a\u0435, \u0442\u0440\u0435\u043d\u0438\u0440\u043e\u0432\u043e\u0447\u043d\u044b\u0435 \u0448\u0442\u0430\u043d\u044b Neckar \u0433\u0430\u0440\u0430\u043d\u0442\u0438\u0440\u0443\u044e\u0442 \u0432\u044b\u0441\u043e\u043a\u0438\u0439 \u0443\u0440\u043e\u0432\u0435\u043d\u044c \u043a\u043e\u043c\u0444\u043e\u0440\u0442\u0430 \u0438 \u043b\u0435\u0433\u043a\u043e\u0441\u0442\u0438, \u0438\u0434\u0435\u0430\u043b\u044c\u043d\u043e \u043f\u043e\u0434\u0445\u043e\u0434\u044f \u0434\u043b\u044f \u0442\u0440\u0435\u043d\u0438\u0440\u043e\u0432\u043e\u043a. \u042d\u043b\u0430\u0441\u0442\u0438\u0447\u043d\u044b\u0439 \u043f\u043e\u044f\u0441 \u0441\u043e \u0448\u043d\u0443\u0440\u043a\u043e\u043c \u0434\u043e\u0431\u0430\u0432\u043b\u044f\u0435\u0442 \u043f\u0440\u0430\u043a\u0442\u0438\u0447\u043d\u043e\u0441\u0442\u0438. \u0412\u044b\u0448\u0438\u0442\u044b\u0439 \u043b\u043e\u0433\u043e\u0442\u0438\u043f Macron \u043f\u0440\u0438\u0434\u0430\u0435\u0442 \u0441\u0442\u0438\u043b\u044c\u043d\u044b\u0439 \u0430\u043a\u0446\u0435\u043d\u0442 \u043f\u0440\u043e\u0434\u0443\u043a\u0442\u0443.<\/strong><\/div>\n<div class=\"Fsg96\" data-sfc-cp=\"\" data-complete=\"true\" data-processed=\"true\"><\/div>\n<hr class=\"j3tEEe\" data-serialized-params=\"[]\" data-complete=\"true\" data-processed=\"true\" data-sae=\"\" \/>\n<div class=\"Fsg96\" data-sfc-cp=\"\" data-complete=\"true\" data-processed=\"true\"><\/div>","protected":false},"excerpt":{"rendered":"<div class=\"Y3BBE\" data-sfc-cp=\"\" data-hveid=\"CAEIAhAA\" data-complete=\"true\" data-processed=\"true\"><strong class=\"Yjhzub\" data-complete=\"true\">Baz\u0103 (tiv) picior elasticat, Band\u0103 \u00een talie cu \u0219nur plat, Logo imprimat.<\/strong><br data-serialized-params=\"[]\" data-complete=\"true\" \/><strong class=\"Yjhzub\" data-complete=\"true\">100% Poliester (material tricotat), Pantalon Unisex.<\/strong><\/div>\n<div class=\"Fsg96\" data-sfc-cp=\"\" data-complete=\"true\" data-processed=\"true\"><\/div>\n<hr class=\"j3tEEe\" data-serialized-params=\"[]\" data-complete=\"true\" data-processed=\"true\" data-sae=\"\" \/>\n<div class=\"Fsg96\" data-sfc-cp=\"\" data-complete=\"true\" data-processed=\"true\"><\/div>","protected":false},"featured_media":87930,"template":"","meta":[],"product_brand":[44],"product_cat":[668,632],"product_tag":[],"class_list":{"0":"post-87918","1":"product","2":"type-product","3":"status-publish","4":"has-post-thumbnail","6":"product_brand-macron","7":"product_cat-costume-de-antrenament","8":"product_cat-training","9":"pa_brand-macron","10":"pa_color-albastru-inchis","11":"pa_color-negru","12":"pa_fit-regular","13":"pa_gender-barbati","14":"pa_material-polydry","15":"pa_size-3xl","16":"pa_size-3xs","17":"pa_size-4xl","18":"pa_size-4xs","19":"pa_size-5xl","20":"pa_size-l","21":"pa_size-m","22":"pa_size-s","23":"pa_size-xl","24":"pa_size-xs","25":"pa_size-xxl","26":"pa_size-xxs","28":"first","29":"instock","30":"shipping-taxable","31":"purchasable","32":"product-type-variable"},"_links":{"self":[{"href":"https:\/\/macron.md\/ru\/wp-json\/wp\/v2\/product\/87918","targetHints":{"allow":["GET"]}}],"collection":[{"href":"https:\/\/macron.md\/ru\/wp-json\/wp\/v2\/product"}],"about":[{"href":"https:\/\/macron.md\/ru\/wp-json\/wp\/v2\/types\/product"}],"wp:featuredmedia":[{"embeddable":true,"href":"https:\/\/macron.md\/ru\/wp-json\/wp\/v2\/media\/87930"}],"wp:attachment":[{"href":"https:\/\/macron.md\/ru\/wp-json\/wp\/v2\/media?parent=87918"}],"wp:term":[{"taxonomy":"product_brand","embeddable":true,"href":"https:\/\/macron.md\/ru\/wp-json\/wp\/v2\/product_brand?post=87918"},{"taxonomy":"product_cat","embeddable":true,"href":"https:\/\/macron.md\/ru\/wp-json\/wp\/v2\/product_cat?post=87918"},{"taxonomy":"product_tag","embeddable":true,"href":"https:\/\/macron.md\/ru\/wp-json\/wp\/v2\/product_tag?post=87918"}],"curies":[{"name":"wp","href":"https:\/\/api.w.org\/{rel}","templated":true}]}}