{"id":87608,"date":"2026-02-08T16:23:24","date_gmt":"2026-02-08T14:23:24","guid":{"rendered":"https:\/\/macron.md\/product\/f500-sorti-baschet-femenin-reversible\/"},"modified":"2026-04-03T10:30:30","modified_gmt":"2026-04-03T08:30:30","slug":"f500-sorti-baschet-femenin-reversible","status":"publish","type":"product","link":"https:\/\/macron.md\/ru\/product\/f500-sorti-baschet-femenin-reversible\/","title":{"rendered":"F500 \u0218OR\u021aI BASCHET FEMENIN REVERSIBLE"},"content":{"rendered":"<div class=\"otQkpb\" role=\"heading\" aria-level=\"3\" data-animation-nesting=\"\" data-sfc-cp=\"\" data-processed=\"true\" data-sae=\"\" data-complete=\"true\">\u0420\u0435\u0432\u0435\u0440\u0441\u0438\u0432\u043d\u044b\u0435 \u043c\u0430\u0442\u0447\u0435\u0432\u044b\u0435 \u0448\u043e\u0440\u0442\u044b Macron (\u0416\u0435\u043d\u0441\u043a\u0438\u0435) \u2013 Doublefiber Light<\/div>\n<div class=\"Y3BBE\" data-sfc-cp=\"\" data-hveid=\"CAEIBBAA\" data-complete=\"true\" data-processed=\"true\"><strong class=\"Yjhzub\" data-complete=\"true\">\u0414\u0432\u0435 \u043f\u0430\u0440\u044b \u0448\u043e\u0440\u0442 \u0432 \u043e\u0434\u043d\u043e\u0439!<\/strong> \u042d\u0442\u0438 \u0440\u0435\u0432\u0435\u0440\u0441\u0438\u0432\u043d\u044b\u0435 \u0436\u0435\u043d\u0441\u043a\u0438\u0435 \u0438\u0433\u0440\u043e\u0432\u044b\u0435 \u0448\u043e\u0440\u0442\u044b \u2014 \u0438\u0434\u0435\u0430\u043b\u044c\u043d\u043e\u0435 \u0440\u0435\u0448\u0435\u043d\u0438\u0435 \u0434\u043b\u044f \u043c\u0430\u043a\u0441\u0438\u043c\u0430\u043b\u044c\u043d\u043e\u0439 \u0443\u043d\u0438\u0432\u0435\u0440\u0441\u0430\u043b\u044c\u043d\u043e\u0441\u0442\u0438 \u043d\u0430 \u043f\u043e\u043b\u0435. \u0418\u0437\u0433\u043e\u0442\u043e\u0432\u043b\u0435\u043d\u043d\u044b\u0435 \u0438\u0437 \u0438\u043d\u043d\u043e\u0432\u0430\u0446\u0438\u043e\u043d\u043d\u043e\u0433\u043e \u0442\u0435\u0445\u043d\u0438\u0447\u0435\u0441\u043a\u043e\u0433\u043e \u043c\u0430\u0442\u0435\u0440\u0438\u0430\u043b\u0430 Doublefiber Light, \u043e\u043d\u0438 \u043e\u0431\u0435\u0441\u043f\u0435\u0447\u0438\u0432\u0430\u044e\u0442 \u0438\u0441\u043a\u043b\u044e\u0447\u0438\u0442\u0435\u043b\u044c\u043d\u044b\u0439 \u043a\u043e\u043c\u0444\u043e\u0440\u0442 \u0438 \u043f\u043e\u0437\u0432\u043e\u043b\u044f\u044e\u0442 \u043c\u0433\u043d\u043e\u0432\u0435\u043d\u043d\u043e \u043c\u0435\u043d\u044f\u0442\u044c \u0446\u0432\u0435\u0442\u0430 \u043a\u043e\u043c\u0430\u043d\u0434\u044b.<\/div>\n<div class=\"Fsg96\" data-sfc-cp=\"\" data-complete=\"true\" data-processed=\"true\"><\/div>\n<div class=\"otQkpb\" role=\"heading\" aria-level=\"3\" data-animation-nesting=\"\" data-sfc-cp=\"\" data-complete=\"true\" data-processed=\"true\" data-sae=\"\">\u041a\u043b\u044e\u0447\u0435\u0432\u044b\u0435 \u0445\u0430\u0440\u0430\u043a\u0442\u0435\u0440\u0438\u0441\u0442\u0438\u043a\u0438 \u0438 \u043f\u0440\u0435\u0438\u043c\u0443\u0449\u0435\u0441\u0442\u0432\u0430:<\/div>\n<ul class=\"KsbFXc U6u95\" data-complete=\"true\" data-processed=\"true\">\n<li data-hveid=\"CAEIBhAA\" data-complete=\"true\" data-sae=\"\"><span class=\"T286Pc\" data-sfc-cp=\"\" data-complete=\"true\"><strong class=\"Yjhzub\" data-complete=\"true\">\u0418\u043d\u043d\u043e\u0432\u0430\u0446\u0438\u043e\u043d\u043d\u044b\u0439 \u0440\u0435\u0432\u0435\u0440\u0441\u0438\u0432\u043d\u044b\u0439 \u0434\u0438\u0437\u0430\u0439\u043d:<\/strong>\u00a0\u041f\u0435\u0440\u0435\u043a\u043b\u044e\u0447\u0430\u0439\u0442\u0435\u0441\u044c \u0441 \u043e\u0434\u043d\u043e\u0433\u043e \u0446\u0432\u0435\u0442\u0430 \u043d\u0430 \u0434\u0440\u0443\u0433\u043e\u0439 \u043f\u043e \u043d\u0435\u043e\u0431\u0445\u043e\u0434\u0438\u043c\u043e\u0441\u0442\u0438, \u0438\u0434\u0435\u0430\u043b\u044c\u043d\u043e \u0434\u043b\u044f \u043e\u0444\u0438\u0446\u0438\u0430\u043b\u044c\u043d\u044b\u0445 \u043c\u0430\u0442\u0447\u0435\u0439 \u0438\u043b\u0438 \u0442\u0440\u0435\u043d\u0438\u0440\u043e\u0432\u043e\u043a.<\/span><\/li>\n<li data-hveid=\"CAEIBhAB\" data-complete=\"true\" data-sae=\"\"><span class=\"T286Pc\" data-sfc-cp=\"\" data-complete=\"true\"><strong class=\"Yjhzub\" data-complete=\"true\">\u041c\u0430\u0442\u0435\u0440\u0438\u0430\u043b Doublefiber Light:<\/strong>\u00a0\u0414\u0432\u0443\u0445\u0446\u0432\u0435\u0442\u043d\u0430\u044f \u043c\u043e\u043d\u043e-\u043c\u0430\u0442\u0435\u0440\u0438\u0430\u043b\u044c\u043d\u0430\u044f \u0442\u043a\u0430\u043d\u044c, \u0441\u0432\u0435\u0440\u0445\u043b\u0451\u0433\u043a\u0430\u044f \u0438 \u043f\u0440\u043e\u0447\u043d\u0430\u044f, \u043e\u0431\u0435\u0441\u043f\u0435\u0447\u0438\u0432\u0430\u0435\u0442 \u043e\u0442\u043b\u0438\u0447\u043d\u0443\u044e \u0432\u043e\u0437\u0434\u0443\u0445\u043e\u043f\u0440\u043e\u043d\u0438\u0446\u0430\u0435\u043c\u043e\u0441\u0442\u044c \u0438 \u0431\u044b\u0441\u0442\u0440\u0443\u044e \u0441\u0443\u0448\u043a\u0443.<\/span><\/li>\n<li data-hveid=\"CAEIBhAC\" data-complete=\"true\" data-sae=\"\"><span class=\"T286Pc\" data-sfc-cp=\"\" data-complete=\"true\"><strong class=\"Yjhzub\" data-complete=\"true\">Ajustare Perfect\u0103:<\/strong>\u00a0\u042d\u043b\u0430\u0441\u0442\u0438\u0447\u043d\u044b\u0439 \u043f\u043e\u044f\u0441 \u0441\u043d\u0430\u0431\u0436\u0435\u043d\u00a0<strong class=\"Yjhzub\" data-complete=\"true\">\u0219nur plat<\/strong>\u00a0\u041f\u043b\u043e\u0441\u043a\u0438\u0439 \u0448\u043d\u0443\u0440\u043e\u043a \u0434\u043b\u044f \u0438\u043d\u0434\u0438\u0432\u0438\u0434\u0443\u0430\u043b\u044c\u043d\u043e\u0439, \u043d\u0430\u0434\u0435\u0436\u043d\u043e\u0439 \u0438 \u043a\u043e\u043c\u0444\u043e\u0440\u0442\u043d\u043e\u0439 \u0444\u0438\u043a\u0441\u0430\u0446\u0438\u0438.<\/span><\/li>\n<li data-hveid=\"CAEIBhAD\" data-complete=\"true\" data-sae=\"\"><span class=\"T286Pc\" data-sfc-cp=\"\" data-complete=\"true\"><strong class=\"Yjhzub\" data-complete=\"true\">Finisaje Premium:<\/strong>\u00a0\u041d\u0438\u0436\u043d\u0438\u0439 \u043a\u0440\u0430\u0439 \u0448\u043e\u0440\u0442 \u043e\u0444\u043e\u0440\u043c\u043b\u0435\u043d \u044d\u043b\u0435\u0433\u0430\u043d\u0442\u043d\u043e\u0439 \u0438 \u043f\u0440\u043e\u0447\u043d\u043e\u0439 \u043e\u043a\u0430\u043d\u0442\u043e\u0432\u043a\u043e\u0439.<\/span><\/li>\n<li data-hveid=\"CAEIBhAE\" data-complete=\"true\" data-sae=\"\"><span class=\"T286Pc\" data-sfc-cp=\"\" data-complete=\"true\" aria-owns=\"action-menu-parent-container\"><strong class=\"Yjhzub\" data-complete=\"true\">\u0410\u0443\u0442\u0435\u043d\u0442\u0438\u0447\u043d\u044b\u0439 \u0441\u0442\u0438\u043b\u044c:<\/strong>\u00a0\u041b\u043e\u0433\u043e\u0442\u0438\u043f Macron Hero \u043d\u0430\u043d\u0435\u0441\u0435\u043d \u043d\u0430 \u043f\u0435\u0440\u0435\u0434\u043d\u044e\u044e \u0447\u0430\u0441\u0442\u044c, \u0433\u0430\u0440\u0430\u043d\u0442\u0438\u0440\u0443\u044f \u043a\u0430\u0447\u0435\u0441\u0442\u0432\u043e \u043f\u0440\u043e\u0444\u0435\u0441\u0441\u0438\u043e\u043d\u0430\u043b\u044c\u043d\u043e\u0439 \u044d\u043a\u0438\u043f\u0438\u0440\u043e\u0432\u043a\u0438.<\/span><\/li>\n<\/ul>","protected":false},"excerpt":{"rendered":"<div class=\"otQkpb\" role=\"heading\" aria-level=\"3\" data-animation-nesting=\"\" data-sfc-cp=\"\" data-complete=\"true\" data-processed=\"true\" data-sae=\"\">Caracteristici \u0219i Beneficii Principale:<\/div>\n<ul class=\"KsbFXc U6u95\" data-complete=\"true\" data-processed=\"true\">\n<li data-hveid=\"CAEIBhAA\" data-complete=\"true\" data-sae=\"\"><span class=\"T286Pc\" data-sfc-cp=\"\" data-complete=\"true\"><strong class=\"Yjhzub\" data-complete=\"true\">Design Inovator Reversibil:<\/strong>\u00a0Dou\u0103 \u0219orturi \u00eentr-unul singur, datorit\u0103 structurii din\u00a0<strong class=\"Yjhzub\" data-complete=\"true\">monotextil bicolor<\/strong>, oferind versatilitate maxim\u0103 pe teren.<\/span><\/li>\n<li data-hveid=\"CAEIBhAB\" data-complete=\"true\" data-sae=\"\"><span class=\"T286Pc\" data-sfc-cp=\"\" data-complete=\"true\"><strong class=\"Yjhzub\" data-complete=\"true\">Ajustare Sigur\u0103:<\/strong>\u00a0<strong class=\"Yjhzub\" data-complete=\"true\">Talie elastic\u0103 (fascione)<\/strong>\u00a0prev\u0103zut\u0103 cu un\u00a0<strong class=\"Yjhzub\" data-complete=\"true\">\u0219nur plat<\/strong>\u00a0(coulisse piatta) pentru o fixare personalizat\u0103, confortabil\u0103 \u0219i f\u0103r\u0103 disconfort.<\/span><\/li>\n<li data-hveid=\"CAEIBhAC\" data-complete=\"true\" data-sae=\"\"><span class=\"T286Pc\" data-sfc-cp=\"\" data-complete=\"true\"><strong class=\"Yjhzub\" data-complete=\"true\">Finisaje Durabile:<\/strong>\u00a0Marginea de jos a \u0219ortului (fondo short) este finisat\u0103 cu o\u00a0<strong class=\"Yjhzub\" data-complete=\"true\">bordur\u0103<\/strong>\u00a0rezistent\u0103, asigur\u00e2nd o durat\u0103 de via\u021b\u0103 extins\u0103 a produsului.<\/span><\/li>\n<li data-hveid=\"CAEIBhAD\" data-complete=\"true\" data-sae=\"\"><span class=\"T286Pc\" data-sfc-cp=\"\" data-complete=\"true\"><strong class=\"Yjhzub\" data-complete=\"true\">Material Tehnic Premium:<\/strong>\u00a0Fabricat din\u00a0<strong class=\"Yjhzub\" data-complete=\"true\">100% Poliester (PL)<\/strong>, materialul este u\u0219or, respirabil \u0219i se usuc\u0103 rapid.<\/span><\/li>\n<li data-hveid=\"CAEIBhAE\" data-complete=\"true\" data-sae=\"\"><span class=\"T286Pc\" data-sfc-cp=\"\" data-complete=\"true\" aria-owns=\"action-menu-parent-container\"><strong class=\"Yjhzub\" data-complete=\"true\">Calitate Garantat\u0103:<\/strong>\u00a0Logo-ul Macron Hero este imprimat discret, confirm\u00e2nd autenticitatea \u0219i calitatea echipamentului sportiv.<\/span><\/li>\n<\/ul>","protected":false},"featured_media":87609,"template":"","meta":[],"product_brand":[44],"product_cat":[622,681],"product_tag":[],"class_list":{"0":"post-87608","1":"product","2":"type-product","3":"status-publish","4":"has-post-thumbnail","6":"product_brand-macron","7":"product_cat-basketball","8":"product_cat-bascet_dama","9":"pa_age_range-adulti","10":"pa_brand-macron","11":"pa_color-albastru","12":"pa_color-rosu","13":"pa_fit-regular","14":"pa_gender-femei","15":"pa_material-poliestere","16":"pa_size-3xl","17":"pa_size-3xs","18":"pa_size-4xl","19":"pa_size-l","20":"pa_size-m","21":"pa_size-s","22":"pa_size-xl","23":"pa_size-xs","24":"pa_size-xxl","25":"pa_size-xxs","27":"first","28":"outofstock","29":"shipping-taxable","30":"purchasable","31":"product-type-variable"},"_links":{"self":[{"href":"https:\/\/macron.md\/ru\/wp-json\/wp\/v2\/product\/87608","targetHints":{"allow":["GET"]}}],"collection":[{"href":"https:\/\/macron.md\/ru\/wp-json\/wp\/v2\/product"}],"about":[{"href":"https:\/\/macron.md\/ru\/wp-json\/wp\/v2\/types\/product"}],"wp:featuredmedia":[{"embeddable":true,"href":"https:\/\/macron.md\/ru\/wp-json\/wp\/v2\/media\/87609"}],"wp:attachment":[{"href":"https:\/\/macron.md\/ru\/wp-json\/wp\/v2\/media?parent=87608"}],"wp:term":[{"taxonomy":"product_brand","embeddable":true,"href":"https:\/\/macron.md\/ru\/wp-json\/wp\/v2\/product_brand?post=87608"},{"taxonomy":"product_cat","embeddable":true,"href":"https:\/\/macron.md\/ru\/wp-json\/wp\/v2\/product_cat?post=87608"},{"taxonomy":"product_tag","embeddable":true,"href":"https:\/\/macron.md\/ru\/wp-json\/wp\/v2\/product_tag?post=87608"}],"curies":[{"name":"wp","href":"https:\/\/api.w.org\/{rel}","templated":true}]}}