{"id":87593,"date":"2026-02-08T16:23:22","date_gmt":"2026-02-08T14:23:22","guid":{"rendered":"https:\/\/macron.md\/product\/tidal-papuci\/"},"modified":"2026-04-03T10:30:49","modified_gmt":"2026-04-03T08:30:49","slug":"tidal-papuci","status":"publish","type":"product","link":"https:\/\/macron.md\/ru\/product\/tidal-papuci\/","title":{"rendered":"TIDAL PAPUCI"},"content":{"rendered":"<div class=\"otQkpb\" role=\"heading\" aria-level=\"3\" data-animation-nesting=\"\" data-sfc-cp=\"\" data-complete=\"true\" data-processed=\"true\" data-sae=\"\"><strong class=\"Yjhzub\" data-complete=\"true\">Papuci Sport Macron \u2013 \u041a\u043e\u043c\u0444\u043e\u0440\u0442 \u0438 \u0411\u0435\u0437\u043e\u043f\u0430\u0441\u043d\u043e\u0441\u0442\u044c \u0432\u043e \u0412\u043b\u0430\u0436\u043d\u043e\u0439 \u0421\u0440\u0435\u0434\u0435<\/strong><span class=\"uJ19be notranslate\" data-wiz-uids=\"CHVK9_k,CHVK9_l\" data-complete=\"true\"><span class=\"vKEkVd\" data-animation-atomic=\"\" data-wiz-attrbind=\"class=CHVK9_j\/TKHnVd\" data-sae=\"\"><span aria-hidden=\"true\">\u00a0<\/span><\/span><\/span><\/div>\n<div class=\"Y3BBE\" data-sfc-cp=\"\" data-hveid=\"CAEIBBAA\" data-complete=\"true\" data-processed=\"true\">\u042d\u0442\u0438 \u0442\u0430\u043f\u043e\u0447\u043a\u0438 \u0440\u0430\u0437\u0440\u0430\u0431\u043e\u0442\u0430\u043d\u044b \u0434\u043b\u044f \u043e\u0431\u0435\u0441\u043f\u0435\u0447\u0435\u043d\u0438\u044f \u043d\u0435\u043e\u0431\u0445\u043e\u0434\u0438\u043c\u043e\u0433\u043e \u043a\u043e\u043c\u0444\u043e\u0440\u0442\u0430 \u0438 \u043c\u0430\u043a\u0441\u0438\u043c\u0430\u043b\u044c\u043d\u043e\u0439 \u0443\u0441\u0442\u043e\u0439\u0447\u0438\u0432\u043e\u0441\u0442\u0438, \u0438\u0434\u0435\u0430\u043b\u044c\u043d\u043e \u043f\u043e\u0434\u0445\u043e\u0434\u044f\u0442 \u0434\u043b\u044f \u0438\u0441\u043f\u043e\u043b\u044c\u0437\u043e\u0432\u0430\u043d\u0438\u044f \u0443 \u0431\u0430\u0441\u0441\u0435\u0439\u043d\u0430, \u0432 \u0434\u0443\u0448\u0435\u0432\u044b\u0445 \u0438\u043b\u0438 \u0432 \u043b\u044e\u0431\u043e\u0439 \u0432\u043b\u0430\u0436\u043d\u043e\u0439 \u0441\u0440\u0435\u0434\u0435.<\/div>\n<div class=\"Y3BBE\" data-sfc-cp=\"\" data-hveid=\"CAEIBRAA\" data-complete=\"true\" data-processed=\"true\"><strong class=\"Yjhzub\" data-complete=\"true\">Key features and benefits:<\/strong><\/div>\n<ul class=\"KsbFXc U6u95\" data-processed=\"true\" data-complete=\"true\">\n<li data-hveid=\"CAEIBhAA\" data-complete=\"true\" data-sae=\"\"><span class=\"T286Pc\" data-sfc-cp=\"\" data-complete=\"true\"><strong class=\"Yjhzub\" data-complete=\"true\">\u041a\u043e\u043c\u0444\u043e\u0440\u0442 \u0438 \u0421\u0442\u0430\u0431\u0438\u043b\u044c\u043d\u043e\u0441\u0442\u044c:<\/strong>\u00a0\u0418\u043c\u0435\u044e\u0442\u00a0<strong class=\"Yjhzub\" data-complete=\"true\">\u043f\u0440\u0435\u0434\u0432\u0430\u0440\u0438\u0442\u0435\u043b\u044c\u043d\u043e \u0441\u0444\u043e\u0440\u043c\u0438\u0440\u043e\u0432\u0430\u043d\u043d\u0443\u044e \u0441\u0442\u0435\u043b\u044c\u043a\u0443 (footbed)<\/strong>\u00a0\u043a\u043e\u0442\u043e\u0440\u0430\u044f \u043f\u043e\u0432\u0442\u043e\u0440\u044f\u0435\u0442 \u0444\u043e\u0440\u043c\u0443 \u0441\u0442\u043e\u043f\u044b, \u043e\u0431\u0435\u0441\u043f\u0435\u0447\u0438\u0432\u0430\u044f \u043e\u043f\u0442\u0438\u043c\u0430\u043b\u044c\u043d\u0443\u044e \u043f\u043e\u0434\u0434\u0435\u0440\u0436\u043a\u0443 \u0438 \u043a\u043e\u043c\u0444\u043e\u0440\u0442 \u043f\u0440\u0438 \u043a\u0430\u0436\u0434\u043e\u043c \u0448\u0430\u0433\u0435.<\/span><\/li>\n<li data-hveid=\"CAEIBhAB\" data-complete=\"true\" data-sae=\"\"><span class=\"T286Pc\" data-sfc-cp=\"\" data-complete=\"true\"><strong class=\"Yjhzub\" data-complete=\"true\">\u0410\u043d\u0442\u0438\u0441\u043a\u043e\u043b\u044c\u0437\u044f\u0449\u0430\u044f \u043f\u043e\u043b\u043e\u0441\u0430 (Snug anti-slip band):<\/strong>\u00a0\u0412\u0435\u0440\u0445\u043d\u044f\u044f \u043f\u043e\u043b\u043e\u0441\u0430 \u0440\u0430\u0437\u0440\u0430\u0431\u043e\u0442\u0430\u043d\u0430 \u0434\u043b\u044f \u043d\u0430\u0434\u0435\u0436\u043d\u043e\u0439 \u0444\u0438\u043a\u0441\u0430\u0446\u0438\u0438 \u0441\u0442\u043e\u043f\u044b, \u043f\u0440\u0435\u0434\u043e\u0442\u0432\u0440\u0430\u0449\u0430\u044f \u0441\u043b\u0443\u0447\u0430\u0439\u043d\u043e\u0435 \u0441\u043a\u043e\u043b\u044c\u0436\u0435\u043d\u0438\u0435 \u0432\u043d\u0443\u0442\u0440\u0438 \u0442\u0430\u043f\u043e\u0447\u043a\u0430.<\/span><\/li>\n<li data-hveid=\"CAEIBhAC\" data-complete=\"true\" data-processed=\"true\" data-sae=\"\"><span class=\"T286Pc\" data-sfc-cp=\"\" data-complete=\"true\"><strong class=\"Yjhzub\" data-complete=\"true\">\u041e\u0442\u043b\u0438\u0447\u043d\u043e\u0435 \u0421\u0446\u0435\u043f\u043b\u0435\u043d\u0438\u0435:<\/strong>\u00a0\u0412\u043d\u0435\u0448\u043d\u044f\u044f \u043f\u043e\u0434\u043e\u0448\u0432\u0430\u00a0<strong class=\"Yjhzub\" data-complete=\"true\">\u043f\u0440\u043e\u0442\u0438\u0432\u043e\u0441\u043a\u043e\u043b\u044c\u0437\u044f\u0449\u0430\u044f (non-skid soles)<\/strong>\u00a0\u043e\u0431\u0435\u0441\u043f\u0435\u0447\u0438\u0432\u0430\u0435\u0442\u00a0<strong class=\"Yjhzub\" data-complete=\"true\">\u043f\u0440\u0435\u0432\u043e\u0441\u0445\u043e\u0434\u043d\u043e\u0435 \u0441\u0446\u0435\u043f\u043b\u0435\u043d\u0438\u0435<\/strong>\u00a0\u043d\u0430 \u0432\u043b\u0430\u0436\u043d\u044b\u0445 \u0438\u043b\u0438 \u0441\u043a\u043e\u043b\u044c\u0437\u043a\u0438\u0445 \u043f\u043e\u0432\u0435\u0440\u0445\u043d\u043e\u0441\u0442\u044f\u0445 (\u043f\u043b\u0438\u0442\u043a\u0430, \u043a\u0440\u0430\u0439 \u0431\u0430\u0441\u0441\u0435\u0439\u043d\u0430).<\/span><\/li>\n<li data-hveid=\"CAEIBhAD\" data-complete=\"true\" data-processed=\"true\" data-sae=\"\"><span class=\"T286Pc\" data-sfc-cp=\"\" data-complete=\"true\"><strong class=\"Yjhzub\" data-complete=\"true\">\u0418\u0434\u0435\u0430\u043b\u044c\u043d\u044b \u0434\u043b\u044f \u0412\u043b\u0430\u0436\u043d\u043e\u0439 \u0421\u0440\u0435\u0434\u044b:<\/strong>\u00a0\u0412\u043e\u0434\u043e\u0441\u0442\u043e\u0439\u043a\u0438\u0435 \u043c\u0430\u0442\u0435\u0440\u0438\u0430\u043b\u044b \u0434\u0435\u043b\u0430\u044e\u0442 \u044d\u0442\u0438 \u0442\u0430\u043f\u043e\u0447\u043a\u0438 \u0438\u0434\u0435\u0430\u043b\u044c\u043d\u044b\u043c\u0438 \u0434\u043b\u044f \u0438\u0441\u043f\u043e\u043b\u044c\u0437\u043e\u0432\u0430\u043d\u0438\u044f \u043f\u043e\u0441\u043b\u0435 \u0434\u0443\u0448\u0430 \u0438\u043b\u0438 \u0432 \u0441\u043f\u0430-\u0437\u043e\u043d\u0435.<\/span><\/li>\n<li data-hveid=\"CAEIBhAE\" data-complete=\"true\" data-processed=\"true\" data-sae=\"\"><span class=\"T286Pc\" data-sfc-cp=\"\" data-complete=\"true\"><strong class=\"Yjhzub\" data-complete=\"true\">\u041b\u0435\u0433\u043a\u043e \u0427\u0438\u0441\u0442\u0438\u0442\u044c:<\/strong> \u0421\u0438\u043d\u0442\u0435\u0442\u0438\u0447\u0435\u0441\u043a\u0438\u0439 \u043c\u0430\u0442\u0435\u0440\u0438\u0430\u043b \u043f\u043e\u0437\u0432\u043e\u043b\u044f\u0435\u0442 \u0431\u044b\u0441\u0442\u0440\u043e \u043e\u0447\u0438\u0449\u0430\u0442\u044c \u0438 \u044d\u0444\u0444\u0435\u043a\u0442\u0438\u0432\u043d\u043e \u0441\u0443\u0448\u0438\u0442\u044c.<\/span><\/li>\n<\/ul>\n<div class=\"Y3BBE\" data-sfc-cp=\"\" data-hveid=\"CAEIBxAA\" data-complete=\"true\" data-processed=\"true\"><strong class=\"Yjhzub\" data-complete=\"true\">Specifica\u021bii Tehnice:<\/strong><\/div>\n<ul class=\"KsbFXc U6u95\" data-complete=\"true\" data-processed=\"true\">\n<li data-hveid=\"CAEICBAA\" data-complete=\"true\" data-sae=\"\"><span class=\"T286Pc\" data-sfc-cp=\"\" data-complete=\"true\"><strong class=\"Yjhzub\" data-complete=\"true\">\u041c\u0430\u0442\u0435\u0440\u0438\u0430\u043b:<\/strong> (\u041e\u0431\u044b\u0447\u043d\u043e EVA\/\u0420\u0435\u0437\u0438\u043d\u0430) \u0412\u043e\u0434\u043e\u0441\u0442\u043e\u0439\u043a\u0438\u0439 \u0441\u0438\u043d\u0442\u0435\u0442\u0438\u0447\u0435\u0441\u043a\u0438\u0439 \u043c\u0430\u0442\u0435\u0440\u0438\u0430\u043b<\/span><\/li>\n<li data-hveid=\"CAEICBAB\" data-complete=\"true\" data-sae=\"\"><span class=\"T286Pc\" data-sfc-cp=\"\" data-complete=\"true\"><strong class=\"Yjhzub\" data-complete=\"true\">Talp\u0103:<\/strong>\u00a0\u0410\u043d\u0442\u0438\u0441\u043a\u043e\u043b\u044c\u0437\u044f\u0449\u0438\u0439 (Non-skid)<\/span><\/li>\n<li data-hveid=\"CAEICBAC\" data-complete=\"true\" data-sae=\"\"><span class=\"T286Pc\" data-sfc-cp=\"\" data-complete=\"true\"><strong class=\"Yjhzub\" data-complete=\"true\">Design:<\/strong>\u00a0\u041f\u0440\u0435\u0434\u0432\u0430\u0440\u0438\u0442\u0435\u043b\u044c\u043d\u043e \u0441\u0444\u043e\u0440\u043c\u0438\u0440\u043e\u0432\u0430\u043d\u043d\u0430\u044f \u0441\u0442\u0435\u043b\u044c\u043a\u0430, \u0444\u0438\u043a\u0441\u0438\u0440\u0443\u044e\u0449\u0430\u044f \u043f\u043e\u043b\u043e\u0441\u0430<\/span><\/li>\n<li data-hveid=\"CAEICBAD\" data-complete=\"true\" data-sae=\"\"><span class=\"T286Pc\" data-sfc-cp=\"\" data-complete=\"true\"><strong class=\"Yjhzub\" data-complete=\"true\">Utilizare:<\/strong>\u00a0\u0411\u0430\u0441\u0441\u0435\u0439\u043d, \u0434\u0443\u0448\u0435\u0432\u044b\u0435, \u0441\u043f\u0430, \u043f\u043b\u044f\u0436<\/span><span class=\"uJ19be notranslate\" data-wiz-uids=\"CHVK9_20,CHVK9_21\" data-complete=\"true\"><span class=\"vKEkVd\" data-animation-atomic=\"\" data-wiz-attrbind=\"class=CHVK9_1z\/TKHnVd\" data-sae=\"\"><span aria-hidden=\"true\">\u00a0<\/span><\/span><\/span><\/li>\n<\/ul>\n<div class=\"Fsg96\" data-sfc-cp=\"\" data-complete=\"true\" data-processed=\"true\"><\/div>\n<hr class=\"j3tEEe\" data-serialized-params=\"[]\" data-complete=\"true\" data-processed=\"true\" data-sae=\"\" \/>","protected":false},"excerpt":{"rendered":"<div class=\"Y3BBE\" data-sfc-cp=\"\" data-hveid=\"CAEIBRAA\" data-complete=\"true\" data-processed=\"true\"><strong class=\"Yjhzub\" data-complete=\"true\">Specifica\u021bii Principale:<\/strong><\/div>\n<ul class=\"KsbFXc U6u95\" data-complete=\"true\" data-processed=\"true\">\n<li data-hveid=\"CAEIBhAA\" data-complete=\"true\" data-sae=\"\"><span class=\"T286Pc\" data-sfc-cp=\"\" data-complete=\"true\"><strong class=\"Yjhzub\" data-complete=\"true\">Compozi\u021bie Material:<\/strong>\u00a0100% EVA (<strong class=\"Yjhzub\" data-complete=\"true\">Etilen Vinil Acetat<\/strong>) \u2013 un material ultra-u\u0219or, flexibil, rezistent la ap\u0103 \u0219i cu propriet\u0103\u021bi excelente de amortizare.<\/span><\/li>\n<li data-hveid=\"CAEIBhAB\" data-complete=\"true\" data-sae=\"\"><span class=\"T286Pc\" data-sfc-cp=\"\" data-complete=\"true\"><strong class=\"Yjhzub\" data-complete=\"true\">Design Superior:<\/strong>\u00a0<strong class=\"Yjhzub\" data-complete=\"true\">Fascia anti-slip avvolgente<\/strong>\u00a0(Banda anti-alunecare, care \u00eembrac\u0103 piciorul) asigur\u0103 o fixare ferm\u0103 \u0219i stabil\u0103.<\/span><\/li>\n<li data-hveid=\"CAEIBhAC\" data-complete=\"true\" data-sae=\"\"><span class=\"T286Pc\" data-sfc-cp=\"\" data-complete=\"true\"><strong class=\"Yjhzub\" data-complete=\"true\">Confort:<\/strong>\u00a0<strong class=\"Yjhzub\" data-complete=\"true\">Suola preformata<\/strong>\u00a0(Talp\u0103 interioar\u0103 preformat\u0103\/mulat\u0103) pentru a sus\u021bine arcul piciorului \u0219i a distribui uniform presiunea.<\/span><\/li>\n<li data-hveid=\"CAEIBhAD\" data-complete=\"true\" data-sae=\"\"><span class=\"T286Pc\" data-sfc-cp=\"\" data-complete=\"true\"><strong class=\"Yjhzub\" data-complete=\"true\">Utilizare Specific\u0103:<\/strong>\u00a0<strong class=\"Yjhzub\" data-complete=\"true\">Indicata per ambienti umidi<\/strong>\u00a0(Recomandat\u0103 pentru medii umede: piscin\u0103, spa, du\u0219uri, plaj\u0103) datorit\u0103 propriet\u0103\u021bilor materialului \u0219i a t\u0103lpii anti-alunecare.<\/span><\/li>\n<li data-hveid=\"CAEIBhAE\" data-complete=\"true\" data-sae=\"\"><span class=\"T286Pc\" data-sfc-cp=\"\" data-complete=\"true\" aria-owns=\"action-menu-parent-container\"><strong class=\"Yjhzub\" data-complete=\"true\">Tip Produs:<\/strong>\u00a0Face parte din categoria Echipamente Sportive &amp; Accesorii (Bat &amp; Ball SET &amp; Shoes or Accessories).<\/span><\/li>\n<\/ul>","protected":false},"featured_media":87594,"template":"","meta":[],"product_brand":[44],"product_cat":[628,659],"product_tag":[],"class_list":{"0":"post-87593","1":"product","2":"type-product","3":"status-publish","4":"has-post-thumbnail","6":"product_brand-macron","7":"product_cat-accesorii","8":"product_cat-slapi","9":"pa_age_range-adulti","10":"pa_brand-macron","11":"pa_fit-regular","12":"pa_gender-unisex","13":"pa_size-299","14":"pa_size-298","15":"pa_size-296","16":"pa_size-295","17":"pa_size-297","18":"pa_size-291","19":"pa_size-290","20":"pa_size-294","21":"pa_size-293","22":"pa_size-289","24":"first","25":"outofstock","26":"shipping-taxable","27":"purchasable","28":"product-type-variable"},"_links":{"self":[{"href":"https:\/\/macron.md\/ru\/wp-json\/wp\/v2\/product\/87593","targetHints":{"allow":["GET"]}}],"collection":[{"href":"https:\/\/macron.md\/ru\/wp-json\/wp\/v2\/product"}],"about":[{"href":"https:\/\/macron.md\/ru\/wp-json\/wp\/v2\/types\/product"}],"wp:featuredmedia":[{"embeddable":true,"href":"https:\/\/macron.md\/ru\/wp-json\/wp\/v2\/media\/87594"}],"wp:attachment":[{"href":"https:\/\/macron.md\/ru\/wp-json\/wp\/v2\/media?parent=87593"}],"wp:term":[{"taxonomy":"product_brand","embeddable":true,"href":"https:\/\/macron.md\/ru\/wp-json\/wp\/v2\/product_brand?post=87593"},{"taxonomy":"product_cat","embeddable":true,"href":"https:\/\/macron.md\/ru\/wp-json\/wp\/v2\/product_cat?post=87593"},{"taxonomy":"product_tag","embeddable":true,"href":"https:\/\/macron.md\/ru\/wp-json\/wp\/v2\/product_tag?post=87593"}],"curies":[{"name":"wp","href":"https:\/\/api.w.org\/{rel}","templated":true}]}}