{"id":86923,"date":"2026-02-08T16:22:14","date_gmt":"2026-02-08T14:22:14","guid":{"rendered":"https:\/\/macron.md\/product\/bellatrix-tricou-de-joc-dama\/"},"modified":"2026-04-03T10:30:24","modified_gmt":"2026-04-03T08:30:24","slug":"bellatrix-tricou-de-joc-dama","status":"publish","type":"product","link":"https:\/\/macron.md\/ru\/product\/bellatrix-tricou-de-joc-dama\/","title":{"rendered":"BELLATRIX TRICOU DE JOC DAM\u0102"},"content":{"rendered":"<div class=\"otQkpb\" role=\"heading\" aria-level=\"3\" data-animation-nesting=\"\" data-sfc-cp=\"\" data-complete=\"true\" data-processed=\"true\" data-sae=\"\">\u0416\u0435\u043d\u0441\u043a\u0430\u044f \u0444\u0443\u0442\u0431\u043e\u043b\u043a\u0430 \u0434\u043b\u044f \u0441\u043e\u0440\u0435\u0432\u043d\u043e\u0432\u0430\u043d\u0438\u0439 Macron Softlock \u2013 \u041a\u043e\u043b\u043b\u0435\u043a\u0446\u0438\u044f Pro \u0421\u0435\u0437\u043e\u043d 21-22<\/div>\n<div class=\"Y3BBE\" data-sfc-cp=\"\" data-hveid=\"CAEIBBAA\" data-complete=\"true\" data-processed=\"true\"><strong class=\"Yjhzub\" data-complete=\"true\">\u041f\u0440\u043e\u0438\u0437\u0432\u043e\u0434\u0438\u0442\u0435\u043b\u044c\u043d\u043e\u0441\u0442\u044c \u0438 \u0434\u0438\u0437\u0430\u0439\u043d \u043f\u0440\u043e\u0444\u0435\u0441\u0441\u0438\u043e\u043d\u0430\u043b\u044c\u043d\u043e\u0433\u043e \u0443\u0440\u043e\u0432\u043d\u044f!<\/strong> \u042d\u0442\u0430 \u0436\u0435\u043d\u0441\u043a\u0430\u044f \u0438\u0433\u0440\u043e\u0432\u0430\u044f \u0444\u0443\u0442\u0431\u043e\u043b\u043a\u0430, \u0432\u0434\u043e\u0445\u043d\u043e\u0432\u043b\u0435\u043d\u043d\u0430\u044f \u044d\u043a\u0438\u043f\u0438\u0440\u043e\u0432\u043a\u043e\u0439 \u043f\u0440\u043e\u0444\u0435\u0441\u0441\u0438\u043e\u043d\u0430\u043b\u044c\u043d\u044b\u0445 \u043a\u043b\u0443\u0431\u043e\u0432 \u0441\u0435\u0437\u043e\u043d\u0430 2021-2022, \u0441\u043e\u0447\u0435\u0442\u0430\u0435\u0442 \u0442\u0435\u0445\u043d\u0438\u0447\u0435\u0441\u043a\u0438\u0439 \u043c\u0430\u0442\u0435\u0440\u0438\u0430\u043b Softlock \u0441 \u044d\u0444\u0444\u0435\u043a\u0442\u043d\u044b\u043c \u0441\u0443\u0431\u043b\u0438\u043c\u0438\u0440\u043e\u0432\u0430\u043d\u043d\u044b\u043c \u0434\u0438\u0437\u0430\u0439\u043d\u043e\u043c, \u043e\u0431\u0435\u0441\u043f\u0435\u0447\u0438\u0432\u0430\u044f \u0434\u0438\u043d\u0430\u043c\u0438\u0447\u043d\u044b\u0439 \u0432\u0438\u0434 \u0438 \u043f\u0440\u0435\u0432\u043e\u0441\u0445\u043e\u0434\u043d\u044b\u0435 \u0438\u0433\u0440\u043e\u0432\u044b\u0435 \u0445\u0430\u0440\u0430\u043a\u0442\u0435\u0440\u0438\u0441\u0442\u0438\u043a\u0438.<\/div>\n<div class=\"Fsg96\" data-sfc-cp=\"\" data-complete=\"true\" data-processed=\"true\"><\/div>\n<div class=\"otQkpb\" role=\"heading\" aria-level=\"3\" data-animation-nesting=\"\" data-sfc-cp=\"\" data-complete=\"true\" data-processed=\"true\" data-sae=\"\">Caracteristici \u0219i Beneficii Principale:<\/div>\n<ul class=\"KsbFXc U6u95\" data-complete=\"true\" data-processed=\"true\">\n<li data-hveid=\"CAEIBhAA\" data-complete=\"true\" data-sae=\"\"><span class=\"T286Pc\" data-sfc-cp=\"\" data-complete=\"true\"><strong class=\"Yjhzub\" data-complete=\"true\">\u041c\u0430\u0442\u0435\u0440\u0438\u0430\u043b Premium Softlock:<\/strong>\u00a0Confec\u021bionat din\u00a0<strong class=\"Yjhzub\" data-complete=\"true\">100% \u041f\u043e\u043b\u0438\u044d\u0441\u0442\u0435\u0440 Softlock<\/strong>, \u2014 \u043b\u0435\u0433\u043a\u0438\u0439, \u043c\u044f\u0433\u043a\u0438\u0439 \u0438 \u043f\u0440\u043e\u0447\u043d\u044b\u0439 \u043c\u0430\u0442\u0435\u0440\u0438\u0430\u043b, \u043e\u0431\u0435\u0441\u043f\u0435\u0447\u0438\u0432\u0430\u044e\u0449\u0438\u0439 \u043e\u043f\u0442\u0438\u043c\u0430\u043b\u044c\u043d\u044b\u0439 \u043a\u043e\u043c\u0444\u043e\u0440\u0442 \u0432\u043e \u0432\u0440\u0435\u043c\u044f \u0438\u0433\u0440\u044b.<\/span><\/li>\n<li data-hveid=\"CAEIBhAB\" data-complete=\"true\" data-sae=\"\"><span class=\"T286Pc\" data-sfc-cp=\"\" data-complete=\"true\"><strong class=\"Yjhzub\" data-complete=\"true\">\u0418\u043d\u043d\u043e\u0432\u0430\u0446\u0438\u043e\u043d\u043d\u044b\u0439 \u0441\u0443\u0431\u043b\u0438\u043c\u0438\u0440\u043e\u0432\u0430\u043d\u043d\u044b\u0439 \u0434\u0438\u0437\u0430\u0439\u043d:<\/strong>\u00a0\u0421\u0443\u0431\u043b\u0438\u043c\u0438\u0440\u043e\u0432\u0430\u043d\u043d\u0430\u044f \u0442\u0435\u043a\u0441\u0442\u0443\u0440\u0430 \u0441 \u043e\u043f\u0442\u0438\u0447\u0435\u0441\u043a\u0438\u043c \u044d\u0444\u0444\u0435\u043a\u0442\u043e\u043c \u043d\u0430 \u043f\u043b\u0435\u0447\u0430\u0445 \u0438 \u0440\u0443\u043a\u0430\u0432\u0430\u0445 \u0441\u043e\u0437\u0434\u0430\u0435\u0442 \u0441\u043e\u0432\u0440\u0435\u043c\u0435\u043d\u043d\u044b\u0439 \u0438 \u044d\u0444\u0444\u0435\u043a\u0442\u043d\u044b\u0439 \u0432\u0438\u0437\u0443\u0430\u043b\u044c\u043d\u044b\u0439 \u043e\u0431\u043b\u0438\u043a, \u0432\u0434\u043e\u0445\u043d\u043e\u0432\u043b\u0435\u043d\u043d\u044b\u0439 \u044d\u0441\u0442\u0435\u0442\u0438\u043a\u043e\u0439 \u043f\u0440\u043e\u0444\u0435\u0441\u0441\u0438\u043e\u043d\u0430\u043b\u044c\u043d\u044b\u0445 \u043a\u043b\u0443\u0431\u043e\u0432.<\/span><\/li>\n<li data-hveid=\"CAEIBhAC\" data-complete=\"true\" data-sae=\"\"><span class=\"T286Pc\" data-sfc-cp=\"\" data-complete=\"true\"><strong class=\"Yjhzub\" data-complete=\"true\">Respirabilitate Avansat\u0103:<\/strong>\u00a0<strong class=\"Yjhzub\" data-complete=\"true\">\u0414\u0435\u0442\u0430\u043b\u0438 \u0438 \u0432\u0441\u0442\u0430\u0432\u043a\u0438 \u0438\u0437 \u0441\u0435\u0442\u043a\u0438<\/strong>\u00a0\u0432 \u043d\u0438\u0436\u043d\u0435\u0439 \u0447\u0430\u0441\u0442\u0438 \u0440\u0443\u043a\u0430\u0432\u043e\u0432 \u043e\u0431\u0435\u0441\u043f\u0435\u0447\u0438\u0432\u0430\u044e\u0442 \u043e\u0442\u043b\u0438\u0447\u043d\u0443\u044e \u0432\u0435\u043d\u0442\u0438\u043b\u044f\u0446\u0438\u044e, \u0441\u043e\u0445\u0440\u0430\u043d\u044f\u044f \u0442\u0435\u043b\u043e \u0441\u0443\u0445\u0438\u043c \u0438 \u043f\u0440\u043e\u0445\u043b\u0430\u0434\u043d\u044b\u043c.<\/span><\/li>\n<li data-hveid=\"CAEIBhAD\" data-complete=\"true\" data-sae=\"\"><span class=\"T286Pc\" data-sfc-cp=\"\" data-complete=\"true\"><strong class=\"Yjhzub\" data-complete=\"true\">Guler Confortabil:<\/strong>\u00a0<strong class=\"Yjhzub\" data-complete=\"true\">V-\u043e\u0431\u0440\u0430\u0437\u043d\u044b\u0439 \u0432\u044b\u0440\u0435\u0437 (V-neck)<\/strong>\u00a0\u0441 \u043e\u0442\u0434\u0435\u043b\u043a\u043e\u0439 \u0438\u0437 \u043c\u044f\u0433\u043a\u043e\u0433\u043e \u0442\u0440\u0438\u043a\u043e\u0442\u0430\u0436\u0430 \u0438 \u0437\u0430\u0442\u044b\u043b\u043e\u0447\u043d\u0430\u044f \u0447\u0430\u0441\u0442\u044c \u0438\u0437 Softlock \u043e\u0431\u0435\u0441\u043f\u0435\u0447\u0438\u0432\u0430\u044e\u0442 \u0438\u0434\u0435\u0430\u043b\u044c\u043d\u0443\u044e \u043f\u043e\u0441\u0430\u0434\u043a\u0443 \u0438 \u043f\u0440\u0435\u0434\u043e\u0442\u0432\u0440\u0430\u0449\u0430\u044e\u0442 \u0440\u0430\u0437\u0434\u0440\u0430\u0436\u0435\u043d\u0438\u0435.<\/span><\/li>\n<li data-hveid=\"CAEIBhAE\" data-complete=\"true\" data-sae=\"\"><span class=\"T286Pc\" data-sfc-cp=\"\" data-complete=\"true\" aria-owns=\"action-menu-parent-container\"><strong class=\"Yjhzub\" data-complete=\"true\">Croial\u0103 Feminin\u0103:<\/strong>\u00a0\u0421\u043f\u0435\u0446\u0438\u0430\u043b\u044c\u043d\u043e \u0440\u0430\u0437\u0440\u0430\u0431\u043e\u0442\u0430\u043d\u0430 \u0441 \u0443\u0447\u0435\u0442\u043e\u043c \u0436\u0435\u043d\u0441\u043a\u043e\u0439 \u0444\u0438\u0433\u0443\u0440\u044b, \u043e\u0431\u0435\u0441\u043f\u0435\u0447\u0438\u0432\u0430\u044f \u043f\u043e\u043b\u043d\u0443\u044e \u0441\u0432\u043e\u0431\u043e\u0434\u0443 \u0434\u0432\u0438\u0436\u0435\u043d\u0438\u0439.<\/span><\/li>\n<\/ul>","protected":false},"excerpt":{"rendered":"<div class=\"otQkpb\" role=\"heading\" aria-level=\"3\" data-animation-nesting=\"\" data-sfc-cp=\"\" data-complete=\"true\" data-processed=\"true\" data-sae=\"\">Caracteristici Principale:<\/div>\n<ul class=\"KsbFXc U6u95\" data-complete=\"true\" data-processed=\"true\">\n<li data-hveid=\"CAEIBhAA\" data-complete=\"true\" data-sae=\"\"><span class=\"T286Pc\" data-sfc-cp=\"\" data-complete=\"true\"><strong class=\"Yjhzub\" data-complete=\"true\">Design Dinamic:<\/strong>\u00a0<strong class=\"Yjhzub\" data-complete=\"true\">Textura sublimat\u0103<\/strong>\u00a0pe umeri \u0219i m\u00e2neci ofer\u0103 un aspect modern \u0219i profesional, inspirat de cluburile de top.<\/span><\/li>\n<li data-hveid=\"CAEIBhAB\" data-complete=\"true\" data-sae=\"\"><span class=\"T286Pc\" data-sfc-cp=\"\" data-complete=\"true\"><strong class=\"Yjhzub\" data-complete=\"true\">Respirabilitate Avansat\u0103:<\/strong>\u00a0<strong class=\"Yjhzub\" data-complete=\"true\">Inser\u021biile din mesh (plas\u0103)<\/strong>\u00a0pozi\u021bionate strategic sub m\u00e2nec\u0103 (sottomanica) asigur\u0103 o aerisire excelent\u0103 \u0219i men\u021bin pielea uscat\u0103 \u00een timpul efortului fizic.<\/span><\/li>\n<li data-hveid=\"CAEIBhAC\" data-complete=\"true\" data-sae=\"\"><span class=\"T286Pc\" data-sfc-cp=\"\" data-complete=\"true\"><strong class=\"Yjhzub\" data-complete=\"true\">Guler Confortabil:<\/strong>\u00a0<strong class=\"Yjhzub\" data-complete=\"true\">V-\u043e\u0431\u0440\u0430\u0437\u043d\u044b\u0439 \u0432\u043e\u0440\u043e\u0442\u043d\u0438\u043a (Collo a \u201eV\u201d)<\/strong>\u00a0finisat cu\u00a0<strong class=\"Yjhzub\" data-complete=\"true\">tricotaj (maglieria)<\/strong>\u00a0moale \u0219i zona cefei (retrocollo) din materialul principal ofer\u0103 o potrivire optim\u0103 \u0219i previn irita\u021biile.<\/span><\/li>\n<li data-hveid=\"CAEIBhAD\" data-complete=\"true\" data-sae=\"\"><span class=\"T286Pc\" data-sfc-cp=\"\" data-complete=\"true\"><strong class=\"Yjhzub\" data-complete=\"true\">Material de Calitate:<\/strong>\u00a0Confec\u021bionat din\u00a0<strong class=\"Yjhzub\" data-complete=\"true\">100% Poliester Tricotat (Knit)<\/strong>\u00a0\u2013 material u\u0219or, durabil \u0219i cu uscare rapid\u0103.<\/span><\/li>\n<li data-hveid=\"CAEIBhAE\" data-complete=\"true\" data-sae=\"\"><span class=\"T286Pc\" data-sfc-cp=\"\" data-complete=\"true\"><strong class=\"Yjhzub\" data-complete=\"true\">Croial\u0103 Feminin\u0103:<\/strong> Design optimizat pentru silueta feminin\u0103 (Woman Fit), oferind libertate de mi\u0219care \u0219i o potrivire flatant\u0103.<\/span><\/li>\n<\/ul>\n<div class=\"Fsg96\" data-sfc-cp=\"\" data-complete=\"true\" data-processed=\"true\"><\/div>\n<div class=\"otQkpb\" role=\"heading\" aria-level=\"3\" data-animation-nesting=\"\" data-sfc-cp=\"\" data-complete=\"true\" data-processed=\"true\" data-sae=\"\">Specifica\u021bii Tehnice:<\/div>\n<ul class=\"KsbFXc U6u95\" data-complete=\"true\" data-processed=\"true\">\n<li data-hveid=\"CAEICBAA\" data-complete=\"true\" data-sae=\"\"><span class=\"T286Pc\" data-sfc-cp=\"\" data-complete=\"true\"><strong class=\"Yjhzub\" data-complete=\"true\">\u041c\u0430\u0442\u0435\u0440\u0438\u0430\u043b:<\/strong>\u00a0100% Poliester Tricotat (Knit)<\/span><\/li>\n<li data-hveid=\"CAEICBAB\" data-complete=\"true\" data-sae=\"\"><span class=\"T286Pc\" data-sfc-cp=\"\" data-complete=\"true\"><strong class=\"Yjhzub\" data-complete=\"true\">Design:<\/strong>\u00a0Textur\u0103 sublimat\u0103 pe umeri\/m\u00e2neci<\/span><\/li>\n<li data-hveid=\"CAEICBAC\" data-complete=\"true\" data-sae=\"\"><span class=\"T286Pc\" data-sfc-cp=\"\" data-complete=\"true\"><strong class=\"Yjhzub\" data-complete=\"true\">Tehnologie:<\/strong>\u00a0Inser\u021bii Mesh sub m\u00e2nec\u0103<\/span><\/li>\n<li data-hveid=\"CAEICBAD\" data-complete=\"true\" data-sae=\"\"><span class=\"T286Pc\" data-sfc-cp=\"\" data-complete=\"true\" aria-owns=\"action-menu-parent-container\"><strong class=\"Yjhzub\" data-complete=\"true\">Guler:<\/strong>\u00a0V-neck din tricotaj<\/span><\/li>\n<\/ul>","protected":false},"featured_media":86928,"template":"","meta":[],"product_brand":[44],"product_cat":[680,736,623,732],"product_tag":[],"class_list":{"0":"post-86923","1":"product","2":"type-product","3":"status-publish","4":"has-post-thumbnail","6":"product_brand-macron","7":"product_cat-tricouri_de_joc_dama","8":"product_cat-excellence","9":"product_cat-football","10":"product_cat-total_look","11":"pa_age_range-adulti","12":"pa_brand-macron","13":"pa_color-alb","14":"pa_color-albastru","15":"pa_color-albastru-inchis","16":"pa_color-negru","17":"pa_color-rosu","18":"pa_color-silver","19":"pa_fit-slim","20":"pa_gender-femei","21":"pa_material-softlock","22":"pa_size-3xl","23":"pa_size-3xs","24":"pa_size-l","25":"pa_size-m","26":"pa_size-s","27":"pa_size-xl","28":"pa_size-xs","29":"pa_size-xxl","30":"pa_size-xxs","32":"first","33":"outofstock","34":"shipping-taxable","35":"purchasable","36":"product-type-variable"},"_links":{"self":[{"href":"https:\/\/macron.md\/ru\/wp-json\/wp\/v2\/product\/86923","targetHints":{"allow":["GET"]}}],"collection":[{"href":"https:\/\/macron.md\/ru\/wp-json\/wp\/v2\/product"}],"about":[{"href":"https:\/\/macron.md\/ru\/wp-json\/wp\/v2\/types\/product"}],"wp:featuredmedia":[{"embeddable":true,"href":"https:\/\/macron.md\/ru\/wp-json\/wp\/v2\/media\/86928"}],"wp:attachment":[{"href":"https:\/\/macron.md\/ru\/wp-json\/wp\/v2\/media?parent=86923"}],"wp:term":[{"taxonomy":"product_brand","embeddable":true,"href":"https:\/\/macron.md\/ru\/wp-json\/wp\/v2\/product_brand?post=86923"},{"taxonomy":"product_cat","embeddable":true,"href":"https:\/\/macron.md\/ru\/wp-json\/wp\/v2\/product_cat?post=86923"},{"taxonomy":"product_tag","embeddable":true,"href":"https:\/\/macron.md\/ru\/wp-json\/wp\/v2\/product_tag?post=86923"}],"curies":[{"name":"wp","href":"https:\/\/api.w.org\/{rel}","templated":true}]}}