{"id":86517,"date":"2026-02-08T16:21:55","date_gmt":"2026-02-08T14:21:55","guid":{"rendered":"https:\/\/macron.md\/product\/quince-boxeri-termici\/"},"modified":"2026-04-03T10:30:48","modified_gmt":"2026-04-03T08:30:48","slug":"quince-boxeri-termici","status":"publish","type":"product","link":"https:\/\/macron.md\/ru\/product\/quince-boxeri-termici\/","title":{"rendered":"QUINCE \u0422\u0415\u0420\u041c\u041e\u0411\u0415\u041b\u042c\u0415 \u0411\u041e\u041a\u0421\u0415\u0420\u042b"},"content":{"rendered":"<ul class=\"KsbFXc U6u95\" data-complete=\"true\" data-processed=\"true\">\n<li data-hveid=\"CAEIBhAA\" data-complete=\"true\" data-sae=\"\"><span class=\"T286Pc\" data-sfc-cp=\"\" data-complete=\"true\"><strong class=\"Yjhzub\" data-complete=\"true\">\u041f\u0440\u043e\u0434\u0432\u0438\u043d\u0443\u0442\u0430\u044f \u041a\u043e\u043c\u043f\u0440\u0435\u0441\u0441\u0438\u044f:<\/strong>\u00a0\u0423\u043d\u0438\u043a\u0430\u043b\u044c\u043d\u043e\u0435 \u0441\u043e\u0447\u0435\u0442\u0430\u043d\u0438\u0435\u00a0<strong class=\"Yjhzub\" data-complete=\"true\">\u0421\u043f\u0430\u043d\u0434\u0435\u043a\u0441\u0430 \u0438 \u041f\u043e\u043b\u0438\u044d\u0441\u0442\u0435\u0440\u0430<\/strong>\u00a0\u043e\u0431\u0435\u0441\u043f\u0435\u0447\u0438\u0432\u0430\u0435\u0442 \u0432\u044b\u0441\u043e\u043a\u0443\u044e \u0441\u0442\u0435\u043f\u0435\u043d\u044c \u043a\u043e\u043c\u043f\u0440\u0435\u0441\u0441\u0438\u0438, \u043a\u043e\u0442\u043e\u0440\u0430\u044f \u043f\u043e\u0434\u0434\u0435\u0440\u0436\u0438\u0432\u0430\u0435\u0442 \u043c\u0443\u0441\u043a\u0443\u043b\u0430\u0442\u0443\u0440\u0443, \u0441\u043d\u0438\u0436\u0430\u0435\u0442 \u0432\u0438\u0431\u0440\u0430\u0446\u0438\u0438 \u0438 \u043e\u0431\u043b\u0435\u0433\u0447\u0430\u0435\u0442 \u0435\u0441\u0442\u0435\u0441\u0442\u0432\u0435\u043d\u043d\u044b\u0435 \u0434\u0432\u0438\u0436\u0435\u043d\u0438\u044f \u0442\u0435\u043b\u0430.<\/span><\/li>\n<li data-hveid=\"CAEIBhAB\" data-complete=\"true\" data-sae=\"\"><span class=\"T286Pc\" data-sfc-cp=\"\" data-complete=\"true\"><strong class=\"Yjhzub\" data-complete=\"true\">\u041a\u043e\u043c\u0444\u043e\u0440\u0442 \u0431\u0435\u0437 \u0420\u0430\u0437\u0434\u0440\u0430\u0436\u0435\u043d\u0438\u044f:<\/strong>\u00a0\u0422\u0435\u0445\u043d\u043e\u043b\u043e\u0433\u0438\u044f\u00a0<strong class=\"Yjhzub\" data-complete=\"true\">\u043f\u043b\u043e\u0441\u043a\u0438\u0445 \u0448\u0432\u043e\u0432 (flat seams)<\/strong>\u00a0\u0443\u0441\u0442\u0440\u0430\u043d\u044f\u0435\u0442 \u0440\u0438\u0441\u043a \u043d\u0430\u0442\u0438\u0440\u0430\u043d\u0438\u044f, \u043e\u0431\u0435\u0441\u043f\u0435\u0447\u0438\u0432\u0430\u044f \u043f\u043e\u0432\u044b\u0448\u0435\u043d\u043d\u044b\u0439 \u043a\u043e\u043c\u0444\u043e\u0440\u0442 \u0434\u0430\u0436\u0435 \u0432\u043e \u0432\u0440\u0435\u043c\u044f \u0441\u0430\u043c\u044b\u0445 \u0438\u043d\u0442\u0435\u043d\u0441\u0438\u0432\u043d\u044b\u0445 \u0442\u0440\u0435\u043d\u0438\u0440\u043e\u0432\u043e\u043a.<\/span><\/li>\n<li data-hveid=\"CAEIBhAC\" data-complete=\"true\" data-sae=\"\"><span class=\"T286Pc\" data-sfc-cp=\"\" data-complete=\"true\"><strong class=\"Yjhzub\" data-complete=\"true\">\u042d\u0440\u0433\u043e\u043d\u043e\u043c\u0438\u0447\u043d\u044b\u0439 \u0434\u0438\u0437\u0430\u0439\u043d:<\/strong>\u00a0\u042d\u043b\u0430\u0441\u0442\u0438\u0447\u043d\u044b\u0439 \u043c\u0430\u0442\u0435\u0440\u0438\u0430\u043b \u0438\u0434\u0435\u0430\u043b\u044c\u043d\u043e \u043e\u0431\u043b\u0435\u0433\u0430\u0435\u0442 \u0442\u0435\u043b\u043e, \u044f\u0432\u043b\u044f\u044f\u0441\u044c, \u043f\u043e \u0441\u0443\u0442\u0438, \u201e\u0432\u0442\u043e\u0440\u043e\u0439 \u043a\u043e\u0436\u0435\u0439\u201d \u043f\u043e\u0434 \u0438\u0433\u0440\u043e\u0432\u043e\u0439 \u0438\u043b\u0438 \u0442\u0440\u0435\u043d\u0438\u0440\u043e\u0432\u043e\u0447\u043d\u043e\u0439 \u044d\u043a\u0438\u043f\u0438\u0440\u043e\u0432\u043a\u043e\u0439.<\/span><\/li>\n<li data-hveid=\"CAEIBhAD\" data-complete=\"true\" data-sae=\"\"><span class=\"T286Pc\" data-sfc-cp=\"\" data-complete=\"true\"><strong class=\"Yjhzub\" data-complete=\"true\">\u041f\u0440\u0435\u043c\u0438\u0430\u043b\u044c\u043d\u044b\u0435 \u0434\u0435\u0442\u0430\u043b\u0438:<\/strong>\u00a0\u042d\u043b\u0430\u0441\u0442\u0438\u0447\u043d\u0430\u044f \u043f\u043e\u044f\u0441\u043d\u0430\u044f \u043b\u0435\u043d\u0442\u0430 \u0443\u043a\u0440\u0430\u0448\u0435\u043d\u0430 \u043d\u0430\u043d\u0435\u0441\u0435\u043d\u043d\u044b\u043c \u043b\u043e\u0433\u043e\u0442\u0438\u043f\u043e\u043c Macron, \u043f\u0440\u0438\u0434\u0430\u0432\u0430\u044f \u043f\u0440\u043e\u0444\u0435\u0441\u0441\u0438\u043e\u043d\u0430\u043b\u044c\u043d\u044b\u0439 \u0432\u0438\u0434 \u0438 \u043e\u0431\u0435\u0441\u043f\u0435\u0447\u0438\u0432\u0430\u044f \u0434\u043e\u043f\u043e\u043b\u043d\u0438\u0442\u0435\u043b\u044c\u043d\u0443\u044e \u0441\u0442\u0430\u0431\u0438\u043b\u044c\u043d\u043e\u0441\u0442\u044c.<\/span><\/li>\n<li data-hveid=\"CAEIBhAE\" data-complete=\"true\" data-sae=\"\"><span class=\"T286Pc\" data-sfc-cp=\"\" data-complete=\"true\"><strong class=\"Yjhzub\" data-complete=\"true\">\u0418\u0434\u0435\u0430\u043b\u044c\u043d\u043e \u0434\u043b\u044f \u0422\u0440\u0435\u043d\u0438\u0440\u043e\u0432\u043e\u043a:<\/strong> \u0421\u043f\u0435\u0446\u0438\u0430\u043b\u044c\u043d\u043e \u0440\u0430\u0437\u0440\u0430\u0431\u043e\u0442\u0430\u043d\u043d\u044b\u0435 \u0434\u043b\u044f \u043d\u043e\u0448\u0435\u043d\u0438\u044f \u043f\u043e\u0434 \u0438\u0433\u0440\u043e\u0432\u044b\u043c\u0438 \u0448\u043e\u0440\u0442\u0430\u043c\u0438, \u044d\u0442\u0438 \u0448\u043e\u0440\u0442\u044b \u043f\u043e\u0434\u0434\u0435\u0440\u0436\u0438\u0432\u0430\u044e\u0442 \u043e\u043f\u0442\u0438\u043c\u0430\u043b\u044c\u043d\u0443\u044e \u0442\u0435\u043c\u043f\u0435\u0440\u0430\u0442\u0443\u0440\u0443 \u043c\u044b\u0448\u0446.<\/span><\/li>\n<\/ul>\n<div class=\"Y3BBE\" data-sfc-cp=\"\" data-hveid=\"CAEIBxAA\" data-complete=\"true\" data-processed=\"true\"><strong class=\"Yjhzub\" data-complete=\"true\">Specifica\u021bii Tehnice:<\/strong><\/div>\n<ul class=\"KsbFXc U6u95\" data-complete=\"true\" data-processed=\"true\">\n<li data-hveid=\"CAEICBAA\" data-complete=\"true\" data-sae=\"\"><span class=\"T286Pc\" data-sfc-cp=\"\" data-complete=\"true\"><strong class=\"Yjhzub\" data-complete=\"true\">\u041c\u0430\u0442\u0435\u0440\u0438\u0430\u043b:<\/strong>\u00a0\u0422\u0435\u0445\u043d\u0438\u0447\u0435\u0441\u043a\u0430\u044f \u0441\u043c\u0435\u0441\u044c \u041f\u043e\u043b\u0438\u044d\u0441\u0442\u0435\u0440\u0430 \u0438 \u0421\u043f\u0430\u043d\u0434\u0435\u043a\u0441\u0430 (\u042d\u043b\u0430\u0441\u0442\u0430\u043d\u0430).<\/span><\/li>\n<li data-hveid=\"CAEICBAB\" data-complete=\"true\" data-sae=\"\"><span class=\"T286Pc\" data-sfc-cp=\"\" data-complete=\"true\"><strong class=\"Yjhzub\" data-complete=\"true\">Tehnologie:<\/strong>\u00a0\u0412\u044b\u0441\u043e\u043a\u0430\u044f \u041a\u043e\u043c\u043f\u0440\u0435\u0441\u0441\u0438\u044f \u0438 \u0414\u044b\u0448\u0430\u0449\u0438\u0435 \u0421\u0432\u043e\u0439\u0441\u0442\u0432\u0430.<\/span><\/li>\n<li data-hveid=\"CAEICBAC\" data-complete=\"true\" data-sae=\"\"><span class=\"T286Pc\" data-sfc-cp=\"\" data-complete=\"true\"><strong class=\"Yjhzub\" data-complete=\"true\">Detalii:<\/strong>\u00a0\u041f\u043b\u043e\u0441\u043a\u0438\u0435 \u0448\u0432\u044b, \u0448\u0438\u0440\u043e\u043a\u0430\u044f \u044d\u043b\u0430\u0441\u0442\u0438\u0447\u043d\u0430\u044f \u043b\u0435\u043d\u0442\u0430 \u0441 \u043b\u043e\u0433\u043e\u0442\u0438\u043f\u043e\u043c.<\/span><\/li>\n<li data-hveid=\"CAEICBAD\" data-complete=\"true\" data-sae=\"\"><span class=\"T286Pc\" data-sfc-cp=\"\" data-complete=\"true\"><strong class=\"Yjhzub\" data-complete=\"true\">Utilizare:<\/strong> \u0424\u0443\u0442\u0431\u043e\u043b, \u0431\u0435\u0433, \u0431\u0430\u0441\u043a\u0435\u0442\u0431\u043e\u043b, \u0444\u0438\u0442\u043d\u0435\u0441 (\u043a\u0430\u043a \u0431\u0430\u0437\u043e\u0432\u044b\u0439 \u0441\u043b\u043e\u0439).<\/span><\/li>\n<\/ul>\n<div class=\"Fsg96\" data-sfc-cp=\"\" data-complete=\"true\" data-processed=\"true\"><\/div>\n<hr class=\"j3tEEe\" data-serialized-params=\"[]\" data-complete=\"true\" data-processed=\"true\" data-sae=\"\" \/>","protected":false},"excerpt":{"rendered":"<div class=\"Y3BBE\" data-sfc-cp=\"\" data-hveid=\"CAEIBRAA\" data-complete=\"true\" data-processed=\"true\"><strong class=\"Yjhzub\" data-complete=\"true\">Specifica\u021bii Principale:<\/strong><\/div>\n<ul class=\"KsbFXc U6u95\" data-complete=\"true\" data-processed=\"true\">\n<li data-hveid=\"CAEIBhAA\" data-complete=\"true\" data-sae=\"\"><span class=\"T286Pc\" data-sfc-cp=\"\" data-complete=\"true\"><strong class=\"Yjhzub\" data-complete=\"true\">Compozi\u021bie Material:<\/strong>\u00a092% Poliester, 8% Elastan \u2013 un amestec optim care combin\u0103 durabilitatea poliesterului cu elasticitatea superioar\u0103 a elastanului (spandex).<\/span><\/li>\n<li data-hveid=\"CAEIBhAB\" data-complete=\"true\" data-sae=\"\"><span class=\"T286Pc\" data-sfc-cp=\"\" data-complete=\"true\"><strong class=\"Yjhzub\" data-complete=\"true\">Tip Material:<\/strong>\u00a0\u021aes\u0103tur\u0103 tricotat\u0103 (Knit), moale \u0219i flexibil\u0103.<\/span><\/li>\n<li data-hveid=\"CAEIBhAC\" data-complete=\"true\" data-sae=\"\"><span class=\"T286Pc\" data-sfc-cp=\"\" data-complete=\"true\"><strong class=\"Yjhzub\" data-complete=\"true\">Gen:<\/strong>\u00a0Unisex \u2013 potrivit pentru atle\u021bi de ambele sexe.<\/span><\/li>\n<li data-hveid=\"CAEIBhAD\" data-complete=\"true\" data-sae=\"\"><span class=\"T286Pc\" data-sfc-cp=\"\" data-complete=\"true\"><strong class=\"Yjhzub\" data-complete=\"true\">Propriet\u0103\u021bi:<\/strong>\u00a0Materialul este proiectat pentru a oferi o potrivire mulat\u0103 (fit body) \u0219i o gestionare eficient\u0103 a umidit\u0103\u021bii.<\/span><\/li>\n<li data-hveid=\"CAEIBhAE\" data-complete=\"true\" data-sae=\"\"><span class=\"T286Pc\" data-sfc-cp=\"\" data-complete=\"true\"><strong class=\"Yjhzub\" data-complete=\"true\">Tip Produs:<\/strong> Lenjerie Intim\u0103 (Underwear) \/ Strat de baz\u0103.<\/span><\/li>\n<\/ul>\n<div class=\"Fsg96\" data-sfc-cp=\"\" data-complete=\"true\" data-processed=\"true\"><\/div>\n<hr class=\"j3tEEe\" data-serialized-params=\"[]\" data-complete=\"true\" data-processed=\"true\" data-sae=\"\" \/>","protected":false},"featured_media":86529,"template":"","meta":[],"product_brand":[44],"product_cat":[637,695],"product_tag":[],"class_list":{"0":"post-86517","1":"product","2":"type-product","3":"status-publish","4":"has-post-thumbnail","6":"product_brand-macron","7":"product_cat-lenjerie_termica","8":"product_cat-compression-short","9":"pa_brand-macron","10":"pa_color-alb","11":"pa_color-albastru","12":"pa_color-albastru-celest","13":"pa_color-albastru-inchis","14":"pa_color-antracit","15":"pa_color-bordo","16":"pa_color-galben","17":"pa_color-mov","18":"pa_color-negru","19":"pa_color-neon-galben","20":"pa_color-neon-verde","21":"pa_color-orange","22":"pa_color-rosu","23":"pa_color-verde","24":"pa_fit-body","25":"pa_gender-barbati","26":"pa_material-poliestere","27":"pa_size-3xl","28":"pa_size-3xs","29":"pa_size-l","30":"pa_size-m","31":"pa_size-s","32":"pa_size-xl","33":"pa_size-xs","34":"pa_size-xxl","35":"pa_size-xxs","37":"first","38":"instock","39":"shipping-taxable","40":"purchasable","41":"product-type-variable"},"_links":{"self":[{"href":"https:\/\/macron.md\/ru\/wp-json\/wp\/v2\/product\/86517","targetHints":{"allow":["GET"]}}],"collection":[{"href":"https:\/\/macron.md\/ru\/wp-json\/wp\/v2\/product"}],"about":[{"href":"https:\/\/macron.md\/ru\/wp-json\/wp\/v2\/types\/product"}],"wp:featuredmedia":[{"embeddable":true,"href":"https:\/\/macron.md\/ru\/wp-json\/wp\/v2\/media\/86529"}],"wp:attachment":[{"href":"https:\/\/macron.md\/ru\/wp-json\/wp\/v2\/media?parent=86517"}],"wp:term":[{"taxonomy":"product_brand","embeddable":true,"href":"https:\/\/macron.md\/ru\/wp-json\/wp\/v2\/product_brand?post=86517"},{"taxonomy":"product_cat","embeddable":true,"href":"https:\/\/macron.md\/ru\/wp-json\/wp\/v2\/product_cat?post=86517"},{"taxonomy":"product_tag","embeddable":true,"href":"https:\/\/macron.md\/ru\/wp-json\/wp\/v2\/product_tag?post=86517"}],"curies":[{"name":"wp","href":"https:\/\/api.w.org\/{rel}","templated":true}]}}