{"id":86292,"date":"2026-02-08T16:21:46","date_gmt":"2026-02-08T14:21:46","guid":{"rendered":"https:\/\/macron.md\/product\/shedir-tricou-de-joc\/"},"modified":"2026-04-04T21:02:21","modified_gmt":"2026-04-04T19:02:21","slug":"shedir-tricou-de-joc","status":"publish","type":"product","link":"https:\/\/macron.md\/ru\/product\/shedir-tricou-de-joc\/","title":{"rendered":"SHEDIR \u0424\u0423\u0422\u0411\u041e\u041b\u041a\u0410 \u0414\u041b\u042f \u0418\u0413\u0420\u042b"},"content":{"rendered":"<div class=\"Y3BBE\" data-sfc-cp=\"\" data-hveid=\"CAEIAxAA\" data-complete=\"true\" data-processed=\"true\">\u041f\u043e\u0434\u043d\u0438\u043c\u0438\u0442\u0435 \u0441\u0432\u043e\u044e \u0438\u0433\u0440\u0443 \u0441 \u043e\u0444\u0438\u0446\u0438\u0430\u043b\u044c\u043d\u043e\u0439 \u0441\u043e\u0440\u0435\u0432\u043d\u043e\u0432\u0430\u0442\u0435\u043b\u044c\u043d\u043e\u0439 \u0444\u0443\u0442\u0431\u043e\u043b\u043a\u043e\u0439, \u0441\u043f\u0435\u0446\u0438\u0430\u043b\u044c\u043d\u043e \u0440\u0430\u0437\u0440\u0430\u0431\u043e\u0442\u0430\u043d\u043d\u043e\u0439 \u0434\u043b\u044f \u043c\u0430\u043a\u0441\u0438\u043c\u0430\u043b\u044c\u043d\u043e\u0433\u043e \u043a\u043e\u043c\u0444\u043e\u0440\u0442\u0430 \u0438 \u043d\u0435\u043f\u043e\u0432\u0442\u043e\u0440\u0438\u043c\u043e\u0433\u043e \u0441\u0442\u0438\u043b\u044f \u043d\u0430 \u043f\u043e\u043b\u0435. \u0418\u0437\u0433\u043e\u0442\u043e\u0432\u043b\u0435\u043d\u043d\u0430\u044f \u0438\u0437 \u0432\u044b\u0441\u043e\u043a\u043e\u043a\u0430\u0447\u0435\u0441\u0442\u0432\u0435\u043d\u043d\u043e\u0439 \u0442\u043a\u0430\u043d\u0438\u00a0<strong class=\"Yjhzub\" data-complete=\"true\" data-processed=\"true\">\u0421\u043e\u0444\u0442\u043b\u043e\u043a<\/strong>, \u044d\u0442\u0430 \u0444\u0443\u0442\u0431\u043e\u043b\u043a\u0430 \u0441\u043e\u0447\u0435\u0442\u0430\u0435\u0442 \u0434\u043e\u043b\u0433\u043e\u0432\u0435\u0447\u043d\u043e\u0441\u0442\u044c \u0441 \u0438\u0441\u043a\u043b\u044e\u0447\u0438\u0442\u0435\u043b\u044c\u043d\u043e\u0439 \u0432\u043e\u0437\u0434\u0443\u0445\u043e\u043f\u0440\u043e\u043d\u0438\u0446\u0430\u0435\u043c\u043e\u0441\u0442\u044c\u044e.<\/div>\n<div class=\"Y3BBE\" data-sfc-cp=\"\" data-hveid=\"CAEIAxAA\" data-complete=\"true\" data-processed=\"true\"><strong class=\"Yjhzub\" data-complete=\"true\" data-processed=\"true\">\u0422\u0435\u0445\u043d\u0438\u0447\u0435\u0441\u043a\u0438\u0435 \u0434\u0435\u0442\u0430\u043b\u0438 \u0438 \u0434\u0438\u0437\u0430\u0439\u043d:<\/strong><\/div>\n<ul class=\"KsbFXc U6u95\" data-complete=\"true\" data-processed=\"true\">\n<li data-hveid=\"CAEIBRAA\" data-complete=\"true\" data-sae=\"\"><span class=\"T286Pc\" data-sfc-cp=\"\" data-complete=\"true\"><strong class=\"Yjhzub\" data-complete=\"true\">\u041c\u0430\u0442\u0435\u0440\u0438\u0430\u043b Softlock:<\/strong>\u00a0\u041f\u0440\u043e\u0447\u043d\u0430\u044f \u0438 \u043f\u0440\u0438\u044f\u0442\u043d\u0430\u044f \u043d\u0430 \u043e\u0449\u0443\u043f\u044c \u0442\u043a\u0430\u043d\u044c, \u0438\u0434\u0435\u0430\u043b\u044c\u043d\u0430\u044f \u0434\u043b\u044f \u0438\u043d\u0442\u0435\u043d\u0441\u0438\u0432\u043d\u043e\u0441\u0442\u0438 \u0438\u0433\u0440\u043e\u0432\u043e\u0433\u043e \u0434\u043d\u044f.<\/span><\/li>\n<li data-hveid=\"CAEIBRAB\" data-complete=\"true\" data-sae=\"\"><span class=\"T286Pc\" data-sfc-cp=\"\" data-complete=\"true\"><strong class=\"Yjhzub\" data-complete=\"true\">\u0422\u0438\u0441\u043d\u0435\u043d\u0430\u044f \u0442\u0435\u043a\u0441\u0442\u0443\u0440\u0430:<\/strong>\u00a0\u041f\u0435\u0440\u0435\u0434\u043d\u044f\u044f \u0447\u0430\u0441\u0442\u044c \u0438\u043c\u0435\u0435\u0442\u00a0<strong class=\"Yjhzub\" data-complete=\"true\">\u043e\u0442\u0447\u0451\u0442\u043b\u0438\u0432\u0443\u044e \u0440\u0435\u043b\u044c\u0435\u0444\u043d\u0443\u044e (\u0442\u0438\u0441\u043d\u0435\u043d\u0443\u044e)<\/strong>\u00a0\u0442\u0435\u043a\u0441\u0442\u0443\u0440\u0443, \u043a\u043e\u0442\u043e\u0440\u0430\u044f \u043f\u0440\u0438\u0434\u0430\u0435\u0442 \u043f\u0440\u0435\u043c\u0438\u0430\u043b\u044c\u043d\u044b\u0439 \u0438 \u0441\u043e\u0432\u0440\u0435\u043c\u0435\u043d\u043d\u044b\u0439 \u0432\u0438\u0434.<\/span><\/li>\n<li data-hveid=\"CAEIBRAC\" data-complete=\"true\" data-sae=\"\"><span class=\"T286Pc\" data-sfc-cp=\"\" data-complete=\"true\"><strong class=\"Yjhzub\" data-complete=\"true\">\u041a\u0440\u0443\u0433\u043b\u044b\u0439 \u0432\u043e\u0440\u043e\u0442\u043d\u0438\u043a (Crew Neck):<\/strong>\u00a0\u041a\u0440\u0443\u0433\u043b\u044b\u0439 \u0432\u043e\u0440\u043e\u0442\u043d\u0438\u043a \u0438\u0437 \u0442\u0440\u0438\u043a\u043e\u0442\u0430\u0436\u0430 (knitted) \u0434\u043b\u044f \u044d\u043b\u0430\u0441\u0442\u0438\u0447\u043d\u043e\u0439 \u0438 \u0443\u0434\u043e\u0431\u043d\u043e\u0439 \u043f\u043e\u0441\u0430\u0434\u043a\u0438.<\/span><\/li>\n<li data-hveid=\"CAEIBRAD\" data-complete=\"true\" data-sae=\"\"><span class=\"T286Pc\" data-sfc-cp=\"\" data-complete=\"true\"><strong class=\"Yjhzub\" data-complete=\"true\">\u041f\u0440\u0435\u0432\u043e\u0441\u0445\u043e\u0434\u043d\u0430\u044f \u0432\u0435\u043d\u0442\u0438\u043b\u044f\u0446\u0438\u044f:<\/strong>\u00a0\u0421\u043f\u0438\u043d\u043a\u0430 \u043f\u043e\u043b\u043d\u043e\u0441\u0442\u044c\u044e \u0432\u044b\u043f\u043e\u043b\u043d\u0435\u043d\u0430 \u0438\u0437\u00a0<strong class=\"Yjhzub\" data-complete=\"true\">micromesh<\/strong>, \u043e\u0431\u0435\u0441\u043f\u0435\u0447\u0438\u0432\u0430\u044f \u043e\u0442\u043b\u0438\u0447\u043d\u0443\u044e \u0446\u0438\u0440\u043a\u0443\u043b\u044f\u0446\u0438\u044e \u0432\u043e\u0437\u0434\u0443\u0445\u0430 \u0434\u043b\u044f \u043f\u043e\u0434\u0434\u0435\u0440\u0436\u0430\u043d\u0438\u044f \u0441\u0443\u0445\u043e\u0441\u0442\u0438 \u043a\u043e\u0436\u0438.<\/span><\/li>\n<li data-hveid=\"CAEIBRAE\" data-complete=\"true\" data-sae=\"\"><span class=\"T286Pc\" data-sfc-cp=\"\" data-complete=\"true\" aria-owns=\"action-menu-parent-container\"><strong class=\"Yjhzub\" data-complete=\"true\">\u0421\u0442\u0440\u0430\u0442\u0435\u0433\u0438\u0447\u0435\u0441\u043a\u0438\u0435 \u0432\u0441\u0442\u0430\u0432\u043a\u0438:<\/strong>\u00a0\u0441\u0435\u0442\u0447\u0430\u0442\u043e\u0439 \u0442\u043a\u0430\u043d\u0438\u00a0<strong class=\"Yjhzub\" data-complete=\"true\">\u0440\u0430\u0441\u043f\u043e\u043b\u043e\u0436\u0435\u043d\u044b \u043f\u043e \u0431\u043e\u043a\u0430\u043c \u0438 \u043d\u0430 \u0437\u0430\u0434\u043d\u0435\u0439 \u0447\u0430\u0441\u0442\u0438 \u0432\u043e\u0440\u043e\u0442\u043d\u0438\u043a\u0430 \u0434\u043b\u044f \u0434\u043e\u043f\u043e\u043b\u043d\u0438\u0442\u0435\u043b\u044c\u043d\u043e\u0439 \u0441\u0432\u0435\u0436\u0435\u0441\u0442\u0438 \u0432 \u043a\u043b\u044e\u0447\u0435\u0432\u044b\u0435 \u043c\u043e\u043c\u0435\u043d\u0442\u044b \u0438\u0433\u0440\u044b.<\/strong>\u00a0\u0412\u043a\u043b\u044e\u0447\u0430\u0435\u0442 \u043d\u0430\u043d\u0435\u0441\u0435\u043d\u0438\u0435 \u0436\u0435\u043b\u0430\u0435\u043c\u043e\u0433\u043e \u0438\u043c\u0435\u043d\u0438 \u0438 \u043d\u043e\u043c\u0435\u0440\u0430.<\/span><\/li>\n<\/ul>","protected":false},"excerpt":{"rendered":"<ul class=\"KsbFXc U6u95\" data-processed=\"true\" data-complete=\"true\">\n<li data-hveid=\"CAEIBhAA\" data-complete=\"true\" data-sae=\"\"><span class=\"T286Pc\" data-sfc-cp=\"\" data-complete=\"true\"><strong class=\"Yjhzub\" data-complete=\"true\">Fa\u021b\u0103:<\/strong>\u00a0Textur\u0103 embosat\u0103 (\u00een relief).<\/span><\/li>\n<li data-hveid=\"CAEIBhAB\" data-complete=\"true\" data-sae=\"\"><span class=\"T286Pc\" data-sfc-cp=\"\" data-complete=\"true\"><strong class=\"Yjhzub\" data-complete=\"true\">Spate:<\/strong>\u00a0Material micromesh pentru ventila\u021bie.<\/span><\/li>\n<li data-hveid=\"CAEIBhAC\" data-sae=\"\" data-complete=\"true\"><span class=\"T286Pc\" data-sfc-cp=\"\" data-complete=\"true\"><strong class=\"Yjhzub\" data-complete=\"true\">Detalii:<\/strong>\u00a0Inser\u021bii din mesh pe laterale \u0219i la ceaf\u0103.<\/span><\/li>\n<li data-hveid=\"CAEIBhAD\" data-complete=\"true\" data-processed=\"true\" data-sae=\"\"><span class=\"T286Pc\" data-sfc-cp=\"\" data-complete=\"true\"><strong class=\"Yjhzub\" data-complete=\"true\">Guler:<\/strong>\u00a0Rotund, din tricot.<\/span><\/li>\n<li data-hveid=\"CAEIBhAE\" data-complete=\"true\" data-processed=\"true\" data-sae=\"\"><span class=\"T286Pc\" data-sfc-cp=\"\" data-complete=\"true\"><strong class=\"Yjhzub\" data-complete=\"true\">Compozi\u021bie:<\/strong>\u00a0100% Poliester tricotat.<\/span><\/li>\n<li data-hveid=\"CAEIBhAF\" data-complete=\"true\" data-processed=\"true\" data-sae=\"\"><span class=\"T286Pc\" data-sfc-cp=\"\" data-complete=\"true\" aria-owns=\"action-menu-parent-container\"><strong class=\"Yjhzub\" data-complete=\"true\">Model:<\/strong>\u00a0Unisex.<\/span><\/li>\n<\/ul>","protected":false},"featured_media":65765,"template":"","meta":[],"product_brand":[44],"product_cat":[623,694,732,678,735,627],"product_tag":[],"class_list":{"0":"post-86292","1":"product","2":"type-product","3":"status-publish","4":"has-post-thumbnail","6":"product_brand-macron","7":"product_cat-football","8":"product_cat-match-day-shirt-volei","9":"product_cat-total_look","10":"product_cat-tricou_de_joc","11":"product_cat-victory","12":"product_cat-volleyball","13":"pa_age_range-adulti","14":"pa_brand-macron","15":"pa_color-alb","16":"pa_color-albastru","17":"pa_color-albastru-inchis","18":"pa_color-albastru-inchisgalben-2","19":"pa_color-bordo","20":"pa_color-galben","21":"pa_color-negru","22":"pa_color-neon-sky","23":"pa_color-rosu","24":"pa_color-verde","25":"pa_fit-slim","26":"pa_gender-barbati","27":"pa_material-softlock","28":"pa_size-3xl","29":"pa_size-3xs","30":"pa_size-4xl","31":"pa_size-4xs","32":"pa_size-5xl","33":"pa_size-l","34":"pa_size-m","35":"pa_size-s","36":"pa_size-xl","37":"pa_size-xs","38":"pa_size-xxl","39":"pa_size-xxs","41":"first","42":"instock","43":"shipping-taxable","44":"purchasable","45":"product-type-variable"},"_links":{"self":[{"href":"https:\/\/macron.md\/ru\/wp-json\/wp\/v2\/product\/86292","targetHints":{"allow":["GET"]}}],"collection":[{"href":"https:\/\/macron.md\/ru\/wp-json\/wp\/v2\/product"}],"about":[{"href":"https:\/\/macron.md\/ru\/wp-json\/wp\/v2\/types\/product"}],"wp:featuredmedia":[{"embeddable":true,"href":"https:\/\/macron.md\/ru\/wp-json\/wp\/v2\/media\/65765"}],"wp:attachment":[{"href":"https:\/\/macron.md\/ru\/wp-json\/wp\/v2\/media?parent=86292"}],"wp:term":[{"taxonomy":"product_brand","embeddable":true,"href":"https:\/\/macron.md\/ru\/wp-json\/wp\/v2\/product_brand?post=86292"},{"taxonomy":"product_cat","embeddable":true,"href":"https:\/\/macron.md\/ru\/wp-json\/wp\/v2\/product_cat?post=86292"},{"taxonomy":"product_tag","embeddable":true,"href":"https:\/\/macron.md\/ru\/wp-json\/wp\/v2\/product_tag?post=86292"}],"curies":[{"name":"wp","href":"https:\/\/api.w.org\/{rel}","templated":true}]}}