{"id":85724,"date":"2026-02-08T16:21:30","date_gmt":"2026-02-08T14:21:30","guid":{"rendered":"https:\/\/macron.md\/product\/oak-boxeri-termici\/"},"modified":"2026-04-03T10:30:48","modified_gmt":"2026-04-03T08:30:48","slug":"oak-boxeri-termici","status":"publish","type":"product","link":"https:\/\/macron.md\/ru\/product\/oak-boxeri-termici\/","title":{"rendered":"OAK \u0422\u0415\u0420\u041c\u041e\u0411\u0415\u041b\u042c\u0415 \u0411\u041e\u041a\u0421\u0415\u0420\u042b"},"content":{"rendered":"<div class=\"otQkpb\" role=\"heading\" aria-level=\"3\" data-animation-nesting=\"\" data-sfc-cp=\"\" data-complete=\"true\" data-processed=\"true\" data-sae=\"\"><strong class=\"Yjhzub\" data-complete=\"true\">\u0428\u043e\u0440\u0442\u044b \u0434\u043b\u044f \u043a\u043e\u043c\u043f\u0440\u0435\u0441\u0441\u0438\u0438 Macron \u2013 \u042d\u0440\u0433\u043e\u043d\u043e\u043c\u0438\u0447\u043d\u044b\u0439 \u0434\u0438\u0437\u0430\u0439\u043d \u0438 \u0442\u0435\u043f\u043b\u043e\u0432\u043e\u0439 \u043a\u043e\u043c\u0444\u043e\u0440\u0442<\/strong><span class=\"uJ19be notranslate\" data-wiz-uids=\"DmkyM_l,DmkyM_m\" data-complete=\"true\"><span class=\"vKEkVd\" data-animation-atomic=\"\" data-wiz-attrbind=\"class=DmkyM_k\/TKHnVd\" data-sae=\"\"><span aria-hidden=\"true\">\u00a0<\/span><\/span><\/span><\/div>\n<div class=\"Y3BBE\" data-sfc-cp=\"\" data-hveid=\"CAEIBBAA\" data-complete=\"true\" data-processed=\"true\" aria-owns=\"action-menu-parent-container\">\u042d\u0442\u0438 \u0442\u0435\u0445\u043d\u0438\u0447\u0435\u0441\u043a\u0438\u0435 \u0448\u043e\u0440\u0442\u044b \u0440\u0430\u0437\u0440\u0430\u0431\u043e\u0442\u0430\u043d\u044b \u043a\u0430\u043a \u0431\u0430\u0437\u043e\u0432\u044b\u0439 \u0441\u043b\u043e\u0439, \u043e\u0431\u0435\u0441\u043f\u0435\u0447\u0438\u0432\u0430\u044f \u0438\u0434\u0435\u0430\u043b\u044c\u043d\u044b\u0439 \u0431\u0430\u043b\u0430\u043d\u0441 \u043c\u0435\u0436\u0434\u0443 \u043f\u043e\u0434\u0434\u0435\u0440\u0436\u043a\u043e\u0439 \u043c\u044b\u0448\u0446, \u0442\u0435\u043f\u043b\u043e\u0432\u044b\u043c \u043a\u043e\u043c\u0444\u043e\u0440\u0442\u043e\u043c \u0438 \u0441\u0432\u043e\u0431\u043e\u0434\u043e\u0439 \u0434\u0432\u0438\u0436\u0435\u043d\u0438\u0439.<\/p>\n<ul class=\"KsbFXc U6u95\" data-complete=\"true\" data-processed=\"true\">\n<li data-hveid=\"CAEIBhAA\" data-complete=\"true\" data-sae=\"\"><span class=\"T286Pc\" data-sfc-cp=\"\" data-complete=\"true\"><strong class=\"Yjhzub\" data-complete=\"true\">\u041f\u0440\u043e\u0434\u0432\u0438\u043d\u0443\u0442\u0430\u044f \u041a\u043e\u043c\u043f\u0440\u0435\u0441\u0441\u0438\u044f:<\/strong>\u00a0\u0421\u043f\u0435\u0446\u0438\u0430\u043b\u044c\u043d\u0430\u044f \u0441\u043c\u0435\u0441\u044c \u0432\u043e\u043b\u043e\u043a\u043e\u043d\u00a0<strong class=\"Yjhzub\" data-complete=\"true\">\u041f\u043e\u043b\u0438\u044d\u0441\u0442\u0435\u0440\u0430 \u0438 \u0421\u043f\u0430\u043d\u0434\u0435\u043a\u0441\u0430<\/strong>\u00a0\u043e\u0431\u0435\u0441\u043f\u0435\u0447\u0438\u0432\u0430\u0435\u0442 \u0432\u044b\u0441\u043e\u043a\u0443\u044e \u0441\u0442\u0435\u043f\u0435\u043d\u044c \u043a\u043e\u043c\u043f\u0440\u0435\u0441\u0441\u0438\u0438, \u043a\u043e\u0442\u043e\u0440\u0430\u044f \u043f\u043e\u0434\u0434\u0435\u0440\u0436\u0438\u0432\u0430\u0435\u0442 \u043c\u044b\u0448\u0446\u044b \u0438 \u043e\u0431\u043b\u0435\u0433\u0447\u0430\u0435\u0442 \u0435\u0441\u0442\u0435\u0441\u0442\u0432\u0435\u043d\u043d\u044b\u0435 \u0434\u0432\u0438\u0436\u0435\u043d\u0438\u044f \u0442\u0435\u043b\u0430 \u0432\u043e \u0432\u0440\u0435\u043c\u044f \u043d\u0430\u0433\u0440\u0443\u0437\u043a\u0438.<\/span><\/li>\n<li data-hveid=\"CAEIBhAB\" data-complete=\"true\" data-sae=\"\"><span class=\"T286Pc\" data-sfc-cp=\"\" data-complete=\"true\"><strong class=\"Yjhzub\" data-complete=\"true\">\u041f\u0440\u0435\u0432\u043e\u0441\u0445\u043e\u0434\u043d\u044b\u0439 \u0442\u0435\u043f\u043b\u043e\u0432\u043e\u0439 \u043a\u043e\u043c\u0444\u043e\u0440\u0442:<\/strong>\u00a0\u0412\u043d\u0443\u0442\u0440\u0435\u043d\u043d\u044f\u044f \u043f\u043e\u0432\u0435\u0440\u0445\u043d\u043e\u0441\u0442\u044c\u00a0<strong class=\"Yjhzub\" data-complete=\"true\">\u0438\u043c\u0435\u0435\u0442 \u043d\u0430\u0447\u0451\u0441 (brushed)<\/strong>, \u043e\u0431\u0435\u0441\u043f\u0435\u0447\u0438\u0432\u0430\u044f \u043f\u0440\u0438\u044f\u0442\u043d\u043e\u0435,\u00a0<strong class=\"Yjhzub\" data-complete=\"true\">\u0442\u0451\u043f\u043b\u043e\u0435<\/strong>\u00a0\u0438 \u043a\u043e\u043c\u0444\u043e\u0440\u0442\u043d\u043e\u0435 \u043e\u0449\u0443\u0449\u0435\u043d\u0438\u0435 \u043f\u0440\u0438 \u043f\u0440\u044f\u043c\u043e\u043c \u043a\u043e\u043d\u0442\u0430\u043a\u0442\u0435 \u0441 \u043a\u043e\u0436\u0435\u0439.<\/span><\/li>\n<li data-hveid=\"CAEIBhAC\" data-complete=\"true\" data-sae=\"\"><span class=\"T286Pc\" data-sfc-cp=\"\" data-complete=\"true\"><strong class=\"Yjhzub\" data-complete=\"true\">\u042d\u0440\u0433\u043e\u043d\u043e\u043c\u0438\u0447\u043d\u044b\u0439 \u0434\u0438\u0437\u0430\u0439\u043d:<\/strong>\u00a0\u0421\u043f\u0435\u0446\u0438\u0430\u043b\u044c\u043d\u044b\u0439 \u043a\u0440\u043e\u0439 \u0438 \u044d\u043b\u0430\u0441\u0442\u0438\u0447\u043d\u044b\u0439 \u043c\u0430\u0442\u0435\u0440\u0438\u0430\u043b \u0438\u0434\u0435\u0430\u043b\u044c\u043d\u043e \u043e\u0431\u043b\u0435\u0433\u0430\u044e\u0442 \u0442\u0435\u043b\u043e, \u0434\u0435\u0439\u0441\u0442\u0432\u0443\u044f \u043a\u0430\u043a \u0432\u0442\u043e\u0440\u0430\u044f \u043a\u043e\u0436\u0430, \u043d\u0435 \u043e\u0433\u0440\u0430\u043d\u0438\u0447\u0438\u0432\u0430\u044f \u043f\u043e\u0434\u0432\u0438\u0436\u043d\u043e\u0441\u0442\u044c.<\/span><\/li>\n<li data-hveid=\"CAEIBhAD\" data-complete=\"true\" data-sae=\"\"><span class=\"T286Pc\" data-sfc-cp=\"\" data-complete=\"true\"><strong class=\"Yjhzub\" data-complete=\"true\">\u0411\u0435\u0437 \u0440\u0430\u0437\u0434\u0440\u0430\u0436\u0435\u043d\u0438\u0439:<\/strong>\u00a0\u0422\u0435\u0445\u043d\u043e\u043b\u043e\u0433\u0438\u044f\u00a0<strong class=\"Yjhzub\" data-complete=\"true\">\u041f\u043b\u043e\u0441\u043a\u0438\u0435 \u0448\u0432\u044b (flatlock seams)<\/strong>\u00a0\u0438\u0441\u043a\u043b\u044e\u0447\u0430\u044e\u0442 \u0440\u0438\u0441\u043a \u043d\u0430\u0442\u0438\u0440\u0430\u043d\u0438\u044f, \u0433\u0430\u0440\u0430\u043d\u0442\u0438\u0440\u0443\u044f \u043f\u043e\u0432\u044b\u0448\u0435\u043d\u043d\u044b\u0439 \u043a\u043e\u043c\u0444\u043e\u0440\u0442 \u0432\u043e \u0432\u0440\u0435\u043c\u044f \u0438\u043d\u0442\u0435\u043d\u0441\u0438\u0432\u043d\u044b\u0445 \u0442\u0440\u0435\u043d\u0438\u0440\u043e\u0432\u043e\u043a.<\/span><\/li>\n<li data-hveid=\"CAEIBhAE\" data-complete=\"true\" data-sae=\"\"><span class=\"T286Pc\" data-sfc-cp=\"\" data-complete=\"true\"><strong class=\"Yjhzub\" data-complete=\"true\">\u0424\u0443\u043d\u043a\u0446\u0438\u043e\u043d\u0430\u043b\u044c\u043d\u044b\u0435 \u0434\u0435\u0442\u0430\u043b\u0438:<\/strong>\u00a0\u0412\u0438\u0434\u043d\u0430\u044f \u044d\u043b\u0430\u0441\u0442\u0438\u0447\u043d\u0430\u044f \u043b\u0435\u043d\u0442\u0430 \u043e\u0431\u0435\u0441\u043f\u0435\u0447\u0438\u0432\u0430\u0435\u0442 \u043d\u0430\u0434\u0451\u0436\u043d\u0443\u044e \u0438 \u043f\u0440\u043e\u0447\u043d\u0443\u044e \u0444\u0438\u043a\u0441\u0430\u0446\u0438\u044e \u043d\u0430 \u0442\u0430\u043b\u0438\u0438.<\/span><span class=\"uJ19be notranslate\" data-wiz-uids=\"DmkyM_1h,DmkyM_1i\" data-complete=\"true\"><span class=\"vKEkVd\" data-animation-atomic=\"\" data-wiz-attrbind=\"class=DmkyM_1g\/TKHnVd\" data-sae=\"\"><span aria-hidden=\"true\">\u00a0<\/span><\/span><\/span><\/li>\n<\/ul>\n<div class=\"Y3BBE\" data-sfc-cp=\"\" data-hveid=\"CAEIBxAA\" data-complete=\"true\" data-processed=\"true\"><strong class=\"Yjhzub\" data-complete=\"true\">Specifica\u021bii Tehnice:<\/strong><\/div>\n<ul class=\"KsbFXc U6u95\" data-complete=\"true\" data-processed=\"true\">\n<li data-hveid=\"CAEICBAA\" data-complete=\"true\" data-sae=\"\"><span class=\"T286Pc\" data-sfc-cp=\"\" data-complete=\"true\"><strong class=\"Yjhzub\" data-complete=\"true\">\u041c\u0430\u0442\u0435\u0440\u0438\u0430\u043b:<\/strong>\u00a0\u0422\u0435\u0445\u043d\u0438\u0447\u0435\u0441\u043a\u0430\u044f \u0441\u043c\u0435\u0441\u044c (\u041f\u043e\u043b\u0438\u044d\u0441\u0442\u0435\u0440 + \u0421\u043f\u0430\u043d\u0434\u0435\u043a\u0441\/\u042d\u043b\u0430\u0441\u0442\u0430\u043d)<\/span><\/li>\n<li data-hveid=\"CAEICBAB\" data-complete=\"true\" data-sae=\"\"><span class=\"T286Pc\" data-sfc-cp=\"\" data-complete=\"true\"><strong class=\"Yjhzub\" data-complete=\"true\">Propriet\u0103\u021bi:<\/strong>\u00a0\u0412\u044b\u0441\u043e\u043a\u0430\u044f \u043a\u043e\u043c\u043f\u0440\u0435\u0441\u0441\u0438\u044f, \u043c\u044f\u0433\u043a\u0430\u044f\/\u0442\u0451\u043f\u043b\u0430\u044f \u0432\u043d\u0443\u0442\u0440\u0435\u043d\u043d\u044f\u044f \u0447\u0430\u0441\u0442\u044c, \u043b\u0451\u0433\u043a\u043e\u0441\u0442\u044c<\/span><\/li>\n<li data-hveid=\"CAEICBAC\" data-complete=\"true\" data-sae=\"\"><span class=\"T286Pc\" data-sfc-cp=\"\" data-complete=\"true\"><strong class=\"Yjhzub\" data-complete=\"true\">Detalii:<\/strong>\u00a0\u041f\u043b\u043e\u0441\u043a\u0438\u0435 \u0448\u0432\u044b, \u0432\u0438\u0434\u043d\u0430\u044f \u044d\u043b\u0430\u0441\u0442\u0438\u0447\u043d\u0430\u044f \u043b\u0435\u043d\u0442\u0430<\/span><\/li>\n<li data-hveid=\"CAEICBAD\" data-complete=\"true\" data-sae=\"\"><span class=\"T286Pc\" data-sfc-cp=\"\" data-complete=\"true\"><strong class=\"Yjhzub\" data-complete=\"true\">Utilizare:<\/strong>\u00a0\u0411\u0430\u0437\u043e\u0432\u044b\u0439 \u0441\u043b\u043e\u0439 (Base layer), \u0431\u0435\u0433, \u0432\u044b\u0441\u043e\u043a\u043e\u0438\u043d\u0442\u0435\u043d\u0441\u0438\u0432\u043d\u044b\u0435 \u0432\u0438\u0434\u044b \u0441\u043f\u043e\u0440\u0442\u0430<\/span><span class=\"uJ19be notranslate\" data-wiz-uids=\"DmkyM_22,DmkyM_23\" data-complete=\"true\"><span class=\"vKEkVd\" data-animation-atomic=\"\" data-wiz-attrbind=\"class=DmkyM_21\/TKHnVd\" data-sae=\"\"><span aria-hidden=\"true\">\u00a0<\/span><\/span><\/span><\/li>\n<\/ul>\n<div class=\"Fsg96\" data-sfc-cp=\"\" data-complete=\"true\" data-processed=\"true\"><\/div>\n<hr class=\"j3tEEe\" data-serialized-params=\"[]\" data-complete=\"true\" data-processed=\"true\" data-sae=\"\" \/>\n<\/div>","protected":false},"excerpt":{"rendered":"<ul class=\"KsbFXc U6u95\" data-complete=\"true\" data-processed=\"true\">\n<li data-hveid=\"CAEIBhAA\" data-complete=\"true\" data-sae=\"\"><span class=\"T286Pc\" data-sfc-cp=\"\" data-complete=\"true\"><strong class=\"Yjhzub\" data-complete=\"true\">Compozi\u021bie Material:<\/strong>\u00a092% Poliester, 8% Elastan \u2013 un amestec optim care combin\u0103 durabilitatea poliesterului cu elasticitatea superioar\u0103 a elastanului (spandex).<\/span><\/li>\n<li data-hveid=\"CAEIBhAB\" data-complete=\"true\" data-sae=\"\"><span class=\"T286Pc\" data-sfc-cp=\"\" data-complete=\"true\"><strong class=\"Yjhzub\" data-complete=\"true\">Tip Material:<\/strong>\u00a0\u021aes\u0103tur\u0103 tricotat\u0103 (Knit), moale \u0219i flexibil\u0103.<\/span><\/li>\n<li data-hveid=\"CAEIBhAC\" data-complete=\"true\" data-sae=\"\"><span class=\"T286Pc\" data-sfc-cp=\"\" data-complete=\"true\"><strong class=\"Yjhzub\" data-complete=\"true\">Confort Avansat:<\/strong>\u00a0<strong class=\"Yjhzub\" data-complete=\"true\">Cus\u0103turi plate (Cuciture piatte)<\/strong>\u00a0\u2013 elimin\u0103 frecarea \u0219i irita\u021biile pielii, asigur\u00e2nd confort optim chiar \u0219i \u00een timpul efortului intens.<\/span><\/li>\n<li data-hveid=\"CAEIBhAD\" data-complete=\"true\" data-sae=\"\"><span class=\"T286Pc\" data-sfc-cp=\"\" data-complete=\"true\"><strong class=\"Yjhzub\" data-complete=\"true\">Sus\u021binere\/Ajustare:<\/strong>\u00a0<strong class=\"Yjhzub\" data-complete=\"true\">Elastico a vista<\/strong>\u00a0(Band\u0103 elastic\u0103 vizibil\u0103) \u2013 ofer\u0103 o fixare ferm\u0103 \u0219i sigur\u0103 \u00een talie.<\/span><\/li>\n<li data-hveid=\"CAEIBhAE\" data-complete=\"true\" data-sae=\"\"><span class=\"T286Pc\" data-sfc-cp=\"\" data-complete=\"true\"><strong class=\"Yjhzub\" data-complete=\"true\">Gen:<\/strong>\u00a0Unisex \u2013 potrivit pentru atle\u021bi de ambele sexe.<\/span><\/li>\n<li data-hveid=\"CAEIBhAF\" data-complete=\"true\" data-sae=\"\"><span class=\"T286Pc\" data-sfc-cp=\"\" data-complete=\"true\"><strong class=\"Yjhzub\" data-complete=\"true\">Tip Produs:<\/strong> Lenjerie Intim\u0103 (Underwear) \/ Strat de baz\u0103.<\/span><\/li>\n<\/ul>\n<div class=\"Fsg96\" data-sfc-cp=\"\" data-complete=\"true\" data-processed=\"true\"><\/div>\n<hr class=\"j3tEEe\" data-serialized-params=\"[]\" data-complete=\"true\" data-processed=\"true\" data-sae=\"\" \/>","protected":false},"featured_media":85733,"template":"","meta":[],"product_brand":[44],"product_cat":[637,695],"product_tag":[],"class_list":{"0":"post-85724","1":"product","2":"type-product","3":"status-publish","4":"has-post-thumbnail","6":"product_brand-macron","7":"product_cat-lenjerie_termica","8":"product_cat-compression-short","9":"pa_age_range-adulti","10":"pa_brand-macron","11":"pa_color-alb","12":"pa_color-albastru","13":"pa_color-albastru-celest","14":"pa_color-albastru-inchis","15":"pa_color-antracit","16":"pa_color-bordo","17":"pa_color-galben","18":"pa_color-mov","19":"pa_color-negru","20":"pa_color-neon-galben","21":"pa_color-neon-verde","22":"pa_color-orange","23":"pa_color-rosu","24":"pa_color-turquoise","25":"pa_color-verde","26":"pa_fit-skinny","27":"pa_gender-barbati","28":"pa_material-espantex","29":"pa_size-3xl","30":"pa_size-3xs","31":"pa_size-l","32":"pa_size-m","33":"pa_size-s","34":"pa_size-xl","35":"pa_size-xs","36":"pa_size-xxl","37":"pa_size-xxs","39":"first","40":"instock","41":"shipping-taxable","42":"purchasable","43":"product-type-variable"},"_links":{"self":[{"href":"https:\/\/macron.md\/ru\/wp-json\/wp\/v2\/product\/85724","targetHints":{"allow":["GET"]}}],"collection":[{"href":"https:\/\/macron.md\/ru\/wp-json\/wp\/v2\/product"}],"about":[{"href":"https:\/\/macron.md\/ru\/wp-json\/wp\/v2\/types\/product"}],"wp:featuredmedia":[{"embeddable":true,"href":"https:\/\/macron.md\/ru\/wp-json\/wp\/v2\/media\/85733"}],"wp:attachment":[{"href":"https:\/\/macron.md\/ru\/wp-json\/wp\/v2\/media?parent=85724"}],"wp:term":[{"taxonomy":"product_brand","embeddable":true,"href":"https:\/\/macron.md\/ru\/wp-json\/wp\/v2\/product_brand?post=85724"},{"taxonomy":"product_cat","embeddable":true,"href":"https:\/\/macron.md\/ru\/wp-json\/wp\/v2\/product_cat?post=85724"},{"taxonomy":"product_tag","embeddable":true,"href":"https:\/\/macron.md\/ru\/wp-json\/wp\/v2\/product_tag?post=85724"}],"curies":[{"name":"wp","href":"https:\/\/api.w.org\/{rel}","templated":true}]}}