{"id":84569,"date":"2026-02-08T16:20:53","date_gmt":"2026-02-08T14:20:53","guid":{"rendered":"https:\/\/macron.md\/product\/path-rucsac\/"},"modified":"2026-04-03T10:30:48","modified_gmt":"2026-04-03T08:30:48","slug":"path-rucsac","status":"publish","type":"product","link":"https:\/\/macron.md\/ru\/product\/path-rucsac\/","title":{"rendered":"PATH RUCSAC"},"content":{"rendered":"<div class=\"otQkpb\" role=\"heading\" aria-level=\"3\" data-animation-nesting=\"\" data-sfc-cp=\"\" data-processed=\"true\" data-sae=\"\" data-complete=\"true\"><strong class=\"Yjhzub\" data-complete=\"true\">\u0420\u044e\u043a\u0437\u0430\u043a \u041f\u043e\u043b\u0443\u0436\u0435\u0441\u0442\u043a\u0438\u0439 Macron Path \u2013 \u0414\u043e\u043b\u0433\u043e\u0432\u0435\u0447\u043d\u043e\u0441\u0442\u044c \u0438 \u0418\u043d\u043d\u043e\u0432\u0430\u0446\u0438\u043e\u043d\u043d\u044b\u0439 \u0414\u0438\u0437\u0430\u0439\u043d (25 \u041b\u0438\u0442\u0440\u043e\u0432)<\/strong><\/div>\n<div class=\"Y3BBE\" data-sfc-cp=\"\" data-hveid=\"CAEIBBAA\" data-complete=\"true\" data-processed=\"true\">\u0420\u044e\u043a\u0437\u0430\u043a\u00a0<strong class=\"Yjhzub\" data-complete=\"true\">Path<\/strong> \u0440\u0430\u0437\u0440\u0430\u0431\u043e\u0442\u0430\u043d \u0434\u043b\u044f \u043e\u0431\u0435\u0441\u043f\u0435\u0447\u0435\u043d\u0438\u044f \u043f\u043e\u0432\u044b\u0448\u0435\u043d\u043d\u043e\u0439 \u0437\u0430\u0449\u0438\u0442\u044b \u0438 \u0444\u0443\u043d\u043a\u0446\u0438\u043e\u043d\u0430\u043b\u044c\u043d\u043e\u0441\u0442\u0438, \u0438\u0434\u0435\u0430\u043b\u044c\u043d\u043e \u043f\u043e\u0434\u0445\u043e\u0434\u0438\u0442 \u0434\u043b\u044f \u0441\u043f\u043e\u0440\u0442\u0441\u043c\u0435\u043d\u043e\u0432, \u0441\u0442\u0443\u0434\u0435\u043d\u0442\u043e\u0432 \u0438\u043b\u0438 \u043f\u0440\u043e\u0444\u0435\u0441\u0441\u0438\u043e\u043d\u0430\u043b\u043e\u0432, \u043a\u043e\u0442\u043e\u0440\u044b\u0435 \u043f\u0435\u0440\u0435\u043d\u043e\u0441\u044f\u0442 \u0445\u0440\u0443\u043f\u043a\u043e\u0435 \u043e\u0431\u043e\u0440\u0443\u0434\u043e\u0432\u0430\u043d\u0438\u0435.<\/div>\n<div class=\"Y3BBE\" data-sfc-cp=\"\" data-hveid=\"CAEIBRAA\" data-complete=\"true\" data-processed=\"true\"><strong class=\"Yjhzub\" data-complete=\"true\">\u041f\u043e\u0447\u0435\u043c\u0443 \u0441\u0442\u043e\u0438\u0442 \u0432\u044b\u0431\u0440\u0430\u0442\u044c \u0440\u044e\u043a\u0437\u0430\u043a Path?<\/strong><\/div>\n<ul class=\"KsbFXc U6u95\" data-complete=\"true\" data-processed=\"true\">\n<li data-hveid=\"CAEIBhAA\" data-complete=\"true\" data-sae=\"\"><span class=\"T286Pc\" data-sfc-cp=\"\" data-complete=\"true\"><strong class=\"Yjhzub\" data-complete=\"true\">\u041f\u043e\u043b\u0443\u0436\u0435\u0441\u0442\u043a\u0430\u044f \u043a\u043e\u043d\u0441\u0442\u0440\u0443\u043a\u0446\u0438\u044f:<\/strong>\u00a0\u0423\u043d\u0438\u043a\u0430\u043b\u044c\u043d\u044b\u0439 \u0434\u0438\u0437\u0430\u0439\u043d \u043e\u0431\u0435\u0441\u043f\u0435\u0447\u0438\u0432\u0430\u0435\u0442 \u043f\u0440\u0435\u0432\u043e\u0441\u0445\u043e\u0434\u043d\u0443\u044e \u0437\u0430\u0449\u0438\u0442\u0443 \u0441\u043e\u0434\u0435\u0440\u0436\u0438\u043c\u043e\u0433\u043e, \u0441\u043e\u0445\u0440\u0430\u043d\u044f\u044f \u0444\u043e\u0440\u043c\u0443 \u0438 \u043e\u0431\u0435\u0440\u0435\u0433\u0430\u044f \u0445\u0440\u0443\u043f\u043a\u0438\u0435 \u043f\u0440\u0435\u0434\u043c\u0435\u0442\u044b \u0432\u043d\u0443\u0442\u0440\u0438.<\/span><\/li>\n<li data-hveid=\"CAEIBhAB\" data-complete=\"true\" data-sae=\"\"><span class=\"T286Pc\" data-sfc-cp=\"\" data-complete=\"true\"><strong class=\"Yjhzub\" data-complete=\"true\">\u041f\u0440\u0435\u043c\u0438\u0430\u043b\u044c\u043d\u044b\u0435 \u043c\u0430\u0442\u0435\u0440\u0438\u0430\u043b\u044b:<\/strong>\u00a0\u0411\u043e\u043a\u043e\u0432\u0438\u043d\u044b \u0438 \u043e\u0441\u043d\u043e\u0432\u0430\u043d\u0438\u0435 \u0440\u044e\u043a\u0437\u0430\u043a\u0430 \u0438\u0437\u0433\u043e\u0442\u043e\u0432\u043b\u0435\u043d\u044b \u0438\u0437\u00a0<strong class=\"Yjhzub\" data-complete=\"true\">\u043f\u0440\u043e\u0440\u0435\u0437\u0438\u043d\u0435\u043d\u043d\u043e\u0439 (\u043f\u043e\u043a\u0440\u044b\u0442\u043e\u0439\/\u043b\u0430\u043c\u0438\u043d\u0438\u0440\u043e\u0432\u0430\u043d\u043d\u043e\u0439) \u0442\u043a\u0430\u043d\u0438<\/strong>, \u0432\u043e\u0434\u043e\u043d\u0435\u043f\u0440\u043e\u043d\u0438\u0446\u0430\u0435\u043c\u043e\u0433\u043e \u0438 \u043b\u0435\u0433\u043a\u043e \u043e\u0447\u0438\u0449\u0430\u0435\u043c\u043e\u0433\u043e \u043c\u0430\u0442\u0435\u0440\u0438\u0430\u043b\u0430, \u043a\u043e\u0442\u043e\u0440\u044b\u0439 \u043f\u043e\u0432\u044b\u0448\u0430\u0435\u0442 \u0434\u043e\u043b\u0433\u043e\u0432\u0435\u0447\u043d\u043e\u0441\u0442\u044c.<\/span><\/li>\n<li data-hveid=\"CAEIBhAC\" data-complete=\"true\" data-sae=\"\"><span class=\"T286Pc\" data-sfc-cp=\"\" data-complete=\"true\"><strong class=\"Yjhzub\" data-complete=\"true\">\u041e\u043f\u0442\u0438\u043c\u0438\u0437\u0438\u0440\u043e\u0432\u0430\u043d\u043d\u0430\u044f \u0432\u043c\u0435\u0441\u0442\u0438\u043c\u043e\u0441\u0442\u044c:<\/strong>\u00a0\u041e\u0431\u044a\u0435\u043c\u00a0<strong class=\"Yjhzub\" data-complete=\"true\">25 \u043b\u0438\u0442\u0440\u043e\u0432<\/strong>\u00a0\u0434\u043e\u0441\u0442\u0430\u0442\u043e\u0447\u043d\u043e \u0432\u043c\u0435\u0441\u0442\u0438\u0442\u0435\u043b\u0435\u043d \u0434\u043b\u044f \u043f\u043e\u0432\u0441\u0435\u0434\u043d\u0435\u0432\u043d\u043e\u0433\u043e \u0441\u043d\u0430\u0440\u044f\u0436\u0435\u043d\u0438\u044f, \u0448\u043a\u043e\u043b\u044b \u0438\u043b\u0438 \u0440\u0430\u0431\u043e\u0442\u044b.<\/span><\/li>\n<li data-hveid=\"CAEIBhAD\" data-complete=\"true\" data-sae=\"\"><span class=\"T286Pc\" data-sfc-cp=\"\" data-complete=\"true\"><strong class=\"Yjhzub\" data-complete=\"true\">\u041b\u0435\u0433\u043a\u0438\u0439 \u0434\u043e\u0441\u0442\u0443\u043f:<\/strong>\u00a0Dispune de o\u00a0<strong class=\"Yjhzub\" data-complete=\"true\">\u0443\u0434\u043e\u0431\u043d\u043e\u0435 \u0432\u0435\u0440\u0445\u043d\u0435\u0435 \u043e\u0442\u0432\u0435\u0440\u0441\u0442\u0438\u0435<\/strong>, \u043a\u043e\u0442\u043e\u0440\u043e\u0435 \u043e\u0431\u043b\u0435\u0433\u0447\u0430\u0435\u0442 \u043e\u0440\u0433\u0430\u043d\u0438\u0437\u0430\u0446\u0438\u044e \u0438 \u0431\u044b\u0441\u0442\u0440\u044b\u0439 \u0434\u043e\u0441\u0442\u0443\u043f \u043a \u0441\u043e\u0434\u0435\u0440\u0436\u0438\u043c\u043e\u043c\u0443.<\/span><\/li>\n<li data-hveid=\"CAEIBhAE\" data-complete=\"true\" data-sae=\"\"><span class=\"T286Pc\" data-sfc-cp=\"\" data-complete=\"true\"><strong class=\"Yjhzub\" data-complete=\"true\">\u0447\u0442\u043e \u0434\u0435\u043b\u0430\u0435\u0442 \u0435\u0433\u043e \u0438\u0434\u0435\u0430\u043b\u044c\u043d\u043e\u0439 \u0432\u044b\u0434\u0435\u043b\u0435\u043d\u043d\u043e\u0439 \u0437\u043e\u043d\u043e\u0439 \u0434\u043b\u044f \u043e\u0431\u0443\u0432\u0438 \u0438\u043b\u0438 \u0432\u043b\u0430\u0436\u043d\u043e\u0439 \u043e\u0434\u0435\u0436\u0434\u044b.<\/strong>\u00a0\u041a\u043e\u043c\u043f\u0430\u043a\u0442\u043d\u044b\u0435 \u0440\u0430\u0437\u043c\u0435\u0440\u044b:\u00a0<strong class=\"Yjhzub\" data-complete=\"true\">\u041f\u0440\u0438 \u0440\u0430\u0437\u043c\u0435\u0440\u0430\u0445<\/strong>, \u0440\u044e\u043a\u0437\u0430\u043a \u044d\u0440\u0433\u043e\u043d\u043e\u043c\u0438\u0447\u0435\u043d \u0438 \u043f\u0440\u043e\u0441\u0442 \u0432 \u043e\u0431\u0440\u0430\u0449\u0435\u043d\u0438\u0438.<\/span><\/li>\n<li data-hveid=\"CAEIBhAF\" data-complete=\"true\" data-sae=\"\"><span class=\"T286Pc\" data-sfc-cp=\"\" data-complete=\"true\"><strong class=\"Yjhzub\" data-complete=\"true\">\u0440\u044e\u043a\u0437\u0430\u043a \u044d\u0440\u0433\u043e\u043d\u043e\u043c\u0438\u0447\u0435\u043d \u0438 \u0443\u0434\u043e\u0431\u0435\u043d \u0432 \u043e\u0431\u0440\u0430\u0449\u0435\u043d\u0438\u0438, \u0432 \u0442\u043e\u043c \u0447\u0438\u0441\u043b\u0435 \u0432 \u043a\u0430\u0447\u0435\u0441\u0442\u0432\u0435 \u0440\u0443\u0447\u043d\u043e\u0439 \u043a\u043b\u0430\u0434\u0438.<\/strong> \u0414\u043e\u0441\u0442\u0443\u043f\u0435\u043d \u0432 \u043d\u0435\u0441\u043a\u043e\u043b\u044c\u043a\u0438\u0445 \u0446\u0432\u0435\u0442\u043e\u0432\u044b\u0445 \u0432\u0430\u0440\u0438\u0430\u043d\u0442\u0430\u0445, \u0447\u0442\u043e\u0431\u044b \u0441\u043e\u043e\u0442\u0432\u0435\u0442\u0441\u0442\u0432\u043e\u0432\u0430\u0442\u044c \u0432\u0430\u0448\u0435\u043c\u0443 \u0441\u0442\u0438\u043b\u044e.<\/span><\/li>\n<\/ul>\n<div class=\"Y3BBE\" data-sfc-cp=\"\" data-hveid=\"CAEIBxAA\" data-complete=\"true\" data-processed=\"true\"><strong class=\"Yjhzub\" data-complete=\"true\">Specifica\u021bii Tehnice:<\/strong><\/div>\n<ul class=\"KsbFXc U6u95\" data-complete=\"true\" data-processed=\"true\">\n<li data-hveid=\"CAEICBAA\" data-complete=\"true\" data-sae=\"\"><span class=\"T286Pc\" data-sfc-cp=\"\" data-complete=\"true\"><strong class=\"Yjhzub\" data-complete=\"true\">Volum:<\/strong>\u00a025 Litri<\/span><\/li>\n<li data-hveid=\"CAEICBAB\" data-complete=\"true\" data-sae=\"\"><span class=\"T286Pc\" data-sfc-cp=\"\" data-complete=\"true\"><strong class=\"Yjhzub\" data-complete=\"true\">- \u0421\u043e\u043f\u0440\u043e\u0442\u0438\u0432\u043b\u0435\u043d\u0438\u0435 5,5 - 15 \u043a\u0433<\/strong>\u00a028 x 42 x 22 cm<\/span><\/li>\n<li data-hveid=\"CAEICBAC\" data-complete=\"true\" data-sae=\"\"><span class=\"T286Pc\" data-sfc-cp=\"\" data-complete=\"true\"><strong class=\"Yjhzub\" data-complete=\"true\">\u041c\u0430\u0442\u0435\u0440\u0438\u0430\u043b \u041e\u0441\u043d\u043e\u0432\u0430\u043d\u0438\u044f\/\u0411\u043e\u043a\u043e\u0432\u0438\u043d:<\/strong>\u00a0\u041f\u0440\u043e\u0440\u0435\u0437\u0438\u043d\u0435\u043d\u043d\u0430\u044f (\u043f\u043e\u043a\u0440\u044b\u0442\u0430\u044f) \u0442\u043a\u0430\u043d\u044c<\/span><\/li>\n<li data-hveid=\"CAEICBAD\" data-complete=\"true\" data-sae=\"\"><span class=\"T286Pc\" data-sfc-cp=\"\" data-complete=\"true\" aria-owns=\"action-menu-parent-container\"><strong class=\"Yjhzub\" data-complete=\"true\">Structur\u0103:<\/strong>\u00a0Semirigid\u0103<\/span><\/li>\n<\/ul>","protected":false},"excerpt":{"rendered":"<div class=\"Y3BBE\" data-sfc-cp=\"\" data-hveid=\"CAEIBRAA\" data-complete=\"true\" data-processed=\"true\"><strong class=\"Yjhzub\" data-complete=\"true\">Specifica\u021bii Principale:<\/strong><\/div>\n<ul class=\"KsbFXc U6u95\" data-complete=\"true\" data-processed=\"true\">\n<li data-hveid=\"CAEIBhAA\" data-complete=\"true\" data-sae=\"\"><span class=\"T286Pc\" data-sfc-cp=\"\" data-complete=\"true\"><strong class=\"Yjhzub\" data-complete=\"true\">Compozi\u021bie Material:<\/strong>\u00a0100% Poliester \u2013 material rezistent \u0219i u\u0219or de \u00eentre\u021binut.<\/span><\/li>\n<li data-hveid=\"CAEIBhAB\" data-complete=\"true\" data-sae=\"\"><span class=\"T286Pc\" data-sfc-cp=\"\" data-complete=\"true\"><strong class=\"Yjhzub\" data-complete=\"true\">Durabilitate:<\/strong>\u00a0\u021aes\u0103tur\u0103 tip\u00a0<strong class=\"Yjhzub\" data-complete=\"true\">600D<\/strong>\u00a0(Denier) \u2013 indic\u0103 un material gros, de \u00eenalt\u0103 densitate, rezistent la abraziune \u0219i uzur\u0103.<\/span><\/li>\n<li data-hveid=\"CAEIBhAC\" data-complete=\"true\" data-sae=\"\"><span class=\"T286Pc\" data-sfc-cp=\"\" data-complete=\"true\"><strong class=\"Yjhzub\" data-complete=\"true\">Organizare Eficient\u0103:<\/strong><\/span>\n<ul class=\"KsbFXc U6u95\" data-complete=\"true\">\n<li data-hveid=\"CAEIBhAD\" data-complete=\"true\" data-sae=\"\"><span class=\"T286Pc\" data-sfc-cp=\"\" data-complete=\"true\"><strong class=\"Yjhzub\" data-complete=\"true\">Grande comparto centrale con chiusura a zip:<\/strong>\u00a0Un compartiment central spa\u021bios, cu \u00eenchidere sigur\u0103 prin fermoar.<\/span><\/li>\n<li data-hveid=\"CAEIBhAE\" data-complete=\"true\" data-sae=\"\"><span class=\"T286Pc\" data-sfc-cp=\"\" data-complete=\"true\"><strong class=\"Yjhzub\" data-complete=\"true\">Tasca frontale porta oggetti con zip:<\/strong>\u00a0Un buzunar frontal, cu fermoar, pentru acces rapid la obiecte mici (chei, telefon).<\/span><\/li>\n<li data-hveid=\"CAEIBhAF\" data-complete=\"true\" data-sae=\"\"><span class=\"T286Pc\" data-sfc-cp=\"\" data-complete=\"true\"><strong class=\"Yjhzub\" data-complete=\"true\">Fondo semirigido porta scarpe:<\/strong>\u00a0Un compartiment separat, cu baz\u0103\u00a0<strong class=\"Yjhzub\" data-complete=\"true\">semirigid\u0103<\/strong>, special conceput pentru depozitarea \u00eenc\u0103l\u021b\u0103mintei, p\u0103str\u00e2nd restul echipamentului curat.<\/span><\/li>\n<\/ul>\n<\/li>\n<li data-hveid=\"CAEIBhAG\" data-complete=\"true\" data-sae=\"\"><span class=\"T286Pc\" data-sfc-cp=\"\" data-complete=\"true\" aria-owns=\"action-menu-parent-container\"><strong class=\"Yjhzub\" data-complete=\"true\">Tip Produs:<\/strong>\u00a0Rucsac (Backpack)<\/span><\/li>\n<\/ul>","protected":false},"featured_media":84574,"template":"","meta":[],"product_brand":[44],"product_cat":[624,645],"product_tag":[],"class_list":{"0":"post-84569","1":"product","2":"type-product","3":"status-publish","4":"has-post-thumbnail","6":"product_brand-macron","7":"product_cat-bags","8":"product_cat-rucsac","9":"pa_age_range-adulti","10":"pa_brand-macron","11":"pa_color-albastru","12":"pa_color-albastru-inchis","13":"pa_color-bordo","14":"pa_color-negru","15":"pa_color-rosu","16":"pa_color-verde","17":"pa_fit-regular","18":"pa_gender-unisex","19":"pa_material-poliestere","20":"pa_size-tu","22":"first","23":"instock","24":"shipping-taxable","25":"purchasable","26":"product-type-variable"},"_links":{"self":[{"href":"https:\/\/macron.md\/ru\/wp-json\/wp\/v2\/product\/84569","targetHints":{"allow":["GET"]}}],"collection":[{"href":"https:\/\/macron.md\/ru\/wp-json\/wp\/v2\/product"}],"about":[{"href":"https:\/\/macron.md\/ru\/wp-json\/wp\/v2\/types\/product"}],"wp:featuredmedia":[{"embeddable":true,"href":"https:\/\/macron.md\/ru\/wp-json\/wp\/v2\/media\/84574"}],"wp:attachment":[{"href":"https:\/\/macron.md\/ru\/wp-json\/wp\/v2\/media?parent=84569"}],"wp:term":[{"taxonomy":"product_brand","embeddable":true,"href":"https:\/\/macron.md\/ru\/wp-json\/wp\/v2\/product_brand?post=84569"},{"taxonomy":"product_cat","embeddable":true,"href":"https:\/\/macron.md\/ru\/wp-json\/wp\/v2\/product_cat?post=84569"},{"taxonomy":"product_tag","embeddable":true,"href":"https:\/\/macron.md\/ru\/wp-json\/wp\/v2\/product_tag?post=84569"}],"curies":[{"name":"wp","href":"https:\/\/api.w.org\/{rel}","templated":true}]}}