{"id":84434,"date":"2026-02-08T16:20:47","date_gmt":"2026-02-08T14:20:47","guid":{"rendered":"https:\/\/macron.md\/product\/tellurium-eco-tricou-de-baschet-dama\/"},"modified":"2026-04-03T10:30:25","modified_gmt":"2026-04-03T08:30:25","slug":"tellurium-eco-tricou-de-baschet-dama","status":"publish","type":"product","link":"https:\/\/macron.md\/ru\/product\/tellurium-eco-tricou-de-baschet-dama\/","title":{"rendered":"TELLURIUM ECO TRICOU DE BASCHET DAM\u0102"},"content":{"rendered":"<div class=\"otQkpb\" role=\"heading\" aria-level=\"3\" data-animation-nesting=\"\" data-sfc-cp=\"\" data-complete=\"true\" data-processed=\"true\" data-sae=\"\">\u041c\u0430\u0439\u043a\u0430 \u0434\u043b\u044f \u0438\u0433\u0440\u044b Macron Eco-Fabric (\u0416\u0435\u043d\u0441\u043a\u0430\u044f) \u2013 \u0423\u0441\u0442\u043e\u0439\u0447\u0438\u0432\u043e\u0441\u0442\u044c \u0438 \u041f\u0440\u043e\u0438\u0437\u0432\u043e\u0434\u0438\u0442\u0435\u043b\u044c\u043d\u043e\u0441\u0442\u044c<span class=\"uJ19be notranslate\" data-wiz-uids=\"nxq78_j,nxq78_k\" data-complete=\"true\"><span class=\"vKEkVd\" data-animation-atomic=\"\" data-wiz-attrbind=\"class=nxq78_i\/TKHnVd\" data-sae=\"\"><span aria-hidden=\"true\">\u00a0<\/span><\/span><\/span><\/div>\n<div class=\"Y3BBE\" data-sfc-cp=\"\" data-hveid=\"CAEIBBAA\" data-complete=\"true\" data-processed=\"true\"><strong class=\"Yjhzub\" data-complete=\"true\">\u0412\u044b\u0431\u0435\u0440\u0438\u0442\u0435 \u044d\u043a\u0438\u043f\u0438\u0440\u043e\u0432\u043a\u0443, \u043a\u043e\u0442\u043e\u0440\u0430\u044f \u0443\u0432\u0430\u0436\u0430\u0435\u0442 \u043e\u043a\u0440\u0443\u0436\u0430\u044e\u0449\u0443\u044e \u0441\u0440\u0435\u0434\u0443, \u043d\u0435 \u0436\u0435\u0440\u0442\u0432\u0443\u044f \u043f\u0440\u043e\u0438\u0437\u0432\u043e\u0434\u0438\u0442\u0435\u043b\u044c\u043d\u043e\u0441\u0442\u044c\u044e!<\/strong>\u00a0\u042d\u0442\u0430 \u0436\u0435\u043d\u0441\u043a\u0430\u044f \u0438\u0433\u0440\u043e\u0432\u0430\u044f \u043c\u0430\u0439\u043a\u0430 \u0441\u043e\u0447\u0435\u0442\u0430\u0435\u0442 \u043f\u0435\u0440\u0435\u0434\u043e\u0432\u044b\u0435 \u0442\u0435\u0445\u043d\u043e\u043b\u043e\u0433\u0438\u0438 \u043f\u0435\u0440\u0435\u0440\u0430\u0431\u043e\u0442\u0430\u043d\u043d\u044b\u0445 \u043c\u0430\u0442\u0435\u0440\u0438\u0430\u043b\u043e\u0432 \u0441 \u0430\u0442\u043b\u0435\u0442\u0438\u0447\u0435\u0441\u043a\u0438\u043c \u0434\u0438\u0437\u0430\u0439\u043d\u043e\u043c, \u043e\u0431\u0435\u0441\u043f\u0435\u0447\u0438\u0432\u0430\u044f \u043c\u0430\u043a\u0441\u0438\u043c\u0430\u043b\u044c\u043d\u044b\u0439 \u043a\u043e\u043c\u0444\u043e\u0440\u0442 \u0438 \u0432\u043e\u0437\u0434\u0443\u0445\u043e\u043f\u0440\u043e\u043d\u0438\u0446\u0430\u0435\u043c\u043e\u0441\u0442\u044c \u043d\u0430 \u043f\u043e\u043b\u0435.<span class=\"uJ19be notranslate\" data-wiz-uids=\"nxq78_o,nxq78_p\" data-complete=\"true\"><span class=\"vKEkVd\" data-animation-atomic=\"\" data-wiz-attrbind=\"class=nxq78_n\/TKHnVd\" data-sae=\"\"><span aria-hidden=\"true\">\u00a0<\/span><\/span><\/span><\/div>\n<div class=\"Fsg96\" data-sfc-cp=\"\" data-complete=\"true\" data-processed=\"true\"><\/div>\n<div class=\"otQkpb\" role=\"heading\" aria-level=\"3\" data-animation-nesting=\"\" data-sfc-cp=\"\" data-complete=\"true\" data-processed=\"true\" data-sae=\"\">Caracteristici \u0219i Beneficii Principale:<\/div>\n<ul class=\"KsbFXc U6u95\" data-processed=\"true\" data-complete=\"true\">\n<li data-hveid=\"CAEIBhAA\" data-complete=\"true\" data-sae=\"\"><span class=\"T286Pc\" data-sfc-cp=\"\" data-complete=\"true\"><strong class=\"Yjhzub\" data-complete=\"true\">\u042d\u043a\u043e-\u0443\u0441\u0442\u043e\u0439\u0447\u0438\u0432\u044b\u0439 \u043c\u0430\u0442\u0435\u0440\u0438\u0430\u043b:<\/strong>\u00a0\u041f\u043e\u043b\u043d\u043e\u0441\u0442\u044c\u044e \u0438\u0437\u0433\u043e\u0442\u043e\u0432\u043b\u0435\u043d\u0430 \u0438\u0437\u00a0<strong class=\"Yjhzub\" data-complete=\"true\">\u042d\u043a\u043e-\u0422\u043a\u0430\u043d\u044c (100% \u043f\u0435\u0440\u0435\u0440\u0430\u0431\u043e\u0442\u0430\u043d\u043d\u044b\u0439 \u041f\u042d\u0422)<\/strong>. \u041a\u0430\u0436\u0434\u0430\u044f \u043c\u0430\u0439\u043a\u0430 \u0441\u043f\u043e\u0441\u043e\u0431\u0441\u0442\u0432\u0443\u0435\u0442 \u043f\u0435\u0440\u0435\u0440\u0430\u0431\u043e\u0442\u043a\u0435 \u043f\u043b\u0430\u0441\u0442\u0438\u043a\u043e\u0432\u044b\u0445 \u0431\u0443\u0442\u044b\u043b\u043e\u043a, \u044f\u0432\u043b\u044f\u044f\u0441\u044c \u043e\u0442\u0432\u0435\u0442\u0441\u0442\u0432\u0435\u043d\u043d\u044b\u043c \u0432\u044b\u0431\u043e\u0440\u043e\u043c.<\/span><\/li>\n<li data-hveid=\"CAEIBhAB\" data-sae=\"\" data-complete=\"true\"><span class=\"T286Pc\" data-sfc-cp=\"\" data-complete=\"true\"><strong class=\"Yjhzub\" data-complete=\"true\">Respirabilitate Avansat\u0103:<\/strong>\u00a0<strong class=\"Yjhzub\" data-complete=\"true\">Inser\u021biile laterale din Eco-mesh<\/strong>\u00a0\u043e\u0431\u0435\u0441\u043f\u0435\u0447\u0438\u0432\u0430\u0435\u0442 \u043e\u043f\u0442\u0438\u043c\u0430\u043b\u044c\u043d\u0443\u044e \u0432\u0435\u043d\u0442\u0438\u043b\u044f\u0446\u0438\u044e \u0442\u0435\u043b\u0430, \u0441\u043e\u0445\u0440\u0430\u043d\u044f\u044f \u043a\u043e\u0436\u0443 \u0441\u0443\u0445\u043e\u0439 \u0438 \u043f\u0440\u043e\u0445\u043b\u0430\u0434\u043d\u043e\u0439 \u043d\u0430 \u043f\u0440\u043e\u0442\u044f\u0436\u0435\u043d\u0438\u0438 \u0432\u0441\u0435\u0439 \u0438\u0433\u0440\u044b.<\/span><\/li>\n<li data-hveid=\"CAEIBhAC\" data-complete=\"true\" data-processed=\"true\" data-sae=\"\"><span class=\"T286Pc\" data-sfc-cp=\"\" data-complete=\"true\"><strong class=\"Yjhzub\" data-complete=\"true\">Design Feminin \u0219i Atletic:<\/strong>\u00a0Croiala cu\u00a0<strong class=\"Yjhzub\" data-complete=\"true\">\u0423\u0437\u043a\u0438\u0435 \u043f\u043b\u0435\u0447\u0438<\/strong>\u00a0\u043e\u0431\u0435\u0441\u043f\u0435\u0447\u0438\u0432\u0430\u0435\u0442 \u0441\u043e\u0432\u0440\u0435\u043c\u0435\u043d\u043d\u044b\u0439 \u0432\u0438\u0434 \u0438 \u043f\u0440\u0435\u0432\u043e\u0441\u0445\u043e\u0434\u043d\u0443\u044e \u0441\u0432\u043e\u0431\u043e\u0434\u0443 \u0434\u0432\u0438\u0436\u0435\u043d\u0438\u0439.<\/span><\/li>\n<li data-hveid=\"CAEIBhAD\" data-complete=\"true\" data-processed=\"true\" data-sae=\"\"><span class=\"T286Pc\" data-sfc-cp=\"\" data-complete=\"true\"><strong class=\"Yjhzub\" data-complete=\"true\">Finisaje Confortabile:<\/strong>\u00a0At\u00e2t\u00a0<strong class=\"Yjhzub\" data-complete=\"true\">V-\u043e\u0431\u0440\u0430\u0437\u043d\u044b\u0439 \u0432\u044b\u0440\u0435\u0437 (V-neck)<\/strong>, c\u00e2t \u0219i\u00a0<strong class=\"Yjhzub\" data-complete=\"true\">\u043f\u0440\u043e\u0439\u043c\u044b (armholes)<\/strong>\u00a0sunt finisate cu\u00a0<strong class=\"Yjhzub\" data-complete=\"true\">\u0434\u0432\u0443\u0445\u0446\u0432\u0435\u0442\u043d\u043e\u0435 \u0442\u0440\u0438\u043a\u043e\u0442\u0430\u0436\u043d\u043e\u0435 \u043f\u043e\u043b\u043e\u0442\u043d\u043e (knit fabric)<\/strong>, \u043c\u044f\u0433\u043a\u043e\u0435 \u043d\u0430 \u043e\u0449\u0443\u043f\u044c, \u043f\u0440\u0435\u0434\u043e\u0442\u0432\u0440\u0430\u0449\u0430\u0435\u0442 \u0440\u0430\u0437\u0434\u0440\u0430\u0436\u0435\u043d\u0438\u044f.<\/span><\/li>\n<li data-hveid=\"CAEIBhAE\" data-complete=\"true\" data-processed=\"true\" data-sae=\"\"><span class=\"T286Pc\" data-sfc-cp=\"\" data-complete=\"true\"><strong class=\"Yjhzub\" data-complete=\"true\">\u041b\u0435\u0433\u043a\u0438\u0439 \u0438 \u041f\u0440\u043e\u0447\u043d\u044b\u0439:<\/strong>\u00a0\u041c\u0430\u0442\u0435\u0440\u0438\u0430\u043b \u0440\u0430\u0437\u0440\u0430\u0431\u043e\u0442\u0430\u043d \u0442\u0430\u043a\u0438\u043c \u043e\u0431\u0440\u0430\u0437\u043e\u043c, \u0447\u0442\u043e\u0431\u044b \u0431\u044b\u0442\u044c \u0442\u0430\u043a\u0438\u043c \u0436\u0435 \u043b\u0435\u0433\u043a\u0438\u043c \u0438 \u043f\u0440\u043e\u0447\u043d\u044b\u043c, \u043a\u0430\u043a \u043e\u0431\u044b\u0447\u043d\u044b\u0439 \u043f\u043e\u043b\u0438\u044d\u0441\u0442\u0435\u0440, \u043d\u043e \u0441 \u043c\u0435\u043d\u044c\u0448\u0438\u043c \u0432\u043e\u0437\u0434\u0435\u0439\u0441\u0442\u0432\u0438\u0435\u043c \u043d\u0430 \u043e\u043a\u0440\u0443\u0436\u0430\u044e\u0449\u0443\u044e \u0441\u0440\u0435\u0434\u0443.<\/span><span class=\"uJ19be notranslate\" data-wiz-uids=\"nxq78_1i,nxq78_1j\" data-complete=\"true\"><span class=\"vKEkVd\" data-animation-atomic=\"\" data-wiz-attrbind=\"class=nxq78_1h\/TKHnVd\" data-sae=\"\"><span aria-hidden=\"true\" aria-owns=\"action-menu-parent-container\">\u00a0<\/span><\/span><\/span><\/li>\n<\/ul>","protected":false},"excerpt":{"rendered":"<div class=\"otQkpb\" role=\"heading\" aria-level=\"3\" data-animation-nesting=\"\" data-sfc-cp=\"\" data-complete=\"true\" data-processed=\"true\" data-sae=\"\">Caracteristici Principale:<\/div>\n<ul class=\"KsbFXc U6u95\" data-complete=\"true\" data-processed=\"true\">\n<li data-hveid=\"CAEIBhAA\" data-complete=\"true\" data-sae=\"\"><span class=\"T286Pc\" data-sfc-cp=\"\" data-complete=\"true\"><strong class=\"Yjhzub\" data-complete=\"true\">Material Eco-Responsabil:<\/strong>\u00a0Confec\u021bionat din\u00a0<strong class=\"Yjhzub\" data-complete=\"true\">100% Poliester Tricotat (Knit)<\/strong>, ob\u021binut integral din materiale reciclate (PET), contribuind la sustenabilitatea mediului.<\/span><\/li>\n<li data-hveid=\"CAEIBhAB\" data-complete=\"true\" data-sae=\"\"><span class=\"T286Pc\" data-sfc-cp=\"\" data-complete=\"true\"><strong class=\"Yjhzub\" data-complete=\"true\">Respirabilitate Avansat\u0103:<\/strong>\u00a0<strong class=\"Yjhzub\" data-complete=\"true\">Inser\u021biile laterale din Eco-mesh<\/strong>\u00a0permit o aerisire superioar\u0103 a corpului, men\u021bin\u00e2nd confortul termic optim \u00een timpul efortului fizic.<\/span><\/li>\n<li data-hveid=\"CAEIBhAC\" data-complete=\"true\" data-sae=\"\"><span class=\"T286Pc\" data-sfc-cp=\"\" data-complete=\"true\"><strong class=\"Yjhzub\" data-complete=\"true\">Design Feminin \u0219i Atletic:<\/strong>\u00a0<strong class=\"Yjhzub\" data-complete=\"true\">Croiala cu umeri \u00eengu\u0219ti (spalla stretta)<\/strong>\u00a0ofer\u0103 o potrivire optimizat\u0103 pentru silueta feminin\u0103 \u0219i libertate maxim\u0103 de mi\u0219care.<\/span><\/li>\n<li data-hveid=\"CAEIBhAD\" data-complete=\"true\" data-sae=\"\"><span class=\"T286Pc\" data-sfc-cp=\"\" data-complete=\"true\"><strong class=\"Yjhzub\" data-complete=\"true\">Finisaje Premium:<\/strong><\/span>\n<ul class=\"KsbFXc U6u95\" data-complete=\"true\">\n<li data-hveid=\"CAEIBhAE\" data-complete=\"true\" data-sae=\"\"><span class=\"T286Pc\" data-sfc-cp=\"\" data-complete=\"true\"><strong class=\"Yjhzub\" data-complete=\"true\">Guler \u00een V (V-neck)<\/strong>\u00a0finisat cu tricotaj bicolor, moale \u0219i rezistent.<\/span><\/li>\n<li data-hveid=\"CAEIBhAF\" data-complete=\"true\" data-sae=\"\"><span class=\"T286Pc\" data-sfc-cp=\"\" data-complete=\"true\"><strong class=\"Yjhzub\" data-complete=\"true\">R\u0103scroielile bra\u021belor<\/strong> sunt de asemenea finisate cu tricotaj bicolor, prevenind irita\u021biile.<\/span><\/li>\n<\/ul>\n<\/li>\n<\/ul>\n<div class=\"otQkpb\" role=\"heading\" aria-level=\"3\" data-animation-nesting=\"\" data-sfc-cp=\"\" data-complete=\"true\" data-processed=\"true\" data-sae=\"\">Specifica\u021bii Tehnice:<\/div>\n<ul class=\"KsbFXc U6u95\" data-complete=\"true\" data-processed=\"true\">\n<li data-hveid=\"CAEICBAA\" data-complete=\"true\" data-sae=\"\"><span class=\"T286Pc\" data-sfc-cp=\"\" data-complete=\"true\"><strong class=\"Yjhzub\" data-complete=\"true\">\u041c\u0430\u0442\u0435\u0440\u0438\u0430\u043b:<\/strong>\u00a0100% Poliester Reciclat Tricotat (Knit)<\/span><\/li>\n<li data-hveid=\"CAEICBAB\" data-complete=\"true\" data-sae=\"\"><span class=\"T286Pc\" data-sfc-cp=\"\" data-complete=\"true\"><strong class=\"Yjhzub\" data-complete=\"true\">Tehnologie:<\/strong>\u00a0Inser\u021bii laterale Eco-Mesh<\/span><\/li>\n<li data-hveid=\"CAEICBAC\" data-complete=\"true\" data-sae=\"\"><span class=\"T286Pc\" data-sfc-cp=\"\" data-complete=\"true\"><strong class=\"Yjhzub\" data-complete=\"true\">Gen:<\/strong>\u00a0Femei (Woman Fit)<\/span><\/li>\n<li data-hveid=\"CAEICBAD\" data-complete=\"true\" data-sae=\"\"><span class=\"T286Pc\" data-sfc-cp=\"\" data-complete=\"true\"><strong class=\"Yjhzub\" data-complete=\"true\">Tip Guler &amp; M\u00e2neci:<\/strong> Finisaje din tricotaj bicolor<\/span><\/li>\n<\/ul>\n<div class=\"Fsg96\" data-sfc-cp=\"\" data-complete=\"true\" data-processed=\"true\"><\/div>\n<hr class=\"j3tEEe\" data-serialized-params=\"[]\" data-complete=\"true\" data-processed=\"true\" data-sae=\"\" \/>","protected":false},"featured_media":84442,"template":"","meta":[],"product_brand":[44],"product_cat":[622,681],"product_tag":[],"class_list":{"0":"post-84434","1":"product","2":"type-product","3":"status-publish","4":"has-post-thumbnail","6":"product_brand-macron","7":"product_cat-basketball","8":"product_cat-bascet_dama","9":"pa_age_range-adulti","10":"pa_brand-macron","11":"pa_color-alb","12":"pa_color-albastru","13":"pa_color-albastru-inchis","14":"pa_color-verde","15":"pa_fit-slim","16":"pa_gender-femei","17":"pa_material-eco-zerotex","18":"pa_size-3xl","19":"pa_size-l","20":"pa_size-m","21":"pa_size-s","22":"pa_size-xl","23":"pa_size-xs","24":"pa_size-xxl","26":"first","27":"outofstock","28":"shipping-taxable","29":"purchasable","30":"product-type-variable"},"_links":{"self":[{"href":"https:\/\/macron.md\/ru\/wp-json\/wp\/v2\/product\/84434","targetHints":{"allow":["GET"]}}],"collection":[{"href":"https:\/\/macron.md\/ru\/wp-json\/wp\/v2\/product"}],"about":[{"href":"https:\/\/macron.md\/ru\/wp-json\/wp\/v2\/types\/product"}],"wp:featuredmedia":[{"embeddable":true,"href":"https:\/\/macron.md\/ru\/wp-json\/wp\/v2\/media\/84442"}],"wp:attachment":[{"href":"https:\/\/macron.md\/ru\/wp-json\/wp\/v2\/media?parent=84434"}],"wp:term":[{"taxonomy":"product_brand","embeddable":true,"href":"https:\/\/macron.md\/ru\/wp-json\/wp\/v2\/product_brand?post=84434"},{"taxonomy":"product_cat","embeddable":true,"href":"https:\/\/macron.md\/ru\/wp-json\/wp\/v2\/product_cat?post=84434"},{"taxonomy":"product_tag","embeddable":true,"href":"https:\/\/macron.md\/ru\/wp-json\/wp\/v2\/product_tag?post=84434"}],"curies":[{"name":"wp","href":"https:\/\/api.w.org\/{rel}","templated":true}]}}