{"id":84263,"date":"2026-02-08T16:20:41","date_gmt":"2026-02-08T14:20:41","guid":{"rendered":"https:\/\/macron.md\/product\/dryad-tricou-de-joc-dama\/"},"modified":"2026-04-03T10:30:35","modified_gmt":"2026-04-03T08:30:35","slug":"dryad-tricou-de-joc-dama","status":"publish","type":"product","link":"https:\/\/macron.md\/ru\/product\/dryad-tricou-de-joc-dama\/","title":{"rendered":"DRYAD TRICOU DE JOC DAM\u0102"},"content":{"rendered":"<div class=\"otQkpb\" role=\"heading\" aria-level=\"3\" data-animation-nesting=\"\" data-sfc-cp=\"\" data-complete=\"true\" data-processed=\"true\" data-sae=\"\">\u0424\u0443\u0442\u0431\u043e\u043b\u043a\u0430 \u0434\u043b\u044f \u043c\u0430\u0442\u0447\u0430 Macron Softlock (\u0416\u0435\u043d\u0441\u043a\u0430\u044f) \u2013 \u0413\u0435\u043e\u043c\u0435\u0442\u0440\u0438\u0447\u0435\u0441\u043a\u0438\u0439 \u0434\u0438\u0437\u0430\u0439\u043d \u0438 \u043f\u0435\u0440\u0435\u0434\u043e\u0432\u0430\u044f \u0432\u043e\u0437\u0434\u0443\u0445\u043e\u043f\u0440\u043e\u043d\u0438\u0446\u0430\u0435\u043c\u043e\u0441\u0442\u044c<span class=\"uJ19be notranslate\" data-wiz-uids=\"yeqtYc_j,yeqtYc_k\" data-complete=\"true\"><span class=\"vKEkVd\" data-animation-atomic=\"\" data-wiz-attrbind=\"class=yeqtYc_i\/TKHnVd\" data-sae=\"\"><span aria-hidden=\"true\">\u00a0<\/span><\/span><\/span><\/div>\n<div class=\"Y3BBE\" data-sfc-cp=\"\" data-hveid=\"CAEIBBAA\" data-complete=\"true\" data-processed=\"true\"><strong class=\"Yjhzub\" data-complete=\"true\">\u042d\u043b\u0435\u0433\u0430\u043d\u0442\u043d\u043e\u0441\u0442\u044c \u0438 \u043f\u0440\u043e\u0438\u0437\u0432\u043e\u0434\u0438\u0442\u0435\u043b\u044c\u043d\u043e\u0441\u0442\u044c \u0432 \u043a\u0430\u0436\u0434\u043e\u0439 \u0438\u0433\u0440\u0435!<\/strong> \u042d\u0442\u0430 \u0436\u0435\u043d\u0441\u043a\u0430\u044f \u0438\u0433\u0440\u043e\u0432\u0430\u044f \u0444\u0443\u0442\u0431\u043e\u043b\u043a\u0430 \u0441\u043e\u0447\u0435\u0442\u0430\u0435\u0442 \u0441\u043e\u0432\u0440\u0435\u043c\u0435\u043d\u043d\u044b\u0439 \u0434\u0438\u0437\u0430\u0439\u043d \u0441 \u0440\u0435\u043b\u044c\u0435\u0444\u043d\u044b\u043c \u0433\u0435\u043e\u043c\u0435\u0442\u0440\u0438\u0447\u0435\u0441\u043a\u0438\u043c \u043f\u0440\u0438\u043d\u0442\u043e\u043c \u0438 \u0432\u044b\u0441\u043e\u043a\u043e\u043a\u0430\u0447\u0435\u0441\u0442\u0432\u0435\u043d\u043d\u044b\u0435 \u0442\u0435\u0445\u043d\u0438\u0447\u0435\u0441\u043a\u0438\u0435 \u043c\u0430\u0442\u0435\u0440\u0438\u0430\u043b\u044b, \u043e\u0431\u0435\u0441\u043f\u0435\u0447\u0438\u0432\u0430\u044f \u0438\u0441\u043a\u043b\u044e\u0447\u0438\u0442\u0435\u043b\u044c\u043d\u044b\u0439 \u043a\u043e\u043c\u0444\u043e\u0440\u0442 \u0438 \u043e\u043f\u0442\u0438\u043c\u0430\u043b\u044c\u043d\u0443\u044e \u0432\u0435\u043d\u0442\u0438\u043b\u044f\u0446\u0438\u044e \u043d\u0430 \u0438\u0433\u0440\u043e\u0432\u043e\u043c \u043f\u043e\u043b\u0435.<\/div>\n<div class=\"Fsg96\" data-sfc-cp=\"\" data-complete=\"true\" data-processed=\"true\"><\/div>\n<div class=\"otQkpb\" role=\"heading\" aria-level=\"3\" data-animation-nesting=\"\" data-sfc-cp=\"\" data-complete=\"true\" data-processed=\"true\" data-sae=\"\">Caracteristici \u0219i Beneficii Principale:<\/div>\n<ul class=\"KsbFXc U6u95\" data-complete=\"true\" data-processed=\"true\">\n<li data-hveid=\"CAEIBhAA\" data-complete=\"true\" data-sae=\"\"><span class=\"T286Pc\" data-sfc-cp=\"\" data-complete=\"true\"><strong class=\"Yjhzub\" data-complete=\"true\">\u0423\u043d\u0438\u043a\u0430\u043b\u044c\u043d\u044b\u0439 \u0433\u0435\u043e\u043c\u0435\u0442\u0440\u0438\u0447\u0435\u0441\u043a\u0438\u0439 \u0434\u0438\u0437\u0430\u0439\u043d:<\/strong>\u00a0\u0420\u0435\u043b\u044c\u0435\u0444\u043d\u044b\u0439 \u0433\u0435\u043e\u043c\u0435\u0442\u0440\u0438\u0447\u0435\u0441\u043a\u0438\u0439 \u043f\u0440\u0438\u043d\u0442 (embossed print), \u043f\u0440\u043e\u0445\u043e\u0434\u044f\u0449\u0438\u0439 \u0432\u0434\u043e\u043b\u044c \u0442\u0435\u043b\u0430, \u0441\u043e\u0437\u0434\u0430\u0435\u0442 \u0434\u0438\u043d\u0430\u043c\u0438\u0447\u043d\u044b\u0439, \u0438\u0437\u044b\u0441\u043a\u0430\u043d\u043d\u044b\u0439 \u0438 \u044d\u0444\u0444\u0435\u043a\u0442\u043d\u044b\u0439 \u0432\u0438\u0437\u0443\u0430\u043b\u044c\u043d\u044b\u0439 \u043e\u0431\u0440\u0430\u0437.<\/span><\/li>\n<li data-hveid=\"CAEIBhAB\" data-complete=\"true\" data-sae=\"\"><span class=\"T286Pc\" data-sfc-cp=\"\" data-complete=\"true\"><strong class=\"Yjhzub\" data-complete=\"true\">\u041c\u0430\u0442\u0435\u0440\u0438\u0430\u043b Premium Softlock:<\/strong>\u00a0Confec\u021bionat din\u00a0<strong class=\"Yjhzub\" data-complete=\"true\">\u0422\u043a\u0430\u043d\u044c Softlock<\/strong>, \u0444\u0443\u0442\u0431\u043e\u043b\u043a\u0430 \u043c\u044f\u0433\u043a\u0430\u044f, \u043b\u0435\u0433\u043a\u0430\u044f \u0438 \u043f\u0440\u043e\u0447\u043d\u0430\u044f, \u043e\u0431\u0435\u0441\u043f\u0435\u0447\u0438\u0432\u0430\u044f \u043e\u043f\u0442\u0438\u043c\u0430\u043b\u044c\u043d\u044b\u0439 \u043a\u043e\u043c\u0444\u043e\u0440\u0442 \u0438 \u0434\u043e\u043b\u0433\u043e\u0432\u0435\u0447\u043d\u043e\u0441\u0442\u044c.<\/span><\/li>\n<li data-hveid=\"CAEIBhAC\" data-complete=\"true\" data-sae=\"\"><span class=\"T286Pc\" data-sfc-cp=\"\" data-complete=\"true\"><strong class=\"Yjhzub\" data-complete=\"true\">Respirabilitate Excep\u021bional\u0103:<\/strong><\/span>\n<ul class=\"KsbFXc U6u95\" data-complete=\"true\">\n<li data-hveid=\"CAEIBhAD\" data-complete=\"true\" data-sae=\"\"><span class=\"T286Pc\" data-sfc-cp=\"\" data-complete=\"true\"><strong class=\"Yjhzub\" data-complete=\"true\">Spatele din micromesh<\/strong>\u00a0(plas\u0103 fin\u0103) favorizeaz\u0103 o aerisire superb\u0103 a corpului.<\/span><\/li>\n<li data-hveid=\"CAEIBhAE\" data-complete=\"true\" data-sae=\"\"><span class=\"T286Pc\" data-sfc-cp=\"\" data-complete=\"true\"><strong class=\"Yjhzub\" data-complete=\"true\">\u0412\u0441\u0442\u0430\u0432\u043a\u0438 \u0438\u0437 \u0441\u0435\u0442\u043a\u0438<\/strong>\u00a0, \u0440\u0430\u0441\u043f\u043e\u043b\u043e\u0436\u0435\u043d\u043d\u044b\u0435 \u043d\u0430 \u044d\u0440\u0433\u043e\u043d\u043e\u043c\u0438\u0447\u043d\u043e\u043c \u043a\u0440\u043e\u0435 \u0440\u0443\u043a\u0430\u0432\u043e\u0432, \u0433\u0430\u0440\u0430\u043d\u0442\u0438\u0440\u0443\u044e\u0442 \u043f\u043e\u0441\u0442\u043e\u044f\u043d\u043d\u0443\u044e \u0432\u0435\u043d\u0442\u0438\u043b\u044f\u0446\u0438\u044e.<\/span><\/li>\n<\/ul>\n<\/li>\n<li data-hveid=\"CAEIBhAF\" data-complete=\"true\" data-sae=\"\"><span class=\"T286Pc\" data-sfc-cp=\"\" data-complete=\"true\"><strong class=\"Yjhzub\" data-complete=\"true\">\u041a\u043e\u043c\u0444\u043e\u0440\u0442 \u0438 \u043f\u043e\u0441\u0430\u0434\u043a\u0430:<\/strong>\u00a0<strong class=\"Yjhzub\" data-complete=\"true\">\u041a\u0440\u0443\u0433\u043b\u044b\u0439 \u0432\u043e\u0440\u043e\u0442\u043d\u0438\u043a<\/strong>\u00a0\u043e\u0431\u0435\u0441\u043f\u0435\u0447\u0438\u0432\u0430\u0435\u0442 \u043e\u043f\u0442\u0438\u043c\u0430\u043b\u044c\u043d\u0443\u044e \u043f\u043e\u0441\u0430\u0434\u043a\u0443 \u0438 \u043f\u0440\u0435\u0434\u043e\u0442\u0432\u0440\u0430\u0449\u0430\u0435\u0442 \u0440\u0430\u0437\u0434\u0440\u0430\u0436\u0435\u043d\u0438\u0435. \u042d\u0440\u0433\u043e\u043d\u043e\u043c\u0438\u0447\u043d\u044b\u0439 \u043a\u0440\u043e\u0439 \u0440\u0443\u043a\u0430\u0432\u043e\u0432 \u043e\u0431\u0435\u0441\u043f\u0435\u0447\u0438\u0432\u0430\u0435\u0442 \u043f\u043e\u043b\u043d\u0443\u044e \u0441\u0432\u043e\u0431\u043e\u0434\u0443 \u0434\u0432\u0438\u0436\u0435\u043d\u0438\u0439.<\/span><\/li>\n<li data-hveid=\"CAEIBhAG\" data-complete=\"true\" data-sae=\"\"><span class=\"T286Pc\" data-sfc-cp=\"\" data-complete=\"true\"><strong class=\"Yjhzub\" data-complete=\"true\">\u0422\u043e\u0447\u043d\u0430\u044f \u043e\u0442\u0434\u0435\u043b\u043a\u0430:<\/strong>\u00a0\u041a\u0430\u0447\u0435\u0441\u0442\u0432\u0435\u043d\u043d\u044b\u0435 \u0434\u0435\u0442\u0430\u043b\u0438 \u0438 \u043e\u0442\u0434\u0435\u043b\u043a\u0430 \u043e\u043f\u0440\u0435\u0434\u0435\u043b\u044f\u044e\u0442 \u044d\u043b\u0435\u0433\u0430\u043d\u0442\u043d\u044b\u0439 \u0438 \u043f\u0440\u043e\u0444\u0435\u0441\u0441\u0438\u043e\u043d\u0430\u043b\u044c\u043d\u044b\u0439 \u043f\u0440\u043e\u0444\u0438\u043b\u044c \u0444\u0443\u0442\u0431\u043e\u043b\u043a\u0438.<\/span><\/li>\n<li data-hveid=\"CAEIBhAH\" data-complete=\"true\" data-sae=\"\"><span class=\"T286Pc\" data-sfc-cp=\"\" data-complete=\"true\"><strong class=\"Yjhzub\" data-complete=\"true\">Versatilitate Cromatic\u0103:<\/strong>\u00a0\u0414\u043e\u0441\u0442\u0443\u043f\u0435\u043d \u0432\u00a0<strong class=\"Yjhzub\" data-complete=\"true\">\u0440\u0430\u0437\u043b\u0438\u0447\u043d\u044b\u0445 \u0432\u0430\u0440\u0438\u0430\u043d\u0442\u0430\u0445 \u0446\u0432\u0435\u0442\u0430<\/strong>\u00a0, \u0447\u0442\u043e\u0431\u044b \u0438\u0434\u0435\u0430\u043b\u044c\u043d\u043e \u0441\u043e\u0447\u0435\u0442\u0430\u0442\u044c\u0441\u044f \u0441 \u044d\u043a\u0438\u043f\u0438\u0440\u043e\u0432\u043a\u043e\u0439 \u0432\u0430\u0448\u0435\u0439 \u043a\u043e\u043c\u0430\u043d\u0434\u044b.<\/span><span class=\"uJ19be notranslate\" data-wiz-uids=\"yeqtYc_1p,yeqtYc_1q\" data-complete=\"true\"><span class=\"vKEkVd\" data-animation-atomic=\"\" data-wiz-attrbind=\"class=yeqtYc_1o\/TKHnVd\" data-sae=\"\"><span aria-hidden=\"true\" aria-owns=\"action-menu-parent-container\">\u00a0<\/span><\/span><\/span><\/li>\n<\/ul>","protected":false},"excerpt":{"rendered":"<div class=\"otQkpb\" role=\"heading\" aria-level=\"3\" data-animation-nesting=\"\" data-sfc-cp=\"\" data-complete=\"true\" data-processed=\"true\" data-sae=\"\">Caracteristici Principale:<\/div>\n<ul class=\"KsbFXc U6u95\" data-complete=\"true\" data-processed=\"true\">\n<li data-hveid=\"CAEIBhAA\" data-complete=\"true\" data-sae=\"\"><span class=\"T286Pc\" data-sfc-cp=\"\" data-complete=\"true\"><strong class=\"Yjhzub\" data-complete=\"true\">Design Unic:<\/strong>\u00a0<strong class=\"Yjhzub\" data-complete=\"true\">Textura \u00een relief (embossata)<\/strong>\u00a0pe partea frontal\u0103 ofer\u0103 un aspect modern, sofisticat \u0219i de impact.<\/span><\/li>\n<li data-hveid=\"CAEIBhAB\" data-complete=\"true\" data-sae=\"\"><span class=\"T286Pc\" data-sfc-cp=\"\" data-complete=\"true\"><strong class=\"Yjhzub\" data-complete=\"true\">Respirabilitate Excep\u021bional\u0103:<\/strong><\/span>\n<ul class=\"KsbFXc U6u95\" data-complete=\"true\">\n<li data-hveid=\"CAEIBhAC\" data-complete=\"true\" data-sae=\"\"><span class=\"T286Pc\" data-sfc-cp=\"\" data-complete=\"true\"><strong class=\"Yjhzub\" data-complete=\"true\">Spatele din micromesh<\/strong>\u00a0(plas\u0103 fin\u0103) favorizeaz\u0103 o aerisire superb\u0103 a corpului.<\/span><\/li>\n<li data-hveid=\"CAEIBhAD\" data-complete=\"true\" data-sae=\"\"><span class=\"T286Pc\" data-sfc-cp=\"\" data-complete=\"true\"><strong class=\"Yjhzub\" data-complete=\"true\">Inser\u021biile din mesh (plas\u0103)<\/strong>\u00a0pe m\u00e2neci garanteaz\u0103 o ventila\u021bie continu\u0103.<\/span><\/li>\n<\/ul>\n<\/li>\n<li data-hveid=\"CAEIBhAE\" data-complete=\"true\" data-sae=\"\"><span class=\"T286Pc\" data-sfc-cp=\"\" data-complete=\"true\"><strong class=\"Yjhzub\" data-complete=\"true\">Guler Confortabil:<\/strong>\u00a0<strong class=\"Yjhzub\" data-complete=\"true\">Gulerul rotund (girocollo)<\/strong>\u00a0realizat din materialul principal al tricoului asigur\u0103 o potrivire optim\u0103 \u0219i previne irita\u021biile.<\/span><\/li>\n<li data-hveid=\"CAEIBhAF\" data-complete=\"true\" data-sae=\"\"><span class=\"T286Pc\" data-sfc-cp=\"\" data-complete=\"true\"><strong class=\"Yjhzub\" data-complete=\"true\">Croial\u0103 Ergonomic\u0103:<\/strong>\u00a0<strong class=\"Yjhzub\" data-complete=\"true\">Partea de jos a tricoului (fondo maglia) este tivit\u0103\/conturat\u0103<\/strong>\u00a0(sagomato) pentru o potrivire mai bun\u0103 pe corp \u0219i libertate de mi\u0219care.<\/span><\/li>\n<li data-hveid=\"CAEIBhAG\" data-complete=\"true\" data-sae=\"\"><span class=\"T286Pc\" data-sfc-cp=\"\" data-complete=\"true\"><strong class=\"Yjhzub\" data-complete=\"true\">Material de Calitate:<\/strong>\u00a0Confec\u021bionat din\u00a0<strong class=\"Yjhzub\" data-complete=\"true\">100% Poliester<\/strong>, material u\u0219or, durabil \u0219i cu uscare rapid\u0103.<\/span><\/li>\n<\/ul>\n<div class=\"Fsg96\" data-sfc-cp=\"\" data-complete=\"true\" data-processed=\"true\"><\/div>\n<div class=\"otQkpb\" role=\"heading\" aria-level=\"3\" data-animation-nesting=\"\" data-sfc-cp=\"\" data-complete=\"true\" data-processed=\"true\" data-sae=\"\">Specifica\u021bii Tehnice:<\/div>\n<ul class=\"KsbFXc U6u95\" data-complete=\"true\" data-processed=\"true\">\n<li data-hveid=\"CAEICBAA\" data-complete=\"true\" data-sae=\"\"><span class=\"T286Pc\" data-sfc-cp=\"\" data-complete=\"true\"><strong class=\"Yjhzub\" data-complete=\"true\">Material Principal Fa\u021b\u0103:<\/strong>\u00a0100% Poliester (Textur\u0103 \u00een relief)<\/span><\/li>\n<li data-hveid=\"CAEICBAB\" data-complete=\"true\" data-sae=\"\"><span class=\"T286Pc\" data-sfc-cp=\"\" data-complete=\"true\"><strong class=\"Yjhzub\" data-complete=\"true\">Material Spate:<\/strong>\u00a0Micromesh<\/span><\/li>\n<li data-hveid=\"CAEICBAC\" data-complete=\"true\" data-sae=\"\"><span class=\"T286Pc\" data-sfc-cp=\"\" data-complete=\"true\"><strong class=\"Yjhzub\" data-complete=\"true\">Tehnologie:<\/strong>\u00a0Inser\u021bii Mesh pe m\u00e2neci<\/span><\/li>\n<li data-hveid=\"CAEICBAD\" data-complete=\"true\" data-sae=\"\"><span class=\"T286Pc\" data-sfc-cp=\"\" data-complete=\"true\"><strong class=\"Yjhzub\" data-complete=\"true\">Guler:<\/strong>\u00a0Rotund<\/span><\/li>\n<li data-hveid=\"CAEICBAE\" data-complete=\"true\" data-sae=\"\"><span class=\"T286Pc\" data-sfc-cp=\"\" data-complete=\"true\"><strong class=\"Yjhzub\" data-complete=\"true\">\u041a\u0440\u043e\u0439:<\/strong>\u00a0Tiv conturat\/ergonomic<\/span><\/li>\n<li data-hveid=\"CAEICBAF\" data-complete=\"true\" data-sae=\"\"><span class=\"T286Pc\" data-sfc-cp=\"\" data-complete=\"true\"><strong class=\"Yjhzub\" data-complete=\"true\">Gen:<\/strong> \u0423\u043d\u0438\u0441\u0435\u043a\u0441<\/span><\/li>\n<\/ul>\n<div class=\"Fsg96\" data-sfc-cp=\"\" data-complete=\"true\" data-processed=\"true\"><\/div>\n<hr class=\"j3tEEe\" data-serialized-params=\"[]\" data-complete=\"true\" data-processed=\"true\" data-sae=\"\" \/>","protected":false},"featured_media":84269,"template":"","meta":[],"product_brand":[44],"product_cat":[680,623,733,732],"product_tag":[],"class_list":{"0":"post-84263","1":"product","2":"type-product","3":"status-publish","4":"has-post-thumbnail","6":"product_brand-macron","7":"product_cat-tricouri_de_joc_dama","8":"product_cat-football","9":"product_cat-thunder","10":"product_cat-total_look","11":"pa_age_range-adulti","12":"pa_brand-macron","13":"pa_color-albastru","14":"pa_color-albastru-inchis","15":"pa_color-lillac","16":"pa_color-negru","17":"pa_color-rosu","18":"pa_fit-slim","19":"pa_gender-femei","20":"pa_material-softlock","21":"pa_size-3xl","22":"pa_size-3xs","23":"pa_size-l","24":"pa_size-m","25":"pa_size-s","26":"pa_size-xl","27":"pa_size-xs","28":"pa_size-xxl","29":"pa_size-xxs","31":"first","32":"instock","33":"shipping-taxable","34":"purchasable","35":"product-type-variable"},"_links":{"self":[{"href":"https:\/\/macron.md\/ru\/wp-json\/wp\/v2\/product\/84263","targetHints":{"allow":["GET"]}}],"collection":[{"href":"https:\/\/macron.md\/ru\/wp-json\/wp\/v2\/product"}],"about":[{"href":"https:\/\/macron.md\/ru\/wp-json\/wp\/v2\/types\/product"}],"wp:featuredmedia":[{"embeddable":true,"href":"https:\/\/macron.md\/ru\/wp-json\/wp\/v2\/media\/84269"}],"wp:attachment":[{"href":"https:\/\/macron.md\/ru\/wp-json\/wp\/v2\/media?parent=84263"}],"wp:term":[{"taxonomy":"product_brand","embeddable":true,"href":"https:\/\/macron.md\/ru\/wp-json\/wp\/v2\/product_brand?post=84263"},{"taxonomy":"product_cat","embeddable":true,"href":"https:\/\/macron.md\/ru\/wp-json\/wp\/v2\/product_cat?post=84263"},{"taxonomy":"product_tag","embeddable":true,"href":"https:\/\/macron.md\/ru\/wp-json\/wp\/v2\/product_tag?post=84263"}],"curies":[{"name":"wp","href":"https:\/\/api.w.org\/{rel}","templated":true}]}}