{"id":83915,"date":"2026-02-08T16:20:28","date_gmt":"2026-02-08T14:20:28","guid":{"rendered":"https:\/\/macron.md\/product\/platinum-sorti-de-joc-baschet-feminin\/"},"modified":"2026-04-03T10:30:31","modified_gmt":"2026-04-03T08:30:31","slug":"platinum-sorti-de-joc-baschet-feminin","status":"publish","type":"product","link":"https:\/\/macron.md\/ru\/product\/platinum-sorti-de-joc-baschet-feminin\/","title":{"rendered":"PLATINUM \u0218OR\u021aI DE JOC BASCHET FEMININ"},"content":{"rendered":"<div class=\"otQkpb\" role=\"heading\" aria-level=\"3\" data-animation-nesting=\"\" data-sfc-cp=\"\" data-complete=\"true\" data-processed=\"true\" data-sae=\"\">Caracteristici \u0219i Beneficii Principale:<\/div>\n<ul class=\"KsbFXc U6u95\" data-complete=\"true\" data-processed=\"true\">\n<li data-hveid=\"CAEIBhAA\" data-complete=\"true\" data-sae=\"\"><span class=\"T286Pc\" data-sfc-cp=\"\" data-complete=\"true\"><strong class=\"Yjhzub\" data-complete=\"true\">\u042d\u043a\u043e-\u0443\u0441\u0442\u043e\u0439\u0447\u0438\u0432\u044b\u0439 \u043c\u0430\u0442\u0435\u0440\u0438\u0430\u043b:<\/strong>\u00a0\u041f\u043e\u043b\u043d\u043e\u0441\u0442\u044c\u044e \u0438\u0437\u0433\u043e\u0442\u043e\u0432\u043b\u0435\u043d\u044b \u0438\u0437\u00a0<strong class=\"Yjhzub\" data-complete=\"true\">\u042d\u043a\u043e-\u0422\u043a\u0430\u043d\u044c (100% \u043f\u0435\u0440\u0435\u0440\u0430\u0431\u043e\u0442\u0430\u043d\u043d\u044b\u0439 \u041f\u042d\u0422)<\/strong>, \u0441\u043f\u043e\u0441\u043e\u0431\u0441\u0442\u0432\u0443\u044f \u0441\u043e\u043a\u0440\u0430\u0449\u0435\u043d\u0438\u044e \u043f\u043b\u0430\u0441\u0442\u0438\u043a\u043e\u0432\u044b\u0445 \u043e\u0442\u0445\u043e\u0434\u043e\u0432.<\/span><\/li>\n<li data-hveid=\"CAEIBhAB\" data-complete=\"true\" data-sae=\"\"><span class=\"T286Pc\" data-sfc-cp=\"\" data-complete=\"true\"><strong class=\"Yjhzub\" data-complete=\"true\">Respirabilitate Excep\u021bional\u0103:<\/strong>\u00a0<strong class=\"Yjhzub\" data-complete=\"true\">\u0411\u043e\u043a\u043e\u0432\u044b\u0435 \u0432\u0441\u0442\u0430\u0432\u043a\u0438 \u0438\u0437 \u044d\u043a\u043e\u043b\u043e\u0433\u0438\u0447\u043d\u043e\u0439 \u0441\u0435\u0442\u043a\u0438 Eco-mesh<\/strong>\u00a0\u0433\u0430\u0440\u0430\u043d\u0442\u0438\u0440\u0443\u044e\u0442 \u043f\u0440\u0435\u0432\u043e\u0441\u0445\u043e\u0434\u043d\u0443\u044e \u0432\u0435\u043d\u0442\u0438\u043b\u044f\u0446\u0438\u044e, \u0441\u043e\u0445\u0440\u0430\u043d\u044f\u044f \u043a\u043e\u0436\u0443 \u0441\u0443\u0445\u043e\u0439 \u0438 \u043e\u0431\u0435\u0441\u043f\u0435\u0447\u0438\u0432\u0430\u044f \u043a\u043e\u043c\u0444\u043e\u0440\u0442 \u043d\u0430 \u043f\u0440\u043e\u0442\u044f\u0436\u0435\u043d\u0438\u0438 \u0432\u0441\u0435\u0439 \u0438\u0433\u0440\u044b.<\/span><\/li>\n<li data-hveid=\"CAEIBhAC\" data-complete=\"true\" data-sae=\"\"><span class=\"T286Pc\" data-sfc-cp=\"\" data-complete=\"true\"><strong class=\"Yjhzub\" data-complete=\"true\">Ajustare Confortabil\u0103:<\/strong>\u00a0\u041d\u0430 \u043f\u043e\u044f\u0441\u0435 \u043f\u0440\u0435\u0434\u0443\u0441\u043c\u043e\u0442\u0440\u0435\u043d\u0430\u00a0<strong class=\"Yjhzub\" data-complete=\"true\">\u043f\u043b\u043e\u0441\u043a\u0438\u043c \u0448\u043d\u0443\u0440\u043a\u043e\u043c (flat drawstring)<\/strong>, \u0447\u0442\u043e \u043f\u043e\u0437\u0432\u043e\u043b\u044f\u0435\u0442 \u043f\u0440\u043e\u0441\u0442\u0443\u044e, \u043d\u0430\u0434\u0435\u0436\u043d\u0443\u044e \u0438 \u043a\u043e\u043c\u0444\u043e\u0440\u0442\u043d\u0443\u044e \u0440\u0435\u0433\u0443\u043b\u0438\u0440\u043e\u0432\u043a\u0443 \u0431\u0435\u0437 \u0441\u043e\u0437\u0434\u0430\u043d\u0438\u044f \u0438\u0437\u043b\u0438\u0448\u043d\u0435\u0433\u043e \u0434\u0430\u0432\u043b\u0435\u043d\u0438\u044f.<\/span><\/li>\n<li data-hveid=\"CAEIBhAD\" data-complete=\"true\" data-sae=\"\"><span class=\"T286Pc\" data-sfc-cp=\"\" data-complete=\"true\"><strong class=\"Yjhzub\" data-complete=\"true\">\u041b\u0435\u0433\u043a\u0438\u0439 \u0438 \u041f\u0440\u043e\u0447\u043d\u044b\u0439:<\/strong>\u00a0\u041c\u0430\u0442\u0435\u0440\u0438\u0430\u043b \u0440\u0430\u0437\u0440\u0430\u0431\u043e\u0442\u0430\u043d, \u0447\u0442\u043e\u0431\u044b \u0431\u044b\u0442\u044c \u0447\u0440\u0435\u0437\u0432\u044b\u0447\u0430\u0439\u043d\u043e \u043b\u0435\u0433\u043a\u0438\u043c \u0438 \u0443\u0441\u0442\u043e\u0439\u0447\u0438\u0432\u044b\u043c \u043a \u0438\u0437\u043d\u043e\u0441\u0443, \u043f\u043e\u0434\u043e\u0431\u043d\u043e \u0442\u0440\u0430\u0434\u0438\u0446\u0438\u043e\u043d\u043d\u043e\u043c\u0443 \u043f\u043e\u043b\u0438\u044d\u0441\u0442\u0435\u0440\u0443.<\/span><\/li>\n<li data-hveid=\"CAEIBhAE\" data-complete=\"true\" data-sae=\"\"><span class=\"T286Pc\" data-sfc-cp=\"\" data-complete=\"true\"><strong class=\"Yjhzub\" data-complete=\"true\">Versatilitate Cromatic\u0103:<\/strong>\u00a0\u0414\u043e\u0441\u0442\u0443\u043f\u0435\u043d \u0432\u00a0<strong class=\"Yjhzub\" data-complete=\"true\">4 variante de culori<\/strong>\u00a0\u0447\u0442\u043e\u0431\u044b \u0438\u0434\u0435\u0430\u043b\u044c\u043d\u043e \u0441\u043e\u043e\u0442\u0432\u0435\u0442\u0441\u0442\u0432\u043e\u0432\u0430\u0442\u044c \u044d\u043a\u0438\u043f\u0438\u0440\u043e\u0432\u043a\u0435 \u0432\u0430\u0448\u0435\u0439 \u043a\u043e\u043c\u0430\u043d\u0434\u044b.<\/span><span class=\"uJ19be notranslate\" data-wiz-uids=\"boVB7d_1g,boVB7d_1h\" data-complete=\"true\"><span class=\"vKEkVd\" data-animation-atomic=\"\" data-wiz-attrbind=\"class=boVB7d_1f\/TKHnVd\" data-sae=\"\"><span aria-hidden=\"true\" aria-owns=\"action-menu-parent-container\">\u00a0<\/span><\/span><\/span><\/li>\n<\/ul>","protected":false},"excerpt":{"rendered":"<div class=\"otQkpb\" role=\"heading\" aria-level=\"3\" data-animation-nesting=\"\" data-sfc-cp=\"\" data-complete=\"true\" data-processed=\"true\" data-sae=\"\">Caracteristici Principale:<\/div>\n<ul class=\"KsbFXc U6u95\" data-complete=\"true\" data-processed=\"true\">\n<li data-hveid=\"CAEIBhAA\" data-complete=\"true\" data-sae=\"\"><span class=\"T286Pc\" data-sfc-cp=\"\" data-complete=\"true\"><strong class=\"Yjhzub\" data-complete=\"true\">Material Eco-Responsabil:<\/strong>\u00a0Confec\u021bionate din\u00a0<strong class=\"Yjhzub\" data-complete=\"true\">100% Poliester Tricotat (Knit)<\/strong>, ob\u021binut din materiale reciclate (PET), reprezent\u00e2nd o alegere sustenabil\u0103.<\/span><\/li>\n<li data-hveid=\"CAEIBhAB\" data-complete=\"true\" data-sae=\"\"><span class=\"T286Pc\" data-sfc-cp=\"\" data-complete=\"true\"><strong class=\"Yjhzub\" data-complete=\"true\">Ajustare Perfect\u0103:<\/strong>\u00a0Prev\u0103zute cu\u00a0<strong class=\"Yjhzub\" data-complete=\"true\">\u0219nur plat (coulisse piatta)<\/strong>\u00a0pentru o ajustare simpl\u0103, sigur\u0103 \u0219i confortabil\u0103 \u00een talie.<\/span><\/li>\n<li data-hveid=\"CAEIBhAC\" data-complete=\"true\" data-sae=\"\"><span class=\"T286Pc\" data-sfc-cp=\"\" data-complete=\"true\"><strong class=\"Yjhzub\" data-complete=\"true\">Ventila\u021bie Avansat\u0103:<\/strong>\u00a0<strong class=\"Yjhzub\" data-complete=\"true\">Inser\u021biile laterale din Eco-mesh<\/strong>\u00a0(plas\u0103 ecologic\u0103) asigur\u0103 o aerisire superioar\u0103 a corpului, men\u021bin\u00e2nd pielea uscat\u0103 \u0219i r\u0103coroas\u0103.<\/span><\/li>\n<li data-hveid=\"CAEIBhAD\" data-complete=\"true\" data-sae=\"\"><span class=\"T286Pc\" data-sfc-cp=\"\" data-complete=\"true\"><strong class=\"Yjhzub\" data-complete=\"true\">Design Feminin:<\/strong> Croial\u0103 optimizat\u0103 pentru silueta feminin\u0103, oferind libertate de mi\u0219care.<\/span><\/li>\n<\/ul>\n<div class=\"Fsg96\" data-sfc-cp=\"\" data-complete=\"true\" data-processed=\"true\"><\/div>\n<div class=\"otQkpb\" role=\"heading\" aria-level=\"3\" data-animation-nesting=\"\" data-sfc-cp=\"\" data-complete=\"true\" data-processed=\"true\" data-sae=\"\">Specifica\u021bii Tehnice:<\/div>\n<ul class=\"KsbFXc U6u95\" data-complete=\"true\" data-processed=\"true\">\n<li data-hveid=\"CAEICBAA\" data-complete=\"true\" data-sae=\"\"><span class=\"T286Pc\" data-sfc-cp=\"\" data-complete=\"true\"><strong class=\"Yjhzub\" data-complete=\"true\">Material Principal:<\/strong>\u00a0100% Poliester Reciclat Tricotat (Knit)<\/span><\/li>\n<li data-hveid=\"CAEICBAB\" data-complete=\"true\" data-sae=\"\"><span class=\"T286Pc\" data-sfc-cp=\"\" data-complete=\"true\"><strong class=\"Yjhzub\" data-complete=\"true\">Tehnologie:<\/strong>\u00a0Inser\u021bii laterale Eco-Mesh<\/span><\/li>\n<li data-hveid=\"CAEICBAC\" data-complete=\"true\" data-sae=\"\"><span class=\"T286Pc\" data-sfc-cp=\"\" data-complete=\"true\"><strong class=\"Yjhzub\" data-complete=\"true\">Talie:<\/strong>\u00a0Cu \u0219nur plat de ajustare<\/span><\/li>\n<li data-hveid=\"CAEICBAD\" data-complete=\"true\" data-sae=\"\"><span class=\"T286Pc\" data-sfc-cp=\"\" data-complete=\"true\" aria-owns=\"action-menu-parent-container\"><strong class=\"Yjhzub\" data-complete=\"true\">Gen:<\/strong>\u00a0Femei (Woman Fit)<\/span><\/li>\n<\/ul>","protected":false},"featured_media":83919,"template":"","meta":[],"product_brand":[44],"product_cat":[622,681],"product_tag":[],"class_list":{"0":"post-83915","1":"product","2":"type-product","3":"status-publish","4":"has-post-thumbnail","6":"product_brand-macron","7":"product_cat-basketball","8":"product_cat-bascet_dama","9":"pa_age_range-adulti","10":"pa_brand-macron","11":"pa_color-alb","12":"pa_color-albastru","13":"pa_color-albastru-inchis","14":"pa_color-verde","15":"pa_fit-slim","16":"pa_gender-femei","17":"pa_material-eco-mesh","18":"pa_size-3xl","19":"pa_size-l","20":"pa_size-m","21":"pa_size-s","22":"pa_size-xl","23":"pa_size-xs","24":"pa_size-xxl","26":"first","27":"instock","28":"shipping-taxable","29":"purchasable","30":"product-type-variable"},"_links":{"self":[{"href":"https:\/\/macron.md\/ru\/wp-json\/wp\/v2\/product\/83915","targetHints":{"allow":["GET"]}}],"collection":[{"href":"https:\/\/macron.md\/ru\/wp-json\/wp\/v2\/product"}],"about":[{"href":"https:\/\/macron.md\/ru\/wp-json\/wp\/v2\/types\/product"}],"wp:featuredmedia":[{"embeddable":true,"href":"https:\/\/macron.md\/ru\/wp-json\/wp\/v2\/media\/83919"}],"wp:attachment":[{"href":"https:\/\/macron.md\/ru\/wp-json\/wp\/v2\/media?parent=83915"}],"wp:term":[{"taxonomy":"product_brand","embeddable":true,"href":"https:\/\/macron.md\/ru\/wp-json\/wp\/v2\/product_brand?post=83915"},{"taxonomy":"product_cat","embeddable":true,"href":"https:\/\/macron.md\/ru\/wp-json\/wp\/v2\/product_cat?post=83915"},{"taxonomy":"product_tag","embeddable":true,"href":"https:\/\/macron.md\/ru\/wp-json\/wp\/v2\/product_tag?post=83915"}],"curies":[{"name":"wp","href":"https:\/\/api.w.org\/{rel}","templated":true}]}}