{"id":83121,"date":"2026-02-08T16:19:52","date_gmt":"2026-02-08T14:19:52","guid":{"rendered":"https:\/\/macron.md\/product\/rock-tricou-polo\/"},"modified":"2026-04-03T10:30:29","modified_gmt":"2026-04-03T08:30:29","slug":"rock-tricou-polo","status":"publish","type":"product","link":"https:\/\/macron.md\/ru\/product\/rock-tricou-polo\/","title":{"rendered":"ROCK TRICOU POLO"},"content":{"rendered":"<div class=\"Y3BBE\" data-sfc-cp=\"\" data-hveid=\"CAEIAhAA\" data-complete=\"true\" data-processed=\"true\"><strong class=\"Yjhzub\" data-complete=\"true\">\u201e\u041f\u043e\u043b\u044f \u0441 \u0434\u0432\u0443\u043c\u044f \u043f\u0443\u0433\u043e\u0432\u0438\u0446\u0430\u043c\u0438 \u0438\u0437 Hydrotex, \u043b\u0435\u0433\u043a\u0438\u0439 \u0438 \u0443\u0434\u043e\u0431\u043d\u044b\u0439 \u043f\u0438\u043a\u0435 \u0438\u0437 \u043f\u043e\u043b\u0438\u044d\u0441\u0442\u0435\u0440\u0430. \u0421\u043f\u0438\u043d\u043a\u0430 \u0438\u0437 \u043c\u0438\u043a\u0440\u043e\u0441\u0435\u0442\u043a\u0438 \u0433\u0430\u0440\u0430\u043d\u0442\u0438\u0440\u0443\u0435\u0442 \u043c\u0430\u043a\u0441\u0438\u043c\u0430\u043b\u044c\u043d\u0443\u044e \u0432\u043e\u0437\u0434\u0443\u0445\u043e\u043f\u0440\u043e\u043d\u0438\u0446\u0430\u0435\u043c\u043e\u0441\u0442\u044c, \u0432 \u0442\u043e \u0432\u0440\u0435\u043c\u044f \u043a\u0430\u043a \u043f\u043b\u0430\u043d\u043a\u0430 \u0434\u043b\u044f \u043f\u0443\u0433\u043e\u0432\u0438\u0446 \u0438 \u043c\u0430\u043d\u0436\u0435\u0442\u044b \u0440\u0443\u043a\u0430\u0432\u043e\u0432 \u0432\u044b\u043f\u043e\u043b\u043d\u0435\u043d\u044b \u0442\u0440\u0438\u043a\u043e\u0442\u0430\u0436\u043d\u044b\u043c\u0438. \u0421\u0443\u0431\u043b\u0438\u043c\u0430\u0446\u0438\u043e\u043d\u043d\u0430\u044f \u0442\u0435\u043a\u0441\u0442\u0443\u0440\u0430 \u0441 \u043e\u043f\u0442\u0438\u0447\u0435\u0441\u043a\u0438\u043c \u044d\u0444\u0444\u0435\u043a\u0442\u043e\u043c \u043d\u0430 \u0440\u0443\u043a\u0430\u0432\u0430\u0445 \u0438 \u043f\u043b\u0435\u0447\u0430\u0445.\u201d<\/strong><\/div>\n<div class=\"Fsg96\" data-sfc-cp=\"\" data-complete=\"true\" data-processed=\"true\"><\/div>\n<div class=\"otQkpb\" role=\"heading\" aria-level=\"3\" data-animation-nesting=\"\" data-sfc-cp=\"\" data-complete=\"true\" data-processed=\"true\" data-sae=\"\">\u0422\u0435\u0445\u043d\u0438\u0447\u0435\u0441\u043a\u0438\u0435 \u0434\u0435\u0442\u0430\u043b\u0438 \u0438 \u0442\u0435\u0440\u043c\u0438\u043d\u044b:<\/div>\n<ul class=\"KsbFXc U6u95\" data-complete=\"true\" data-processed=\"true\">\n<li data-hveid=\"CAEIBBAA\" data-complete=\"true\" data-sae=\"\"><span class=\"T286Pc\" data-sfc-cp=\"\" data-complete=\"true\"><strong class=\"Yjhzub\" data-complete=\"true\">\u041f\u043e\u043b\u0438\u044d\u0441\u0442\u0435\u0440 \u043f\u0438\u043a\u0435:<\/strong>\u00a0\u0422\u043a\u0430\u043d\u044c \u0441 \u043c\u0435\u043b\u043a\u043e\u0440\u0435\u043b\u044c\u0435\u0444\u043d\u043e\u0439 \u0442\u0435\u043a\u0441\u0442\u0443\u0440\u043e\u0439, \u0445\u0430\u0440\u0430\u043a\u0442\u0435\u0440\u043d\u0430\u044f \u0434\u043b\u044f \u043a\u0430\u0447\u0435\u0441\u0442\u0432\u0435\u043d\u043d\u044b\u0445 \u043f\u043e\u043b\u043e, \u043a\u043e\u0442\u043e\u0440\u0430\u044f \u043b\u0435\u0433\u043a\u043e \u043d\u0435 \u043c\u043d\u0435\u0442\u0441\u044f.<\/span><\/li>\n<li data-hveid=\"CAEIBBAB\" data-complete=\"true\" data-sae=\"\"><span class=\"T286Pc\" data-sfc-cp=\"\" data-complete=\"true\"><strong class=\"Yjhzub\" data-complete=\"true\">\u041f\u043b\u0430\u043d\u043a\u0430 \u0434\u043b\u044f \u043f\u0443\u0433\u043e\u0432\u0438\u0446 (Aba dos bot\u00f5es):<\/strong>\u00a0\u0423\u0441\u0438\u043b\u0435\u043d\u043d\u0430\u044f \u0447\u0430\u0441\u0442\u044c \u0432\u043e\u0440\u043e\u0442\u043d\u0438\u043a\u0430, \u0433\u0434\u0435 \u043f\u0440\u0438\u0448\u0438\u0432\u0430\u044e\u0442\u0441\u044f \u043f\u0443\u0433\u043e\u0432\u0438\u0446\u044b.<\/span><\/li>\n<li data-hveid=\"CAEIBBAC\" data-complete=\"true\" data-sae=\"\"><span class=\"T286Pc\" data-sfc-cp=\"\" data-complete=\"true\"><strong class=\"Yjhzub\" data-complete=\"true\">Textur\u0103 sublimat\u0103:<\/strong>\u00a0\u0422\u0438\u043f \u043f\u0435\u0447\u0430\u0442\u0438, \u043f\u0440\u044f\u043c\u0430\u044f \u0432 \u0432\u043e\u043b\u043e\u043a\u043d\u043e, \u043a\u043e\u0442\u043e\u0440\u0430\u044f \u043d\u0435 \u043e\u0449\u0443\u0449\u0430\u0435\u0442\u0441\u044f \u043d\u0430 \u043e\u0449\u0443\u043f\u044c \u0438 \u043f\u043e\u0437\u0432\u043e\u043b\u044f\u0435\u0442 \u043c\u0430\u0442\u0435\u0440\u0438\u0430\u043b\u0443 \u043f\u0440\u043e\u0434\u043e\u043b\u0436\u0430\u0442\u044c \u201e\u0434\u044b\u0448\u0430\u0442\u044c\u201d.<\/span><\/li>\n<li data-hveid=\"CAEIBBAD\" data-complete=\"true\" data-sae=\"\"><span class=\"T286Pc\" data-sfc-cp=\"\" data-complete=\"true\"><strong class=\"Yjhzub\" data-complete=\"true\">\u041e\u043f\u0442\u0438\u0447\u0435\u0441\u043a\u0438\u0439 \u044d\u0444\u0444\u0435\u043a\u0442:<\/strong> \u041e\u0442\u043d\u043e\u0441\u0438\u0442\u0441\u044f \u043a \u0433\u0440\u0430\u0444\u0438\u0447\u0435\u0441\u043a\u043e\u043c\u0443 \u0440\u0438\u0441\u0443\u043d\u043a\u0443 (\u0433\u0435\u043e\u043c\u0435\u0442\u0440\u0438\u0447\u0435\u0441\u043a\u043e\u043c\u0443 \u0438\u043b\u0438 \u0430\u0431\u0441\u0442\u0440\u0430\u043a\u0442\u043d\u043e\u043c\u0443), \u0441\u043e\u0437\u0434\u0430\u044e\u0449\u0435\u043c\u0443 \u0432\u043f\u0435\u0447\u0430\u0442\u043b\u0435\u043d\u0438\u0435 \u0433\u043b\u0443\u0431\u0438\u043d\u044b \u0438\u043b\u0438 \u0434\u0432\u0438\u0436\u0435\u043d\u0438\u044f.<\/span><\/li>\n<\/ul>","protected":false},"excerpt":{"rendered":"<ul class=\"KsbFXc U6u95\" data-processed=\"true\" data-complete=\"true\">\n<li data-hveid=\"CAEIBBAA\" data-complete=\"true\" data-sae=\"\"><span class=\"T286Pc\" data-sfc-cp=\"\" data-complete=\"true\"><strong class=\"Yjhzub\" data-complete=\"true\">Textur\u0103 sublimat\u0103:<\/strong>\u00a0Un model grafic imprimat direct \u00een fibra materialului (nu la suprafa\u021b\u0103), care permite pielii s\u0103 respire \u0219i nu se decoloreaz\u0103 la sp\u0103lare.<\/span><\/li>\n<li data-hveid=\"CAEIBBAB\" data-complete=\"true\" data-sae=\"\"><span class=\"T286Pc\" data-sfc-cp=\"\" data-complete=\"true\"><strong class=\"Yjhzub\" data-complete=\"true\">Guler \u0219i man\u0219ete tricotate (Vela e polsi in maglieria):<\/strong>\u00a0Elemente realizate dintr-o \u021bes\u0103tur\u0103 elastic\u0103 (tip rib) care ofer\u0103 un finisaj premium \u0219i \u00ee\u0219i p\u0103streaz\u0103 forma \u00een timp.<\/span><\/li>\n<li data-hveid=\"CAEIBBAC\" data-sae=\"\" data-complete=\"true\"><span class=\"T286Pc\" data-sfc-cp=\"\" data-complete=\"true\" aria-owns=\"action-menu-parent-container\"><strong class=\"Yjhzub\" data-complete=\"true\">Retro in micromesh:<\/strong>\u00a0Panou posterior din plas\u0103 ultra-fin\u0103 pentru o ventila\u021bie maxim\u0103 \u00een zonele de efort.<\/span><\/li>\n<\/ul>","protected":false},"featured_media":83129,"template":"","meta":[],"product_brand":[44],"product_cat":[736,634,732,685],"product_tag":[],"class_list":{"0":"post-83121","1":"product","2":"type-product","3":"status-publish","4":"has-post-thumbnail","6":"product_brand-macron","7":"product_cat-excellence","8":"product_cat-freetime","9":"product_cat-total_look","10":"product_cat-polo","11":"pa_age_range-adulti","12":"pa_brand-macron","13":"pa_color-alb","14":"pa_color-albastru","15":"pa_color-albastru-celest","16":"pa_color-albastru-inchis","17":"pa_color-bordo","18":"pa_color-negru","19":"pa_color-rosu","20":"pa_color-silver","21":"pa_color-verde-inchis","22":"pa_fit-slim","23":"pa_gender-barbati","24":"pa_material-poliestere","25":"pa_size-3xl","26":"pa_size-3xs","27":"pa_size-4xl","28":"pa_size-5xl","29":"pa_size-l","30":"pa_size-m","31":"pa_size-s","32":"pa_size-xl","33":"pa_size-xs","34":"pa_size-xxl","35":"pa_size-xxs","37":"first","38":"outofstock","39":"shipping-taxable","40":"purchasable","41":"product-type-variable"},"_links":{"self":[{"href":"https:\/\/macron.md\/ru\/wp-json\/wp\/v2\/product\/83121","targetHints":{"allow":["GET"]}}],"collection":[{"href":"https:\/\/macron.md\/ru\/wp-json\/wp\/v2\/product"}],"about":[{"href":"https:\/\/macron.md\/ru\/wp-json\/wp\/v2\/types\/product"}],"wp:featuredmedia":[{"embeddable":true,"href":"https:\/\/macron.md\/ru\/wp-json\/wp\/v2\/media\/83129"}],"wp:attachment":[{"href":"https:\/\/macron.md\/ru\/wp-json\/wp\/v2\/media?parent=83121"}],"wp:term":[{"taxonomy":"product_brand","embeddable":true,"href":"https:\/\/macron.md\/ru\/wp-json\/wp\/v2\/product_brand?post=83121"},{"taxonomy":"product_cat","embeddable":true,"href":"https:\/\/macron.md\/ru\/wp-json\/wp\/v2\/product_cat?post=83121"},{"taxonomy":"product_tag","embeddable":true,"href":"https:\/\/macron.md\/ru\/wp-json\/wp\/v2\/product_tag?post=83121"}],"curies":[{"name":"wp","href":"https:\/\/api.w.org\/{rel}","templated":true}]}}