{"id":82642,"date":"2026-02-08T16:19:38","date_gmt":"2026-02-08T14:19:38","guid":{"rendered":"https:\/\/macron.md\/product\/waltz-eco-tricou-polo-dama\/"},"modified":"2026-03-26T15:48:01","modified_gmt":"2026-03-26T13:48:01","slug":"waltz-eco-tricou-polo-dama","status":"publish","type":"product","link":"https:\/\/macron.md\/ru\/product\/waltz-eco-tricou-polo-dama\/","title":{"rendered":"\u0412\u0410\u041b\u042c\u0421 \u042d\u041a\u041e \u0424\u0423\u0422\u0411\u041e\u041b\u041a\u0410 \u041f\u041e\u041b\u041e \u0416\u0415\u041d\u0421\u041a\u0410\u042f"},"content":{"rendered":"<div class=\"otQkpb\" role=\"heading\" aria-level=\"3\" data-animation-nesting=\"\" data-sfc-cp=\"\" data-complete=\"true\" data-processed=\"true\" data-sae=\"\">\u0424\u0443\u0442\u0431\u043e\u043b\u043a\u0430 \u043f\u043e\u043b\u043e Macron Piqu\u00e9 (\u0416\u0435\u043d\u0441\u043a\u0430\u044f) \u2013 \u0421\u043f\u043e\u0440\u0442\u0438\u0432\u043d\u0430\u044f \u044d\u043b\u0435\u0433\u0430\u043d\u0442\u043d\u043e\u0441\u0442\u044c \u0438 \u043a\u043e\u043c\u0444\u043e\u0440\u0442<span class=\"uJ19be notranslate\" data-wiz-uids=\"hoYauc_j,hoYauc_k\" data-complete=\"true\"><span class=\"vKEkVd\" data-animation-atomic=\"\" data-wiz-attrbind=\"class=hoYauc_i\/TKHnVd\" data-sae=\"\"><span aria-hidden=\"true\">\u00a0<\/span><\/span><\/span><\/div>\n<div class=\"Y3BBE\" data-sfc-cp=\"\" data-hveid=\"CAEIBBAA\" data-complete=\"true\" data-processed=\"true\"><strong class=\"Yjhzub\" data-complete=\"true\">\u041a\u043b\u0430\u0441\u0441\u0438\u043a\u0430, \u043f\u0435\u0440\u0435\u043e\u0441\u043c\u044b\u0441\u043b\u0435\u043d\u043d\u0430\u044f \u0434\u043b\u044f \u0441\u043e\u0432\u0440\u0435\u043c\u0435\u043d\u043d\u043e\u0433\u043e \u0438 \u0443\u0434\u043e\u0431\u043d\u043e\u0433\u043e \u043e\u0431\u0440\u0430\u0437\u0430!<\/strong>\u00a0\u042d\u0442\u0430 \u0436\u0435\u043d\u0441\u043a\u0430\u044f \u043f\u043e\u043b\u043e \u0441\u043e\u0447\u0435\u0442\u0430\u0435\u0442 \u043f\u0440\u0435\u043c\u0438\u0430\u043b\u044c\u043d\u044b\u0439 \u043c\u0430\u0442\u0435\u0440\u0438\u0430\u043b \u0438\u0437 \u043f\u0438\u043a\u0435-\u0445\u043b\u043e\u043f\u043a\u0430 \u0441 \u043f\u0440\u043e\u0434\u0443\u043c\u0430\u043d\u043d\u044b\u043c\u0438 \u0434\u0438\u0437\u0430\u0439\u043d\u0435\u0440\u0441\u043a\u0438\u043c\u0438 \u0434\u0435\u0442\u0430\u043b\u044f\u043c\u0438, \u0438\u0434\u0435\u0430\u043b\u044c\u043d\u043e \u043f\u043e\u0434\u0445\u043e\u0434\u044f \u043a\u0430\u043a \u0434\u043b\u044f \u043f\u043e\u0432\u0441\u0435\u0434\u043d\u0435\u0432\u043d\u043e-\u0441\u043f\u043e\u0440\u0442\u0438\u0432\u043d\u043e\u0433\u043e \u0441\u0442\u0438\u043b\u044f, \u0442\u0430\u043a \u0438 \u0434\u043b\u044f \u0444\u043e\u0440\u043c\u044b \u0432\u0430\u0448\u0435\u0433\u043e \u043a\u043b\u0443\u0431\u0430.<span class=\"uJ19be notranslate\" data-wiz-uids=\"hoYauc_o,hoYauc_p\" data-complete=\"true\"><span class=\"vKEkVd\" data-animation-atomic=\"\" data-wiz-attrbind=\"class=hoYauc_n\/TKHnVd\" data-sae=\"\"><span aria-hidden=\"true\">\u00a0<\/span><\/span><\/span><\/div>\n<div class=\"Fsg96\" data-sfc-cp=\"\" data-complete=\"true\" data-processed=\"true\"><\/div>\n<div class=\"otQkpb\" role=\"heading\" aria-level=\"3\" data-animation-nesting=\"\" data-sfc-cp=\"\" data-complete=\"true\" data-processed=\"true\" data-sae=\"\">Caracteristici \u0219i Beneficii Principale:<\/div>\n<ul class=\"KsbFXc U6u95\" data-complete=\"true\" data-processed=\"true\">\n<li data-hveid=\"CAEIBhAA\" data-complete=\"true\" data-sae=\"\"><span class=\"T286Pc\" data-sfc-cp=\"\" data-complete=\"true\"><strong class=\"Yjhzub\" data-complete=\"true\">\u041f\u0440\u0435\u043c\u0438\u0430\u043b\u044c\u043d\u044b\u0439 \u043c\u0430\u0442\u0435\u0440\u0438\u0430\u043b \u0438\u0437 \u0445\u043b\u043e\u043f\u043a\u0430 \u043f\u0438\u043a\u0435:<\/strong>\u00a0\u0422\u043a\u0430\u043d\u044c \u043f\u0438\u043a\u0435 \u043c\u044f\u0433\u043a\u0430\u044f, \u0434\u044b\u0448\u0430\u0449\u0430\u044f \u0438 \u043f\u0440\u043e\u0447\u043d\u0430\u044f, \u043e\u0431\u0435\u0441\u043f\u0435\u0447\u0438\u0432\u0430\u044f \u043e\u0442\u043b\u0438\u0447\u043d\u044b\u0439 \u043a\u043e\u043c\u0444\u043e\u0440\u0442 \u0432 \u0442\u0435\u0447\u0435\u043d\u0438\u0435 \u0432\u0441\u0435\u0433\u043e \u0434\u043d\u044f.<\/span><\/li>\n<li data-hveid=\"CAEIBhAB\" data-complete=\"true\" data-sae=\"\"><span class=\"T286Pc\" data-sfc-cp=\"\" data-complete=\"true\"><strong class=\"Yjhzub\" data-complete=\"true\">Croial\u0103 Feminin\u0103:<\/strong>\u00a0\u0414\u0438\u0437\u0430\u0439\u043d \u043e\u043f\u0442\u0438\u043c\u0438\u0437\u0438\u0440\u043e\u0432\u0430\u043d \u043f\u043e\u0434 \u0436\u0435\u043d\u0441\u043a\u0443\u044e \u0444\u0438\u0433\u0443\u0440\u0443, \u043e\u0431\u0435\u0441\u043f\u0435\u0447\u0438\u0432\u0430\u044f \u044d\u043b\u0435\u0433\u0430\u043d\u0442\u043d\u0443\u044e, \u043d\u043e \u0441\u0432\u043e\u0431\u043e\u0434\u043d\u0443\u044e \u043f\u043e\u0441\u0430\u0434\u043a\u0443.<\/span><\/li>\n<li data-hveid=\"CAEIBhAC\" data-complete=\"true\" data-sae=\"\"><span class=\"T286Pc\" data-sfc-cp=\"\" data-complete=\"true\"><strong class=\"Yjhzub\" data-complete=\"true\">\u041a\u043e\u043d\u0442\u0440\u0430\u0441\u0442\u043d\u044b\u0435 \u0434\u0435\u0442\u0430\u043b\u0438:<\/strong><\/span>\n<ul class=\"KsbFXc U6u95\" data-complete=\"true\">\n<li data-hveid=\"CAEIBhAD\" data-complete=\"true\" data-sae=\"\"><span class=\"T286Pc\" data-sfc-cp=\"\" data-complete=\"true\"><strong class=\"Yjhzub\" data-complete=\"true\">\u041f\u043b\u0430\u043d\u043a\u0430 \u0441 3 \u043f\u0443\u0433\u043e\u0432\u0438\u0446\u0430\u043c\u0438:<\/strong>\u00a0\u042d\u043b\u0435\u0433\u0430\u043d\u0442\u043d\u0430\u044f \u0438 \u0444\u0443\u043d\u043a\u0446\u0438\u043e\u043d\u0430\u043b\u044c\u043d\u0430\u044f.<\/span><\/li>\n<li data-hveid=\"CAEIBhAE\" data-complete=\"true\" data-sae=\"\"><span class=\"T286Pc\" data-sfc-cp=\"\" data-complete=\"true\"><strong class=\"Yjhzub\" data-complete=\"true\">\u0412\u043e\u0440\u043e\u0442\u043d\u0438\u043a \u0438 \u043c\u0430\u043d\u0436\u0435\u0442\u044b \u0438\u0437 \u0442\u0440\u0438\u043a\u043e\u0442\u0430\u0436\u0430:<\/strong>\u00a0\u0421\u043d\u0430\u0431\u0436\u0435\u043d\u044b\u00a0<strong class=\"Yjhzub\" data-complete=\"true\">\u043a\u043e\u043d\u0442\u0440\u0430\u0441\u0442\u043d\u043e\u0439 \u043f\u043e\u043b\u043e\u0441\u043e\u0439<\/strong>\u00a0\u0434\u043b\u044f \u0434\u0438\u043d\u0430\u043c\u0438\u0447\u043d\u043e\u0433\u043e \u0438 \u0441\u043e\u0432\u0440\u0435\u043c\u0435\u043d\u043d\u043e\u0433\u043e \u0432\u0438\u0437\u0443\u0430\u043b\u044c\u043d\u043e\u0433\u043e \u0430\u043a\u0446\u0435\u043d\u0442\u0430.<\/span><\/li>\n<\/ul>\n<\/li>\n<li data-hveid=\"CAEIBhAF\" data-complete=\"true\" data-sae=\"\"><span class=\"T286Pc\" data-sfc-cp=\"\" data-complete=\"true\"><strong class=\"Yjhzub\" data-complete=\"true\">Libertate de Mi\u0219care:<\/strong>\u00a0<strong class=\"Yjhzub\" data-complete=\"true\">\u0411\u043e\u043a\u043e\u0432\u044b\u0435 \u0440\u0430\u0437\u0440\u0435\u0437\u044b<\/strong>\u00a0asigur\u0103 o mobilitate superioar\u0103 \u0219i un confort sporit, prevenind str\u00e2ngerea materialului \u00een zona \u0219oldurilor.<\/span><span class=\"uJ19be notranslate\" data-wiz-uids=\"hoYauc_1i,hoYauc_1j\" data-complete=\"true\"><span class=\"vKEkVd\" data-animation-atomic=\"\" data-wiz-attrbind=\"class=hoYauc_1h\/TKHnVd\" data-sae=\"\"><span aria-hidden=\"true\" aria-owns=\"action-menu-parent-container\">\u00a0<\/span><\/span><\/span><\/li>\n<\/ul>","protected":false},"excerpt":{"rendered":"<div class=\"otQkpb\" role=\"heading\" aria-level=\"3\" data-animation-nesting=\"\" data-sfc-cp=\"\" data-complete=\"true\" data-processed=\"true\" data-sae=\"\">Caracteristici Principale:<\/div>\n<ul class=\"KsbFXc U6u95\" data-complete=\"true\" data-processed=\"true\">\n<li data-hveid=\"CAEIBhAA\" data-complete=\"true\" data-sae=\"\"><span class=\"T286Pc\" data-sfc-cp=\"\" data-complete=\"true\"><strong class=\"Yjhzub\" data-complete=\"true\">Material Premium:<\/strong>\u00a0Confec\u021bionat din\u00a0<strong class=\"Yjhzub\" data-complete=\"true\">100% Bumbac Tricotat (Cotton Knit)<\/strong>\u00a0\u2013 material moale, respirabil \u0219i pl\u0103cut la atingere, ideal pentru confortul zilnic.<\/span><\/li>\n<li data-hveid=\"CAEIBhAB\" data-complete=\"true\" data-sae=\"\"><span class=\"T286Pc\" data-sfc-cp=\"\" data-complete=\"true\"><strong class=\"Yjhzub\" data-complete=\"true\">Croial\u0103 Feminin\u0103 (Woman Polo):<\/strong>\u00a0Designul este optimizat pentru silueta feminin\u0103, asigur\u00e2nd o potrivire (fit) elegant\u0103 \u0219i modern\u0103.<\/span><\/li>\n<li data-hveid=\"CAEIBhAC\" data-complete=\"true\" data-sae=\"\"><span class=\"T286Pc\" data-sfc-cp=\"\" data-complete=\"true\"><strong class=\"Yjhzub\" data-complete=\"true\">Fent\u0103 cu 3 Nasturi:<\/strong>\u00a0Elegant\u0103 \u0219i func\u021bional\u0103, cu \u00eenchidere discret\u0103.<\/span><\/li>\n<li data-hveid=\"CAEIBhAD\" data-complete=\"true\" data-sae=\"\"><span class=\"T286Pc\" data-sfc-cp=\"\" data-complete=\"true\"><strong class=\"Yjhzub\" data-complete=\"true\">Guler \u0219i Man\u0219ete din Tricotaj:<\/strong>\u00a0<strong class=\"Yjhzub\" data-complete=\"true\">Gulerul tip vel\u0103 (vela in maglieria)<\/strong>\u00a0\u0219i\u00a0<strong class=\"Yjhzub\" data-complete=\"true\">man\u0219etele (polsi) finisate cu tricotaj<\/strong>\u00a0ofer\u0103 un aspect \u00eengrijit, structurat \u0219i durabil.<\/span><\/li>\n<li data-hveid=\"CAEIBhAE\" data-complete=\"true\" data-sae=\"\"><span class=\"T286Pc\" data-sfc-cp=\"\" data-complete=\"true\"><strong class=\"Yjhzub\" data-complete=\"true\">Libertate de Mi\u0219care:<\/strong>\u00a0<strong class=\"Yjhzub\" data-complete=\"true\">\u0218li\u021burile laterale (spacchetti laterali)<\/strong> asigur\u0103 o mobilitate superioar\u0103 \u0219i un confort sporit, prevenind str\u00e2ngerea materialului \u00een zona \u0219oldurilor.<\/span><\/li>\n<\/ul>\n<div class=\"Fsg96\" data-sfc-cp=\"\" data-complete=\"true\" data-processed=\"true\"><\/div>\n<div class=\"otQkpb\" role=\"heading\" aria-level=\"3\" data-animation-nesting=\"\" data-sfc-cp=\"\" data-complete=\"true\" data-processed=\"true\" data-sae=\"\">Specifica\u021bii Tehnice:<\/div>\n<ul class=\"KsbFXc U6u95\" data-complete=\"true\" data-processed=\"true\">\n<li data-hveid=\"CAEICBAA\" data-complete=\"true\" data-sae=\"\"><span class=\"T286Pc\" data-sfc-cp=\"\" data-complete=\"true\"><strong class=\"Yjhzub\" data-complete=\"true\">\u041c\u0430\u0442\u0435\u0440\u0438\u0430\u043b:<\/strong>\u00a0100% Bumbac Tricotat (Knit)<\/span><\/li>\n<li data-hveid=\"CAEICBAB\" data-complete=\"true\" data-sae=\"\"><span class=\"T286Pc\" data-sfc-cp=\"\" data-complete=\"true\"><strong class=\"Yjhzub\" data-complete=\"true\">Nasturi:<\/strong>\u00a03<\/span><\/li>\n<li data-hveid=\"CAEICBAC\" data-complete=\"true\" data-sae=\"\"><span class=\"T286Pc\" data-sfc-cp=\"\" data-complete=\"true\"><strong class=\"Yjhzub\" data-complete=\"true\">Detalii:<\/strong>\u00a0Guler \u0219i man\u0219ete din tricotaj, \u0219li\u021buri laterale<\/span><\/li>\n<li data-hveid=\"CAEICBAD\" data-complete=\"true\" data-sae=\"\"><span class=\"T286Pc\" data-sfc-cp=\"\" data-complete=\"true\"><strong class=\"Yjhzub\" data-complete=\"true\">Gen:<\/strong>\u00a0Feminin<\/span><\/li>\n<\/ul>\n<div class=\"Fsg96\" data-sfc-cp=\"\" data-complete=\"true\" data-processed=\"true\"><\/div>\n<hr class=\"j3tEEe\" data-serialized-params=\"[]\" data-complete=\"true\" data-processed=\"true\" data-sae=\"\" \/>","protected":false},"featured_media":82654,"template":"","meta":[],"product_brand":[44],"product_cat":[634,686],"product_tag":[],"class_list":{"0":"post-82642","1":"product","2":"type-product","3":"status-publish","4":"has-post-thumbnail","6":"product_brand-macron","7":"product_cat-freetime","8":"product_cat-tricou_polo","9":"pa_age_range-adulti","10":"pa_brand-macron","11":"pa_color-alb","12":"pa_color-albastru","13":"pa_color-albastru-inchis","14":"pa_color-gri","15":"pa_color-negru","16":"pa_color-rosu","17":"pa_fit-slim","18":"pa_gender-femei","19":"pa_material-bci-cotone-sostenibile","20":"pa_size-3xl","21":"pa_size-l","22":"pa_size-m","23":"pa_size-s","24":"pa_size-xl","25":"pa_size-xs","26":"pa_size-xxl","28":"first","29":"outofstock","30":"shipping-taxable","31":"purchasable","32":"product-type-variable"},"_links":{"self":[{"href":"https:\/\/macron.md\/ru\/wp-json\/wp\/v2\/product\/82642","targetHints":{"allow":["GET"]}}],"collection":[{"href":"https:\/\/macron.md\/ru\/wp-json\/wp\/v2\/product"}],"about":[{"href":"https:\/\/macron.md\/ru\/wp-json\/wp\/v2\/types\/product"}],"wp:featuredmedia":[{"embeddable":true,"href":"https:\/\/macron.md\/ru\/wp-json\/wp\/v2\/media\/82654"}],"wp:attachment":[{"href":"https:\/\/macron.md\/ru\/wp-json\/wp\/v2\/media?parent=82642"}],"wp:term":[{"taxonomy":"product_brand","embeddable":true,"href":"https:\/\/macron.md\/ru\/wp-json\/wp\/v2\/product_brand?post=82642"},{"taxonomy":"product_cat","embeddable":true,"href":"https:\/\/macron.md\/ru\/wp-json\/wp\/v2\/product_cat?post=82642"},{"taxonomy":"product_tag","embeddable":true,"href":"https:\/\/macron.md\/ru\/wp-json\/wp\/v2\/product_tag?post=82642"}],"curies":[{"name":"wp","href":"https:\/\/api.w.org\/{rel}","templated":true}]}}