{"id":82453,"date":"2026-02-08T16:19:31","date_gmt":"2026-02-08T14:19:31","guid":{"rendered":"https:\/\/macron.md\/product\/reggae-hero-pantaloni-scurti\/"},"modified":"2026-04-03T10:30:43","modified_gmt":"2026-04-03T08:30:43","slug":"reggae-hero-pantaloni-scurti","status":"publish","type":"product","link":"https:\/\/macron.md\/ru\/product\/reggae-hero-pantaloni-scurti\/","title":{"rendered":"REGGAE HERO PANTALONI SCUR\u021aI"},"content":{"rendered":"<div class=\"Y3BBE\" data-sfc-cp=\"\" data-hveid=\"CAEIAhAA\" data-complete=\"true\" data-processed=\"true\"><strong class=\"Yjhzub\" data-complete=\"true\">\u201e\u0428\u043e\u0440\u0442\u044b Bermuda Reggae Hero, \u0438\u0437\u0433\u043e\u0442\u043e\u0432\u043b\u0435\u043d\u043d\u044b\u0435 \u0438\u0437 \u044d\u043b\u0430\u0441\u0442\u0438\u0447\u043d\u043e\u0433\u043e \u043c\u0430\u0442\u0435\u0440\u0438\u0430\u043b\u0430 \u0441 \u0440\u0430\u0437\u0440\u0435\u0437\u0430\u043c\u0438 \u0432\u043d\u0438\u0437\u0443 \u0448\u0442\u0430\u043d\u0438\u043d, \u044f\u0432\u043b\u044f\u044e\u0442\u0441\u044f \u0438\u0434\u0435\u0430\u043b\u044c\u043d\u043e\u0439 \u043e\u0434\u0435\u0436\u0434\u043e\u0439, \u0435\u0441\u043b\u0438 \u0432\u044b \u0438\u0449\u0435\u0442\u0435 \u043a\u043e\u043c\u0444\u043e\u0440\u0442 \u0438 \u043f\u0440\u043e\u0441\u0442\u043e\u0442\u0443. \u041b\u043e\u0433\u043e\u0442\u0438\u043f Macron Hero \u0438\u0437 \u0441\u0438\u043b\u0438\u043a\u043e\u043d\u0430, \u043d\u0430\u043d\u0435\u0441\u0435\u043d\u043d\u044b\u0439 \u043c\u0435\u0442\u043e\u0434\u043e\u043c \u0442\u0435\u0440\u043c\u043e\u043f\u0435\u0447\u0430\u0442\u0438 \u0432 \u043d\u0438\u0436\u043d\u0435\u0439 \u0447\u0430\u0441\u0442\u0438 \u0448\u0442\u0430\u043d\u0438\u043d\u044b, \u043f\u0440\u0438\u0434\u0430\u0435\u0442 \u0441\u0442\u0438\u043b\u044c \u0438 \u0443\u043d\u0438\u043a\u0430\u043b\u044c\u043d\u043e\u0441\u0442\u044c \u043f\u0440\u0435\u0434\u043c\u0435\u0442\u0443 \u043e\u0434\u0435\u0436\u0434\u044b. \u0412\u044b \u0442\u0430\u043a\u0436\u0435 \u043d\u0430\u0439\u0434\u0435\u0442\u0435 \u0434\u0432\u0430 \u0431\u043e\u043a\u043e\u0432\u044b\u0445 \u043a\u0430\u0440\u043c\u0430\u043d\u0430, \u043a\u043e\u0442\u043e\u0440\u044b\u0435 \u043f\u043e\u0437\u0432\u043e\u043b\u044f\u0442 \u0432\u0430\u043c \u043d\u043e\u0441\u0438\u0442\u044c \u0441 \u0441\u043e\u0431\u043e\u0439 \u0432\u0441\u0435 \u043d\u0435\u043e\u0431\u0445\u043e\u0434\u0438\u043c\u043e\u0435\u201d.\u201d<\/strong><\/div>\n<div class=\"Fsg96\" data-sfc-cp=\"\" data-complete=\"true\" data-processed=\"true\"><\/div>\n<hr class=\"j3tEEe\" data-serialized-params=\"[]\" data-complete=\"true\" data-processed=\"true\" data-sae=\"\" \/>\n<div class=\"Fsg96\" data-sfc-cp=\"\" data-complete=\"true\" data-processed=\"true\"><\/div>\n<div class=\"otQkpb\" role=\"heading\" aria-level=\"3\" data-animation-nesting=\"\" data-sfc-cp=\"\" data-complete=\"true\" data-processed=\"true\" data-sae=\"\">\u041a\u043b\u044e\u0447\u0435\u0432\u044b\u0435 \u0434\u0435\u0442\u0430\u043b\u0438 \u0438 \u0442\u0435\u0440\u043c\u0438\u043d\u044b:<\/div>\n<ul class=\"KsbFXc U6u95\" data-complete=\"true\" data-processed=\"true\">\n<li data-hveid=\"CAEIBRAA\" data-complete=\"true\" data-sae=\"\"><span class=\"T286Pc\" data-sfc-cp=\"\" data-complete=\"true\"><strong class=\"Yjhzub\" data-complete=\"true\">\u0411\u0435\u0440\u043c\u0443\u0434\u044b:<\/strong>\u00a0\u0421\u0442\u0430\u043d\u0434\u0430\u0440\u0442\u043d\u044b\u0439 \u0440\u0443\u043c\u044b\u043d\u0441\u043a\u0438\u0439 \u0442\u0435\u0440\u043c\u0438\u043d \u0434\u043b\u044f \u044d\u0442\u043e\u0433\u043e \u0442\u0438\u043f\u0430 \u0448\u043e\u0440\u0442.<\/span><\/li>\n<li data-hveid=\"CAEIBRAB\" data-complete=\"true\" data-sae=\"\"><span class=\"T286Pc\" data-sfc-cp=\"\" data-complete=\"true\"><strong class=\"Yjhzub\" data-complete=\"true\">\u0420\u0430\u0437\u0440\u0435\u0437\u044b \u0432\u043d\u0438\u0437\u0443 \u0448\u0442\u0430\u043d\u0438\u043d:<\/strong>\u00a0\u041f\u0435\u0440\u0435\u0432\u043e\u0434 \u0434\u043b\u044f\u00a0<em class=\"eujQNb\" data-complete=\"true\">\u201e\u0440\u0430\u0437\u0440\u0435\u0437\u044b \u0432\u043d\u0438\u0437\u0443 \u0448\u0442\u0430\u043d\u0438\u043d\u044b\u201d<\/em>, \u0434\u0435\u0442\u0430\u043b\u044c \u0434\u0438\u0437\u0430\u0439\u043d\u0430, \u043e\u0431\u043b\u0435\u0433\u0447\u0430\u044e\u0449\u0430\u044f \u0434\u0432\u0438\u0436\u0435\u043d\u0438\u0435.<\/span><\/li>\n<li data-hveid=\"CAEIBRAC\" data-complete=\"true\" data-sae=\"\"><span class=\"T286Pc\" data-sfc-cp=\"\" data-complete=\"true\"><strong class=\"Yjhzub\" data-complete=\"true\">\u0422\u0435\u0440\u043c\u043e\u043f\u0435\u0447\u0430\u0442\u044c (\u0442\u0435\u0440\u043c\u043e\u043f\u0435\u0447\u0430\u0442\u044c):<\/strong>\u00a0\u041c\u0435\u0442\u043e\u0434 \u043d\u0430\u043d\u0435\u0441\u0435\u043d\u0438\u044f \u043b\u043e\u0433\u043e\u0442\u0438\u043f\u0430, \u043e\u0431\u0435\u0441\u043f\u0435\u0447\u0438\u0432\u0430\u044e\u0449\u0438\u0439 \u0435\u0433\u043e \u0434\u043e\u043b\u0433\u043e\u0432\u0435\u0447\u043d\u043e\u0441\u0442\u044c.<\/span><\/li>\n<li data-hveid=\"CAEIBRAD\" data-complete=\"true\" data-sae=\"\"><span class=\"T286Pc\" data-sfc-cp=\"\" data-complete=\"true\"><strong class=\"Yjhzub\" data-complete=\"true\">Macron Hero:<\/strong> \u041d\u0430\u0437\u0432\u0430\u043d\u0438\u0435 \u043b\u043e\u0433\u043e\u0442\u0438\u043f\u0430 \u0431\u0440\u0435\u043d\u0434\u0430.<\/span><\/li>\n<\/ul>","protected":false},"excerpt":{"rendered":"<ul class=\"KsbFXc U6u95\" data-complete=\"true\" data-processed=\"true\">\n<li data-hveid=\"CAEIBRAA\" data-complete=\"true\" data-sae=\"\"><span class=\"T286Pc\" data-sfc-cp=\"\" data-complete=\"true\"><strong class=\"Yjhzub\" data-complete=\"true\">Slip interior din crepe:<\/strong>\u00a0Specific\u0103 o c\u0103ptu\u0219eal\u0103 interioar\u0103 confortabil\u0103, realizat\u0103 dintr-un material u\u0219or \u0219i texturat (crepe).<\/span><\/li>\n<li data-hveid=\"CAEIBRAB\" data-complete=\"true\" data-sae=\"\"><span class=\"T286Pc\" data-sfc-cp=\"\" data-complete=\"true\"><strong class=\"Yjhzub\" data-complete=\"true\">Sacco tasca met\u00e0 in tessuto principale met\u00e0 in mesh:<\/strong>\u00a0Un detaliu de design care combin\u0103 rezisten\u021ba materialului principal cu ventila\u021bia oferit\u0103 de mesh \u00een interiorul buzunarului.<\/span><\/li>\n<li data-hveid=\"CAEIBRAC\" data-complete=\"true\" data-sae=\"\"><span class=\"T286Pc\" data-sfc-cp=\"\" data-complete=\"true\"><strong class=\"Yjhzub\" data-complete=\"true\">Imprimare cauciucat\u0103:<\/strong>\u00a0Tehnica de aplicare a logoului, care \u00eei confer\u0103 durabilitate \u0219i un aspect tactil (cauciucat).<\/span><\/li>\n<li data-hveid=\"CAEIBRAD\" data-complete=\"true\" data-sae=\"\"><span class=\"T286Pc\" data-sfc-cp=\"\" data-complete=\"true\"><strong class=\"Yjhzub\" data-complete=\"true\">88% Poliester 12% Elastan Woven:<\/strong> Compozi\u021bia materialului (\u021besut, nu tricotat), care indic\u0103 faptul c\u0103 este un material tehnic, u\u0219or elastic, ideal pentru activit\u0103\u021bi sportive.<\/span><\/li>\n<\/ul>","protected":false},"featured_media":82462,"template":"","meta":[],"product_brand":[44],"product_cat":[634,665],"product_tag":[],"class_list":{"0":"post-82453","1":"product","2":"type-product","3":"status-publish","4":"has-post-thumbnail","6":"product_brand-macron","7":"product_cat-freetime","8":"product_cat-bermuda-pant","9":"pa_age_range-adulti","10":"pa_brand-macron","11":"pa_color-albastru-inchis","12":"pa_color-negru","13":"pa_fit-regular","14":"pa_gender-barbati","15":"pa_material-poliestere","16":"pa_size-3xl","17":"pa_size-4xl","18":"pa_size-5xl","19":"pa_size-l","20":"pa_size-m","21":"pa_size-s","22":"pa_size-xl","23":"pa_size-xxl","25":"first","26":"instock","27":"shipping-taxable","28":"purchasable","29":"product-type-variable"},"_links":{"self":[{"href":"https:\/\/macron.md\/ru\/wp-json\/wp\/v2\/product\/82453","targetHints":{"allow":["GET"]}}],"collection":[{"href":"https:\/\/macron.md\/ru\/wp-json\/wp\/v2\/product"}],"about":[{"href":"https:\/\/macron.md\/ru\/wp-json\/wp\/v2\/types\/product"}],"wp:featuredmedia":[{"embeddable":true,"href":"https:\/\/macron.md\/ru\/wp-json\/wp\/v2\/media\/82462"}],"wp:attachment":[{"href":"https:\/\/macron.md\/ru\/wp-json\/wp\/v2\/media?parent=82453"}],"wp:term":[{"taxonomy":"product_brand","embeddable":true,"href":"https:\/\/macron.md\/ru\/wp-json\/wp\/v2\/product_brand?post=82453"},{"taxonomy":"product_cat","embeddable":true,"href":"https:\/\/macron.md\/ru\/wp-json\/wp\/v2\/product_cat?post=82453"},{"taxonomy":"product_tag","embeddable":true,"href":"https:\/\/macron.md\/ru\/wp-json\/wp\/v2\/product_tag?post=82453"}],"curies":[{"name":"wp","href":"https:\/\/api.w.org\/{rel}","templated":true}]}}