{"id":81859,"date":"2026-02-08T16:19:15","date_gmt":"2026-02-08T14:19:15","guid":{"rendered":"https:\/\/macron.md\/product\/minerva-poly-pantaloni-dama\/"},"modified":"2026-04-03T10:30:41","modified_gmt":"2026-04-03T08:30:41","slug":"minerva-poly-pantaloni-dama","status":"publish","type":"product","link":"https:\/\/macron.md\/ru\/product\/minerva-poly-pantaloni-dama\/","title":{"rendered":"MINERVA POLY PANTALONI DAM\u0102"},"content":{"rendered":"<p><strong class=\"Yjhzub\" data-complete=\"true\" aria-owns=\"action-menu-parent-container\">\u0416\u0435\u043d\u0441\u043a\u0438\u0435 \u0434\u043e\u0440\u043e\u0436\u043d\u044b\u0435 \u0431\u0440\u044e\u043a\u0438 \u0438\u0437 \u043c\u0430\u0442\u0435\u0440\u0438\u0430\u043b\u0430 Confortex \u0441 \u044d\u043b\u0430\u0441\u0442\u0438\u0447\u043d\u044b\u043c \u043f\u043e\u044f\u0441\u043e\u043c \u043d\u0430 \u043f\u043b\u043e\u0441\u043a\u043e\u043c \u0448\u043d\u0443\u0440\u043a\u0435. \u0411\u043e\u043b\u044c\u0448\u0438\u0435 \u0431\u043e\u043a\u043e\u0432\u044b\u0435 \u0441\u0435\u0442\u0447\u0430\u0442\u044b\u0435 \u043a\u0430\u0440\u043c\u0430\u043d\u044b \u043d\u0430 \u043c\u043e\u043b\u043d\u0438\u0438. \u041d\u0438\u0437 \u0448\u0442\u0430\u043d\u0438\u043d \u043e\u0444\u043e\u0440\u043c\u043b\u0435\u043d \u043a\u043e\u043d\u0442\u0440\u0430\u0441\u0442\u043d\u043e\u0439 \u043e\u043a\u0430\u043d\u0442\u043e\u0432\u043a\u043e\u0439 \u0438 \u043c\u0430\u043d\u0436\u0435\u0442\u0430\u043c\u0438 \u0438\u0437 \u0442\u0440\u0438\u043a\u043e\u0442\u0430\u0436\u043d\u043e\u0433\u043e \u043c\u0430\u0442\u0435\u0440\u0438\u0430\u043b\u0430. \u0414\u043e\u0441\u0442\u0443\u043f\u043d\u044b \u0432 3 \u0432\u0430\u0440\u0438\u0430\u043d\u0442\u0430\u0445 \u0440\u0430\u0441\u0446\u0432\u0435\u0442\u043e\u043a.<\/strong><\/p>\n<ul class=\"KsbFXc U6u95\" data-complete=\"true\" data-processed=\"true\">\n<li data-hveid=\"CAEIAhAA\" data-complete=\"true\" data-sae=\"\"><span class=\"T286Pc\" data-sfc-cp=\"\" data-complete=\"true\"><strong class=\"Yjhzub\" data-complete=\"true\">\u0414\u043e\u0440\u043e\u0436\u043d\u044b\u0435 \u0431\u0440\u044e\u043a\u0438 \u0434\u043b\u044f \u0436\u0435\u043d\u0449\u0438\u043d:<\/strong>\u00a0\u041f\u0440\u0435\u0434\u043c\u0435\u0442 \u0436\u0435\u043d\u0441\u043a\u043e\u0439 \u043e\u0434\u0435\u0436\u0434\u044b, \u0441\u043f\u0435\u0446\u0438\u0430\u043b\u044c\u043d\u043e \u0440\u0430\u0437\u0440\u0430\u0431\u043e\u0442\u0430\u043d\u043d\u044b\u0439 \u0434\u043b\u044f \u043a\u043e\u043c\u0444\u043e\u0440\u0442\u0430 \u0432\u043e \u0432\u0440\u0435\u043c\u044f \u043f\u0443\u0442\u0435\u0448\u0435\u0441\u0442\u0432\u0438\u0439.<\/span><\/li>\n<li data-hveid=\"CAEIAhAB\" data-complete=\"true\" data-sae=\"\"><span class=\"T286Pc\" data-sfc-cp=\"\" data-complete=\"true\"><strong class=\"Yjhzub\" data-complete=\"true\">\u041c\u0430\u0442\u0435\u0440\u0438\u0430\u043b Confortex:<\/strong>\u00a0\u041c\u044f\u0433\u043a\u0430\u044f, \u044d\u043b\u0430\u0441\u0442\u0438\u0447\u043d\u0430\u044f \u0442\u043a\u0430\u043d\u044c, \u0438\u0434\u0435\u0430\u043b\u044c\u043d\u0430\u044f \u0434\u043b\u044f \u0434\u043b\u0438\u0442\u0435\u043b\u044c\u043d\u043e\u0433\u043e \u043d\u043e\u0448\u0435\u043d\u0438\u044f \u0438 \u0430\u043a\u0442\u0438\u0432\u043d\u043e\u0439 \u0434\u0435\u044f\u0442\u0435\u043b\u044c\u043d\u043e\u0441\u0442\u0438.<\/span><\/li>\n<li data-hveid=\"CAEIAhAC\" data-complete=\"true\" data-sae=\"\"><span class=\"T286Pc\" data-sfc-cp=\"\" data-complete=\"true\"><strong class=\"Yjhzub\" data-complete=\"true\">\u0421\u0435\u0442\u0447\u0430\u0442\u044b\u0435 \u043a\u0430\u0440\u043c\u0430\u043d\u044b \u043d\u0430 \u043c\u043e\u043b\u043d\u0438\u0438:<\/strong>\u00a0\u041d\u0435\u043d\u0430\u0432\u044f\u0437\u0447\u0438\u0432\u044b\u0435 \u043a\u0430\u0440\u043c\u0430\u043d\u044b, \u0432\u0441\u0442\u0440\u043e\u0435\u043d\u043d\u044b\u0435 \u0432 \u043a\u043e\u043d\u0441\u0442\u0440\u0443\u043a\u0446\u0438\u044e \u0431\u0440\u044e\u043a, \u0437\u0430\u0441\u0442\u0435\u0433\u0438\u0432\u0430\u044e\u0442\u0441\u044f \u043d\u0430 \u043c\u043e\u043b\u043d\u0438\u044e.<\/span><\/li>\n<li data-hveid=\"CAEIAhAD\" data-complete=\"true\" data-sae=\"\"><span class=\"T286Pc\" data-sfc-cp=\"\" data-complete=\"true\"><strong class=\"Yjhzub\" data-complete=\"true\">\u0414\u0435\u043a\u043e\u0440\u0430\u0442\u0438\u0432\u043d\u0430\u044f \u043e\u043a\u0430\u043d\u0442\u043e\u0432\u043a\u0430 (piping) \u0438 \u0442\u0440\u0438\u043a\u043e\u0442\u0430\u0436\u043d\u044b\u0435 \u043c\u0430\u043d\u0436\u0435\u0442\u044b:<\/strong> \u042d\u043b\u0435\u0433\u0430\u043d\u0442\u043d\u044b\u0435 \u043e\u0442\u0434\u0435\u043b\u043e\u0447\u043d\u044b\u0435 \u0434\u0435\u0442\u0430\u043b\u0438 \u0432 \u0441\u043e\u0447\u0435\u0442\u0430\u043d\u0438\u0438 \u0441 \u0440\u0435\u0431\u0440\u0438\u0441\u0442\u043e\u0439 \u0440\u0435\u0437\u0438\u043d\u043a\u043e\u0439 \u0432\u043d\u0438\u0437\u0443 \u0448\u0442\u0430\u043d\u0438\u043d \u0434\u043b\u044f \u043e\u043f\u0442\u0438\u043c\u0430\u043b\u044c\u043d\u043e\u0439 \u043f\u043e\u0441\u0430\u0434\u043a\u0438.<\/span><\/li>\n<\/ul>\n<div class=\"Fsg96\" data-sfc-cp=\"\" data-complete=\"true\" data-processed=\"true\"><\/div>\n<hr class=\"j3tEEe\" data-serialized-params=\"[]\" data-complete=\"true\" data-processed=\"true\" data-sae=\"\" \/>","protected":false},"excerpt":{"rendered":"<div class=\"Y3BBE\" data-sfc-cp=\"\" data-hveid=\"CAEIAhAA\" data-complete=\"true\" data-processed=\"true\"><strong class=\"Yjhzub\" data-complete=\"true\">Band\u0103 elastic\u0103 \u00een talie cu \u0219nur plat, Buzunare laterale tip filet cu fermoar, Margine (piping) ton pe ton la baza piciorului, Man\u0219ete din tricotaj la baza piciorului (glezne).<\/strong><br data-serialized-params=\"[]\" data-complete=\"true\" \/><strong class=\"Yjhzub\" data-complete=\"true\">100% POLIESTER<\/strong><\/div>\n<div class=\"Fsg96\" data-sfc-cp=\"\" data-complete=\"true\" data-processed=\"true\"><\/div>\n<hr class=\"j3tEEe\" data-serialized-params=\"[]\" data-complete=\"true\" data-processed=\"true\" data-sae=\"\" \/>\n<div class=\"Fsg96\" data-sfc-cp=\"\" data-complete=\"true\" data-processed=\"true\"><\/div>\n<div class=\"otQkpb\" role=\"heading\" aria-level=\"3\" data-animation-nesting=\"\" data-sfc-cp=\"\" data-complete=\"true\" data-processed=\"true\" data-sae=\"\">Detalii Terminologice:<\/div>\n<ul class=\"KsbFXc U6u95\" data-processed=\"true\" data-complete=\"true\">\n<li data-hveid=\"CAEIBhAA\" data-complete=\"true\" data-sae=\"\"><span class=\"T286Pc\" data-sfc-cp=\"\" data-complete=\"true\"><strong class=\"Yjhzub\" data-complete=\"true\">Fascione con coulisse piatta:<\/strong>\u00a0Banda lat\u0103 din talie cu \u0219nur plat (pentru confort maxim).<\/span><\/li>\n<li data-hveid=\"CAEIBhAB\" data-complete=\"true\" data-sae=\"\"><span class=\"T286Pc\" data-sfc-cp=\"\" data-complete=\"true\"><strong class=\"Yjhzub\" data-complete=\"true\">Tasche a filetto con zip:<\/strong>\u00a0Buzunare discrete, integrate \u00een cus\u0103tur\u0103, securizate cu fermoar.<\/span><\/li>\n<li data-hveid=\"CAEIBhAC\" data-sae=\"\" data-complete=\"true\"><span class=\"T286Pc\" data-sfc-cp=\"\" data-complete=\"true\"><strong class=\"Yjhzub\" data-complete=\"true\">Piping fondo gamba tono su tono:<\/strong>\u00a0O dung\u0103\/bordur\u0103 decorativ\u0103 la glezn\u0103, \u00een aceea\u0219i nuan\u021b\u0103 de culoare cu materialul principal.<\/span><\/li>\n<li data-hveid=\"CAEIBhAD\" data-complete=\"true\" data-processed=\"true\" data-sae=\"\"><span class=\"T286Pc\" data-sfc-cp=\"\" data-complete=\"true\"><strong class=\"Yjhzub\" data-complete=\"true\">Polsi fondo gamba in maglieria:<\/strong> Man\u0219ete\/elastic din material tricotat la baza pantalonului.<\/span><\/li>\n<\/ul>\n<div class=\"Fsg96\" data-sfc-cp=\"\" data-complete=\"true\" data-processed=\"true\"><\/div>\n<hr class=\"j3tEEe\" data-serialized-params=\"[]\" data-complete=\"true\" data-processed=\"true\" data-sae=\"\" \/>","protected":false},"featured_media":81867,"template":"","meta":[],"product_brand":[44],"product_cat":[635,673],"product_tag":[],"class_list":{"0":"post-81859","1":"product","2":"type-product","3":"status-publish","4":"has-post-thumbnail","6":"product_brand-macron","7":"product_cat-tracksuits","8":"product_cat-w-polifiber","9":"pa_age_range-adulti","10":"pa_brand-macron","11":"pa_color-albastru-inchis","12":"pa_color-antracit","13":"pa_color-negru","14":"pa_fit-regular","15":"pa_gender-femei","16":"pa_material-confortex","17":"pa_size-3xl","18":"pa_size-3xs","19":"pa_size-l","20":"pa_size-m","21":"pa_size-s","22":"pa_size-xl","23":"pa_size-xs","24":"pa_size-xxl","25":"pa_size-xxs","27":"first","28":"instock","29":"shipping-taxable","30":"purchasable","31":"product-type-variable"},"_links":{"self":[{"href":"https:\/\/macron.md\/ru\/wp-json\/wp\/v2\/product\/81859","targetHints":{"allow":["GET"]}}],"collection":[{"href":"https:\/\/macron.md\/ru\/wp-json\/wp\/v2\/product"}],"about":[{"href":"https:\/\/macron.md\/ru\/wp-json\/wp\/v2\/types\/product"}],"wp:featuredmedia":[{"embeddable":true,"href":"https:\/\/macron.md\/ru\/wp-json\/wp\/v2\/media\/81867"}],"wp:attachment":[{"href":"https:\/\/macron.md\/ru\/wp-json\/wp\/v2\/media?parent=81859"}],"wp:term":[{"taxonomy":"product_brand","embeddable":true,"href":"https:\/\/macron.md\/ru\/wp-json\/wp\/v2\/product_brand?post=81859"},{"taxonomy":"product_cat","embeddable":true,"href":"https:\/\/macron.md\/ru\/wp-json\/wp\/v2\/product_cat?post=81859"},{"taxonomy":"product_tag","embeddable":true,"href":"https:\/\/macron.md\/ru\/wp-json\/wp\/v2\/product_tag?post=81859"}],"curies":[{"name":"wp","href":"https:\/\/api.w.org\/{rel}","templated":true}]}}