{"id":81301,"date":"2026-02-08T16:18:59","date_gmt":"2026-02-08T14:18:59","guid":{"rendered":"https:\/\/macron.md\/product\/maas-pantaloni-de-antrenament\/"},"modified":"2026-04-03T10:30:41","modified_gmt":"2026-04-03T08:30:41","slug":"maas-pantaloni-de-antrenament","status":"publish","type":"product","link":"https:\/\/macron.md\/ru\/product\/maas-pantaloni-de-antrenament\/","title":{"rendered":"MAAS PANTALONI DE ANTRENAMENT"},"content":{"rendered":"<div class=\"Y3BBE\" data-sfc-cp=\"\" data-hveid=\"CAEIAhAA\" data-complete=\"true\" data-processed=\"true\"><strong class=\"Yjhzub\" data-complete=\"true\">\u0428\u0442\u0430\u043d\u044b \u0434\u043b\u044f \u0442\u0440\u0435\u043d\u0438\u0440\u043e\u0432\u043e\u043a, \u0432\u044b\u043f\u043e\u043b\u043d\u0435\u043d\u043d\u044b\u0435 \u0438\u0437 \u043c\u0430\u0442\u0435\u0440\u0438\u0430\u043b\u0430 Confortex. \u041e\u0441\u043d\u0430\u0449\u0435\u043d\u044b \u044d\u043b\u0430\u0441\u0442\u0438\u0447\u043d\u044b\u043c \u043f\u043e\u044f\u0441\u043e\u043c \u0441 \u043f\u043b\u043e\u0441\u043a\u0438\u043c \u0448\u043d\u0443\u0440\u043e\u043c, \u0430 \u0442\u0430\u043a\u0436\u0435 \u0431\u043e\u043a\u043e\u0432\u044b\u043c\u0438 \u043a\u0430\u0440\u043c\u0430\u043d\u0430\u043c\u0438 \u0442\u0438\u043f\u0430 \u201e\u0441\u0435\u0442\u043a\u0430\u201d (\u043a\u043e\u0441\u044b\u0435) \u0441 \u043e\u043a\u0430\u043d\u0442\u043e\u0432\u043a\u043e\u0439 (\u043f\u0438\u043f\u0438\u043d\u0433) \u0432 \u0442\u043e\u043d. \u041c\u0430\u043d\u0436\u0435\u0442\u044b \u043d\u0430 \u0449\u0438\u043a\u043e\u043b\u043e\u0442\u043a\u0430\u0445 \u0432\u044b\u043f\u043e\u043b\u043d\u0435\u043d\u044b \u0438\u0437 \u0442\u0440\u0438\u043a\u043e\u0442\u0430\u0436\u043d\u043e\u0433\u043e \u043c\u0430\u0442\u0435\u0440\u0438\u0430\u043b\u0430 \u0438 \u0432\u043a\u043b\u044e\u0447\u0430\u044e\u0442 \u0440\u0430\u0437\u0440\u0435\u0437 \u0441 \u043e\u0431\u0440\u0430\u0442\u043d\u043e\u0439 \u043c\u043e\u043b\u043d\u0438\u0435\u0439 \u0438 \u0441\u0430\u043c\u043e\u0431\u043b\u043e\u043a\u0438\u0440\u0443\u044e\u0449\u0438\u043c\u0441\u044f \u0431\u0435\u0433\u0443\u043d\u043a\u043e\u043c.<\/strong><button class=\"rBl3me\" tabindex=\"0\" data-amic=\"true\" data-icl-uuid=\"c879d21d-c290-4e6d-a9e9-fba58d5f41af\" aria-label=\"Vezi linkuri conexe\" data-wiz-attrbind=\"disabled=x0V36d_h\/C5gNJc;aria-label=x0V36d_h\/bOjMyf;class=x0V36d_h\/UpSNec\" data-ved=\"2ahUKEwiVjPzssdmSAxWklP0HHVJPKBQQye0OegYIAQgCEAE\"><\/button><\/div>\n<div class=\"Y3BBE\" data-sfc-cp=\"\" data-hveid=\"CAEIAxAA\" data-complete=\"true\" data-processed=\"true\"><strong class=\"Yjhzub\" data-complete=\"true\" aria-owns=\"action-menu-parent-container\">\u0414\u043e\u0441\u0442\u0443\u043f\u043d\u044b \u0432 3 \u0432\u0430\u0440\u0438\u0430\u043d\u0442\u0430\u0445 \u0446\u0432\u0435\u0442\u043e\u0432.<\/strong><\/div>","protected":false},"excerpt":{"rendered":"<div class=\"Y3BBE\" data-sfc-cp=\"\" data-hveid=\"CAEIAhAA\" data-complete=\"true\" data-processed=\"true\"><strong class=\"Yjhzub\" data-complete=\"true\">Band\u0103 elastic\u0103 \u00een talie cu \u0219nur plat, Buzunare laterale tip \u201efilet\u201d (f\u0103r\u0103 fermoar) cu bordur\u0103 (piping) ton pe ton, Deschidere la baza piciorului cu fermoar inversat \u0219i cursor autoblocant, Man\u0219ete inferioare din tricotaj.<\/strong><br data-serialized-params=\"[]\" data-complete=\"true\" \/><strong class=\"Yjhzub\" data-complete=\"true\">100% POLIESTER (PL).<\/strong><\/div>\n<div class=\"Fsg96\" data-sfc-cp=\"\" data-complete=\"true\" data-processed=\"true\"><\/div>\n<hr class=\"j3tEEe\" data-serialized-params=\"[]\" data-complete=\"true\" data-processed=\"true\" data-sae=\"\" \/>\n<div class=\"Fsg96\" data-sfc-cp=\"\" data-complete=\"true\" data-processed=\"true\"><\/div>","protected":false},"featured_media":81309,"template":"","meta":[],"product_brand":[44],"product_cat":[668,632],"product_tag":[],"class_list":{"0":"post-81301","1":"product","2":"type-product","3":"status-publish","4":"has-post-thumbnail","6":"product_brand-macron","7":"product_cat-costume-de-antrenament","8":"product_cat-training","9":"pa_age_range-adulti","10":"pa_brand-macron","11":"pa_color-albastru-inchis","12":"pa_color-antracit","13":"pa_color-negru","14":"pa_fit-slim","15":"pa_gender-barbati","16":"pa_material-confortex","17":"pa_size-3xl","18":"pa_size-3xs","19":"pa_size-4xl","20":"pa_size-5xl","21":"pa_size-l","22":"pa_size-m","23":"pa_size-s","24":"pa_size-xl","25":"pa_size-xs","26":"pa_size-xxl","27":"pa_size-xxs","29":"first","30":"instock","31":"shipping-taxable","32":"purchasable","33":"product-type-variable"},"_links":{"self":[{"href":"https:\/\/macron.md\/ru\/wp-json\/wp\/v2\/product\/81301","targetHints":{"allow":["GET"]}}],"collection":[{"href":"https:\/\/macron.md\/ru\/wp-json\/wp\/v2\/product"}],"about":[{"href":"https:\/\/macron.md\/ru\/wp-json\/wp\/v2\/types\/product"}],"wp:featuredmedia":[{"embeddable":true,"href":"https:\/\/macron.md\/ru\/wp-json\/wp\/v2\/media\/81309"}],"wp:attachment":[{"href":"https:\/\/macron.md\/ru\/wp-json\/wp\/v2\/media?parent=81301"}],"wp:term":[{"taxonomy":"product_brand","embeddable":true,"href":"https:\/\/macron.md\/ru\/wp-json\/wp\/v2\/product_brand?post=81301"},{"taxonomy":"product_cat","embeddable":true,"href":"https:\/\/macron.md\/ru\/wp-json\/wp\/v2\/product_cat?post=81301"},{"taxonomy":"product_tag","embeddable":true,"href":"https:\/\/macron.md\/ru\/wp-json\/wp\/v2\/product_tag?post=81301"}],"curies":[{"name":"wp","href":"https:\/\/api.w.org\/{rel}","templated":true}]}}