{"id":80799,"date":"2026-02-08T16:18:43","date_gmt":"2026-02-08T14:18:43","guid":{"rendered":"https:\/\/macron.md\/product\/lute-tricou-dama\/"},"modified":"2026-04-03T10:30:29","modified_gmt":"2026-04-03T08:30:29","slug":"lute-tricou-dama","status":"publish","type":"product","link":"https:\/\/macron.md\/ru\/product\/lute-tricou-dama\/","title":{"rendered":"LUTE TRICOU DAM\u0102"},"content":{"rendered":"<div class=\"otQkpb\" role=\"heading\" aria-level=\"3\" data-animation-nesting=\"\" data-sfc-cp=\"\" data-complete=\"true\" data-processed=\"true\" data-sae=\"\">\u0424\u0443\u0442\u0431\u043e\u043b\u043a\u0430 Macron (\u0414\u0430\u043c\u0430) Elastic Free \u2013 \u0412\u044b\u0441\u043e\u043a\u0430\u044f \u0413\u0438\u0431\u043a\u043e\u0441\u0442\u044c \u0438 \u041a\u043e\u043c\u0444\u043e\u0440\u0442<\/div>\n<div class=\"Y3BBE\" data-sfc-cp=\"\" data-hveid=\"CAEIBBAA\" data-complete=\"true\" data-processed=\"true\"><strong class=\"Yjhzub\" data-complete=\"true\">\u041f\u043e\u0447\u0443\u0432\u0441\u0442\u0432\u0443\u0439\u0442\u0435 \u0440\u0430\u0437\u043d\u0438\u0446\u0443 \u043d\u0430\u0442\u0443\u0440\u0430\u043b\u044c\u043d\u043e\u0439 \u044d\u043b\u0430\u0441\u0442\u0438\u0447\u043d\u043e\u0441\u0442\u0438!<\/strong> \u042d\u0442\u0430 \u0436\u0435\u043d\u0441\u043a\u0430\u044f \u0444\u0443\u0442\u0431\u043e\u043b\u043a\u0430 \u0438\u0437\u0433\u043e\u0442\u043e\u0432\u043b\u0435\u043d\u0430 \u0438\u0437 \u043f\u0440\u0435\u043c\u0438\u0430\u043b\u044c\u043d\u043e\u0439 \u0441\u043c\u0435\u0441\u0438 \u043c\u044f\u0433\u043a\u043e\u0433\u043e \u0445\u043b\u043e\u043f\u043a\u0430 \u0438 \u044d\u043b\u0430\u0441\u0442\u0438\u0447\u043d\u043e\u0433\u043e \u043c\u0430\u0442\u0435\u0440\u0438\u0430\u043b\u0430 (\u0431\u0435\u0437 \u0434\u043e\u0431\u0430\u0432\u043b\u0435\u043d\u0438\u044f \u044d\u043b\u0430\u0441\u0442\u0430\u043d\u0430), \u043e\u0431\u0435\u0441\u043f\u0435\u0447\u0438\u0432\u0430\u044f \u043f\u0440\u0438\u044f\u0442\u043d\u044b\u0435 \u0442\u0430\u043a\u0442\u0438\u043b\u044c\u043d\u044b\u0435 \u043e\u0449\u0443\u0449\u0435\u043d\u0438\u044f \u0438 \u0438\u0441\u043a\u043b\u044e\u0447\u0438\u0442\u0435\u043b\u044c\u043d\u0443\u044e \u0441\u0432\u043e\u0431\u043e\u0434\u0443 \u0434\u0432\u0438\u0436\u0435\u043d\u0438\u0439, \u0438\u0434\u0435\u0430\u043b\u044c\u043d\u043e \u043f\u043e\u0434\u0445\u043e\u0434\u0438\u0442 \u0434\u043b\u044f \u043f\u043e\u0432\u0441\u0435\u0434\u043d\u0435\u0432\u043d\u044b\u0445 \u0437\u0430\u043d\u044f\u0442\u0438\u0439 \u0438\u043b\u0438 \u043b\u0435\u0433\u043a\u043e\u0433\u043e \u0441\u043f\u043e\u0440\u0442\u0430.<\/div>\n<div class=\"Fsg96\" data-sfc-cp=\"\" data-complete=\"true\" data-processed=\"true\"><\/div>\n<div class=\"otQkpb\" role=\"heading\" aria-level=\"3\" data-animation-nesting=\"\" data-sfc-cp=\"\" data-complete=\"true\" data-processed=\"true\" data-sae=\"\">Caracteristici \u0219i Beneficii Principale:<\/div>\n<ul class=\"KsbFXc U6u95\" data-complete=\"true\" data-processed=\"true\">\n<li data-hveid=\"CAEIBhAA\" data-complete=\"true\" data-sae=\"\"><span class=\"T286Pc\" data-sfc-cp=\"\" data-complete=\"true\"><strong class=\"Yjhzub\" data-complete=\"true\">\u041c\u0430\u0442\u0435\u0440\u0438\u0430\u043b Premium Elastic Free:<\/strong>\u00a0\u041c\u044f\u0433\u043a\u0438\u0439 \u0438 \u0433\u0438\u0431\u043a\u0438\u0439 \u0445\u043b\u043e\u043f\u043e\u043a, \u043a\u043e\u0442\u043e\u0440\u044b\u0439 \u0435\u0441\u0442\u0435\u0441\u0442\u0432\u0435\u043d\u043d\u043e \u043e\u0431\u043b\u0435\u0433\u0430\u0435\u0442 \u0442\u0435\u043b\u043e, \u043d\u0435 \u0441\u0434\u0430\u0432\u043b\u0438\u0432\u0430\u044f, \u043e\u0431\u0435\u0441\u043f\u0435\u0447\u0438\u0432\u0430\u044f \u043a\u043e\u043c\u0444\u043e\u0440\u0442 \u0432 \u0442\u0435\u0447\u0435\u043d\u0438\u0435 \u0432\u0441\u0435\u0433\u043e \u0434\u043d\u044f.<\/span><\/li>\n<li data-hveid=\"CAEIBhAB\" data-complete=\"true\" data-sae=\"\"><span class=\"T286Pc\" data-sfc-cp=\"\" data-complete=\"true\"><strong class=\"Yjhzub\" data-complete=\"true\">Croial\u0103 Ergonomic\u0103:<\/strong>\u00a0<strong class=\"Yjhzub\" data-complete=\"true\">\u041d\u0438\u0436\u043d\u044f\u044f \u0447\u0430\u0441\u0442\u044c \u0444\u0443\u0442\u0431\u043e\u043b\u043a\u0438 (\u043d\u0438\u0437) \u0438\u043c\u0435\u0435\u0442 \u043a\u043e\u043d\u0442\u0443\u0440\u043d\u044b\u0439 \u043a\u0440\u043e\u0439 (\u0444\u0438\u0433\u0443\u0440\u043d\u044b\u0439)<\/strong>\u00a0pentru a oferi o potrivire perfect\u0103 pe corp \u0219i un aspect modern.<\/span><\/li>\n<li data-hveid=\"CAEIBhAC\" data-complete=\"true\" data-sae=\"\"><span class=\"T286Pc\" data-sfc-cp=\"\" data-complete=\"true\"><strong class=\"Yjhzub\" data-complete=\"true\">\u0414\u0435\u0442\u0430\u043b\u0438 \u0432 \u0442\u043e\u043d:<\/strong>\u00a0\u0428\u0432\u044b \u0438 \u043e\u0442\u0434\u0435\u043b\u043a\u0430 \u043f\u043e \u0431\u043e\u043a\u0430\u043c \u0438 \u0432 \u043d\u0438\u0436\u043d\u0435\u0439 \u0447\u0430\u0441\u0442\u0438 \u0440\u0443\u043a\u0430\u0432\u0430 \u0432\u044b\u043f\u043e\u043b\u043d\u0435\u043d\u044b \u0432 \u0442\u043e\u043d, \u0441\u043e\u0437\u0434\u0430\u0432\u0430\u044f \u0447\u0438\u0441\u0442\u044b\u0439, \u0441\u0434\u0435\u0440\u0436\u0430\u043d\u043d\u044b\u0439 \u0438 \u044d\u043b\u0435\u0433\u0430\u043d\u0442\u043d\u044b\u0439 \u0434\u0438\u0437\u0430\u0439\u043d.<\/span><\/li>\n<li data-hveid=\"CAEIBhAD\" data-complete=\"true\" data-sae=\"\"><span class=\"T286Pc\" data-sfc-cp=\"\" data-complete=\"true\"><strong class=\"Yjhzub\" data-complete=\"true\">\u041a\u043b\u0430\u0441\u0441\u0438\u0447\u0435\u0441\u043a\u0438\u0439 \u043a\u0440\u0443\u0433\u043b\u044b\u0439 \u0432\u043e\u0440\u043e\u0442\u043d\u0438\u043a:<\/strong>\u00a0\u041a\u0440\u0443\u0433\u043b\u044b\u0439 \u0432\u043e\u0440\u043e\u0442\u043d\u0438\u043a \u0438\u0437 \u043e\u0441\u043d\u043e\u0432\u043d\u043e\u0433\u043e \u0442\u0435\u043a\u0441\u0442\u0438\u043b\u044c\u043d\u043e\u0433\u043e \u043c\u0430\u0442\u0435\u0440\u0438\u0430\u043b\u0430 \u043e\u0431\u0435\u0441\u043f\u0435\u0447\u0438\u0432\u0430\u0435\u0442 \u0443\u0434\u043e\u0431\u043d\u0443\u044e \u043f\u043e\u0441\u0430\u0434\u043a\u0443 \u0438 \u043f\u0440\u0435\u0434\u043e\u0442\u0432\u0440\u0430\u0449\u0430\u0435\u0442 \u0440\u0430\u0437\u0434\u0440\u0430\u0436\u0435\u043d\u0438\u0435.<\/span><\/li>\n<li data-hveid=\"CAEIBhAE\" data-complete=\"true\" data-sae=\"\"><span class=\"T286Pc\" data-sfc-cp=\"\" data-complete=\"true\"><strong class=\"Yjhzub\" data-complete=\"true\">\u0423\u043d\u0438\u0432\u0435\u0440\u0441\u0430\u043b\u044c\u043d\u043e\u0441\u0442\u044c:<\/strong> \u0418\u0434\u0435\u0430\u043b\u044c\u043d\u043e \u043f\u043e\u0434\u0445\u043e\u0434\u0438\u0442 \u0434\u043b\u044f \u043d\u043e\u0448\u0435\u043d\u0438\u044f \u043a\u0430\u043a \u0441\u0430\u043c\u043e\u0441\u0442\u043e\u044f\u0442\u0435\u043b\u044c\u043d\u0430\u044f \u0432\u0435\u0449\u044c, \u043f\u043e\u0434 \u0442\u0440\u0435\u043d\u0438\u0440\u043e\u0432\u043e\u0447\u043d\u0443\u044e \u043a\u043e\u0444\u0442\u0443 \u0438\u043b\u0438 \u043a\u0430\u043a \u0431\u0430\u0437\u043e\u0432\u044b\u0439 \u0441\u043b\u043e\u0439 \u0431\u043b\u0430\u0433\u043e\u0434\u0430\u0440\u044f \u0441\u0432\u043e\u0435\u0439 \u0443\u043d\u0438\u0432\u0435\u0440\u0441\u0430\u043b\u044c\u043d\u043e\u0441\u0442\u0438.<\/span><\/li>\n<\/ul>\n<div class=\"Fsg96\" data-sfc-cp=\"\" data-complete=\"true\" data-processed=\"true\"><\/div>","protected":false},"excerpt":{"rendered":"<div class=\"otQkpb\" role=\"heading\" aria-level=\"3\" data-animation-nesting=\"\" data-sfc-cp=\"\" data-complete=\"true\" data-processed=\"true\" data-sae=\"\">Caracteristici Principale:<\/div>\n<ul class=\"KsbFXc U6u95\" data-complete=\"true\" data-processed=\"true\">\n<li data-hveid=\"CAEIBhAA\" data-complete=\"true\" data-sae=\"\"><span class=\"T286Pc\" data-sfc-cp=\"\" data-complete=\"true\"><strong class=\"Yjhzub\" data-complete=\"true\">Material Elastic Premium:<\/strong>\u00a0Confec\u021bionat dintr-un amestec de\u00a0<strong class=\"Yjhzub\" data-complete=\"true\">93% Bumbac \u0219i 7% Elastan<\/strong>, materialul este moale, respirabil \u0219i extrem de flexibil.<\/span><\/li>\n<li data-hveid=\"CAEIBhAB\" data-complete=\"true\" data-sae=\"\"><span class=\"T286Pc\" data-sfc-cp=\"\" data-complete=\"true\"><strong class=\"Yjhzub\" data-complete=\"true\">Croial\u0103 Ergonomic\u0103:<\/strong>\u00a0<strong class=\"Yjhzub\" data-complete=\"true\">Partea de jos a tricoului (fondo maglia) este conturat\u0103 (sagomat\u0103)<\/strong>\u00a0pentru a oferi o potrivire perfect\u0103 pe corp \u0219i un aspect modern.<\/span><\/li>\n<li data-hveid=\"CAEIBhAC\" data-complete=\"true\" data-sae=\"\"><span class=\"T286Pc\" data-sfc-cp=\"\" data-complete=\"true\"><strong class=\"Yjhzub\" data-complete=\"true\">Guler Rotund Confortabil:<\/strong>\u00a0Gulerul rotund din material textil principal (girocollo in tessuto) asigur\u0103 o potrivire optim\u0103 \u0219i previne irita\u021biile.<\/span><\/li>\n<li data-hveid=\"CAEIBhAD\" data-complete=\"true\" data-sae=\"\"><span class=\"T286Pc\" data-sfc-cp=\"\" data-complete=\"true\"><strong class=\"Yjhzub\" data-complete=\"true\">\u0423\u043d\u0438\u0432\u0435\u0440\u0441\u0430\u043b\u044c\u043d\u043e\u0441\u0442\u044c:<\/strong> Perfect pentru a fi purtat ca atare, sub o bluz\u0103 de trening sau ca strat de baz\u0103, datorit\u0103 versatilit\u0103\u021bii \u0219i confortului s\u0103u.<\/span><\/li>\n<\/ul>\n<div class=\"Fsg96\" data-sfc-cp=\"\" data-complete=\"true\" data-processed=\"true\"><\/div>\n<div class=\"otQkpb\" role=\"heading\" aria-level=\"3\" data-animation-nesting=\"\" data-sfc-cp=\"\" data-complete=\"true\" data-processed=\"true\" data-sae=\"\">Specifica\u021bii Tehnice:<\/div>\n<ul class=\"KsbFXc U6u95\" data-complete=\"true\" data-processed=\"true\">\n<li data-hveid=\"CAEICBAA\" data-complete=\"true\" data-sae=\"\"><span class=\"T286Pc\" data-sfc-cp=\"\" data-complete=\"true\"><strong class=\"Yjhzub\" data-complete=\"true\">\u041c\u0430\u0442\u0435\u0440\u0438\u0430\u043b:<\/strong>\u00a093% Bumbac, 7% Elastan Tricotat (Knit)<\/span><\/li>\n<li data-hveid=\"CAEICBAB\" data-complete=\"true\" data-sae=\"\"><span class=\"T286Pc\" data-sfc-cp=\"\" data-complete=\"true\"><strong class=\"Yjhzub\" data-complete=\"true\">\u041a\u0440\u043e\u0439:<\/strong>\u00a0Tiv conturat\/ergonomic (Sagomat)<\/span><\/li>\n<li data-hveid=\"CAEICBAC\" data-complete=\"true\" data-sae=\"\"><span class=\"T286Pc\" data-sfc-cp=\"\" data-complete=\"true\"><strong class=\"Yjhzub\" data-complete=\"true\">Guler:<\/strong>\u00a0Rotund<\/span><\/li>\n<li data-hveid=\"CAEICBAD\" data-complete=\"true\" data-sae=\"\"><span class=\"T286Pc\" data-sfc-cp=\"\" data-complete=\"true\" aria-owns=\"action-menu-parent-container\"><strong class=\"Yjhzub\" data-complete=\"true\">Gen:<\/strong>\u00a0Feminin<\/span><\/li>\n<\/ul>","protected":false},"featured_media":80801,"template":"","meta":[],"product_brand":[44],"product_cat":[634,686],"product_tag":[],"class_list":{"0":"post-80799","1":"product","2":"type-product","3":"status-publish","4":"has-post-thumbnail","6":"product_brand-macron","7":"product_cat-freetime","8":"product_cat-tricou_polo","9":"pa_age_range-adulti","10":"pa_brand-macron","11":"pa_color-alb","12":"pa_color-albastru","13":"pa_color-albastru-inchis","14":"pa_color-negru","15":"pa_color-rosu","16":"pa_fit-regular","17":"pa_gender-femei","18":"pa_material-cotone","19":"pa_size-3xl","20":"pa_size-l","21":"pa_size-m","22":"pa_size-s","23":"pa_size-xl","24":"pa_size-xs","25":"pa_size-xxl","27":"first","28":"instock","29":"shipping-taxable","30":"purchasable","31":"product-type-variable"},"_links":{"self":[{"href":"https:\/\/macron.md\/ru\/wp-json\/wp\/v2\/product\/80799","targetHints":{"allow":["GET"]}}],"collection":[{"href":"https:\/\/macron.md\/ru\/wp-json\/wp\/v2\/product"}],"about":[{"href":"https:\/\/macron.md\/ru\/wp-json\/wp\/v2\/types\/product"}],"wp:featuredmedia":[{"embeddable":true,"href":"https:\/\/macron.md\/ru\/wp-json\/wp\/v2\/media\/80801"}],"wp:attachment":[{"href":"https:\/\/macron.md\/ru\/wp-json\/wp\/v2\/media?parent=80799"}],"wp:term":[{"taxonomy":"product_brand","embeddable":true,"href":"https:\/\/macron.md\/ru\/wp-json\/wp\/v2\/product_brand?post=80799"},{"taxonomy":"product_cat","embeddable":true,"href":"https:\/\/macron.md\/ru\/wp-json\/wp\/v2\/product_cat?post=80799"},{"taxonomy":"product_tag","embeddable":true,"href":"https:\/\/macron.md\/ru\/wp-json\/wp\/v2\/product_tag?post=80799"}],"curies":[{"name":"wp","href":"https:\/\/api.w.org\/{rel}","templated":true}]}}