{"id":80487,"date":"2026-02-08T16:18:26","date_gmt":"2026-02-08T14:18:26","guid":{"rendered":"https:\/\/macron.md\/product\/nemesis-vesta-de-prezentare\/"},"modified":"2026-04-04T21:02:21","modified_gmt":"2026-04-04T19:02:21","slug":"nemesis-vesta-de-prezentare","status":"publish","type":"product","link":"https:\/\/macron.md\/ru\/product\/nemesis-vesta-de-prezentare\/","title":{"rendered":"NEMESIS VESTA DE PREZENTARE"},"content":{"rendered":"<div class=\"Y3BBE\" data-sfc-cp=\"\" data-hveid=\"CAEIAhAA\" data-complete=\"true\" data-processed=\"true\"><strong class=\"Yjhzub\" data-complete=\"true\">\u0422\u043e\u043b\u0441\u0442\u043e\u0432\u043a\u0430 Nemesis, \u043e\u0442\u043b\u0438\u0447\u0430\u044e\u0449\u0430\u044f\u0441\u044f \u043f\u0440\u043e\u0441\u0442\u044b\u043c \u0438 \u043c\u0438\u043d\u0438\u043c\u0430\u043b\u0438\u0441\u0442\u0438\u0447\u043d\u044b\u043c \u0434\u0438\u0437\u0430\u0439\u043d\u043e\u043c, \u0438\u043c\u0435\u0435\u0442 \u043f\u0440\u0430\u043a\u0442\u0438\u0447\u043d\u0443\u044e \u0446\u0435\u043d\u0442\u0440\u0430\u043b\u044c\u043d\u0443\u044e \u043e\u0431\u0440\u0430\u0442\u043d\u0443\u044e \u043c\u043e\u043b\u043d\u0438\u044e, \u0440\u0435\u0433\u0443\u043b\u0438\u0440\u0443\u0435\u043c\u044b\u0439 \u0448\u043d\u0443\u0440\u043e\u043a \u0432\u043d\u0438\u0437\u0443 \u0438 \u043a\u0430\u0440\u043c\u0430\u043d\u044b \u0441 \u043e\u0431\u0440\u0430\u0442\u043d\u043e\u0439 \u043c\u043e\u043b\u043d\u0438\u0435\u0439. \u0414\u0438\u0437\u0430\u0439\u043d \u0434\u043e\u043f\u043e\u043b\u043d\u0435\u043d \u043c\u0430\u043d\u0436\u0435\u0442\u0430\u043c\u0438 \u0438\u0437 \u043b\u0430\u0439\u043a\u0440\u044b \u0438 \u0434\u0435\u043a\u043e\u0440\u0430\u0442\u0438\u0432\u043d\u044b\u043c\u0438 \u0432\u0441\u0442\u0430\u0432\u043a\u0430\u043c\u0438 \u043d\u0430 \u043f\u043b\u0435\u0447\u0430\u0445. \u0418\u0437\u0433\u043e\u0442\u043e\u0432\u043b\u0435\u043d\u043d\u0430\u044f \u0438\u0437 \u043c\u0430\u0442\u0435\u0440\u0438\u0430\u043b\u0430 Poly Dry, \u043c\u043e\u0434\u0435\u043b\u044c Nemesis \u0434\u043e\u0441\u0442\u0443\u043f\u043d\u0430 \u0432 \u0448\u0438\u0440\u043e\u043a\u043e\u0439 \u0446\u0432\u0435\u0442\u043e\u0432\u043e\u0439 \u0433\u0430\u043c\u043c\u0435 \u043d\u0430 \u043b\u044e\u0431\u043e\u0439 \u0432\u043a\u0443\u0441.<\/strong><\/div>\n<div class=\"Y3BBE\" data-sfc-cp=\"\" data-hveid=\"CAEIAxAA\" data-processed=\"true\" data-complete=\"true\"><strong class=\"Yjhzub\" data-complete=\"true\">\u041f\u043e\u043b\u0435\u0437\u043d\u0430\u044f \u0438\u043d\u0444\u043e\u0440\u043c\u0430\u0446\u0438\u044f \u0434\u043b\u044f \u043a\u043b\u0438\u0435\u043d\u0442\u043e\u0432:<\/strong><\/div>\n<ul class=\"KsbFXc U6u95\" data-complete=\"true\" data-processed=\"true\">\n<li data-hveid=\"CAEIBBAA\" data-complete=\"true\" data-sae=\"\"><span class=\"T286Pc\" data-sfc-cp=\"\" data-complete=\"true\"><strong class=\"Yjhzub\" data-complete=\"true\">\u201e\u0414\u0438\u0437\u0430\u0439\u043d \u043b\u0438\u043c\u043f\u043e\u201d<\/strong>\u00a0\u0431\u044b\u043b \u043f\u0435\u0440\u0435\u0432\u0435\u0434\u0435\u043d \u043a\u0430\u043a \u201e\u043c\u0438\u043d\u0438\u043c\u0430\u043b\u0438\u0441\u0442\u0438\u0447\u043d\u044b\u0439 \u0434\u0438\u0437\u0430\u0439\u043d\u201d, \u043f\u0440\u0435\u0434\u043f\u043e\u0447\u0442\u0438\u0442\u0435\u043b\u044c\u043d\u044b\u0439 \u0442\u0435\u0440\u043c\u0438\u043d \u0432 \u043c\u043e\u0434\u0435\/\u0441\u043f\u043e\u0440\u0442\u0435 H&amp;M \u0420\u0443\u043c\u044b\u043d\u0438\u044f.<\/span><\/li>\n<li data-hveid=\"CAEIBBAB\" data-complete=\"true\" data-sae=\"\"><span class=\"T286Pc\" data-sfc-cp=\"\" data-complete=\"true\"><strong class=\"Yjhzub\" data-complete=\"true\">\u201e\u041e\u0431\u0440\u0430\u0442\u043d\u0430\u044f \u0437\u0430\u0441\u0442\u0435\u0436\u043a\u0430\u201d<\/strong>\u00a0(\u043e\u0431\u0440\u0430\u0442\u043d\u0430\u044f \u043c\u043e\u043b\u043d\u0438\u044f) \u2014 \u044d\u0442\u043e \u043f\u0440\u0435\u043c\u0438\u0430\u043b\u044c\u043d\u0430\u044f \u0442\u0435\u0445\u043d\u0438\u0447\u0435\u0441\u043a\u0430\u044f \u0434\u0435\u0442\u0430\u043b\u044c, \u043e\u0431\u0435\u0441\u043f\u0435\u0447\u0438\u0432\u0430\u044e\u0449\u0430\u044f \u043b\u0443\u0447\u0448\u0443\u044e \u0437\u0430\u0449\u0438\u0442\u0443 \u043e\u0442 \u0432\u0435\u0442\u0440\u0430 \u0438 \u0431\u043e\u043b\u0435\u0435 \u0441\u043e\u0432\u0440\u0435\u043c\u0435\u043d\u043d\u044b\u0439 \u0432\u0438\u0434 Sport Guru.<\/span><\/li>\n<li data-hveid=\"CAEIBBAC\" data-complete=\"true\" data-sae=\"\"><span class=\"T286Pc\" data-sfc-cp=\"\" data-complete=\"true\" aria-owns=\"action-menu-parent-container\"><strong class=\"Yjhzub\" data-complete=\"true\">\u201e\u0414\u0435\u0431\u0440\u0430\u043c\u201d<\/strong>\u00a0(\u043a\u0430\u043d\u0442\/\u0432\u0441\u0442\u0430\u0432\u043a\u0430) \u0431\u044b\u043b \u0430\u0434\u0430\u043f\u0442\u0438\u0440\u043e\u0432\u0430\u043d \u043a\u0430\u043a \u201e\u0434\u0435\u043a\u043e\u0440\u0430\u0442\u0438\u0432\u043d\u044b\u0435 \u0432\u0441\u0442\u0430\u0432\u043a\u0438\u201d, \u0447\u0442\u043e\u0431\u044b \u043f\u043e\u0434\u0447\u0435\u0440\u043a\u043d\u0443\u0442\u044c \u044d\u0441\u0442\u0435\u0442\u0438\u0447\u0435\u0441\u043a\u0443\u044e \u043e\u0442\u0434\u0435\u043b\u043a\u0443 \u043f\u043b\u0435\u0447.<\/span><\/li>\n<\/ul>","protected":false},"excerpt":{"rendered":"<div class=\"Y3BBE\" data-sfc-cp=\"\" data-hveid=\"CAEIAhAA\" data-complete=\"true\" data-processed=\"true\"><strong class=\"Yjhzub\" data-complete=\"true\">Fermoar central inversat, \u00een culoare contrastant\u0103, Buzunare cu fermoar inversat, \u00een culoare contrastant\u0103, Inser\u021bii decorative (piping) pe umeri, Man\u0219ete din lycra, Tiv (baz\u0103) cu \u0219nur de ajustare.<\/strong><br data-serialized-params=\"[]\" data-complete=\"true\" \/><strong class=\"Yjhzub\" data-complete=\"true\">100% Poliester (material tricotat), Top Unisex.<\/strong><\/div>\n<ul class=\"KsbFXc U6u95\" data-complete=\"true\" data-processed=\"true\">\n<li data-hveid=\"CAEIBBAA\" data-complete=\"true\" data-sae=\"\"><span class=\"T286Pc\" data-sfc-cp=\"\" data-complete=\"true\"><strong class=\"Yjhzub\" data-complete=\"true\">\u201eRovesciata\u201d<\/strong>\u00a0(inversat) indic\u0103 un fermoar ascuns, cu un aspect mai curat \u0219i modern.<\/span><\/li>\n<li data-hveid=\"CAEIBBAB\" data-complete=\"true\" data-sae=\"\"><span class=\"T286Pc\" data-sfc-cp=\"\" data-complete=\"true\" aria-owns=\"action-menu-parent-container\"><strong class=\"Yjhzub\" data-complete=\"true\">\u201eIn contrasto\u201d<\/strong>\u00a0a fost l\u0103sat ca \u201e\u00een culoare contrastant\u0103\u201d pentru a eviden\u021bia designul distinctiv al produsului.<\/span><\/li>\n<\/ul>","protected":false},"featured_media":58116,"template":"","meta":[],"product_brand":[44],"product_cat":[738,732,664,635],"product_tag":[],"class_list":{"0":"post-80487","1":"product","2":"type-product","3":"status-publish","4":"has-post-thumbnail","6":"product_brand-macron","7":"product_cat-academy-evo","8":"product_cat-total_look","9":"product_cat-polifiber","10":"product_cat-tracksuits","11":"pa_age_range-adulti","12":"pa_brand-macron","13":"pa_color-alb","14":"pa_color-albastru","15":"pa_color-albastru-celest","16":"pa_color-albastru-inchis","17":"pa_color-antracit","18":"pa_color-bordo","19":"pa_color-galben","20":"pa_color-negru","21":"pa_color-orange","22":"pa_color-rosu","23":"pa_color-verde","24":"pa_fit-slim","25":"pa_gender-barbati","26":"pa_material-polydry","27":"pa_size-3xl","28":"pa_size-3xs","29":"pa_size-4xl","30":"pa_size-4xs","31":"pa_size-5xl","32":"pa_size-l","33":"pa_size-m","34":"pa_size-s","35":"pa_size-xl","36":"pa_size-xs","37":"pa_size-xxl","38":"pa_size-xxs","40":"first","41":"instock","42":"sale","43":"shipping-taxable","44":"purchasable","45":"product-type-variable"},"_links":{"self":[{"href":"https:\/\/macron.md\/ru\/wp-json\/wp\/v2\/product\/80487","targetHints":{"allow":["GET"]}}],"collection":[{"href":"https:\/\/macron.md\/ru\/wp-json\/wp\/v2\/product"}],"about":[{"href":"https:\/\/macron.md\/ru\/wp-json\/wp\/v2\/types\/product"}],"wp:featuredmedia":[{"embeddable":true,"href":"https:\/\/macron.md\/ru\/wp-json\/wp\/v2\/media\/58116"}],"wp:attachment":[{"href":"https:\/\/macron.md\/ru\/wp-json\/wp\/v2\/media?parent=80487"}],"wp:term":[{"taxonomy":"product_brand","embeddable":true,"href":"https:\/\/macron.md\/ru\/wp-json\/wp\/v2\/product_brand?post=80487"},{"taxonomy":"product_cat","embeddable":true,"href":"https:\/\/macron.md\/ru\/wp-json\/wp\/v2\/product_cat?post=80487"},{"taxonomy":"product_tag","embeddable":true,"href":"https:\/\/macron.md\/ru\/wp-json\/wp\/v2\/product_tag?post=80487"}],"curies":[{"name":"wp","href":"https:\/\/api.w.org\/{rel}","templated":true}]}}