{"id":79990,"date":"2026-02-08T16:18:10","date_gmt":"2026-02-08T14:18:10","guid":{"rendered":"https:\/\/macron.md\/product\/horn-hanorac\/"},"modified":"2026-04-03T10:30:33","modified_gmt":"2026-04-03T08:30:33","slug":"horn-hanorac","status":"publish","type":"product","link":"https:\/\/macron.md\/ru\/product\/horn-hanorac\/","title":{"rendered":"HORN HANORAC"},"content":{"rendered":"<div class=\"Y3BBE\" data-sfc-cp=\"\" data-hveid=\"CAEIAxAA\" data-complete=\"true\" data-processed=\"true\"><strong class=\"Yjhzub\" data-complete=\"true\">\u0425\u0430\u043d\u043e\u0440\u0430\u043a, \u0432\u044b\u043f\u043e\u043b\u043d\u0435\u043d\u043d\u044b\u0439 \u0438\u0437 Poly Dry \u0432 \u043a\u0430\u0447\u0435\u0441\u0442\u0432\u0435 \u043e\u0441\u043d\u043e\u0432\u043d\u043e\u0433\u043e \u043c\u0430\u0442\u0435\u0440\u0438\u0430\u043b\u0430 \u0438 Poly Fleece \u0434\u043b\u044f \u0440\u0443\u043a\u0430\u0432\u043e\u0432, \u043e\u0431\u0435\u0441\u043f\u0435\u0447\u0438\u0432\u0430\u0435\u0442 \u0443\u0434\u043e\u0431\u043d\u0443\u044e \u043f\u043e\u0441\u0430\u0434\u043a\u0443 \u0438 \u0442\u0435\u043f\u043b\u043e. \u041a\u0430\u043f\u044e\u0448\u043e\u043d \u0441 \u0432\u043d\u0443\u0442\u0440\u0435\u043d\u043d\u0435\u0439 \u043f\u043e\u0434\u043a\u043b\u0430\u0434\u043a\u043e\u0439 \u0438\u0437 \u0441\u0435\u0442\u043a\u0438 \u0438\u043c\u0435\u0435\u0442 \u043a\u0440\u0443\u0433\u043b\u044b\u0439 \u0448\u043d\u0443\u0440 \u0441 \u043f\u043b\u0430\u0441\u0442\u0438\u043a\u043e\u0432\u044b\u043c\u0438 \u043e\u0433\u0440\u0430\u043d\u0438\u0447\u0438\u0442\u0435\u043b\u044f\u043c\u0438 \u0438 \u043c\u0435\u0442\u0430\u043b\u043b\u0438\u0447\u0435\u0441\u043a\u0438\u043c\u0438 \u043b\u044e\u0432\u0435\u0440\u0441\u0430\u043c\u0438 \u0434\u043b\u044f \u043f\u0440\u0430\u043a\u0442\u0438\u0447\u043d\u043e\u0439 \u0440\u0435\u0433\u0443\u043b\u0438\u0440\u043e\u0432\u043a\u0438. \u041c\u0430\u043d\u0436\u0435\u0442\u044b \u0438 \u0442\u0430\u043b\u0438\u044f \u0441 \u0440\u0435\u0437\u0438\u043d\u043a\u043e\u0439 \u043e\u0431\u0435\u0441\u043f\u0435\u0447\u0438\u0432\u0430\u044e\u0442 \u043d\u0430\u0434\u0435\u0436\u043d\u0443\u044e \u0438 \u043a\u043e\u043c\u0444\u043e\u0440\u0442\u043d\u0443\u044e \u0444\u0438\u043a\u0441\u0430\u0446\u0438\u044e. \u0414\u043e\u0441\u0442\u0443\u043f\u0435\u043d \u0432 \u0440\u0430\u0437\u043b\u0438\u0447\u043d\u044b\u0445 \u0446\u0432\u0435\u0442\u0430\u0445.<\/strong><span class=\"uJ19be notranslate\" data-wiz-uids=\"HJDRWc_i,HJDRWc_j\" data-complete=\"true\"><span class=\"vKEkVd\" data-animation-atomic=\"\" data-wiz-attrbind=\"class=HJDRWc_h\/TKHnVd\" data-sae=\"\"><span aria-hidden=\"true\">\u00a0<\/span><\/span><\/span><\/div>\n<div class=\"Fsg96\" data-sfc-cp=\"\" data-complete=\"true\" data-processed=\"true\"><\/div>\n<hr class=\"j3tEEe\" data-serialized-params=\"[]\" data-complete=\"true\" data-processed=\"true\" data-sae=\"\" \/>\n<div class=\"Fsg96\" data-sfc-cp=\"\" data-complete=\"true\" data-processed=\"true\"><\/div>\n<div class=\"otQkpb\" role=\"heading\" aria-level=\"3\" data-animation-nesting=\"\" data-sfc-cp=\"\" data-complete=\"true\" data-processed=\"true\" data-sae=\"\">\u0422\u0435\u0440\u043c\u0438\u043d\u043e\u043b\u043e\u0433\u0438\u0447\u0435\u0441\u043a\u0438\u0435 \u0434\u0435\u0442\u0430\u043b\u0438<\/div>\n<ul class=\"KsbFXc U6u95\" data-complete=\"true\" data-processed=\"true\">\n<li data-hveid=\"CAEIBhAA\" data-complete=\"true\" data-sae=\"\"><span class=\"T286Pc\" data-sfc-cp=\"\" data-complete=\"true\"><strong class=\"Yjhzub\" data-complete=\"true\">Poly Dry \/ Poly Fleece<\/strong>: \u0422\u0435\u0445\u043d\u0438\u0447\u0435\u0441\u043a\u0438\u0435 \u043d\u0430\u0437\u0432\u0430\u043d\u0438\u044f \u043c\u0430\u0442\u0435\u0440\u0438\u0430\u043b\u043e\u0432 \u0441\u043e\u0445\u0440\u0430\u043d\u0435\u043d\u044b, \u0442\u0430\u043a \u043a\u0430\u043a \u043e\u043d\u0438 \u044f\u0432\u043b\u044f\u044e\u0442\u0441\u044f \u0441\u043f\u0435\u0446\u0438\u0444\u0438\u0447\u043d\u044b\u043c\u0438 \u0434\u043b\u044f \u0431\u0440\u0435\u043d\u0434\u0430 (\u043f\u043e\u043b\u0438\u044d\u0441\u0442\u0435\u0440 \u0441\u043e \u0441\u0432\u043e\u0439\u0441\u0442\u0432\u0430\u043c\u0438 \u0431\u044b\u0441\u0442\u0440\u043e\u0439 \u0441\u0443\u0448\u043a\u0438 \u0438 \u0444\u043b\u0438\u0441 \u0441\u043e\u043e\u0442\u0432\u0435\u0442\u0441\u0442\u0432\u0435\u043d\u043d\u043e).<\/span><\/li>\n<li data-hveid=\"CAEIBhAB\" data-complete=\"true\" data-sae=\"\"><span class=\"T286Pc\" data-sfc-cp=\"\" data-complete=\"true\"><strong class=\"Yjhzub\" data-complete=\"true\">Mesh inner lining<\/strong>: \u0412\u043d\u0443\u0442\u0440\u0435\u043d\u043d\u044f\u044f \u043f\u043e\u0434\u043a\u043b\u0430\u0434\u043a\u0430 \u0438\u0437 \u0441\u0435\u0442\u043a\u0438 (mesh).<\/span><\/li>\n<li data-hveid=\"CAEIBhAC\" data-complete=\"true\" data-sae=\"\"><span class=\"T286Pc\" data-sfc-cp=\"\" data-complete=\"true\"><strong class=\"Yjhzub\" data-complete=\"true\">Plastic stoppers &amp; metal eyelets<\/strong>: \u041f\u043b\u0430\u0441\u0442\u0438\u043a\u043e\u0432\u044b\u0435 \u043e\u0433\u0440\u0430\u043d\u0438\u0447\u0438\u0442\u0435\u043b\u0438 \u0438 \u043c\u0435\u0442\u0430\u043b\u043b\u0438\u0447\u0435\u0441\u043a\u0438\u0435 \u043b\u044e\u0432\u0435\u0440\u0441\u044b (\u043f\u0435\u0442\u043b\u0438).<\/span><\/li>\n<li data-hveid=\"CAEIBhAD\" data-complete=\"true\" data-sae=\"\"><span class=\"T286Pc\" data-sfc-cp=\"\" data-complete=\"true\" aria-owns=\"action-menu-parent-container\"><strong class=\"Yjhzub\" data-complete=\"true\">Ribbed cuffs and waistband<\/strong>: \u041c\u0430\u043d\u0436\u0435\u0442\u044b \u0438 \u044d\u043b\u0430\u0441\u0442\u0438\u0447\u043d\u0430\u044f (\u043d\u0430 \u0442\u0430\u043b\u0438\u0438) \u0440\u0435\u0437\u0438\u043d\u043a\u0430\/\u0442\u0440\u0438\u043a\u043e\u0442\u0430\u0436<\/span><\/li>\n<\/ul>\n<p>.<\/p>","protected":false},"excerpt":{"rendered":"<p><strong class=\"Yjhzub\" data-complete=\"true\">Man\u0219ete \u0219i band\u0103 (\u00een talie) din material reiat, Logo Macron Hero din silicon pe fa\u021b\u0103, Glug\u0103 cu c\u0103ptu\u0219eal\u0103 din mesh \u0219i \u0219nur ton pe ton, M\u00e2neci din poly fleece ton pe ton.<\/strong><br data-serialized-params=\"[]\" data-complete=\"true\" \/><strong class=\"Yjhzub\" data-complete=\"true\" aria-owns=\"action-menu-parent-container\">100% POLIESTER<\/strong><\/p>","protected":false},"featured_media":57657,"template":"","meta":[],"product_brand":[44],"product_cat":[737,634,654,732],"product_tag":[],"class_list":{"0":"post-79990","1":"product","2":"type-product","3":"status-publish","4":"has-post-thumbnail","6":"product_brand-macron","7":"product_cat-energy","8":"product_cat-freetime","9":"product_cat-sweatshirt","10":"product_cat-total_look","11":"pa_age_range-adulti","12":"pa_brand-macron","13":"pa_color-alb","14":"pa_color-albastru","15":"pa_color-albastru-inchis","16":"pa_color-bordo","17":"pa_color-negru","18":"pa_color-neon-coral","19":"pa_color-neon-galben","20":"pa_color-neon-sky","21":"pa_color-rosu","22":"pa_color-turquoise","23":"pa_color-verde","24":"pa_fit-regular","25":"pa_gender-barbati","26":"pa_material-polydry","27":"pa_size-3xl","28":"pa_size-3xs","29":"pa_size-4xl","30":"pa_size-4xs","31":"pa_size-5xl","32":"pa_size-l","33":"pa_size-m","34":"pa_size-s","35":"pa_size-xl","36":"pa_size-xs","37":"pa_size-xxl","38":"pa_size-xxs","40":"first","41":"instock","42":"shipping-taxable","43":"purchasable","44":"product-type-variable"},"_links":{"self":[{"href":"https:\/\/macron.md\/ru\/wp-json\/wp\/v2\/product\/79990","targetHints":{"allow":["GET"]}}],"collection":[{"href":"https:\/\/macron.md\/ru\/wp-json\/wp\/v2\/product"}],"about":[{"href":"https:\/\/macron.md\/ru\/wp-json\/wp\/v2\/types\/product"}],"wp:featuredmedia":[{"embeddable":true,"href":"https:\/\/macron.md\/ru\/wp-json\/wp\/v2\/media\/57657"}],"wp:attachment":[{"href":"https:\/\/macron.md\/ru\/wp-json\/wp\/v2\/media?parent=79990"}],"wp:term":[{"taxonomy":"product_brand","embeddable":true,"href":"https:\/\/macron.md\/ru\/wp-json\/wp\/v2\/product_brand?post=79990"},{"taxonomy":"product_cat","embeddable":true,"href":"https:\/\/macron.md\/ru\/wp-json\/wp\/v2\/product_cat?post=79990"},{"taxonomy":"product_tag","embeddable":true,"href":"https:\/\/macron.md\/ru\/wp-json\/wp\/v2\/product_tag?post=79990"}],"curies":[{"name":"wp","href":"https:\/\/api.w.org\/{rel}","templated":true}]}}