{"id":79169,"date":"2026-02-08T16:17:40","date_gmt":"2026-02-08T14:17:40","guid":{"rendered":"https:\/\/macron.md\/product\/rocket-geanta\/"},"modified":"2026-04-03T10:30:24","modified_gmt":"2026-04-03T08:30:24","slug":"rocket-geanta","status":"publish","type":"product","link":"https:\/\/macron.md\/ru\/product\/rocket-geanta\/","title":{"rendered":"ROCKET GEANTA"},"content":{"rendered":"<div class=\"otQkpb\" role=\"heading\" aria-level=\"3\" data-animation-nesting=\"\" data-sfc-cp=\"\" data-complete=\"true\" data-processed=\"true\" data-sae=\"\"><strong class=\"Yjhzub\" data-complete=\"true\">\u0421\u043f\u043e\u0440\u0442\u0438\u0432\u043d\u0430\u044f \u0441\u0443\u043c\u043a\u0430 Macron \u2013 \u042d\u0444\u0444\u0435\u043a\u0442\u0438\u0432\u043d\u043e\u0435 \u043e\u0442\u0434\u0435\u043b\u0435\u043d\u0438\u0435 \u0438 \u0436\u0435\u0441\u0442\u043a\u043e\u0435 \u043e\u0441\u043d\u043e\u0432\u0430\u043d\u0438\u0435<\/strong><span class=\"uJ19be notranslate\" data-wiz-uids=\"pGQBFd_k,pGQBFd_l\" data-complete=\"true\"><span class=\"vKEkVd\" data-animation-atomic=\"\" data-wiz-attrbind=\"class=pGQBFd_j\/TKHnVd\" data-sae=\"\"><span aria-hidden=\"true\">\u00a0<\/span><\/span><\/span><\/div>\n<div class=\"Y3BBE\" data-sfc-cp=\"\" data-hveid=\"CAEIBBAA\" data-complete=\"true\" data-processed=\"true\">\u042d\u0442\u0430 \u0441\u0443\u043c\u043a\u0430 \u0440\u0430\u0437\u0440\u0430\u0431\u043e\u0442\u0430\u043d\u0430 \u0434\u043b\u044f \u0443\u0434\u043e\u0432\u043b\u0435\u0442\u0432\u043e\u0440\u0435\u043d\u0438\u044f \u043f\u043e\u0442\u0440\u0435\u0431\u043d\u043e\u0441\u0442\u0435\u0439 \u043f\u0440\u043e\u0444\u0435\u0441\u0441\u0438\u043e\u043d\u0430\u043b\u044c\u043d\u044b\u0445 \u0441\u043f\u043e\u0440\u0442\u0441\u043c\u0435\u043d\u043e\u0432, \u043f\u0440\u0435\u0434\u043b\u0430\u0433\u0430\u044f \u043f\u0440\u043e\u0441\u0442\u043e\u0440\u043d\u043e\u0435 \u043e\u0442\u0434\u0435\u043b\u0435\u043d\u0438\u0435, \u043b\u0435\u0433\u043a\u0438\u0439 \u0434\u043e\u0441\u0442\u0443\u043f \u0438 \u043f\u043e\u0432\u044b\u0448\u0435\u043d\u043d\u0443\u044e \u0437\u0430\u0449\u0438\u0442\u0443 \u0434\u043b\u044f \u043e\u0431\u0443\u0432\u0438.<\/div>\n<div class=\"Y3BBE\" data-sfc-cp=\"\" data-hveid=\"CAEIBRAA\" data-complete=\"true\" data-processed=\"true\"><strong class=\"Yjhzub\" data-complete=\"true\">Key features and benefits:<\/strong><\/div>\n<ul class=\"KsbFXc U6u95\" data-processed=\"true\" data-complete=\"true\">\n<li data-hveid=\"CAEIBhAA\" data-complete=\"true\" data-sae=\"\"><span class=\"T286Pc\" data-sfc-cp=\"\" data-complete=\"true\"><strong class=\"Yjhzub\" data-complete=\"true\">\u041f\u043e\u043b\u043d\u044b\u0439 \u0434\u043e\u0441\u0442\u0443\u043f \u0438 \u043f\u043e\u043b\u0435\u0437\u043d\u043e\u0435 \u043f\u0440\u043e\u0441\u0442\u0440\u0430\u043d\u0441\u0442\u0432\u043e:<\/strong>\u00a0\u041e\u0441\u043d\u0430\u0449\u0435\u043d\u0430\u00a0<strong class=\"Yjhzub\" data-complete=\"true\">\u0431\u043e\u043b\u044c\u0448\u0438\u043c \u0446\u0435\u043d\u0442\u0440\u0430\u043b\u044c\u043d\u044b\u043c \u043e\u0442\u0434\u0435\u043b\u0435\u043d\u0438\u0435\u043c<\/strong>\u00a0\u0441 \u0448\u0438\u0440\u043e\u043a\u0438\u043c \u0432\u0435\u0440\u0445\u043d\u0438\u043c \u0432\u0445\u043e\u0434\u043e\u043c, \u0447\u0442\u043e \u043e\u0431\u0435\u0441\u043f\u0435\u0447\u0438\u0432\u0430\u0435\u0442 \u044d\u0444\u0444\u0435\u043a\u0442\u0438\u0432\u043d\u0443\u044e \u043e\u0440\u0433\u0430\u043d\u0438\u0437\u0430\u0446\u0438\u044e \u0438 \u043f\u043e\u043b\u043d\u043e\u0435 \u0438\u0441\u043f\u043e\u043b\u044c\u0437\u043e\u0432\u0430\u043d\u0438\u0435 \u0434\u043e\u0441\u0442\u0443\u043f\u043d\u043e\u0433\u043e \u043f\u0440\u043e\u0441\u0442\u0440\u0430\u043d\u0441\u0442\u0432\u0430.<\/span><\/li>\n<li data-hveid=\"CAEIBhAB\" data-sae=\"\" data-complete=\"true\"><span class=\"T286Pc\" data-sfc-cp=\"\" data-complete=\"true\"><strong class=\"Yjhzub\" data-complete=\"true\">\u0416\u0435\u0441\u0442\u043a\u043e\u0435 \u043e\u0441\u043d\u043e\u0432\u0430\u043d\u0438\u0435 (Hard Shell):<\/strong>\u00a0Include o\u00a0<strong class=\"Yjhzub\" data-complete=\"true\">\u0436\u0435\u0441\u0442\u043a\u043e\u0435 \u043e\u0441\u043d\u043e\u0432\u0430\u043d\u0438\u0435 \u0442\u0438\u043f\u0430 \u043a\u043e\u0440\u043f\u0443\u0441\u0430<\/strong>, \u0438\u0434\u0435\u0430\u043b\u044c\u043d\u043e \u043f\u043e\u0434\u0445\u043e\u0434\u0438\u0442 \u0434\u043b\u044f \u043e\u0442\u0434\u0435\u043b\u044c\u043d\u043e\u0433\u043e \u0445\u0440\u0430\u043d\u0435\u043d\u0438\u044f \u043e\u0431\u0443\u0432\u0438 \u0438\u043b\u0438 \u0445\u0440\u0443\u043f\u043a\u0438\u0445 \u043f\u0440\u0435\u0434\u043c\u0435\u0442\u043e\u0432, \u0437\u0430\u0449\u0438\u0449\u0430\u044f \u0438\u0445 \u043e\u0442 \u043e\u0441\u0442\u0430\u043b\u044c\u043d\u043e\u0433\u043e \u0441\u043d\u0430\u0440\u044f\u0436\u0435\u043d\u0438\u044f.<\/span><\/li>\n<li data-hveid=\"CAEIBhAC\" data-complete=\"true\" data-processed=\"true\" data-sae=\"\"><span class=\"T286Pc\" data-sfc-cp=\"\" data-complete=\"true\"><strong class=\"Yjhzub\" data-complete=\"true\">\u041f\u0440\u0430\u043a\u0442\u0438\u0447\u043d\u044b\u0439 \u043f\u0435\u0440\u0435\u0434\u043d\u0438\u0439 \u043a\u0430\u0440\u043c\u0430\u043d:<\/strong>\u00a0\u041e\u0441\u043d\u0430\u0449\u0435\u043d\u0430\u00a0<strong class=\"Yjhzub\" data-complete=\"true\">\u0431\u043e\u043b\u044c\u0448\u0438\u043c \u043f\u0435\u0440\u0435\u0434\u043d\u0438\u043c \u043a\u0430\u0440\u043c\u0430\u043d\u043e\u043c \u043d\u0430 \u043c\u043e\u043b\u043d\u0438\u0438<\/strong>, \u0438\u0434\u0435\u0430\u043b\u044c\u043d\u043e \u043f\u043e\u0434\u0445\u043e\u0434\u0438\u0442 \u0434\u043b\u044f \u0431\u044b\u0441\u0442\u0440\u043e\u0433\u043e \u0434\u043e\u0441\u0442\u0443\u043f\u0430 \u043a \u043d\u0435\u043e\u0431\u0445\u043e\u0434\u0438\u043c\u044b\u043c \u0432\u0435\u0449\u0430\u043c (\u0434\u043e\u043a\u0443\u043c\u0435\u043d\u0442\u044b, \u043a\u043b\u044e\u0447\u0438, \u0442\u0435\u043b\u0435\u0444\u043e\u043d).<\/span><\/li>\n<li data-hveid=\"CAEIBhAD\" data-complete=\"true\" data-processed=\"true\" data-sae=\"\"><span class=\"T286Pc\" data-sfc-cp=\"\" data-complete=\"true\"><strong class=\"Yjhzub\" data-complete=\"true\">\u041d\u0435\u0441\u043a\u043e\u043b\u044c\u043a\u043e \u0432\u0430\u0440\u0438\u0430\u043d\u0442\u043e\u0432 \u043f\u0435\u0440\u0435\u043d\u043e\u0441\u043a\u0438:<\/strong><\/span>\n<ul class=\"KsbFXc U6u95\" data-complete=\"true\">\n<li data-hveid=\"CAEIBhAE\" data-complete=\"true\" data-sae=\"\"><span class=\"T286Pc\" data-sfc-cp=\"\" data-complete=\"true\"><strong class=\"Yjhzub\" data-complete=\"true\">\u0423\u0434\u043e\u0431\u043d\u044b\u0435 \u0440\u0443\u0447\u043a\u0438:<\/strong>\u00a0\u0414\u0432\u0435 \u0432\u0435\u0440\u0445\u043d\u0438\u0435 \u0440\u0443\u0447\u043a\u0438, \u043a\u043e\u0442\u043e\u0440\u044b\u0435 \u043c\u043e\u0436\u043d\u043e \u0441\u043e\u0435\u0434\u0438\u043d\u0438\u0442\u044c \u043b\u0438\u043f\u0443\u0447\u043a\u043e\u0439 \u0434\u043b\u044f \u044d\u0440\u0433\u043e\u043d\u043e\u043c\u0438\u0447\u043d\u043e\u0433\u043e \u0437\u0430\u0445\u0432\u0430\u0442\u0430.<\/span><\/li>\n<li data-hveid=\"CAEIBhAF\" data-complete=\"true\" data-sae=\"\"><span class=\"T286Pc\" data-sfc-cp=\"\" data-complete=\"true\"><strong class=\"Yjhzub\" data-complete=\"true\">\u041f\u043b\u0435\u0447\u0435\u0432\u043e\u0439 \u0440\u0435\u043c\u0435\u043d\u044c:<\/strong>\u00a0\u0412\u043a\u043b\u044e\u0447\u0430\u0435\u0442\u00a0<strong class=\"Yjhzub\" data-complete=\"true\">\u043f\u043b\u0435\u0447\u0435\u0432\u043e\u0439 \u0440\u0435\u043c\u0435\u043d\u044c<\/strong>\u00a0\u0440\u0435\u0433\u0443\u043b\u0438\u0440\u0443\u0435\u043c\u044b\u0439 \u0438 \u0441\u044a\u0435\u043c\u043d\u044b\u0439 \u0434\u043b\u044f \u0443\u0434\u043e\u0431\u043d\u043e\u0439 \u043f\u0435\u0440\u0435\u043d\u043e\u0441\u043a\u0438.<\/span><\/li>\n<\/ul>\n<\/li>\n<li data-hveid=\"CAEIBhAG\" data-complete=\"true\" data-processed=\"true\" data-sae=\"\"><span class=\"T286Pc\" data-sfc-cp=\"\" data-complete=\"true\"><strong class=\"Yjhzub\" data-complete=\"true\">\u0423\u043d\u0438\u0432\u0435\u0440\u0441\u0430\u043b\u044c\u043d\u043e\u0441\u0442\u044c:<\/strong>\u00a0Disponibil\u0103 \u00een\u00a0<strong class=\"Yjhzub\" data-complete=\"true\">\u0434\u0432\u0430 \u0440\u0430\u0437\u043c\u0435\u0440\u0430 (\u0431\u043e\u043b\u044c\u0448\u043e\u0439 \u0438 \u0441\u0440\u0435\u0434\u043d\u0438\u0439)<\/strong>, \u0447\u0442\u043e\u0431\u044b \u0441\u043e\u043e\u0442\u0432\u0435\u0442\u0441\u0442\u0432\u043e\u0432\u0430\u0442\u044c \u0432\u0430\u0448\u0438\u043c \u043a\u043e\u043d\u043a\u0440\u0435\u0442\u043d\u044b\u043c \u0442\u0440\u0430\u043d\u0441\u043f\u043e\u0440\u0442\u043d\u044b\u043c \u043f\u043e\u0442\u0440\u0435\u0431\u043d\u043e\u0441\u0442\u044f\u043c.<\/span><span class=\"uJ19be notranslate\" data-wiz-uids=\"pGQBFd_1o,pGQBFd_1p\" data-complete=\"true\"><span class=\"vKEkVd\" data-animation-atomic=\"\" data-wiz-attrbind=\"class=pGQBFd_1n\/TKHnVd\" data-sae=\"\"><span aria-hidden=\"true\">\u00a0<\/span><\/span><\/span><\/li>\n<\/ul>\n<div class=\"Y3BBE\" data-sfc-cp=\"\" data-hveid=\"CAEIBxAA\" data-processed=\"true\" data-complete=\"true\"><strong class=\"Yjhzub\" data-complete=\"true\">Specifica\u021bii Tehnice:<\/strong><\/div>\n<ul class=\"KsbFXc U6u95\" data-complete=\"true\" data-processed=\"true\">\n<li data-hveid=\"CAEICBAA\" data-complete=\"true\" data-sae=\"\"><span class=\"T286Pc\" data-sfc-cp=\"\" data-complete=\"true\"><strong class=\"Yjhzub\" data-complete=\"true\">\u0422\u0438\u043f \u0437\u0430\u043a\u0440\u044b\u0442\u0438\u044f:<\/strong>\u00a0\u041c\u043e\u043b\u043d\u0438\u044f<\/span><\/li>\n<li data-hveid=\"CAEICBAB\" data-complete=\"true\" data-sae=\"\"><span class=\"T286Pc\" data-sfc-cp=\"\" data-complete=\"true\"><strong class=\"Yjhzub\" data-complete=\"true\">\u041e\u0441\u043d\u043e\u0432\u0430\u043d\u0438\u0435:<\/strong>\u00a0\u0416\u0435\u0441\u0442\u043a\u043e\u0435, \u043e\u0442\u0434\u0435\u043b\u044c\u043d\u043e\u0435 \u043e\u0442\u0434\u0435\u043b\u0435\u043d\u0438\u0435<\/span><\/li>\n<li data-hveid=\"CAEICBAC\" data-complete=\"true\" data-sae=\"\"><span class=\"T286Pc\" data-sfc-cp=\"\" data-complete=\"true\"><strong class=\"Yjhzub\" data-complete=\"true\">Buzunare:<\/strong>\u00a01x \u043f\u0435\u0440\u0435\u0434\u043d\u0438\u0439 \u043d\u0430 \u043c\u043e\u043b\u043d\u0438\u0438, \u0446\u0435\u043d\u0442\u0440\u0430\u043b\u044c\u043d\u043e\u0435 \u043e\u0442\u0434\u0435\u043b\u0435\u043d\u0438\u0435<\/span><\/li>\n<li data-hveid=\"CAEICBAD\" data-complete=\"true\" data-sae=\"\"><span class=\"T286Pc\" data-sfc-cp=\"\" data-complete=\"true\"><strong class=\"Yjhzub\" data-complete=\"true\">\u041f\u0435\u0440\u0435\u043d\u043e\u0441\u043a\u0430:<\/strong>\u00a0\u0420\u0443\u0447\u043a\u0438 \u0441 \u043b\u0438\u043f\u0443\u0447\u043a\u043e\u0439, \u043f\u043b\u0435\u0447\u0435\u0432\u043e\u0439 \u0440\u0435\u043c\u0435\u043d\u044c<\/span><\/li>\n<li data-hveid=\"CAEICBAE\" data-complete=\"true\" data-sae=\"\"><span class=\"T286Pc\" data-sfc-cp=\"\" data-complete=\"true\"><strong class=\"Yjhzub\" data-complete=\"true\">- \u0421\u043e\u043f\u0440\u043e\u0442\u0438\u0432\u043b\u0435\u043d\u0438\u0435 5,5 - 15 \u043a\u0433<\/strong>\u00a0\u0414\u043e\u0441\u0442\u0443\u043f\u043d\u0430 \u0432 \u0440\u0430\u0437\u043c\u0435\u0440\u0430\u0445 M \u0438 L (\u0442\u043e\u0447\u043d\u044b\u0435 \u0440\u0430\u0437\u043c\u0435\u0440\u044b \u043c\u043e\u0433\u0443\u0442 \u0432\u0430\u0440\u044c\u0438\u0440\u043e\u0432\u0430\u0442\u044c\u0441\u044f)<\/span><\/li>\n<li data-hveid=\"CAEICBAF\" data-complete=\"true\" data-sae=\"\"><span class=\"T286Pc\" data-sfc-cp=\"\" data-complete=\"true\"><strong class=\"Yjhzub\" data-complete=\"true\">Brand:<\/strong>\u00a0Macron<\/span><span class=\"uJ19be notranslate\" data-wiz-uids=\"pGQBFd_2f,pGQBFd_2g\" data-complete=\"true\"><span class=\"vKEkVd\" data-animation-atomic=\"\" data-wiz-attrbind=\"class=pGQBFd_2e\/TKHnVd\" data-sae=\"\"><span aria-hidden=\"true\" aria-owns=\"action-menu-parent-container\">\u00a0<\/span><\/span><\/span><\/li>\n<\/ul>","protected":false},"excerpt":{"rendered":"<div class=\"Y3BBE\" data-sfc-cp=\"\" data-hveid=\"CAEIBRAA\" data-processed=\"true\" data-complete=\"true\"><strong class=\"Yjhzub\" data-complete=\"true\">Specifica\u021bii Principale:<\/strong><\/div>\n<ul class=\"KsbFXc U6u95\" data-complete=\"true\" data-processed=\"true\">\n<li data-hveid=\"CAEIBhAA\" data-complete=\"true\" data-sae=\"\"><span class=\"T286Pc\" data-sfc-cp=\"\" data-complete=\"true\"><strong class=\"Yjhzub\" data-complete=\"true\">Compozi\u021bie Material:<\/strong>\u00a0100% Poliester \u2013 material rezistent \u0219i u\u0219or de \u00eentre\u021binut.<\/span><\/li>\n<li data-hveid=\"CAEIBhAB\" data-complete=\"true\" data-sae=\"\"><span class=\"T286Pc\" data-sfc-cp=\"\" data-complete=\"true\"><strong class=\"Yjhzub\" data-complete=\"true\">Durabilitate:<\/strong>\u00a0<strong class=\"Yjhzub\" data-complete=\"true\">\u021aes\u0103tur\u0103 tip 600D<\/strong>\u00a0(Denier) \u2013 indic\u0103 un material gros, de \u00eenalt\u0103 densitate, recunoscut pentru rezisten\u021ba sa la abraziune \u0219i uzur\u0103.<\/span><\/li>\n<li data-hveid=\"CAEIBhAC\" data-complete=\"true\" data-sae=\"\"><span class=\"T286Pc\" data-sfc-cp=\"\" data-complete=\"true\"><strong class=\"Yjhzub\" data-complete=\"true\">Construc\u021bie:<\/strong>\u00a0Weave (\u021aes\u0103tur\u0103) \u2013 o metod\u0103 de prelucrare care asigur\u0103 integritatea structural\u0103 a materialului.<\/span><\/li>\n<li data-hveid=\"CAEIBhAD\" data-complete=\"true\" data-sae=\"\"><span class=\"T286Pc\" data-sfc-cp=\"\" data-complete=\"true\"><strong class=\"Yjhzub\" data-complete=\"true\">Tip Produs:<\/strong>\u00a0Geant\u0103 (Bag) \/ Accesorii.<\/span><span class=\"uJ19be notranslate\" data-wiz-uids=\"RVEj1d_1a,RVEj1d_1b\" data-complete=\"true\"><span class=\"vKEkVd\" data-animation-atomic=\"\" data-wiz-attrbind=\"class=RVEj1d_19\/TKHnVd\" data-sae=\"\"><span aria-hidden=\"true\">\u00a0<\/span><\/span><\/span><\/li>\n<\/ul>\n<div class=\"Fsg96\" data-sfc-cp=\"\" data-complete=\"true\" data-processed=\"true\"><\/div>\n<hr class=\"j3tEEe\" data-serialized-params=\"[]\" data-complete=\"true\" data-processed=\"true\" data-sae=\"\" \/>","protected":false},"featured_media":79183,"template":"","meta":[],"product_brand":[44],"product_cat":[624,641],"product_tag":[],"class_list":{"0":"post-79169","1":"product","2":"type-product","3":"status-publish","4":"has-post-thumbnail","6":"product_brand-macron","7":"product_cat-bags","8":"product_cat-genti","9":"pa_age_range-adulti","10":"pa_brand-macron","11":"pa_color-albastru","12":"pa_color-albastru-inchis","13":"pa_color-bordo","14":"pa_color-negru","15":"pa_color-rosu","16":"pa_color-verde","17":"pa_fit-regular","18":"pa_gender-unisex","19":"pa_material-poliestere","20":"pa_size-tu","22":"first","23":"outofstock","24":"shipping-taxable","25":"purchasable","26":"product-type-variable"},"_links":{"self":[{"href":"https:\/\/macron.md\/ru\/wp-json\/wp\/v2\/product\/79169","targetHints":{"allow":["GET"]}}],"collection":[{"href":"https:\/\/macron.md\/ru\/wp-json\/wp\/v2\/product"}],"about":[{"href":"https:\/\/macron.md\/ru\/wp-json\/wp\/v2\/types\/product"}],"wp:featuredmedia":[{"embeddable":true,"href":"https:\/\/macron.md\/ru\/wp-json\/wp\/v2\/media\/79183"}],"wp:attachment":[{"href":"https:\/\/macron.md\/ru\/wp-json\/wp\/v2\/media?parent=79169"}],"wp:term":[{"taxonomy":"product_brand","embeddable":true,"href":"https:\/\/macron.md\/ru\/wp-json\/wp\/v2\/product_brand?post=79169"},{"taxonomy":"product_cat","embeddable":true,"href":"https:\/\/macron.md\/ru\/wp-json\/wp\/v2\/product_cat?post=79169"},{"taxonomy":"product_tag","embeddable":true,"href":"https:\/\/macron.md\/ru\/wp-json\/wp\/v2\/product_tag?post=79169"}],"curies":[{"name":"wp","href":"https:\/\/api.w.org\/{rel}","templated":true}]}}