{"id":78336,"date":"2026-02-08T16:17:15","date_gmt":"2026-02-08T14:17:15","guid":{"rendered":"https:\/\/macron.md\/product\/rama-wmn-vesta-de-prezentare-dama\/"},"modified":"2026-04-03T10:30:40","modified_gmt":"2026-04-03T08:30:40","slug":"rama-wmn-vesta-de-prezentare-dama","status":"publish","type":"product","link":"https:\/\/macron.md\/ru\/product\/rama-wmn-vesta-de-prezentare-dama\/","title":{"rendered":"RAMA WMN VESTA DE PREZENTARE DAMA"},"content":{"rendered":"<p><strong class=\"Yjhzub\" data-complete=\"true\" aria-owns=\"action-menu-parent-container\">\u0411\u043b\u0443\u0437\u043a\u0430 \u0434\u043b\u044f \u0436\u0435\u043d\u0449\u0438\u043d \u0441 \u043f\u043e\u043b\u043d\u043e\u0439 \u0437\u0430\u0441\u0442\u0435\u0436\u043a\u043e\u0439-\u043c\u043e\u043b\u043d\u0438\u0435\u0439, \u0438\u0437\u0433\u043e\u0442\u043e\u0432\u043b\u0435\u043d\u043d\u0430\u044f \u0438\u0437 \u043c\u0430\u0442\u0435\u0440\u0438\u0430\u043b\u0430 Poly Dry (\u043e\u0441\u043d\u043e\u0432\u043d\u0430\u044f \u0447\u0430\u0441\u0442\u044c) \u0438 Poly Fleece \u0434\u043b\u044f \u043e\u043f\u0442\u0438\u043c\u0430\u043b\u044c\u043d\u043e\u0433\u043e \u043a\u043e\u043c\u0444\u043e\u0440\u0442\u0430 \u0438 \u0437\u0430\u0449\u0438\u0442\u044b. \u041e\u0441\u043d\u0430\u0449\u0435\u043d\u0430 \u043f\u0435\u0440\u0435\u0434\u043d\u0435\u0439 \u0437\u0430\u0441\u0442\u0435\u0436\u043a\u043e\u0439-\u043c\u043e\u043b\u043d\u0438\u0435\u0439 \u0438\u0437 \u043d\u0435\u0439\u043b\u043e\u043d\u0430 \u0441 \u043f\u0440\u0430\u043a\u0442\u0438\u0447\u043d\u044b\u043c \u043c\u0435\u0442\u0430\u043b\u043b\u0438\u0447\u0435\u0441\u043a\u0438\u043c \u0431\u0435\u0433\u0443\u043d\u043a\u043e\u043c \u0438 \u0432\u0438\u0434\u0438\u043c\u043e\u0439 \u043b\u0435\u043d\u0442\u043e\u0439, \u0430 \u0442\u0430\u043a\u0436\u0435 \u0434\u0432\u0443\u043c\u044f \u043f\u043e\u043b\u0435\u0437\u043d\u044b\u043c\u0438 \u0431\u043e\u043a\u043e\u0432\u044b\u043c\u0438 \u043a\u0430\u0440\u043c\u0430\u043d\u0430\u043c\u0438. \u041c\u0430\u043d\u0436\u0435\u0442\u044b, \u043d\u0438\u0437 \u0438 \u0432\u043e\u0440\u043e\u0442\u043d\u0438\u043a \u0432\u044b\u043f\u043e\u043b\u043d\u0435\u043d\u044b \u0438\u0437 \u0440\u0435\u0431\u0440\u0438\u0441\u0442\u043e\u0433\u043e \u0442\u0440\u0438\u043a\u043e\u0442\u0430\u0436\u043d\u043e\u0433\u043e \u043c\u0430\u0442\u0435\u0440\u0438\u0430\u043b\u0430 (\u0440\u0438\u0431\u0430\u043d\u0430). \u0414\u043e\u0441\u0442\u0443\u043f\u043d\u0430 \u0432 \u0440\u0430\u0437\u043b\u0438\u0447\u043d\u044b\u0445 \u0446\u0432\u0435\u0442\u043e\u0432\u044b\u0445 \u0432\u0430\u0440\u0438\u0430\u043d\u0442\u0430\u0445.<\/strong><\/p>","protected":false},"excerpt":{"rendered":"<div class=\"Y3BBE\" data-sfc-cp=\"\" data-hveid=\"CAEIAhAA\" data-complete=\"true\" data-processed=\"true\"><strong class=\"Yjhzub\" data-complete=\"true\">Guler, man\u0219ete \u0219i tiv (baz\u0103) din material reiat (rib), Fermoar complet din nylon cu band\u0103 vizibil\u0103, Buzunare cu fermoar asortat (ton pe ton), M\u00e2neci din Poly Fleece asortat (ton pe ton).<\/strong><br data-serialized-params=\"[]\" data-complete=\"true\" \/><strong class=\"Yjhzub\" data-complete=\"true\">100% POLIESTER.<\/strong><\/div>\n<div class=\"Fsg96\" data-sfc-cp=\"\" data-complete=\"true\" data-processed=\"true\"><\/div>\n<hr class=\"j3tEEe\" data-serialized-params=\"[]\" data-complete=\"true\" data-processed=\"true\" data-sae=\"\" \/>\n<div class=\"Fsg96\" data-sfc-cp=\"\" data-complete=\"true\" data-processed=\"true\"><\/div>\n<div class=\"otQkpb\" role=\"heading\" aria-level=\"3\" data-animation-nesting=\"\" data-sfc-cp=\"\" data-complete=\"true\" data-processed=\"true\" data-sae=\"\">Clarific\u0103ri termeni:<\/div>\n<ul class=\"KsbFXc U6u95\" data-complete=\"true\" data-processed=\"true\">\n<li data-hveid=\"CAEIBRAA\" data-complete=\"true\" data-sae=\"\"><span class=\"T286Pc\" data-sfc-cp=\"\" data-complete=\"true\"><strong class=\"Yjhzub\" data-complete=\"true\">\u201eCostina\u201d<\/strong>: Termenul corect \u00een rom\u00e2n\u0103 pentru e-commerce \u0219i textile este \u201ematerial reiat\u201d sau, mai simplu, \u201erib\u201d.<\/span><\/li>\n<li data-hveid=\"CAEIBRAB\" data-complete=\"true\" data-sae=\"\"><span class=\"T286Pc\" data-sfc-cp=\"\" data-complete=\"true\" aria-owns=\"action-menu-parent-container\"><strong class=\"Yjhzub\" data-complete=\"true\">\u201eTono su tono\u201d<\/strong>: \u00cen rom\u00e2n\u0103 se folose\u0219te frecvent \u201eton pe ton\u201d sau \u201easortat\u201d pentru a indica faptul c\u0103 elementele au aceea\u0219i culoare ca materialul de baz\u0103.<\/span><\/li>\n<\/ul>","protected":false},"featured_media":55636,"template":"","meta":[],"product_brand":[44],"product_cat":[737,732,635,673],"product_tag":[],"class_list":{"0":"post-78336","1":"product","2":"type-product","3":"status-publish","4":"has-post-thumbnail","6":"product_brand-macron","7":"product_cat-energy","8":"product_cat-total_look","9":"product_cat-tracksuits","10":"product_cat-w-polifiber","11":"pa_age_range-adulti","12":"pa_brand-macron","13":"pa_color-alb","14":"pa_color-albastru","15":"pa_color-albastru-inchis","16":"pa_color-negru","17":"pa_color-rosu","18":"pa_fit-regular","19":"pa_gender-femei","20":"pa_material-polydry","21":"pa_size-3xl","22":"pa_size-3xs","23":"pa_size-l","24":"pa_size-m","25":"pa_size-s","26":"pa_size-xl","27":"pa_size-xs","28":"pa_size-xxl","29":"pa_size-xxs","31":"first","32":"instock","33":"shipping-taxable","34":"purchasable","35":"product-type-variable"},"_links":{"self":[{"href":"https:\/\/macron.md\/ru\/wp-json\/wp\/v2\/product\/78336","targetHints":{"allow":["GET"]}}],"collection":[{"href":"https:\/\/macron.md\/ru\/wp-json\/wp\/v2\/product"}],"about":[{"href":"https:\/\/macron.md\/ru\/wp-json\/wp\/v2\/types\/product"}],"wp:featuredmedia":[{"embeddable":true,"href":"https:\/\/macron.md\/ru\/wp-json\/wp\/v2\/media\/55636"}],"wp:attachment":[{"href":"https:\/\/macron.md\/ru\/wp-json\/wp\/v2\/media?parent=78336"}],"wp:term":[{"taxonomy":"product_brand","embeddable":true,"href":"https:\/\/macron.md\/ru\/wp-json\/wp\/v2\/product_brand?post=78336"},{"taxonomy":"product_cat","embeddable":true,"href":"https:\/\/macron.md\/ru\/wp-json\/wp\/v2\/product_cat?post=78336"},{"taxonomy":"product_tag","embeddable":true,"href":"https:\/\/macron.md\/ru\/wp-json\/wp\/v2\/product_tag?post=78336"}],"curies":[{"name":"wp","href":"https:\/\/api.w.org\/{rel}","templated":true}]}}