{"id":77421,"date":"2026-02-08T16:16:17","date_gmt":"2026-02-08T14:16:17","guid":{"rendered":"https:\/\/macron.md\/product\/azlon-jambieri\/"},"modified":"2026-04-03T10:30:23","modified_gmt":"2026-04-03T08:30:23","slug":"azlon-jambieri","status":"publish","type":"product","link":"https:\/\/macron.md\/ru\/product\/azlon-jambieri\/","title":{"rendered":"\u0410\u0417\u041b\u041e\u041d \u041d\u0410\u041a\u043e\u043b\u0415\u041d\u041d\u0418\u041a\u0418"},"content":{"rendered":"<div class=\"otQkpb\" role=\"heading\" aria-level=\"3\" data-animation-nesting=\"\" data-sfc-cp=\"\" data-complete=\"true\" data-processed=\"true\" data-sae=\"\">\u0421\u043f\u043e\u0440\u0442\u0438\u0432\u043d\u044b\u0435 \u041d\u043e\u0441\u043a\u0438 Macron Azlon \u2013 \u041f\u0440\u0435\u043c\u0438\u0443\u043c \u041a\u043e\u043c\u0444\u043e\u0440\u0442 \u0438 \u0421\u0432\u043e\u0431\u043e\u0434\u0430 \u0414\u0432\u0438\u0436\u0435\u043d\u0438\u0439<\/div>\n<div class=\"Y3BBE\" data-sfc-cp=\"\" data-hveid=\"CAEIBBAA\" data-complete=\"true\" data-processed=\"true\"><strong class=\"Yjhzub\" data-complete=\"true\">\u0418\u0434\u0435\u0430\u043b\u044c\u043d\u044b\u0439 \u0431\u0430\u043b\u0430\u043d\u0441 \u043c\u0435\u0436\u0434\u0443 \u043f\u043e\u0434\u0434\u0435\u0440\u0436\u043a\u043e\u0439 \u0438 \u0433\u0438\u0431\u043a\u043e\u0441\u0442\u044c\u044e!<\/strong> \u041d\u043e\u0441\u043a\u0438 Azlon \u0441\u043e\u0437\u0434\u0430\u043d\u044b \u0434\u043b\u044f \u0441\u043f\u043e\u0440\u0442\u0441\u043c\u0435\u043d\u043e\u0432, \u043a\u043e\u0442\u043e\u0440\u044b\u0435 \u0442\u0440\u0435\u0431\u0443\u044e\u0442 \u043c\u0430\u043a\u0441\u0438\u043c\u0430\u043b\u044c\u043d\u043e\u0433\u043e \u043a\u043e\u043c\u0444\u043e\u0440\u0442\u0430 \u0432\u043e \u0432\u0440\u0435\u043c\u044f \u0441\u043e\u0440\u0435\u0432\u043d\u043e\u0432\u0430\u043d\u0438\u0439. \u0411\u043b\u0430\u0433\u043e\u0434\u0430\u0440\u044f \u0438\u043d\u0442\u0435\u043b\u043b\u0435\u043a\u0442\u0443\u0430\u043b\u044c\u043d\u043e\u0439 \u0441\u043c\u0435\u0441\u0438 \u0442\u0435\u0445\u043d\u0438\u0447\u0435\u0441\u043a\u0438\u0445 \u043c\u0430\u0442\u0435\u0440\u0438\u0430\u043b\u043e\u0432 \u0438 \u044d\u043b\u0430\u0441\u0442\u0438\u0447\u043d\u043e\u0433\u043e \u0445\u043b\u043e\u043f\u043a\u0430, \u043e\u043d\u0438 \u043e\u0431\u0435\u0441\u043f\u0435\u0447\u0438\u0432\u0430\u044e\u0442 \u0431\u0435\u0437\u0443\u043f\u0440\u0435\u0447\u043d\u0443\u044e \u043f\u043e\u0441\u0430\u0434\u043a\u0443 \u0438 \u0434\u043e\u043b\u0433\u043e\u0432\u0435\u0447\u043d\u043e\u0441\u0442\u044c \u0432 \u043a\u0440\u0438\u0442\u0438\u0447\u0435\u0441\u043a\u0438\u0445 \u0442\u043e\u0447\u043a\u0430\u0445.<\/div>\n<div class=\"Fsg96\" data-sfc-cp=\"\" data-complete=\"true\" data-processed=\"true\"><\/div>\n<div class=\"otQkpb\" role=\"heading\" aria-level=\"3\" data-animation-nesting=\"\" data-sfc-cp=\"\" data-complete=\"true\" data-processed=\"true\" data-sae=\"\">Caracteristici \u0219i Beneficii Principale:<\/div>\n<ul class=\"KsbFXc U6u95\" data-complete=\"true\" data-processed=\"true\">\n<li data-hveid=\"CAEIBhAA\" data-complete=\"true\" data-sae=\"\"><span class=\"T286Pc\" data-sfc-cp=\"\" data-complete=\"true\"><strong class=\"Yjhzub\" data-complete=\"true\">\u041f\u043e\u0434\u0434\u0435\u0440\u0436\u043a\u0430 \u0437\u0430 \u0441\u0447\u0451\u0442 \u041a\u043e\u043c\u043f\u0440\u0435\u0441\u0441\u0438\u0438:<\/strong>\u00a0\u041e\u0441\u043d\u0430\u0449\u0435\u043d\u043d\u044b\u0435\u00a0<strong class=\"Yjhzub\" data-complete=\"true\">\u044d\u043b\u0430\u0441\u0442\u0438\u0447\u043d\u043e\u0439 \u043b\u0435\u043d\u0442\u043e\u0439 \u0438\u0437 \u044d\u043b\u0430\u0441\u0442\u0430\u043d\u0430<\/strong>, \u043d\u043e\u0441\u043a\u0438 \u043e\u0431\u0435\u0441\u043f\u0435\u0447\u0438\u0432\u0430\u044e\u0442 \u0433\u0440\u0430\u0434\u0443\u0438\u0440\u043e\u0432\u0430\u043d\u043d\u0443\u044e \u043a\u043e\u043c\u043f\u0440\u0435\u0441\u0441\u0438\u044e, \u043a\u043e\u0442\u043e\u0440\u0430\u044f \u0444\u0438\u043a\u0441\u0438\u0440\u0443\u0435\u0442 \u0441\u0442\u043e\u043f\u0443 \u0438 \u0441\u0442\u0438\u043c\u0443\u043b\u0438\u0440\u0443\u0435\u0442 \u043a\u0440\u043e\u0432\u043e\u043e\u0431\u0440\u0430\u0449\u0435\u043d\u0438\u0435, \u043f\u0440\u0435\u0434\u043e\u0442\u0432\u0440\u0430\u0449\u0430\u044f \u043c\u044b\u0448\u0435\u0447\u043d\u0443\u044e \u0443\u0441\u0442\u0430\u043b\u043e\u0441\u0442\u044c.<\/span><\/li>\n<li data-hveid=\"CAEIBhAB\" data-complete=\"true\" data-sae=\"\"><span class=\"T286Pc\" data-sfc-cp=\"\" data-complete=\"true\"><strong class=\"Yjhzub\" data-complete=\"true\">\u0421\u0442\u0435\u043b\u044c\u043a\u0430 \u0438\u0437 \u0421\u0442\u0440\u0435\u0442\u0447-\u0425\u043b\u043e\u043f\u043a\u0430:<\/strong>\u00a0\u041d\u0438\u0436\u043d\u044f\u044f \u0447\u0430\u0441\u0442\u044c (\u043f\u043e\u0434\u043e\u0448\u0432\u0430 \u0441\u0442\u043e\u043f\u044b) \u0432\u044b\u043f\u043e\u043b\u043d\u0435\u043d\u0430 \u0438\u0437\u00a0<strong class=\"Yjhzub\" data-complete=\"true\">\u044d\u043b\u0430\u0441\u0442\u0438\u0447\u043d\u043e\u0433\u043e \u0445\u043b\u043e\u043f\u043a\u0430 (stretch cotton)<\/strong>, \u043e\u0431\u0435\u0441\u043f\u0435\u0447\u0438\u0432\u0430\u044f \u043c\u044f\u0433\u043a\u043e\u0435 \u043f\u0440\u0438\u043a\u043e\u0441\u043d\u043e\u0432\u0435\u043d\u0438\u0435, \u043e\u0442\u043b\u0438\u0447\u043d\u043e\u0435 \u0432\u043f\u0438\u0442\u044b\u0432\u0430\u043d\u0438\u0435 \u043f\u043e\u0442\u0430 \u0438 \u0435\u0441\u0442\u0435\u0441\u0442\u0432\u0435\u043d\u043d\u044b\u0439 \u0442\u0435\u043f\u043b\u043e\u0432\u043e\u0439 \u043a\u043e\u043c\u0444\u043e\u0440\u0442.<\/span><\/li>\n<li data-hveid=\"CAEIBhAC\" data-complete=\"true\" data-sae=\"\"><span class=\"T286Pc\" data-sfc-cp=\"\" data-complete=\"true\"><strong class=\"Yjhzub\" data-complete=\"true\">\u0418\u0437\u043d\u043e\u0441\u043e\u0441\u0442\u043e\u0439\u043a\u043e\u0441\u0442\u044c:<\/strong>\u00a0\u041e\u0431\u043b\u0430\u0441\u0442\u044c \u043f\u044f\u0442\u043a\u0438 \u0438 \u043d\u043e\u0441\u043a\u0430 \u0443\u0441\u0438\u043b\u0435\u043d\u0430\u00a0<strong class=\"Yjhzub\" data-complete=\"true\">\u043f\u0440\u043e\u0447\u043d\u044b\u0445 \u0442\u0435\u0445\u043d\u0438\u0447\u0435\u0441\u043a\u0438\u0445 \u0432\u043e\u043b\u043e\u043a\u043e\u043d<\/strong>, \u0433\u0430\u0440\u0430\u043d\u0442\u0438\u0440\u0443\u044f \u0434\u043e\u043b\u0433\u0438\u0439 \u0441\u0440\u043e\u043a \u0441\u043b\u0443\u0436\u0431\u044b \u0434\u0430\u0436\u0435 \u0432 \u0443\u0441\u043b\u043e\u0432\u0438\u044f\u0445 \u0438\u043d\u0442\u0435\u043d\u0441\u0438\u0432\u043d\u043e\u0433\u043e \u0438\u0441\u043f\u043e\u043b\u044c\u0437\u043e\u0432\u0430\u043d\u0438\u044f \u043d\u0430 \u043f\u043e\u043b\u0435.<\/span><\/li>\n<li data-hveid=\"CAEIBhAD\" data-complete=\"true\" data-sae=\"\"><span class=\"T286Pc\" data-sfc-cp=\"\" data-complete=\"true\"><strong class=\"Yjhzub\" data-complete=\"true\">\u041f\u043e\u043b\u043d\u0430\u044f \u0421\u0432\u043e\u0431\u043e\u0434\u0430 \u0414\u0432\u0438\u0436\u0435\u043d\u0438\u0439:<\/strong>\u00a0\u042d\u0440\u0433\u043e\u043d\u043e\u043c\u0438\u0447\u043d\u0430\u044f \u0441\u0442\u0440\u0443\u043a\u0442\u0443\u0440\u0430 \u043f\u043e\u0437\u0432\u043e\u043b\u044f\u0435\u0442 \u0441\u0442\u043e\u043f\u0435 \u0434\u0432\u0438\u0433\u0430\u0442\u044c\u0441\u044f \u0435\u0441\u0442\u0435\u0441\u0442\u0432\u0435\u043d\u043d\u043e, \u0443\u0441\u0442\u0440\u0430\u043d\u044f\u044f \u0442\u043e\u0447\u043a\u0438 \u0434\u0430\u0432\u043b\u0435\u043d\u0438\u044f \u0438 \u0440\u0438\u0441\u043a \u0440\u0430\u0437\u0434\u0440\u0430\u0436\u0435\u043d\u0438\u0439.<\/span><\/li>\n<li data-hveid=\"CAEIBhAE\" data-complete=\"true\" data-sae=\"\"><span class=\"T286Pc\" data-sfc-cp=\"\" data-complete=\"true\" aria-owns=\"action-menu-parent-container\"><strong class=\"Yjhzub\" data-complete=\"true\">\u0421\u043f\u043e\u0440\u0442\u0438\u0432\u043d\u044b\u0439 \u0414\u0438\u0437\u0430\u0439\u043d:<\/strong>\u00a0\u041e\u043f\u0442\u0438\u043c\u0438\u0437\u0438\u0440\u043e\u0432\u0430\u043d\u043d\u044b\u0439 \u043a\u0440\u043e\u0439 \u0434\u043b\u044f \u043d\u043e\u0448\u0435\u043d\u0438\u044f \u0441 \u0444\u0443\u0442\u0431\u043e\u043b\u044c\u043d\u044b\u043c\u0438 \u0431\u0443\u0442\u0441\u0430\u043c\u0438, \u0431\u0430\u0441\u043a\u0435\u0442\u0431\u043e\u043b\u044c\u043d\u043e\u0439 \u0438\u043b\u0438 \u0431\u0435\u0433\u043e\u0432\u043e\u0439 \u043e\u0431\u0443\u0432\u044c\u044e.<\/span><\/li>\n<\/ul>","protected":false},"excerpt":{"rendered":"<div class=\"otQkpb\" role=\"heading\" aria-level=\"3\" data-animation-nesting=\"\" data-sfc-cp=\"\" data-complete=\"true\" data-processed=\"true\" data-sae=\"\">Specifica\u021bii Tehnice:<\/div>\n<ul class=\"KsbFXc U6u95\" data-complete=\"true\" data-processed=\"true\">\n<li data-hveid=\"CAEICBAA\" data-complete=\"true\" data-sae=\"\"><span class=\"T286Pc\" data-sfc-cp=\"\" data-complete=\"true\"><strong class=\"Yjhzub\" data-complete=\"true\">Compozi\u021bie:<\/strong>\u00a086% Poliester, 8% Bumbac, 6% Poliamid\u0103-Elastan<\/span><\/li>\n<li data-hveid=\"CAEICBAB\" data-complete=\"true\" data-sae=\"\"><span class=\"T286Pc\" data-sfc-cp=\"\" data-complete=\"true\"><strong class=\"Yjhzub\" data-complete=\"true\">Tip:<\/strong>\u00a0\u0218osete sport (Lungime medie\/lung\u0103)<\/span><\/li>\n<li data-hveid=\"CAEICBAC\" data-complete=\"true\" data-sae=\"\"><span class=\"T286Pc\" data-sfc-cp=\"\" data-complete=\"true\"><strong class=\"Yjhzub\" data-complete=\"true\">Tehnologie:<\/strong>\u00a0Talp\u0103 amortizat\u0103, Band\u0103 de compresie, Zone \u00eent\u0103rite<\/span><\/li>\n<li data-hveid=\"CAEICBAD\" data-complete=\"true\" data-sae=\"\"><span class=\"T286Pc\" data-sfc-cp=\"\" data-complete=\"true\"><strong class=\"Yjhzub\" data-complete=\"true\">Gen:<\/strong>\u00a0\u0423\u043d\u0438\u0441\u0435\u043a\u0441<\/span><\/li>\n<li data-hveid=\"CAEICBAE\" data-complete=\"true\" data-sae=\"\"><span class=\"T286Pc\" data-sfc-cp=\"\" data-complete=\"true\"><strong class=\"Yjhzub\" data-complete=\"true\">Utilizare:<\/strong> Antrenament multisport, meciuri, fitness, casual.<\/span><\/li>\n<\/ul>\n<div class=\"Fsg96\" data-sfc-cp=\"\" data-complete=\"true\" data-processed=\"true\"><\/div>\n<hr class=\"j3tEEe\" data-serialized-params=\"[]\" data-complete=\"true\" data-processed=\"true\" data-sae=\"\" \/>","protected":false},"featured_media":91516,"template":"","meta":[],"product_brand":[44],"product_cat":[623,674],"product_tag":[],"class_list":{"0":"post-77421","1":"product","2":"type-product","3":"status-publish","4":"has-post-thumbnail","6":"product_brand-macron","7":"product_cat-football","8":"product_cat-football-rugby-socks","9":"pa_age_range-adulti","10":"pa_brand-macron","11":"pa_color-albastru","12":"pa_color-albastru-celest","13":"pa_color-albastru-celestbordo-2","14":"pa_color-albastru-inchis","15":"pa_color-albastru-inchisalbastru-celest-2","16":"pa_color-albastru-inchisgalben-2","17":"pa_color-albastru-inchisrosu-2","18":"pa_color-albastrugalben-2","19":"pa_color-bordo","20":"pa_color-galbenalbastru-2","21":"pa_color-galbenrosu-2","22":"pa_color-negru","23":"pa_color-negrualbastru-celest-2","24":"pa_color-negruamber-2","25":"pa_color-negrugalben-2","26":"pa_color-negrurosu-2","27":"pa_color-negruverde-2","28":"pa_color-rosu","29":"pa_color-rosugalben-2","30":"pa_color-verde","31":"pa_color-verde-inchisnegru-2","32":"pa_fit-regular","33":"pa_gender-unisex","34":"pa_material-poliestere","35":"pa_size-l","36":"pa_size-m","37":"pa_size-s","38":"pa_size-xl","39":"pa_size-xs","41":"first","42":"instock","43":"shipping-taxable","44":"purchasable","45":"product-type-variable","46":"has-default-attributes"},"_links":{"self":[{"href":"https:\/\/macron.md\/ru\/wp-json\/wp\/v2\/product\/77421","targetHints":{"allow":["GET"]}}],"collection":[{"href":"https:\/\/macron.md\/ru\/wp-json\/wp\/v2\/product"}],"about":[{"href":"https:\/\/macron.md\/ru\/wp-json\/wp\/v2\/types\/product"}],"wp:featuredmedia":[{"embeddable":true,"href":"https:\/\/macron.md\/ru\/wp-json\/wp\/v2\/media\/91516"}],"wp:attachment":[{"href":"https:\/\/macron.md\/ru\/wp-json\/wp\/v2\/media?parent=77421"}],"wp:term":[{"taxonomy":"product_brand","embeddable":true,"href":"https:\/\/macron.md\/ru\/wp-json\/wp\/v2\/product_brand?post=77421"},{"taxonomy":"product_cat","embeddable":true,"href":"https:\/\/macron.md\/ru\/wp-json\/wp\/v2\/product_cat?post=77421"},{"taxonomy":"product_tag","embeddable":true,"href":"https:\/\/macron.md\/ru\/wp-json\/wp\/v2\/product_tag?post=77421"}],"curies":[{"name":"wp","href":"https:\/\/api.w.org\/{rel}","templated":true}]}}