{"id":76034,"date":"2026-02-08T16:15:28","date_gmt":"2026-02-08T14:15:28","guid":{"rendered":"https:\/\/macron.md\/product\/vanir-vesta-de-prezentare\/"},"modified":"2026-04-03T10:30:40","modified_gmt":"2026-04-03T08:30:40","slug":"vanir-vesta-de-prezentare","status":"publish","type":"product","link":"https:\/\/macron.md\/ru\/product\/vanir-vesta-de-prezentare\/","title":{"rendered":"\u041f\u0420\u0415\u0417\u0415\u041d\u0422\u0410\u0426\u0418\u041e\u041d\u041d\u0410\u042f \u0416\u0418\u041b\u0415\u0422\u041a\u0410 VANIR"},"content":{"rendered":"<div class=\"Y3BBE\" data-sfc-cp=\"\" data-hveid=\"CAEIAhAA\" data-complete=\"true\" data-processed=\"true\"><strong class=\"Yjhzub\" data-complete=\"true\">\u0411\u043b\u0443\u0437\u043a\u0430 (\u0442\u043e\u043f) \u0434\u043b\u044f \u043f\u0443\u0442\u0435\u0448\u0435\u0441\u0442\u0432\u0438\u0439 \u0438\u0437 \u043c\u0430\u0442\u0435\u0440\u0438\u0430\u043b\u0430 Confortex, \u0441 \u0446\u0435\u043d\u0442\u0440\u0430\u043b\u044c\u043d\u043e\u0439 \u043c\u043e\u043b\u043d\u0438\u0435\u0439 \u043f\u043e \u0432\u0441\u0435\u0439 \u0434\u043b\u0438\u043d\u0435, \u0434\u043e\u043f\u043e\u043b\u043d\u0435\u043d\u043d\u0430\u044f \u043c\u0435\u0442\u0430\u043b\u043b\u0438\u0447\u0435\u0441\u043a\u0438\u043c \u043a\u0430\u0440\u0430\u0431\u0438\u043d\u043e\u043c \u0441 \u043b\u043e\u0433\u043e\u0442\u0438\u043f\u043e\u043c Macron Hero. \u0414\u0438\u0437\u0430\u0439\u043d \u0434\u043e\u043f\u043e\u043b\u043d\u0435\u043d \u043c\u0435\u043b\u0430\u043d\u0436\u0435\u0432\u043e\u0439 \u0442\u0435\u043a\u0441\u0442\u0443\u0440\u043e\u0439 \u043d\u0430 \u043f\u0435\u0440\u0435\u0434\u043d\u0435\u0439 \u0447\u0430\u0441\u0442\u0438 \u0438 \u0448\u0438\u0440\u043e\u043a\u0438\u043c\u0438 \u0431\u043e\u043a\u043e\u0432\u044b\u043c\u0438 \u043a\u0430\u0440\u043c\u0430\u043d\u0430\u043c\u0438 \u043d\u0430 \u0437\u0430\u0441\u0442\u0435\u0436\u043a\u0435-\u043c\u043e\u043b\u043d\u0438\u0438. \u041c\u0430\u043d\u0436\u0435\u0442\u044b \u0438\u043c\u0435\u044e\u0442 \u043e\u0442\u0434\u0435\u043b\u043a\u0443 \u0438\u0437 \u043b\u0430\u0439\u043a\u0440\u044b, \u0430 \u0437\u0430\u0434\u043d\u044f\u044f \u043f\u043b\u0430\u043d\u043a\u0430 (\u043e\u0441\u043d\u043e\u0432\u0430) \u0432\u044b\u043f\u043e\u043b\u043d\u0435\u043d\u0430 \u0438\u0437 \u0442\u0440\u0438\u043a\u043e\u0442\u0430\u0436\u043d\u043e\u0433\u043e \u043c\u0430\u0442\u0435\u0440\u0438\u0430\u043b\u0430. \u0414\u043e\u0441\u0442\u0443\u043f\u043d\u0430 \u0432 8 \u0446\u0432\u0435\u0442\u043e\u0432\u044b\u0445 \u0432\u0430\u0440\u0438\u0430\u043d\u0442\u0430\u0445.<\/strong><\/div>\n<div class=\"Fsg96\" data-sfc-cp=\"\" data-complete=\"true\" data-processed=\"true\"><\/div>\n<hr class=\"j3tEEe\" data-serialized-params=\"[]\" data-complete=\"true\" data-processed=\"true\" data-sae=\"\" \/>\n<div class=\"Fsg96\" data-sfc-cp=\"\" data-complete=\"true\" data-processed=\"true\"><\/div>","protected":false},"excerpt":{"rendered":"<div class=\"Y3BBE\" data-sfc-cp=\"\" data-hveid=\"CAEIAhAA\" data-complete=\"true\" data-processed=\"true\"><strong class=\"Yjhzub\" data-complete=\"true\">Fermoar central injectat (pressofuso), Buzunare cu fermoar injectat (pressofuso), Textur\u0103 melanj pe partea frontal\u0103, Band\u0103 din spate (baz\u0103) din tricotaj, Man\u0219ete cu bordur\u0103 din lycra.<\/strong><br data-serialized-params=\"[]\" data-complete=\"true\" \/><strong class=\"Yjhzub\" data-complete=\"true\">100% POLIESTER (PL).<\/strong><\/div>\n<div class=\"Fsg96\" data-sfc-cp=\"\" data-complete=\"true\" data-processed=\"true\"><\/div>\n<hr class=\"j3tEEe\" data-serialized-params=\"[]\" data-complete=\"true\" data-processed=\"true\" data-sae=\"\" \/>\n<div class=\"Fsg96\" data-sfc-cp=\"\" data-complete=\"true\" data-processed=\"true\"><\/div>","protected":false},"featured_media":76044,"template":"","meta":[],"product_brand":[44],"product_cat":[734,732,664,635],"product_tag":[],"class_list":{"0":"post-76034","1":"product","2":"type-product","3":"status-publish","4":"has-post-thumbnail","6":"product_brand-macron","7":"product_cat-glory","8":"product_cat-total_look","9":"product_cat-polifiber","10":"product_cat-tracksuits","11":"pa_age_range-adulti","12":"pa_brand-macron","13":"pa_color-albastru","14":"pa_color-albastru-inchis","15":"pa_color-albastru-inchisrosu-2","16":"pa_color-antracit","17":"pa_color-negru","18":"pa_color-negrurosu-2","19":"pa_color-rosu","20":"pa_color-verde","21":"pa_fit-regular","22":"pa_gender-barbati","23":"pa_material-confortex","24":"pa_size-3xl","25":"pa_size-3xs","26":"pa_size-4xl","27":"pa_size-5xl","28":"pa_size-l","29":"pa_size-m","30":"pa_size-s","31":"pa_size-xl","32":"pa_size-xs","33":"pa_size-xxl","34":"pa_size-xxs","36":"first","37":"instock","38":"sale","39":"shipping-taxable","40":"purchasable","41":"product-type-variable"},"_links":{"self":[{"href":"https:\/\/macron.md\/ru\/wp-json\/wp\/v2\/product\/76034","targetHints":{"allow":["GET"]}}],"collection":[{"href":"https:\/\/macron.md\/ru\/wp-json\/wp\/v2\/product"}],"about":[{"href":"https:\/\/macron.md\/ru\/wp-json\/wp\/v2\/types\/product"}],"wp:featuredmedia":[{"embeddable":true,"href":"https:\/\/macron.md\/ru\/wp-json\/wp\/v2\/media\/76044"}],"wp:attachment":[{"href":"https:\/\/macron.md\/ru\/wp-json\/wp\/v2\/media?parent=76034"}],"wp:term":[{"taxonomy":"product_brand","embeddable":true,"href":"https:\/\/macron.md\/ru\/wp-json\/wp\/v2\/product_brand?post=76034"},{"taxonomy":"product_cat","embeddable":true,"href":"https:\/\/macron.md\/ru\/wp-json\/wp\/v2\/product_cat?post=76034"},{"taxonomy":"product_tag","embeddable":true,"href":"https:\/\/macron.md\/ru\/wp-json\/wp\/v2\/product_tag?post=76034"}],"curies":[{"name":"wp","href":"https:\/\/api.w.org\/{rel}","templated":true}]}}