{"id":75754,"date":"2026-02-08T16:15:19","date_gmt":"2026-02-08T14:15:19","guid":{"rendered":"https:\/\/macron.md\/product\/inuit-fusta-pantalon-dama\/"},"modified":"2026-03-26T15:47:43","modified_gmt":"2026-03-26T13:47:43","slug":"inuit-fusta-pantalon-dama","status":"publish","type":"product","link":"https:\/\/macron.md\/ru\/product\/inuit-fusta-pantalon-dama\/","title":{"rendered":"INUIT FUSTA PANTALON DAMA"},"content":{"rendered":"<div class=\"otQkpb\" role=\"heading\" aria-level=\"3\" data-animation-nesting=\"\" data-sfc-cp=\"\" data-processed=\"true\" data-sae=\"\" data-complete=\"true\">\u042e\u0431\u043a\u0430 \u0441\u043f\u043e\u0440\u0442\u0438\u0432\u043d\u0430\u044f Macron (\u0416\u0435\u043d\u0441\u043a\u0430\u044f) Perform \u0441 \u0432\u043d\u0443\u0442\u0440\u0435\u043d\u043d\u0438\u043c\u0438 \u0448\u043e\u0440\u0442\u0430\u043c\u0438 \u2013 \u0414\u044b\u0448\u0430\u0449\u0430\u044f \u0438 \u0443\u0434\u043e\u0431\u043d\u0430\u044f<\/div>\n<div class=\"Y3BBE\" data-sfc-cp=\"\" data-hveid=\"CAEIBBAA\" data-complete=\"true\" data-processed=\"true\"><strong class=\"Yjhzub\" data-complete=\"true\">\u0421\u043e\u0447\u0435\u0442\u0430\u0435\u0442 \u0436\u0435\u043d\u0441\u0442\u0432\u0435\u043d\u043d\u043e\u0441\u0442\u044c \u0441 \u0444\u0443\u043d\u043a\u0446\u0438\u043e\u043d\u0430\u043b\u044c\u043d\u043e\u0441\u0442\u044c\u044e \u043d\u0430 \u043f\u043e\u043b\u0435!<\/strong> \u042d\u0442\u0430 \u0441\u043f\u043e\u0440\u0442\u0438\u0432\u043d\u0430\u044f \u044e\u0431\u043a\u0430 \u0440\u0430\u0437\u0440\u0430\u0431\u043e\u0442\u0430\u043d\u0430 \u0434\u043b\u044f \u043e\u0431\u0435\u0441\u043f\u0435\u0447\u0435\u043d\u0438\u044f \u043c\u0430\u043a\u0441\u0438\u043c\u0430\u043b\u044c\u043d\u043e\u0439 \u043f\u0440\u043e\u0438\u0437\u0432\u043e\u0434\u0438\u0442\u0435\u043b\u044c\u043d\u043e\u0441\u0442\u0438 \u0432\u043e \u0432\u0440\u0435\u043c\u044f \u0438\u043d\u0442\u0435\u043d\u0441\u0438\u0432\u043d\u044b\u0445 \u0437\u0430\u043d\u044f\u0442\u0438\u0439, \u0442\u0430\u043a\u0438\u0445 \u043a\u0430\u043a \u0442\u0435\u043d\u043d\u0438\u0441, \u043f\u0430\u0434\u0435\u043b \u0438\u043b\u0438 \u0431\u0435\u0433. \u0422\u0435\u0445\u043d\u0438\u0447\u0435\u0441\u043a\u0438\u0435 \u043c\u0430\u0442\u0435\u0440\u0438\u0430\u043b\u044b \u0438 \u043f\u0440\u043e\u0434\u0443\u043c\u0430\u043d\u043d\u044b\u0435 \u0434\u0435\u0442\u0430\u043b\u0438 \u0433\u0430\u0440\u0430\u043d\u0442\u0438\u0440\u0443\u044e\u0442 \u043a\u043e\u043c\u0444\u043e\u0440\u0442 \u0438 \u0441\u0432\u043e\u0431\u043e\u0434\u0443 \u0434\u0432\u0438\u0436\u0435\u043d\u0438\u0439, \u043a\u043e\u0442\u043e\u0440\u044b\u0435 \u0432\u0430\u043c \u043d\u0435\u043e\u0431\u0445\u043e\u0434\u0438\u043c\u044b.<\/div>\n<div class=\"Fsg96\" data-sfc-cp=\"\" data-complete=\"true\" data-processed=\"true\"><\/div>\n<div class=\"otQkpb\" role=\"heading\" aria-level=\"3\" data-animation-nesting=\"\" data-sfc-cp=\"\" data-complete=\"true\" data-processed=\"true\" data-sae=\"\">Caracteristici \u0219i Beneficii Principale:<\/div>\n<ul class=\"KsbFXc U6u95\" data-complete=\"true\" data-processed=\"true\">\n<li data-hveid=\"CAEIBhAA\" data-complete=\"true\" data-sae=\"\"><span class=\"T286Pc\" data-sfc-cp=\"\" data-complete=\"true\"><strong class=\"Yjhzub\" data-complete=\"true\">\u0422\u0435\u0445\u043d\u0438\u0447\u0435\u0441\u043a\u0438\u0439 \u043c\u0430\u0442\u0435\u0440\u0438\u0430\u043b Perform:<\/strong>\u00a0\u0418\u0437\u0433\u043e\u0442\u043e\u0432\u043b\u0435\u043d\u043d\u0430\u044f \u0438\u0437 \u043c\u0430\u0442\u0435\u0440\u0438\u0430\u043b\u0430 Perform, \u044e\u0431\u043a\u0430 \u043b\u0435\u0433\u043a\u0430\u044f, \u043f\u0440\u043e\u0447\u043d\u0430\u044f \u0438 \u044d\u0444\u0444\u0435\u043a\u0442\u0438\u0432\u043d\u043e \u043e\u0442\u0432\u043e\u0434\u0438\u0442 \u0432\u043b\u0430\u0433\u0443.<\/span><\/li>\n<li data-hveid=\"CAEIBhAB\" data-complete=\"true\" data-sae=\"\"><span class=\"T286Pc\" data-sfc-cp=\"\" data-complete=\"true\"><strong class=\"Yjhzub\" data-complete=\"true\">\u0412\u043d\u0443\u0442\u0440\u0435\u043d\u043d\u0438\u0435 \u0448\u043e\u0440\u0442\u044b Stretch:<\/strong>\u00a0\u0412\u043a\u043b\u044e\u0447\u0430\u0435\u0442 \u0432\u0441\u0442\u0440\u043e\u0435\u043d\u043d\u044b\u0435 \u0448\u043e\u0440\u0442\u044b \u0438\u0437 \u044d\u043b\u0430\u0441\u0442\u0438\u0447\u043d\u043e\u0433\u043e \u043c\u0430\u0442\u0435\u0440\u0438\u0430\u043b\u0430 (\u0441\u0442\u0440\u0435\u0442\u0447), \u043a\u043e\u0442\u043e\u0440\u044b\u0435 \u043e\u0431\u0435\u0441\u043f\u0435\u0447\u0438\u0432\u0430\u044e\u0442 \u043f\u043e\u0434\u0434\u0435\u0440\u0436\u043a\u0443, \u0442\u0435\u043f\u043b\u043e\u0432\u043e\u0439 \u043a\u043e\u043c\u0444\u043e\u0440\u0442 \u0438 \u043f\u0440\u0435\u0434\u043e\u0442\u0432\u0440\u0430\u0449\u0430\u044e\u0442 \u043d\u0430\u0442\u0438\u0440\u0430\u043d\u0438\u0435, \u0433\u0430\u0440\u0430\u043d\u0442\u0438\u0440\u0443\u044f \u043f\u043e\u043b\u043d\u043e\u0435 \u043f\u043e\u043a\u0440\u044b\u0442\u0438\u0435.\u00a0<strong class=\"Yjhzub\" data-complete=\"true\">\u0441\u0442\u0440\u0430\u0442\u0435\u0433\u0438\u0447\u0435\u0441\u043a\u0438 \u0440\u0430\u0441\u043f\u043e\u043b\u043e\u0436\u0435\u043d\u043d\u044b\u0435 \u043d\u0430 \u0431\u043e\u043a\u043e\u0432\u044b\u0445 \u0441\u0442\u043e\u0440\u043e\u043d\u0430\u0445 \u043e\u0431\u0435\u0441\u043f\u0435\u0447\u0438\u0432\u0430\u044e\u0442 \u043f\u0440\u0435\u0432\u043e\u0441\u0445\u043e\u0434\u043d\u0443\u044e \u0432\u0435\u043d\u0442\u0438\u043b\u044f\u0446\u0438\u044e, \u0441\u043e\u0445\u0440\u0430\u043d\u044f\u044f \u043a\u043e\u0436\u0443 \u0441\u0443\u0445\u043e\u0439 \u0438 \u043f\u0440\u043e\u0445\u043b\u0430\u0434\u043d\u043e\u0439.<\/strong>, \u0421\u0432\u043e\u0431\u043e\u0434\u0430 \u0434\u0432\u0438\u0436\u0435\u043d\u0438\u0439 \u0431\u0435\u0437 \u043e\u0433\u0440\u0430\u043d\u0438\u0447\u0435\u043d\u0438\u0439:.<\/span><\/li>\n<li data-hveid=\"CAEIBhAC\" data-complete=\"true\" data-sae=\"\"><span class=\"T286Pc\" data-sfc-cp=\"\" data-complete=\"true\"><strong class=\"Yjhzub\" data-complete=\"true\">Respirabilitate Avansat\u0103:<\/strong>\u00a0<strong class=\"Yjhzub\" data-complete=\"true\">\u0414\u0435\u0442\u0430\u043b\u0438 \u0438 \u0432\u0441\u0442\u0430\u0432\u043a\u0438 \u0438\u0437 \u0441\u0435\u0442\u043a\u0438<\/strong>\u00a0\u0413\u0438\u0431\u043a\u0438\u0435 \u043c\u0430\u0442\u0435\u0440\u0438\u0430\u043b\u044b \u0438 \u043a\u0440\u043e\u0439 \u043e\u0431\u0435\u0441\u043f\u0435\u0447\u0438\u0432\u0430\u044e\u0442 \u0448\u0438\u0440\u043e\u043a\u0438\u0439 \u0434\u0438\u0430\u043f\u0430\u0437\u043e\u043d \u0434\u0432\u0438\u0436\u0435\u043d\u0438\u0439, \u0438\u0434\u0435\u0430\u043b\u044c\u043d\u043e \u043f\u043e\u0434\u0445\u043e\u0434\u044f\u0449\u0438\u0439 \u0434\u043b\u044f \u0441\u043f\u0440\u0438\u043d\u0442\u043e\u0432 \u0438 \u0434\u0438\u043d\u0430\u043c\u0438\u0447\u043d\u044b\u0445 \u043f\u0435\u0440\u0435\u043c\u0435\u0449\u0435\u043d\u0438\u0439.<\/span><\/li>\n<li data-hveid=\"CAEIBhAD\" data-complete=\"true\" data-sae=\"\"><span class=\"T286Pc\" data-sfc-cp=\"\" data-complete=\"true\"><strong class=\"Yjhzub\" data-complete=\"true\">\u0421\u0442\u0438\u043b\u044c\u043d\u0430\u044f \u0434\u0435\u0442\u0430\u043b\u044c:<\/strong>\u00a0\u041f\u0440\u0438\u043c\u0435\u043d\u0435\u043d\u043d\u0430\u044f \u0434\u0435\u043a\u043e\u0440\u0430\u0442\u0438\u0432\u043d\u0430\u044f \u043e\u043a\u0430\u043d\u0442\u043e\u0432\u043a\u0430 (\u043f\u043e\u0434\u043e\u043b \u0438\u043b\u0438 \u0434\u0435\u043a\u043e\u0440\u0430\u0442\u0438\u0432\u043d\u0430\u044f \u043f\u043e\u043b\u043e\u0441\u0430) \u0434\u043e\u0431\u0430\u0432\u043b\u044f\u0435\u0442 \u0441\u043e\u0432\u0440\u0435\u043c\u0435\u043d\u043d\u044b\u0439 \u0438 \u043f\u0440\u043e\u0444\u0435\u0441\u0441\u0438\u043e\u043d\u0430\u043b\u044c\u043d\u044b\u0439 \u0432\u0438\u0437\u0443\u0430\u043b\u044c\u043d\u044b\u0439 \u0430\u043a\u0446\u0435\u043d\u0442 \u0432\u0430\u0448\u0435\u043c\u0443 \u043d\u0430\u0440\u044f\u0434\u0443.\u00a0<strong class=\"Yjhzub\" data-complete=\"true\">jpg<\/strong>, ideal\u0103 pentru sprinturi \u0219i mi\u0219c\u0103ri dinamice.<\/span><\/li>\n<li data-hveid=\"CAEIBhAE\" data-complete=\"true\" data-sae=\"\"><span class=\"T286Pc\" data-sfc-cp=\"\" data-complete=\"true\" aria-owns=\"action-menu-parent-container\"><strong class=\"Yjhzub\" data-complete=\"true\">Detaliu de Stil:<\/strong>\u00a0Un\u00a0<strong class=\"Yjhzub\" data-complete=\"true\">debrum<\/strong>\u00a0(tiv sau band\u0103 decorativ\u0103) aplicat adaug\u0103 un accent vizual modern \u0219i profesional \u021binutei tale.<\/span><\/li>\n<\/ul>","protected":false},"excerpt":{"rendered":"<div class=\"otQkpb\" role=\"heading\" aria-level=\"3\" data-animation-nesting=\"\" data-sfc-cp=\"\" data-complete=\"true\" data-processed=\"true\" data-sae=\"\">Specifica\u021bii Tehnice:<\/div>\n<ul class=\"KsbFXc U6u95\" data-complete=\"true\" data-processed=\"true\">\n<li data-hveid=\"CAEICBAA\" data-complete=\"true\" data-sae=\"\"><span class=\"T286Pc\" data-sfc-cp=\"\" data-complete=\"true\"><strong class=\"Yjhzub\" data-complete=\"true\">Material Fust\u0103:<\/strong>\u00a0Perform (Poliester tehnic)<\/span><\/li>\n<li data-hveid=\"CAEICBAB\" data-complete=\"true\" data-sae=\"\"><span class=\"T286Pc\" data-sfc-cp=\"\" data-complete=\"true\"><strong class=\"Yjhzub\" data-complete=\"true\">Material \u0218ort Interior:<\/strong>\u00a0Stretch (Elastic)<\/span><\/li>\n<li data-hveid=\"CAEICBAC\" data-complete=\"true\" data-sae=\"\"><span class=\"T286Pc\" data-sfc-cp=\"\" data-complete=\"true\"><strong class=\"Yjhzub\" data-complete=\"true\">Tehnologie:<\/strong>\u00a0Inser\u021bii Mesh laterale pentru ventila\u021bie<\/span><\/li>\n<li data-hveid=\"CAEICBAD\" data-complete=\"true\" data-sae=\"\"><span class=\"T286Pc\" data-sfc-cp=\"\" data-complete=\"true\"><strong class=\"Yjhzub\" data-complete=\"true\">Gen:<\/strong>\u00a0Feminin<\/span><\/li>\n<li data-hveid=\"CAEICBAE\" data-complete=\"true\" data-sae=\"\"><span class=\"T286Pc\" data-sfc-cp=\"\" data-complete=\"true\" aria-owns=\"action-menu-parent-container\"><strong class=\"Yjhzub\" data-complete=\"true\">Utilizare:<\/strong>\u00a0Tenis, Padel, Alergare, Fitness, Multisport.<\/span><\/li>\n<\/ul>","protected":false},"featured_media":75765,"template":"","meta":[],"product_brand":[44],"product_cat":[634,669],"product_tag":[],"class_list":{"0":"post-75754","1":"product","2":"type-product","3":"status-publish","4":"has-post-thumbnail","6":"product_brand-macron","7":"product_cat-freetime","8":"product_cat-trening_bumbac_dama","9":"pa_age_range-adulti","10":"pa_brand-macron","11":"pa_color-albastru-inchis","12":"pa_color-negru","13":"pa_fit-skinny","14":"pa_gender-femei","15":"pa_material-perform","16":"pa_size-l","17":"pa_size-m","18":"pa_size-s","19":"pa_size-xl","20":"pa_size-xs","21":"pa_size-xxl","22":"pa_size-xxs","24":"first","25":"outofstock","26":"shipping-taxable","27":"purchasable","28":"product-type-variable"},"_links":{"self":[{"href":"https:\/\/macron.md\/ru\/wp-json\/wp\/v2\/product\/75754","targetHints":{"allow":["GET"]}}],"collection":[{"href":"https:\/\/macron.md\/ru\/wp-json\/wp\/v2\/product"}],"about":[{"href":"https:\/\/macron.md\/ru\/wp-json\/wp\/v2\/types\/product"}],"wp:featuredmedia":[{"embeddable":true,"href":"https:\/\/macron.md\/ru\/wp-json\/wp\/v2\/media\/75765"}],"wp:attachment":[{"href":"https:\/\/macron.md\/ru\/wp-json\/wp\/v2\/media?parent=75754"}],"wp:term":[{"taxonomy":"product_brand","embeddable":true,"href":"https:\/\/macron.md\/ru\/wp-json\/wp\/v2\/product_brand?post=75754"},{"taxonomy":"product_cat","embeddable":true,"href":"https:\/\/macron.md\/ru\/wp-json\/wp\/v2\/product_cat?post=75754"},{"taxonomy":"product_tag","embeddable":true,"href":"https:\/\/macron.md\/ru\/wp-json\/wp\/v2\/product_tag?post=75754"}],"curies":[{"name":"wp","href":"https:\/\/api.w.org\/{rel}","templated":true}]}}