{"id":73071,"date":"2026-02-08T16:13:23","date_gmt":"2026-02-08T14:13:23","guid":{"rendered":"https:\/\/macron.md\/product\/ponnet-eco-tricou-arbitru-2\/"},"modified":"2026-04-03T10:30:32","modified_gmt":"2026-04-03T08:30:32","slug":"ponnet-eco-tricou-arbitru-2","status":"publish","type":"product","link":"https:\/\/macron.md\/ru\/product\/ponnet-eco-tricou-arbitru-2\/","title":{"rendered":"PONNET ECO \u0424\u0423\u0422\u0411\u041e\u041b\u041a\u0410 \u0421\u0423\u0414\u042c\u0418"},"content":{"rendered":"<div class=\"Y3BBE\" data-sfc-cp=\"\" data-hveid=\"CAEIAhAA\" data-complete=\"true\" data-processed=\"true\"><strong class=\"Yjhzub\" data-complete=\"true\">\u201e\u0424\u0443\u0442\u0431\u043e\u043b\u043a\u0430 \u0430\u0440\u0431\u0438\u0442\u0440\u0430, \u043f\u043e\u043b\u043d\u043e\u0441\u0442\u044c\u044e \u0438\u0437\u0433\u043e\u0442\u043e\u0432\u043b\u0435\u043d\u043d\u0430\u044f \u0438\u0437 Eco-Fabric, \u043f\u043e\u043b\u0443\u0447\u0435\u043d\u043d\u043e\u0433\u043e \u0438\u0437 \u043f\u0435\u0440\u0435\u0440\u0430\u0431\u043e\u0442\u0430\u043d\u043d\u043e\u0433\u043e \u043f\u043e\u043b\u0438\u044d\u0441\u0442\u0435\u0440\u0430 100% (\u041f\u042d\u0422). \u041a\u0440\u0443\u0433\u043b\u044b\u0439 \u0432\u043e\u0440\u043e\u0442\u043d\u0438\u043a \u0438\u043c\u0435\u0435\u0442 \u043f\u0435\u0440\u0435\u0434\u043d\u044e\u044e \u0432\u0441\u0442\u0430\u0432\u043a\u0443 \u0438 \u043e\u0442\u0434\u0435\u043b\u043a\u0443 \u0442\u0440\u0438\u043a\u043e\u0442\u0430\u0436\u0435\u043c \u0441\u0437\u0430\u0434\u0438. \u0412\u0441\u0442\u0430\u0432\u043a\u0438 \u0438\u0437 \u044d\u043a\u043e\u0441\u0435\u0442\u043a\u0438 \u043f\u043e\u0434 \u043c\u044b\u0448\u043a\u0430\u043c\u0438 \u0438 \u043d\u0430 \u0437\u0430\u0442\u044b\u043b\u043a\u0435 \u043e\u0431\u0435\u0441\u043f\u0435\u0447\u0438\u0432\u0430\u044e\u0442 \u043f\u043e\u0432\u044b\u0448\u0435\u043d\u043d\u0443\u044e \u0432\u043e\u0437\u0434\u0443\u0445\u043e\u043f\u0440\u043e\u043d\u0438\u0446\u0430\u0435\u043c\u043e\u0441\u0442\u044c. \u041b\u043e\u0433\u043e\u0442\u0438\u043f Macron Hero \u0438\u0437\u0433\u043e\u0442\u043e\u0432\u043b\u0435\u043d \u0438\u0437 \u0441\u0438\u043b\u0438\u043a\u043e\u043d\u0430. \u041f\u0435\u0440\u0435\u0434\u043d\u044f\u044f \u0447\u0430\u0441\u0442\u044c \u0438 \u0440\u0443\u043a\u0430\u0432\u0430 \u0438\u043c\u0435\u044e\u0442 \u0440\u0435\u043b\u044c\u0435\u0444\u043d\u0443\u044e (\u0442\u0438\u0441\u043d\u0435\u043d\u0443\u044e) \u0442\u0435\u043a\u0441\u0442\u0443\u0440\u0443, \u0430 \u0444\u0443\u0442\u0431\u043e\u043b\u043a\u0430 \u043e\u0441\u043d\u0430\u0449\u0435\u043d\u0430 \u0434\u0432\u0443\u043c\u044f \u043a\u0430\u0440\u043c\u0430\u043d\u0430\u043c\u0438 \u0434\u043b\u044f \u043a\u0430\u0440\u0442\u043e\u0447\u0435\u043a \u0441 \u044d\u0440\u0433\u043e\u043d\u043e\u043c\u0438\u0447\u043d\u044b\u043c \u0434\u0438\u0437\u0430\u0439\u043d\u043e\u043c \u0438 \u0437\u0430\u0441\u0442\u0435\u0436\u043a\u043e\u0439 \u043d\u0430 \u043b\u0438\u043f\u0443\u0447\u043a\u0435. \u0414\u043e\u0441\u0442\u0443\u043f\u043d\u0430 \u0432 4 \u0446\u0432\u0435\u0442\u043e\u0432\u044b\u0445 \u0432\u0430\u0440\u0438\u0430\u043d\u0442\u0430\u0445\u201d.\u201d<\/strong><\/div>\n<div class=\"Fsg96\" data-sfc-cp=\"\" data-complete=\"true\" data-processed=\"true\"><\/div>\n<hr class=\"j3tEEe\" data-serialized-params=\"[]\" data-complete=\"true\" data-processed=\"true\" data-sae=\"\" \/>\n<div class=\"Fsg96\" data-sfc-cp=\"\" data-complete=\"true\" data-processed=\"true\"><\/div>\n<div class=\"otQkpb\" role=\"heading\" aria-level=\"3\" data-animation-nesting=\"\" data-sfc-cp=\"\" data-complete=\"true\" data-processed=\"true\" data-sae=\"\">\u041e\u0431\u044a\u044f\u0441\u043d\u0435\u043d\u0438\u0435 \u0442\u0435\u0445\u043d\u0438\u0447\u0435\u0441\u043a\u0438\u0445 \u0442\u0435\u0440\u043c\u0438\u043d\u043e\u0432:<\/div>\n<ul class=\"KsbFXc U6u95\" data-complete=\"true\" data-processed=\"true\">\n<li data-hveid=\"CAEIBRAA\" data-complete=\"true\" data-sae=\"\"><span class=\"T286Pc\" data-sfc-cp=\"\" data-complete=\"true\"><strong class=\"Yjhzub\" data-complete=\"true\">Eco-Fabric (\u043f\u0435\u0440\u0435\u0440\u0430\u0431\u043e\u0442\u0430\u043d\u043d\u044b\u0439 \u041f\u042d\u0422):<\/strong>\u00a0\u041f\u043e\u0434\u0447\u0435\u0440\u043a\u0438\u0432\u0430\u0435\u0442 \u044d\u043a\u043e\u043b\u043e\u0433\u0438\u0447\u043d\u044b\u0439 \u043f\u0440\u043e\u0446\u0435\u0441\u0441 \u043f\u0440\u043e\u0438\u0437\u0432\u043e\u0434\u0441\u0442\u0432\u0430 \u0438\u0437 \u043f\u0435\u0440\u0435\u0440\u0430\u0431\u043e\u0442\u0430\u043d\u043d\u043e\u0433\u043e \u043f\u043b\u0430\u0441\u0442\u0438\u043a\u0430.<\/span><\/li>\n<li data-hveid=\"CAEIBRAB\" data-complete=\"true\" data-sae=\"\"><span class=\"T286Pc\" data-sfc-cp=\"\" data-complete=\"true\"><strong class=\"Yjhzub\" data-complete=\"true\">\u0422\u0438\u0441\u043d\u0435\u043d\u0430\u044f \u0442\u0435\u043a\u0441\u0442\u0443\u0440\u0430:<\/strong>\u00a0\u041e\u0442\u043d\u043e\u0441\u0438\u0442\u0441\u044f \u043a \u0442\u043e\u0439 \u0440\u0435\u043b\u044c\u0435\u0444\u043d\u043e\u0439 \u0442\u0435\u043a\u0441\u0442\u0443\u0440\u0435, \u043e\u0442\u043f\u0435\u0447\u0430\u0442\u0430\u043d\u043d\u043e\u0439 \u043d\u0435\u043f\u043e\u0441\u0440\u0435\u0434\u0441\u0442\u0432\u0435\u043d\u043d\u043e \u043d\u0430 \u043c\u0430\u0442\u0435\u0440\u0438\u0430\u043b\u0435, \u043a\u043e\u0442\u043e\u0440\u0430\u044f \u043f\u0440\u0438\u0434\u0430\u0435\u0442 \u043f\u0440\u0435\u043c\u0438\u0430\u043b\u044c\u043d\u044b\u0439 \u0432\u0438\u0434.<\/span><\/li>\n<li data-hveid=\"CAEIBRAC\" data-complete=\"true\" data-sae=\"\"><span class=\"T286Pc\" data-sfc-cp=\"\" data-complete=\"true\"><strong class=\"Yjhzub\" data-complete=\"true\">Macron Hero:<\/strong>\u00a0\u041b\u043e\u0433\u043e\u0442\u0438\u043f \u0438\u0442\u0430\u043b\u044c\u044f\u043d\u0441\u043a\u043e\u0433\u043e \u0431\u0440\u0435\u043d\u0434\u0430 Macron, \u043e\u0444\u0438\u0446\u0438\u0430\u043b\u044c\u043d\u043e\u0433\u043e \u043f\u043e\u0441\u0442\u0430\u0432\u0449\u0438\u043a\u0430 \u0434\u043b\u044f \u0430\u0440\u0431\u0438\u0442\u0440\u043e\u0432 \u0423\u0415\u0424\u0410.<\/span><\/li>\n<li data-hveid=\"CAEIBRAD\" data-complete=\"true\" data-sae=\"\"><span class=\"T286Pc\" data-sfc-cp=\"\" data-complete=\"true\" aria-owns=\"action-menu-parent-container\"><strong class=\"Yjhzub\" data-complete=\"true\">\u0417\u0430\u0442\u044b\u043b\u043e\u043a (\u0437\u0430\u0434\u043d\u044f\u044f \u0447\u0430\u0441\u0442\u044c \u0448\u0435\u0438):<\/strong>\u00a0\u041f\u0440\u0430\u0432\u0438\u043b\u044c\u043d\u044b\u0439 \u0430\u043d\u0430\u0442\u043e\u043c\u0438\u0447\u0435\u0441\u043a\u0438\u0439 \u043f\u0435\u0440\u0435\u0432\u043e\u0434 \u0434\u043b\u044f \u043e\u0431\u043b\u0430\u0441\u0442\u0438, \u0433\u0434\u0435 \u0440\u0430\u0437\u043c\u0435\u0449\u0435\u043d\u044b \u0432\u0435\u043d\u0442\u0438\u043b\u044f\u0446\u0438\u043e\u043d\u043d\u044b\u0435 \u0432\u0441\u0442\u0430\u0432\u043a\u0438.<\/span><\/li>\n<\/ul>","protected":false},"excerpt":{"rendered":"<ul class=\"KsbFXc U6u95\" data-complete=\"true\" data-processed=\"true\">\n<li data-hveid=\"CAEIBBAA\" data-complete=\"true\" data-sae=\"\"><span class=\"T286Pc\" data-sfc-cp=\"\" data-complete=\"true\"><strong class=\"Yjhzub\" data-complete=\"true\">Polsi in maglieria:<\/strong>\u00a0Man\u0219ete tricotate (ofer\u0103 o fixare mai bun\u0103 pe bra\u021b).<\/span><\/li>\n<li data-hveid=\"CAEIBBAB\" data-complete=\"true\" data-sae=\"\"><span class=\"T286Pc\" data-sfc-cp=\"\" data-complete=\"true\"><strong class=\"Yjhzub\" data-complete=\"true\">Eco micromesh:<\/strong>\u00a0O variant\u0103 de plas\u0103 cu ochiuri foarte fine, fabricat\u0103 din materiale reciclate, pentru o ventila\u021bie superioar\u0103.<\/span><\/li>\n<li data-hveid=\"CAEIBBAC\" data-complete=\"true\" data-sae=\"\"><span class=\"T286Pc\" data-sfc-cp=\"\" data-complete=\"true\" aria-owns=\"action-menu-parent-container\"><strong class=\"Yjhzub\" data-complete=\"true\">Sottomanica:<\/strong>\u00a0Zona de sub bra\u021b, unde inser\u021biile de mesh sunt esen\u021biale pentru reglarea temperaturii.<\/span><\/li>\n<\/ul>","protected":false},"featured_media":70667,"template":"","meta":[],"product_brand":[44],"product_cat":[662,623],"product_tag":[],"class_list":{"0":"post-73071","1":"product","2":"type-product","3":"status-publish","4":"has-post-thumbnail","6":"product_brand-macron","7":"product_cat-arbitri","8":"product_cat-football","9":"pa_age_range-adulti","10":"pa_brand-macron","11":"pa_color-negru","12":"pa_color-neon-galben","13":"pa_color-neon-rosu","14":"pa_color-neon-sky","15":"pa_fit-slim","16":"pa_gender-barbati","17":"pa_material-eco-softlock","18":"pa_size-3xl","19":"pa_size-l","20":"pa_size-m","21":"pa_size-s","22":"pa_size-xl","23":"pa_size-xs","24":"pa_size-xxl","25":"pa_size-xxs","27":"first","28":"instock","29":"shipping-taxable","30":"purchasable","31":"product-type-variable"},"_links":{"self":[{"href":"https:\/\/macron.md\/ru\/wp-json\/wp\/v2\/product\/73071","targetHints":{"allow":["GET"]}}],"collection":[{"href":"https:\/\/macron.md\/ru\/wp-json\/wp\/v2\/product"}],"about":[{"href":"https:\/\/macron.md\/ru\/wp-json\/wp\/v2\/types\/product"}],"wp:featuredmedia":[{"embeddable":true,"href":"https:\/\/macron.md\/ru\/wp-json\/wp\/v2\/media\/70667"}],"wp:attachment":[{"href":"https:\/\/macron.md\/ru\/wp-json\/wp\/v2\/media?parent=73071"}],"wp:term":[{"taxonomy":"product_brand","embeddable":true,"href":"https:\/\/macron.md\/ru\/wp-json\/wp\/v2\/product_brand?post=73071"},{"taxonomy":"product_cat","embeddable":true,"href":"https:\/\/macron.md\/ru\/wp-json\/wp\/v2\/product_cat?post=73071"},{"taxonomy":"product_tag","embeddable":true,"href":"https:\/\/macron.md\/ru\/wp-json\/wp\/v2\/product_tag?post=73071"}],"curies":[{"name":"wp","href":"https:\/\/api.w.org\/{rel}","templated":true}]}}