{"id":73038,"date":"2026-02-08T16:13:19","date_gmt":"2026-02-08T14:13:19","guid":{"rendered":"https:\/\/macron.md\/product\/ponnet-eco-tricou-arbitru\/"},"modified":"2026-03-26T15:47:36","modified_gmt":"2026-03-26T13:47:36","slug":"ponnet-eco-tricou-arbitru","status":"publish","type":"product","link":"https:\/\/macron.md\/ru\/product\/ponnet-eco-tricou-arbitru\/","title":{"rendered":"PONNET ECO \u0424\u0423\u0422\u0411\u041e\u041b\u041a\u0410 \u0421\u0423\u0414\u042c\u0418"},"content":{"rendered":"<div class=\"Y3BBE\" data-sfc-cp=\"\" data-hveid=\"CAEIAhAA\" data-complete=\"true\" data-processed=\"true\"><strong class=\"Yjhzub\" data-complete=\"true\">\u201e\u0424\u0443\u0442\u0431\u043e\u043b\u043a\u0430 \u0441\u0443\u0434\u044c\u0438, \u043f\u043e\u043b\u043d\u043e\u0441\u0442\u044c\u044e \u0438\u0437\u0433\u043e\u0442\u043e\u0432\u043b\u0435\u043d\u043d\u0430\u044f \u0438\u0437 Eco-Fabric \u2014 \u043c\u0430\u0442\u0435\u0440\u0438\u0430\u043b\u0430, \u043f\u043e\u043b\u0443\u0447\u0435\u043d\u043d\u043e\u0433\u043e \u0438\u0437 \u043f\u0435\u0440\u0435\u0440\u0430\u0431\u043e\u0442\u0430\u043d\u043d\u043e\u0433\u043e \u043f\u043e\u043b\u0438\u044d\u0441\u0442\u0435\u0440\u0430 100% (\u041f\u042d\u0422). \u041a\u0440\u0443\u0433\u043b\u044b\u0439 \u0432\u043e\u0440\u043e\u0442\u043d\u0438\u043a \u0438\u043c\u0435\u0435\u0442 \u043f\u0435\u0440\u0435\u0434\u043d\u044e\u044e \u0432\u0441\u0442\u0430\u0432\u043a\u0443 \u0438 \u043e\u0442\u0434\u0435\u043b\u043a\u0443 \u0442\u0440\u0438\u043a\u043e\u0442\u0430\u0436\u0435\u043c \u043d\u0430 \u0441\u043f\u0438\u043d\u0435. \u0412\u0441\u0442\u0430\u0432\u043a\u0438 \u0438\u0437 \u044d\u043a\u043e\u043b\u043e\u0433\u0438\u0447\u0435\u0441\u043a\u043e\u0439 \u0441\u0435\u0442\u043a\u0438 (\u044d\u043a\u043e-\u0441\u0435\u0442\u043a\u0438) \u043f\u043e\u0434 \u043c\u044b\u0448\u043a\u0430\u043c\u0438 \u0438 \u043d\u0430 \u0437\u0430\u0442\u044b\u043b\u043a\u0435 \u043e\u0431\u0435\u0441\u043f\u0435\u0447\u0438\u0432\u0430\u044e\u0442 \u043f\u043e\u0432\u044b\u0448\u0435\u043d\u043d\u0443\u044e \u0432\u043e\u0437\u0434\u0443\u0445\u043e\u043f\u0440\u043e\u043d\u0438\u0446\u0430\u0435\u043c\u043e\u0441\u0442\u044c. \u041b\u043e\u0433\u043e\u0442\u0438\u043f Macron Hero \u0432\u044b\u043f\u043e\u043b\u043d\u0435\u043d \u0438\u0437 \u0441\u0438\u043b\u0438\u043a\u043e\u043d\u0430. \u041f\u0435\u0440\u0435\u0434\u043d\u044f\u044f \u0447\u0430\u0441\u0442\u044c \u0438 \u0440\u0443\u043a\u0430\u0432\u0430 \u0438\u043c\u0435\u044e\u0442 \u0440\u0435\u043b\u044c\u0435\u0444\u043d\u0443\u044e (\u0442\u0438\u0441\u043d\u0435\u043d\u0443\u044e) \u0442\u0435\u043a\u0441\u0442\u0443\u0440\u0443, \u0430 \u0444\u0443\u0442\u0431\u043e\u043b\u043a\u0430 \u043e\u0441\u043d\u0430\u0449\u0435\u043d\u0430 \u0434\u0432\u0443\u043c\u044f \u043a\u0430\u0440\u043c\u0430\u043d\u0430\u043c\u0438 \u0434\u043b\u044f \u043a\u0430\u0440\u0442\u043e\u0447\u0435\u043a \u0441 \u044d\u0440\u0433\u043e\u043d\u043e\u043c\u0438\u0447\u043d\u044b\u043c \u0434\u0438\u0437\u0430\u0439\u043d\u043e\u043c \u0438 \u0437\u0430\u0441\u0442\u0451\u0436\u043a\u043e\u0439 \u043d\u0430 \u043b\u0438\u043f\u0443\u0447\u043a\u0435. \u0414\u043e\u0441\u0442\u0443\u043f\u043d\u0430 \u0432 4 \u0446\u0432\u0435\u0442\u043e\u0432\u044b\u0445 \u0432\u0430\u0440\u0438\u0430\u043d\u0442\u0430\u0445.\u201d<\/strong><span class=\"uJ19be notranslate\" data-wiz-uids=\"wZxKBd_h,wZxKBd_i\" data-complete=\"true\"><span class=\"vKEkVd\" data-animation-atomic=\"\" data-wiz-attrbind=\"class=wZxKBd_g\/TKHnVd\" data-sae=\"\"><span aria-hidden=\"true\">\u00a0<\/span><\/span><\/span><\/div>\n<div class=\"Fsg96\" data-sfc-cp=\"\" data-complete=\"true\" data-processed=\"true\"><\/div>\n<hr class=\"j3tEEe\" data-serialized-params=\"[]\" data-complete=\"true\" data-processed=\"true\" data-sae=\"\" \/>\n<div class=\"Fsg96\" data-sfc-cp=\"\" data-complete=\"true\" data-processed=\"true\"><\/div>\n<div class=\"otQkpb\" role=\"heading\" aria-level=\"3\" data-animation-nesting=\"\" data-sfc-cp=\"\" data-complete=\"true\" data-processed=\"true\" data-sae=\"\">\u041a\u043b\u044e\u0447\u0435\u0432\u044b\u0435 \u0442\u0435\u0440\u043c\u0438\u043d\u044b, \u0438\u0441\u043f\u043e\u043b\u044c\u0437\u0443\u0435\u043c\u044b\u0435:<\/div>\n<ul class=\"KsbFXc U6u95\" data-complete=\"true\" data-processed=\"true\">\n<li data-hveid=\"CAEIBRAA\" data-complete=\"true\" data-sae=\"\"><span class=\"T286Pc\" data-sfc-cp=\"\" data-complete=\"true\"><strong class=\"Yjhzub\" data-complete=\"true\">Eco-Fabric\/\u041f\u0435\u0440\u0435\u0440\u0430\u0431\u043e\u0442\u0430\u043d\u043d\u044b\u0439 \u041f\u042d\u0422:<\/strong>\u00a0\u041f\u043e\u0434\u0447\u0435\u0440\u043a\u0438\u0432\u0430\u0435\u0442 \u0443\u0441\u0442\u043e\u0439\u0447\u0438\u0432\u0443\u044e \u043f\u0440\u0438\u0440\u043e\u0434\u0443 \u043f\u0440\u043e\u0434\u0443\u043a\u0442\u0430.<\/span><\/li>\n<li data-hveid=\"CAEIBRAB\" data-complete=\"true\" data-sae=\"\"><span class=\"T286Pc\" data-sfc-cp=\"\" data-complete=\"true\"><strong class=\"Yjhzub\" data-complete=\"true\">\u041f\u043e\u0432\u044b\u0448\u0435\u043d\u043d\u0430\u044f \u0432\u043e\u0437\u0434\u0443\u0445\u043e\u043f\u0440\u043e\u043d\u0438\u0446\u0430\u0435\u043c\u043e\u0441\u0442\u044c:<\/strong>\u00a0\u0421\u0442\u0430\u043d\u0434\u0430\u0440\u0442\u043d\u044b\u0439 \u0442\u0435\u0440\u043c\u0438\u043d \u0432 \u0441\u043f\u043e\u0440\u0442\u0438\u0432\u043d\u043e\u0439 \u0438\u043d\u0434\u0443\u0441\u0442\u0440\u0438\u0438 \u0434\u043b\u044f \u043e\u043f\u0438\u0441\u0430\u043d\u0438\u044f \u0441\u043f\u043e\u0441\u043e\u0431\u043d\u043e\u0441\u0442\u0438 \u043c\u0430\u0442\u0435\u0440\u0438\u0430\u043b\u0430 \u0443\u043f\u0440\u0430\u0432\u043b\u044f\u0442\u044c \u0432\u043b\u0430\u0433\u043e\u0439.<\/span><\/li>\n<li data-hveid=\"CAEIBRAC\" data-complete=\"true\" data-sae=\"\"><span class=\"T286Pc\" data-sfc-cp=\"\" data-complete=\"true\"><strong class=\"Yjhzub\" data-complete=\"true\">Textur\u0103 \u00een relief (embosat\u0103):<\/strong>\u00a0\u0422\u0435\u0445\u043d\u0438\u0447\u0435\u0441\u043a\u043e\u0435 \u043e\u043f\u0438\u0441\u0430\u043d\u0438\u0435 \u043e\u0442\u0434\u0435\u043b\u043a\u0438 \u043c\u0430\u0442\u0435\u0440\u0438\u0430\u043b\u0430.<\/span><\/li>\n<li data-hveid=\"CAEIBRAD\" data-complete=\"true\" data-sae=\"\"><span class=\"T286Pc\" data-sfc-cp=\"\" data-complete=\"true\"><strong class=\"Yjhzub\" data-complete=\"true\">\u041b\u043e\u0433\u043e\u0442\u0438\u043f Macron Hero:<\/strong>\u00a0\u041d\u0430\u0437\u0432\u0430\u043d\u0438\u0435 \u0431\u0440\u0435\u043d\u0434\u0430, \u0443\u043a\u0430\u0437\u0430\u043d\u043d\u043e\u0435 \u0432 \u0438\u0441\u0445\u043e\u0434\u043d\u043e\u043c \u0442\u0435\u043a\u0441\u0442\u0435.<\/span><span class=\"uJ19be notranslate\" data-wiz-uids=\"wZxKBd_14,wZxKBd_15\" data-complete=\"true\"><span class=\"vKEkVd\" data-animation-atomic=\"\" data-wiz-attrbind=\"class=wZxKBd_13\/TKHnVd\" data-sae=\"\"><span aria-hidden=\"true\" aria-owns=\"action-menu-parent-container\">\u00a0<\/span><\/span><\/span><\/li>\n<\/ul>","protected":false},"excerpt":{"rendered":"<ul class=\"KsbFXc U6u95\" data-complete=\"true\" data-processed=\"true\">\n<li data-hveid=\"CAEIBBAA\" data-complete=\"true\" data-sae=\"\"><span class=\"T286Pc\" data-sfc-cp=\"\" data-complete=\"true\"><strong class=\"Yjhzub\" data-complete=\"true\">Polsi in maglieria:<\/strong>\u00a0Man\u0219ete din tricot (asigur\u0103 o fixare elastic\u0103 \u0219i confortabil\u0103 pe \u00eencheietur\u0103).<\/span><\/li>\n<li data-hveid=\"CAEIBBAB\" data-complete=\"true\" data-sae=\"\"><span class=\"T286Pc\" data-sfc-cp=\"\" data-complete=\"true\"><strong class=\"Yjhzub\" data-complete=\"true\">Eco micromesh:<\/strong>\u00a0O plas\u0103 ecologic\u0103 cu textur\u0103 fin\u0103 care permite o ventilare maxim\u0103 \u00een zonele cu temperatur\u0103 ridicat\u0103.<\/span><\/li>\n<li data-hveid=\"CAEIBBAC\" data-complete=\"true\" data-sae=\"\"><span class=\"T286Pc\" data-sfc-cp=\"\" data-complete=\"true\" aria-owns=\"action-menu-parent-container\"><strong class=\"Yjhzub\" data-complete=\"true\">Sottomanica:<\/strong>\u00a0Zona de sub bra\u021b, esen\u021bial\u0103 pentru respirabilitate \u00een timpul activit\u0103\u021bii intense a arbitrului.<\/span><\/li>\n<\/ul>","protected":false},"featured_media":70627,"template":"","meta":[],"product_brand":[44],"product_cat":[662,623],"product_tag":[],"class_list":{"0":"post-73038","1":"product","2":"type-product","3":"status-publish","4":"has-post-thumbnail","6":"product_brand-macron","7":"product_cat-arbitri","8":"product_cat-football","9":"pa_age_range-adulti","10":"pa_brand-macron","11":"pa_color-negru","12":"pa_color-neon-galben","13":"pa_color-neon-rosu","14":"pa_color-neon-sky","15":"pa_fit-slim","16":"pa_gender-barbati","17":"pa_material-eco-softlock","18":"pa_size-3xl","19":"pa_size-l","20":"pa_size-m","21":"pa_size-s","22":"pa_size-xl","23":"pa_size-xs","24":"pa_size-xxl","25":"pa_size-xxs","27":"first","28":"outofstock","29":"shipping-taxable","30":"purchasable","31":"product-type-variable"},"_links":{"self":[{"href":"https:\/\/macron.md\/ru\/wp-json\/wp\/v2\/product\/73038","targetHints":{"allow":["GET"]}}],"collection":[{"href":"https:\/\/macron.md\/ru\/wp-json\/wp\/v2\/product"}],"about":[{"href":"https:\/\/macron.md\/ru\/wp-json\/wp\/v2\/types\/product"}],"wp:featuredmedia":[{"embeddable":true,"href":"https:\/\/macron.md\/ru\/wp-json\/wp\/v2\/media\/70627"}],"wp:attachment":[{"href":"https:\/\/macron.md\/ru\/wp-json\/wp\/v2\/media?parent=73038"}],"wp:term":[{"taxonomy":"product_brand","embeddable":true,"href":"https:\/\/macron.md\/ru\/wp-json\/wp\/v2\/product_brand?post=73038"},{"taxonomy":"product_cat","embeddable":true,"href":"https:\/\/macron.md\/ru\/wp-json\/wp\/v2\/product_cat?post=73038"},{"taxonomy":"product_tag","embeddable":true,"href":"https:\/\/macron.md\/ru\/wp-json\/wp\/v2\/product_tag?post=73038"}],"curies":[{"name":"wp","href":"https:\/\/api.w.org\/{rel}","templated":true}]}}