{"id":72047,"date":"2026-02-08T16:12:25","date_gmt":"2026-02-08T14:12:25","guid":{"rendered":"https:\/\/macron.md\/product\/passenger-geanta-trolley\/"},"modified":"2026-04-03T10:30:24","modified_gmt":"2026-04-03T08:30:24","slug":"passenger-geanta-trolley","status":"publish","type":"product","link":"https:\/\/macron.md\/ru\/product\/passenger-geanta-trolley\/","title":{"rendered":"PASSENGER GEANTA TROLLEY"},"content":{"rendered":"<div class=\"otQkpb\" role=\"heading\" aria-level=\"3\" data-animation-nesting=\"\" data-sfc-cp=\"\" data-complete=\"true\" data-processed=\"true\" data-sae=\"\"><strong class=\"Yjhzub\" data-complete=\"true\">\u0421\u0443\u043c\u043a\u0430-\u0442\u0435\u043b\u0435\u0436\u043a\u0430 \u0434\u043b\u044f \u043f\u0443\u0442\u0435\u0448\u0435\u0441\u0442\u0432\u0438\u0439 (\u0425\u043e\u043b\u0434\u0430\u043b\u043b) \u2013 \u0420\u0430\u0437\u043c\u0435\u0440\u044b 65x42x34 \u0441\u043c<\/strong><span class=\"uJ19be notranslate\" data-wiz-uids=\"F1N3tc_i,F1N3tc_j\" data-complete=\"true\"><span class=\"vKEkVd\" data-animation-atomic=\"\" data-wiz-attrbind=\"class=F1N3tc_h\/TKHnVd\" data-sae=\"\"><span aria-hidden=\"true\">\u00a0<\/span><\/span><\/span><\/div>\n<div class=\"Y3BBE\" data-sfc-cp=\"\" data-hveid=\"CAEIAxAA\" data-complete=\"true\" data-processed=\"true\">\u042d\u0442\u0430 \u0441\u0443\u043c\u043a\u0430-\u0442\u0435\u043b\u0435\u0436\u043a\u0430 \u0441\u043e\u0447\u0435\u0442\u0430\u0435\u0442 \u0432 \u0441\u0435\u0431\u0435 \u043f\u0440\u043e\u0441\u0442\u043e\u0440 \u043a\u043b\u0430\u0441\u0441\u0438\u0447\u0435\u0441\u043a\u043e\u0439 \u0434\u043e\u0440\u043e\u0436\u043d\u043e\u0439 \u0441\u0443\u043c\u043a\u0438 \u0441 \u0444\u0443\u043d\u043a\u0446\u0438\u043e\u043d\u0430\u043b\u044c\u043d\u043e\u0441\u0442\u044c\u044e \u0441\u043e\u0432\u0440\u0435\u043c\u0435\u043d\u043d\u043e\u0433\u043e \u0442\u0440\u043e\u0301\u043b\u043b\u0435\u0440\u0430. \u042d\u0442\u043e \u0438\u0434\u0435\u0430\u043b\u044c\u043d\u043e\u0435 \u0440\u0435\u0448\u0435\u043d\u0438\u0435 \u0434\u043b\u044f \u0434\u043b\u0438\u0442\u0435\u043b\u044c\u043d\u044b\u0445 \u043f\u043e\u0435\u0437\u0434\u043e\u043a, \u043a\u043e\u043c\u0430\u043d\u0434\u0438\u0440\u043e\u0432\u043e\u043a \u0438\u043b\u0438 \u043f\u0443\u0442\u0435\u0448\u0435\u0441\u0442\u0432\u0438\u0439, \u043e\u0431\u0435\u0441\u043f\u0435\u0447\u0438\u0432\u0430\u044e\u0449\u0435\u0435 \u043b\u0451\u0433\u043a\u0443\u044e \u0442\u0440\u0430\u043d\u0441\u043f\u043e\u0440\u0442\u0438\u0440\u043e\u0432\u043a\u0443 \u0438 \u043e\u043f\u0442\u0438\u043c\u0430\u043b\u044c\u043d\u0443\u044e \u043e\u0440\u0433\u0430\u043d\u0438\u0437\u0430\u0446\u0438\u044e.<span class=\"uJ19be notranslate\" data-wiz-uids=\"F1N3tc_m,F1N3tc_n\" data-complete=\"true\"><span class=\"vKEkVd\" data-animation-atomic=\"\" data-wiz-attrbind=\"class=F1N3tc_l\/TKHnVd\" data-sae=\"\"><span aria-hidden=\"true\">\u00a0<\/span><\/span><\/span><\/div>\n<ul class=\"KsbFXc U6u95\" data-complete=\"true\" data-processed=\"true\">\n<li data-hveid=\"CAEIBBAA\" data-complete=\"true\" data-sae=\"\"><span class=\"T286Pc\" data-sfc-cp=\"\" data-complete=\"true\"><strong class=\"Yjhzub\" data-complete=\"true\">\u0423\u043f\u0440\u043e\u0449\u0451\u043d\u043d\u0430\u044f \u0442\u0440\u0430\u043d\u0441\u043f\u043e\u0440\u0442\u0438\u0440\u043e\u0432\u043a\u0430:<\/strong>\u00a0\u041e\u0441\u043d\u0430\u0449\u0435\u043d\u0430\u00a0<strong class=\"Yjhzub\" data-complete=\"true\">\u0432\u0441\u0442\u0440\u043e\u0435\u043d\u043d\u0430\u044f \u0441\u0438\u0441\u0442\u0435\u043c\u0430 \u0442\u0435\u043b\u0435\u0436\u043a\u0438<\/strong>\u00a0(\u0432\u044b\u0434\u0432\u0438\u0436\u043d\u0430\u044f \u0440\u0443\u0447\u043a\u0430 \u0438 \u043f\u0440\u043e\u0447\u043d\u044b\u0435 \u043a\u043e\u043b\u0451\u0441\u0430), \u043a\u043e\u0442\u043e\u0440\u0430\u044f \u043f\u043e\u0437\u0432\u043e\u043b\u044f\u0435\u0442 \u043b\u0435\u0433\u043a\u043e \u043f\u0435\u0440\u0435\u043c\u0435\u0449\u0430\u0442\u044c \u0431\u0430\u0433\u0430\u0436, \u0443\u043c\u0435\u043d\u044c\u0448\u0430\u044f \u0443\u0441\u0438\u043b\u0438\u044f.<\/span><\/li>\n<li data-hveid=\"CAEIBBAB\" data-complete=\"true\" data-sae=\"\"><span class=\"T286Pc\" data-sfc-cp=\"\" data-complete=\"true\"><strong class=\"Yjhzub\" data-complete=\"true\">\u0429\u0435\u0434\u0440\u0430\u044f \u0432\u043c\u0435\u0441\u0442\u0438\u043c\u043e\u0441\u0442\u044c:<\/strong>\u00a0\u0421 \u0440\u0430\u0437\u043c\u0435\u0440\u0430\u043c\u0438\u00a0<strong class=\"Yjhzub\" data-complete=\"true\">65 x 42 x 34 \u0441\u043c<\/strong>, \u043e\u0431\u0435\u0441\u043f\u0435\u0447\u0438\u0432\u0430\u0435\u0442 \u0431\u043e\u043b\u044c\u0448\u043e\u0439 \u043e\u0431\u044a\u0451\u043c \u0434\u043b\u044f \u0445\u0440\u0430\u043d\u0435\u043d\u0438\u044f, \u0434\u043e\u0441\u0442\u0430\u0442\u043e\u0447\u043d\u044b\u0439 \u0434\u043b\u044f \u043f\u0435\u0440\u0435\u0432\u043e\u0437\u043a\u0438 \u0433\u0440\u043e\u043c\u043e\u0437\u0434\u043a\u043e\u0433\u043e \u0441\u043f\u043e\u0440\u0442\u0438\u0432\u043d\u043e\u0433\u043e \u0441\u043d\u0430\u0440\u044f\u0436\u0435\u043d\u0438\u044f \u0438\u043b\u0438 \u043e\u0434\u0435\u0436\u0434\u044b \u0434\u043b\u044f \u0434\u043b\u0438\u0442\u0435\u043b\u044c\u043d\u043e\u0433\u043e \u043e\u0442\u043f\u0443\u0441\u043a\u0430.<\/span><\/li>\n<li data-hveid=\"CAEIBBAC\" data-complete=\"true\" data-sae=\"\"><span class=\"T286Pc\" data-sfc-cp=\"\" data-complete=\"true\"><strong class=\"Yjhzub\" data-complete=\"true\">\u0423\u043d\u0438\u0432\u0435\u0440\u0441\u0430\u043b\u044c\u043d\u043e\u0441\u0442\u044c (\u0425\u043e\u043b\u0434\u0430\u043b\u043b):<\/strong>\u00a0\u041c\u043e\u0436\u0435\u0442 \u043f\u0435\u0440\u0435\u0432\u043e\u0437\u0438\u0442\u044c\u0441\u044f \u043a\u0430\u043a \u0442\u0435\u043b\u0435\u0436\u043a\u0430, \u0430 \u0442\u0430\u043a\u0436\u0435 \u043f\u043e\u0434\u043d\u0438\u043c\u0430\u0442\u044c\u0441\u044f \u0437\u0430 \u0441\u0447\u0451\u0442 \u0443\u0441\u0438\u043b\u0435\u043d\u043d\u044b\u0445 \u0440\u0443\u0447\u0435\u043a.<\/span><\/li>\n<li data-hveid=\"CAEIBBAD\" data-complete=\"true\" data-sae=\"\"><span class=\"T286Pc\" data-sfc-cp=\"\" data-complete=\"true\"><strong class=\"Yjhzub\" data-complete=\"true\">\u0418\u0434\u0435\u0430\u043b\u044c\u043d\u0430 \u0434\u043b\u044f \u043f\u0443\u0442\u0435\u0448\u0435\u0441\u0442\u0432\u0438\u0439:<\/strong>\u00a0\u041f\u0440\u043e\u0447\u043d\u044b\u0439 \u0438 \u0432\u043c\u0435\u0441\u0442\u0438\u0442\u0435\u043b\u044c\u043d\u044b\u0439 \u0434\u0438\u0437\u0430\u0439\u043d \u043f\u043e\u0434\u0445\u043e\u0434\u0438\u0442 \u0434\u043b\u044f \u0448\u0438\u0440\u043e\u043a\u043e\u0433\u043e \u0441\u043f\u0435\u043a\u0442\u0440\u0430 \u043f\u043e\u0442\u0440\u0435\u0431\u043d\u043e\u0441\u0442\u0435\u0439 \u0432 \u043f\u043e\u0435\u0437\u0434\u043a\u0430\u0445.<\/span><span class=\"uJ19be notranslate\" data-wiz-uids=\"F1N3tc_14,F1N3tc_15\" data-complete=\"true\"><span class=\"vKEkVd\" data-animation-atomic=\"\" data-wiz-attrbind=\"class=F1N3tc_13\/TKHnVd\" data-sae=\"\"><span aria-hidden=\"true\" aria-owns=\"action-menu-parent-container\">\u00a0<\/span><\/span><\/span><\/li>\n<\/ul>","protected":false},"excerpt":{"rendered":"<div class=\"Y3BBE\" data-sfc-cp=\"\" data-hveid=\"CAEIBBAA\" data-complete=\"true\" data-processed=\"true\"><strong class=\"Yjhzub\" data-complete=\"true\">Caracteristici cheie:<\/strong><\/div>\n<ul class=\"KsbFXc U6u95\" data-complete=\"true\" data-processed=\"true\">\n<li data-hveid=\"CAEIBRAA\" data-complete=\"true\" data-sae=\"\"><span class=\"T286Pc\" data-sfc-cp=\"\" data-complete=\"true\"><strong class=\"Yjhzub\" data-complete=\"true\">Material de \u00cenalt\u0103 Calitate:<\/strong>\u00a0Confec\u021bionat din\u00a0<strong class=\"Yjhzub\" data-complete=\"true\">100% Poliester 600D<\/strong>, o \u021bes\u0103tur\u0103 robust\u0103, recunoscut\u0103 pentru rezisten\u021ba sa superioar\u0103 la abraziune, rupere \u0219i uzur\u0103.<\/span><\/li>\n<li data-hveid=\"CAEIBRAB\" data-complete=\"true\" data-sae=\"\"><span class=\"T286Pc\" data-sfc-cp=\"\" data-complete=\"true\"><strong class=\"Yjhzub\" data-complete=\"true\">Construc\u021bie Solid\u0103:<\/strong>\u00a0\u021aes\u0103tura de tip\u00a0<strong class=\"Yjhzub\" data-complete=\"true\">600D Weave (\u021bes\u0103tur\u0103 600 den) garanteaz\u0103 o structur\u0103 semi-rigid\u0103 \u0219i o durat\u0103 de via\u021b\u0103 extins\u0103 a produsului.<\/strong><\/span><\/li>\n<li data-hveid=\"CAEIBRAC\" data-complete=\"true\" data-sae=\"\"><span class=\"T286Pc\" data-sfc-cp=\"\" data-complete=\"true\"><strong class=\"Yjhzub\" data-complete=\"true\">Ideal pentru Sport:<\/strong>\u00a0Materialul tehnic face ca acest accesoriu s\u0103 fie perfect pentru transportul echipamentului la antrenamente, competi\u021bii sau \u00een c\u0103l\u0103torii.<\/span><\/li>\n<li data-hveid=\"CAEIBRAD\" data-complete=\"true\" data-sae=\"\"><span class=\"T286Pc\" data-sfc-cp=\"\" data-complete=\"true\"><strong class=\"Yjhzub\" data-complete=\"true\">U\u0219or de \u00centre\u021binut:<\/strong> Poliesterul este u\u0219or de cur\u0103\u021bat \u0219i se usuc\u0103 rapid.<\/span><\/li>\n<\/ul>\n<div class=\"Fsg96\" data-sfc-cp=\"\" data-complete=\"true\" data-processed=\"true\"><\/div>\n<hr class=\"j3tEEe\" data-serialized-params=\"[]\" data-complete=\"true\" data-processed=\"true\" data-sae=\"\" \/>\n<div class=\"Fsg96\" data-sfc-cp=\"\" data-complete=\"true\" data-processed=\"true\"><\/div>","protected":false},"featured_media":72055,"template":"","meta":[],"product_brand":[44],"product_cat":[624,641],"product_tag":[],"class_list":{"0":"post-72047","1":"product","2":"type-product","3":"status-publish","4":"has-post-thumbnail","6":"product_brand-macron","7":"product_cat-bags","8":"product_cat-genti","9":"pa_age_range-adulti","10":"pa_brand-macron","11":"pa_color-albastru","12":"pa_color-albastru-inchis","13":"pa_color-negru","14":"pa_fit-regular","15":"pa_gender-unisex","16":"pa_material-poliestere","17":"pa_size-tu","19":"first","20":"outofstock","21":"shipping-taxable","22":"purchasable","23":"product-type-variable"},"_links":{"self":[{"href":"https:\/\/macron.md\/ru\/wp-json\/wp\/v2\/product\/72047","targetHints":{"allow":["GET"]}}],"collection":[{"href":"https:\/\/macron.md\/ru\/wp-json\/wp\/v2\/product"}],"about":[{"href":"https:\/\/macron.md\/ru\/wp-json\/wp\/v2\/types\/product"}],"wp:featuredmedia":[{"embeddable":true,"href":"https:\/\/macron.md\/ru\/wp-json\/wp\/v2\/media\/72055"}],"wp:attachment":[{"href":"https:\/\/macron.md\/ru\/wp-json\/wp\/v2\/media?parent=72047"}],"wp:term":[{"taxonomy":"product_brand","embeddable":true,"href":"https:\/\/macron.md\/ru\/wp-json\/wp\/v2\/product_brand?post=72047"},{"taxonomy":"product_cat","embeddable":true,"href":"https:\/\/macron.md\/ru\/wp-json\/wp\/v2\/product_cat?post=72047"},{"taxonomy":"product_tag","embeddable":true,"href":"https:\/\/macron.md\/ru\/wp-json\/wp\/v2\/product_tag?post=72047"}],"curies":[{"name":"wp","href":"https:\/\/api.w.org\/{rel}","templated":true}]}}