{"id":72020,"date":"2026-02-08T16:12:24","date_gmt":"2026-02-08T14:12:24","guid":{"rendered":"https:\/\/macron.md\/product\/success-3d-hanorac-cu-fermuar\/"},"modified":"2026-04-03T10:30:28","modified_gmt":"2026-04-03T08:30:28","slug":"success-3d-hanorac-cu-fermuar","status":"publish","type":"product","link":"https:\/\/macron.md\/ru\/product\/success-3d-hanorac-cu-fermuar\/","title":{"rendered":"SUCCESS 3D HANORAC CU FERMUAR"},"content":{"rendered":"<div class=\"Y3BBE\" data-sfc-cp=\"\" data-hveid=\"CAEIAhAA\" data-complete=\"true\" data-processed=\"true\"><strong class=\"Yjhzub\" data-complete=\"true\">\u0421\u0432\u043e\u0431\u043e\u0434\u043d\u0430\u044f \u0442\u043e\u043b\u0441\u0442\u043e\u0432\u043a\u0430 \u0441 \u043a\u0430\u043f\u044e\u0448\u043e\u043d\u043e\u043c, \u0438\u0437 3D-\u043c\u0430\u0442\u0435\u0440\u0438\u0430\u043b\u0430, \u0441 \u043f\u043e\u0442\u0430\u0439\u043d\u043e\u0439 \u043c\u043e\u043b\u043d\u0438\u0435\u0439 \u043f\u043e \u0432\u0441\u0435\u0439 \u0434\u043b\u0438\u043d\u0435, \u0441 \u0441\u0430\u043c\u043e\u0431\u043b\u043e\u043a\u0438\u0440\u0443\u044e\u0449\u0438\u043c\u0441\u044f \u0431\u0435\u0433\u0443\u043d\u043a\u043e\u043c \u0438 \u0437\u0430\u0449\u0438\u0442\u043d\u043e\u0439 \u043f\u043b\u0430\u043d\u043a\u043e\u0439 \u043d\u0430 \u0433\u043e\u0440\u043b\u043e\u0432\u0438\u043d\u0435.<\/strong><br data-serialized-params=\"[]\" data-complete=\"true\" \/><strong class=\"Yjhzub\" data-complete=\"true\">\u0411\u043e\u043a\u043e\u0432\u044b\u0435 \u043f\u0440\u0430\u043a\u0442\u0438\u0447\u043d\u044b\u0435 \u043a\u0430\u0440\u043c\u0430\u043d\u044b \u0438\u043c\u0435\u044e\u0442 \u043f\u043e\u0442\u0430\u0439\u043d\u0443\u044e \u043c\u043e\u043b\u043d\u0438\u044e \u0441 \u0441\u0430\u043c\u043e\u0431\u043b\u043e\u043a\u0438\u0440\u0443\u044e\u0449\u0438\u043c\u0441\u044f \u0431\u0435\u0433\u0443\u043d\u043a\u043e\u043c.<\/strong><br data-serialized-params=\"[]\" data-complete=\"true\" \/><strong class=\"Yjhzub\" data-complete=\"true\">\u0412\u0441\u0442\u0430\u0432\u043a\u0438 \u0438\u0437 \u043c\u044f\u0433\u043a\u043e\u0433\u043e \u0438 \u044d\u043b\u0430\u0441\u0442\u0438\u0447\u043d\u043e\u0433\u043e \u043c\u0430\u0442\u0435\u0440\u0438\u0430\u043b\u0430 \u043f\u043e \u0431\u043e\u043a\u0430\u043c \u0438 \u043f\u043e\u0434 \u043c\u044b\u0448\u043a\u0430\u043c\u0438.<\/strong><\/div>\n<div class=\"Fsg96\" data-sfc-cp=\"\" data-complete=\"true\" data-processed=\"true\"><\/div>\n<hr class=\"j3tEEe\" data-serialized-params=\"[]\" data-complete=\"true\" data-processed=\"true\" data-sae=\"\" \/>\n<div class=\"Fsg96\" data-sfc-cp=\"\" data-complete=\"true\" data-processed=\"true\"><\/div>\n<div class=\"otQkpb\" role=\"heading\" aria-level=\"3\" data-animation-nesting=\"\" data-sfc-cp=\"\" data-complete=\"true\" data-processed=\"true\" data-sae=\"\">\u0422\u0435\u0440\u043c\u0438\u043d\u043e\u043b\u043e\u0433\u0438\u0447\u0435\u0441\u043a\u0438\u0435 \u0434\u0435\u0442\u0430\u043b\u0438<\/div>\n<ul class=\"KsbFXc U6u95\" data-complete=\"true\" data-processed=\"true\">\n<li data-hveid=\"CAEIBRAA\" data-complete=\"true\" data-sae=\"\"><span class=\"T286Pc\" data-sfc-cp=\"\" data-complete=\"true\"><strong class=\"Yjhzub\" data-complete=\"true\">3D \u0442\u043a\u0430\u043d\u044c<\/strong>: 3D-\u043c\u0430\u0442\u0435\u0440\u0438\u0430\u043b (\u0441\u043f\u0435\u0446\u0438\u0430\u043b\u044c\u043d\u0430\u044f \u0442\u0435\u043a\u0441\u0442\u0443\u0440\u0430, \u0447\u0430\u0441\u0442\u043e \u0441 \u043e\u0431\u044a\u0435\u043c\u043e\u043c \u0438\u043b\u0438 \u0441\u0435\u0442\u0447\u0430\u0442\u044b\u043c\u0438 \u0432\u0441\u0442\u0430\u0432\u043a\u0430\u043c\u0438).<\/span><\/li>\n<li data-hveid=\"CAEIBRAB\" data-complete=\"true\" data-sae=\"\"><span class=\"T286Pc\" data-sfc-cp=\"\" data-complete=\"true\"><strong class=\"Yjhzub\" data-complete=\"true\">\u041f\u043e\u0442\u0430\u0439\u043d\u0430\u044f \u043c\u043e\u043b\u043d\u0438\u044f<\/strong>: \u041f\u043e\u0442\u0430\u0439\u043d\u0430\u044f\/\u0441\u043a\u0440\u044b\u0442\u0430\u044f \u043c\u043e\u043b\u043d\u0438\u044f.<\/span><\/li>\n<li data-hveid=\"CAEIBRAC\" data-complete=\"true\" data-sae=\"\"><span class=\"T286Pc\" data-sfc-cp=\"\" data-complete=\"true\"><strong class=\"Yjhzub\" data-complete=\"true\">\u0421\u0430\u043c\u043e\u0431\u043b\u043e\u043a\u0438\u0440\u0443\u044e\u0449\u0438\u0439\u0441\u044f \u0431\u0435\u0433\u0443\u043d\u043e\u043a<\/strong>: \u0421\u0430\u043c\u043e\u0431\u043b\u043e\u043a\u0438\u0440\u0443\u044e\u0449\u0438\u0439\u0441\u044f \u0431\u0435\u0433\u0443\u043d\u043e\u043a (\u043d\u0435 \u0441\u043e\u0441\u043a\u0430\u043b\u044c\u0437\u044b\u0432\u0430\u0435\u0442, \u0435\u0441\u043b\u0438 \u0435\u0433\u043e \u0430\u043a\u0442\u0438\u0432\u043d\u043e \u043d\u0435 \u0442\u044f\u043d\u0443\u0442\u044c).<\/span><\/li>\n<li data-hveid=\"CAEIBRAD\" data-complete=\"true\" data-sae=\"\"><span class=\"T286Pc\" data-sfc-cp=\"\" data-complete=\"true\"><strong class=\"Yjhzub\" data-complete=\"true\">\u041f\u043b\u0430\u043d\u043a\u0430 \u043d\u0430 \u0433\u043e\u0440\u043b\u043e\u0432\u0438\u043d\u0435<\/strong>: \u0417\u0430\u0449\u0438\u0442\u043d\u0430\u044f \u043f\u043b\u0430\u043d\u043a\u0430 \u043d\u0430 \u0433\u043e\u0440\u043b\u043e\u0432\u0438\u043d\u0435 (\u0434\u043b\u044f \u043a\u043e\u043c\u0444\u043e\u0440\u0442\u0430 \u0438 \u043f\u0440\u0435\u0434\u043e\u0442\u0432\u0440\u0430\u0449\u0435\u043d\u0438\u044f \u0440\u0430\u0437\u0434\u0440\u0430\u0436\u0435\u043d\u0438\u044f).<\/span><\/li>\n<li data-hveid=\"CAEIBRAE\" data-complete=\"true\" data-sae=\"\"><span class=\"T286Pc\" data-sfc-cp=\"\" data-complete=\"true\"><strong class=\"Yjhzub\" data-complete=\"true\">\u042d\u043b\u0430\u0441\u0442\u0438\u0447\u043d\u0430\u044f \u0442\u043a\u0430\u043d\u044c<\/strong>: \u042d\u043b\u0430\u0441\u0442\u0438\u0447\u043d\u044b\u0439 \u043c\u0430\u0442\u0435\u0440\u0438\u0430\u043b.<\/span><span class=\"uJ19be notranslate\" data-wiz-uids=\"uTdhwe_1b,uTdhwe_1c\" data-complete=\"true\"><span class=\"vKEkVd\" data-animation-atomic=\"\" data-wiz-attrbind=\"class=uTdhwe_1a\/TKHnVd\" data-sae=\"\"><span aria-hidden=\"true\">\u00a0<\/span><\/span><\/span><\/li>\n<\/ul>\n<div class=\"Fsg96\" data-sfc-cp=\"\" data-complete=\"true\" data-processed=\"true\"><\/div>\n<hr class=\"j3tEEe\" data-serialized-params=\"[]\" data-complete=\"true\" data-processed=\"true\" data-sae=\"\" \/>","protected":false},"excerpt":{"rendered":"<p><strong class=\"Yjhzub\" data-complete=\"true\">Fermoar frontal complet (full zip) inversat (ascuns) cu cursor autoblocant, Buzunare cu fermoar inversat (ascuns) cu cursor autoblocant, Inser\u021bii laterale \u0219i sub m\u00e2nec\u0103 din material elastic (stretch), Band\u0103 de protec\u021bie la g\u00e2t (salvacollo).<\/strong><br data-serialized-params=\"[]\" data-complete=\"true\" \/><strong class=\"Yjhzub\" data-complete=\"true\" aria-owns=\"action-menu-parent-container\">Bluz\u0103\/Hanorac Unisex Tricotat(\u0103), 65% Bumbac, 35% Poliester.<\/strong><\/p>","protected":false},"featured_media":72029,"template":"","meta":[],"product_brand":[44],"product_cat":[634,654],"product_tag":[],"class_list":{"0":"post-72020","1":"product","2":"type-product","3":"status-publish","4":"has-post-thumbnail","6":"product_brand-macron","7":"product_cat-freetime","8":"product_cat-sweatshirt","9":"pa_age_range-adulti","10":"pa_brand-macron","11":"pa_color-albastru-inchis","12":"pa_color-negru","13":"pa_fit-slim","14":"pa_gender-barbati","15":"pa_material-cotone","16":"pa_size-3xl","17":"pa_size-3xs","18":"pa_size-4xl","19":"pa_size-5xl","20":"pa_size-l","21":"pa_size-m","22":"pa_size-s","23":"pa_size-xl","24":"pa_size-xs","25":"pa_size-xxl","26":"pa_size-xxs","28":"first","29":"outofstock","30":"shipping-taxable","31":"purchasable","32":"product-type-variable"},"_links":{"self":[{"href":"https:\/\/macron.md\/ru\/wp-json\/wp\/v2\/product\/72020","targetHints":{"allow":["GET"]}}],"collection":[{"href":"https:\/\/macron.md\/ru\/wp-json\/wp\/v2\/product"}],"about":[{"href":"https:\/\/macron.md\/ru\/wp-json\/wp\/v2\/types\/product"}],"wp:featuredmedia":[{"embeddable":true,"href":"https:\/\/macron.md\/ru\/wp-json\/wp\/v2\/media\/72029"}],"wp:attachment":[{"href":"https:\/\/macron.md\/ru\/wp-json\/wp\/v2\/media?parent=72020"}],"wp:term":[{"taxonomy":"product_brand","embeddable":true,"href":"https:\/\/macron.md\/ru\/wp-json\/wp\/v2\/product_brand?post=72020"},{"taxonomy":"product_cat","embeddable":true,"href":"https:\/\/macron.md\/ru\/wp-json\/wp\/v2\/product_cat?post=72020"},{"taxonomy":"product_tag","embeddable":true,"href":"https:\/\/macron.md\/ru\/wp-json\/wp\/v2\/product_tag?post=72020"}],"curies":[{"name":"wp","href":"https:\/\/api.w.org\/{rel}","templated":true}]}}