{"id":72010,"date":"2026-02-08T16:12:23","date_gmt":"2026-02-08T14:12:23","guid":{"rendered":"https:\/\/macron.md\/product\/eurus-adidasi\/"},"modified":"2026-04-03T10:30:48","modified_gmt":"2026-04-03T08:30:48","slug":"eurus-adidasi","status":"publish","type":"product","link":"https:\/\/macron.md\/ru\/product\/eurus-adidasi\/","title":{"rendered":"\u042d\u0412\u0420 \u041a\u0420\u041e\u0421\u0421\u041e\u0412\u041a\u0418 \u0410\u0414\u0418\u0414\u0410\u0421"},"content":{"rendered":"<div class=\"otQkpb\" role=\"heading\" aria-level=\"3\" data-animation-nesting=\"\" data-sfc-cp=\"\" data-complete=\"true\" data-processed=\"true\" data-sae=\"\"><strong class=\"Yjhzub\" data-complete=\"true\">\u0421\u043f\u043e\u0440\u0442\u0438\u0432\u043d\u044b\u0435 \u043a\u0440\u043e\u0441\u0441\u043e\u0432\u043a\u0438 Macron Eurus \u2013 \u0441\u043f\u043e\u0440\u0442\u0438\u0432\u043d\u044b\u0439 \u0438 \u043c\u043e\u0434\u043d\u044b\u0439 \u0441\u0442\u0438\u043b\u044c<\/strong><span class=\"uJ19be notranslate\" data-wiz-uids=\"rmBqec_k,rmBqec_l\" data-complete=\"true\"><span class=\"vKEkVd\" data-animation-atomic=\"\" data-wiz-attrbind=\"class=rmBqec_j\/TKHnVd\" data-sae=\"\"><span aria-hidden=\"true\">\u00a0<\/span><\/span><\/span><\/div>\n<div class=\"Y3BBE\" data-sfc-cp=\"\" data-hveid=\"CAEIBBAA\" data-complete=\"true\" data-processed=\"true\">\u041e\u0442\u043a\u0440\u043e\u0439\u0442\u0435 \u0434\u043b\u044f \u0441\u0435\u0431\u044f \u0443\u043d\u0438\u0432\u0435\u0440\u0441\u0430\u043b\u044c\u043d\u043e\u0441\u0442\u044c \u043a\u0440\u043e\u0441\u0441\u043e\u0432\u043e\u043a Eurus, \u043c\u043e\u0434\u0435\u043b\u0438, \u043a\u043e\u0442\u043e\u0440\u0430\u044f \u0438\u0434\u0435\u0430\u043b\u044c\u043d\u043e \u0441\u043e\u0447\u0435\u0442\u0430\u0435\u0442 \u0441\u043f\u043e\u0440\u0442\u0438\u0432\u043d\u0443\u044e \u0444\u0443\u043d\u043a\u0446\u0438\u043e\u043d\u0430\u043b\u044c\u043d\u043e\u0441\u0442\u044c \u0441 \u0441\u043e\u0432\u0440\u0435\u043c\u0435\u043d\u043d\u044b\u043c \u0434\u0438\u0437\u0430\u0439\u043d\u043e\u043c, \u0433\u0430\u0440\u0430\u043d\u0442\u0438\u0440\u0443\u044f \u0430\u043a\u0442\u0443\u0430\u043b\u044c\u043d\u044b\u0439 \u0432\u0438\u0434 \u043f\u0440\u0438 \u043a\u0430\u0436\u0434\u043e\u0439 \u043d\u043e\u0441\u043a\u0435.<\/div>\n<div class=\"Y3BBE\" data-sfc-cp=\"\" data-hveid=\"CAEIBRAA\" data-complete=\"true\" data-processed=\"true\"><strong class=\"Yjhzub\" data-complete=\"true\">Key features and benefits:<\/strong><\/div>\n<ul class=\"KsbFXc U6u95\" data-complete=\"true\" data-processed=\"true\">\n<li data-hveid=\"CAEIBhAA\" data-complete=\"true\" data-sae=\"\"><span class=\"T286Pc\" data-sfc-cp=\"\" data-complete=\"true\"><strong class=\"Yjhzub\" data-complete=\"true\">\u0423\u043d\u0438\u0432\u0435\u0440\u0441\u0430\u043b\u044c\u043d\u044b\u0439 \u0434\u0438\u0437\u0430\u0439\u043d:<\/strong>\u00a0\u0421\u043e\u0437\u0434\u0430\u043d\u043d\u044b\u0435 \u0431\u044b\u0442\u044c \u043e\u0434\u043d\u043e\u0432\u0440\u0435\u043c\u0435\u043d\u043d\u043e \u0441\u0442\u0438\u043b\u044c\u043d\u044b\u043c\u0438 \u0438 \u043f\u0440\u0430\u043a\u0442\u0438\u0447\u043d\u044b\u043c\u0438, \u044d\u0442\u0438 \u043a\u0440\u043e\u0441\u0441\u043e\u0432\u043a\u0438 \u043b\u0435\u0433\u043a\u043e \u0438\u043d\u0442\u0435\u0433\u0440\u0438\u0440\u0443\u044e\u0442\u0441\u044f \u0432 \u043b\u044e\u0431\u043e\u0439 \u0433\u0430\u0440\u0434\u0435\u0440\u043e\u0431, \u043f\u0440\u0435\u0434\u043b\u0430\u0433\u0430\u044f \u201e\u0441\u043f\u043e\u0440\u0442\u0438\u0432\u043d\u043e-\u043c\u043e\u0434\u043d\u044b\u0439\u201d \u043e\u0431\u0440\u0430\u0437.<\/span><\/li>\n<li data-hveid=\"CAEIBhAB\" data-complete=\"true\" data-sae=\"\"><span class=\"T286Pc\" data-sfc-cp=\"\" data-complete=\"true\"><strong class=\"Yjhzub\" data-complete=\"true\">\u041b\u0435\u0433\u043a\u0430\u044f \u0441\u043e\u0447\u0435\u0442\u0430\u0435\u043c\u043e\u0441\u0442\u044c:<\/strong>\u00a0\u041e\u043d\u0438 \u044f\u0432\u043b\u044f\u044e\u0442\u0441\u044f \u0438\u0434\u0435\u0430\u043b\u044c\u043d\u044b\u043c \u043f\u0430\u0440\u0442\u043d\u0435\u0440\u043e\u043c \u043a\u0430\u043a \u0434\u043b\u044f \u043a\u043b\u0430\u0441\u0441\u0438\u0447\u0435\u0441\u043a\u043e\u0439 \u043f\u0430\u0440\u044b\u00a0<strong class=\"Yjhzub\" data-complete=\"true\">\u0434\u0436\u0438\u043d\u0441\u043e\u0432,<\/strong>, \u0442\u0430\u043a \u0438 \u0434\u043b\u044f\u00a0<strong class=\"Yjhzub\" data-complete=\"true\">\u043f\u043e\u0432\u0441\u0435\u0434\u043d\u0435\u0432\u043d\u043e\u0439 \u0442\u0440\u0435\u043d\u0438\u0440\u043e\u0432\u043a\u0438,<\/strong>\u00a0\u043f\u043e\u0434\u0445\u043e\u0434\u044f \u0434\u043b\u044f \u043b\u044e\u0431\u043e\u0433\u043e \u0441\u043b\u0443\u0447\u0430\u044f.<\/span><\/li>\n<li data-hveid=\"CAEIBhAC\" data-complete=\"true\" data-sae=\"\"><span class=\"T286Pc\" data-sfc-cp=\"\" data-complete=\"true\"><strong class=\"Yjhzub\" data-complete=\"true\">\u041f\u043e\u0432\u0441\u0435\u0434\u043d\u0435\u0432\u043d\u044b\u0439 \u043a\u043e\u043c\u0444\u043e\u0440\u0442:<\/strong>\u00a0\u0418\u0441\u043f\u043e\u043b\u044c\u0437\u0443\u0435\u043c\u044b\u0435 \u043c\u0430\u0442\u0435\u0440\u0438\u0430\u043b\u044b (\u043e\u0431\u044b\u0447\u043d\u043e \u0434\u044b\u0448\u0430\u0449\u0438\u0439 mesh \u0438 \u043f\u043e\u0434\u043e\u0448\u0432\u0430 \u0438\u0437 \u0440\u0435\u0437\u0438\u043d\u044b\/EVA) \u043e\u0431\u0435\u0441\u043f\u0435\u0447\u0438\u0432\u0430\u044e\u0442 \u043d\u0435\u043e\u0431\u0445\u043e\u0434\u0438\u043c\u044b\u0439 \u043a\u043e\u043c\u0444\u043e\u0440\u0442 \u0434\u043b\u044f \u043d\u043e\u0441\u043a\u0438 \u0432 \u0442\u0435\u0447\u0435\u043d\u0438\u0435 \u0432\u0441\u0435\u0433\u043e \u0434\u043d\u044f.<\/span><\/li>\n<li data-hveid=\"CAEIBhAD\" data-complete=\"true\" data-sae=\"\"><span class=\"T286Pc\" data-sfc-cp=\"\" data-complete=\"true\"><strong class=\"Yjhzub\" data-complete=\"true\">\u0421\u043e\u0432\u0440\u0435\u043c\u0435\u043d\u043d\u0430\u044f \u044d\u0441\u0442\u0435\u0442\u0438\u043a\u0430:<\/strong> \u0427\u0438\u0441\u0442\u044b\u0435 \u043b\u0438\u043d\u0438\u0438 \u0438 \u043a\u0430\u0447\u0435\u0441\u0442\u0432\u0435\u043d\u043d\u0430\u044f \u043e\u0442\u0434\u0435\u043b\u043a\u0430 (\u043b\u043e\u0433\u043e\u0442\u0438\u043f Macron Hero, \u0435\u0441\u043b\u0438 \u043f\u0440\u0438\u043c\u0435\u043d\u0438\u043c\u043e) \u043f\u0440\u0438\u0434\u0430\u044e\u0442 \u0434\u0438\u043d\u0430\u043c\u0438\u0447\u043d\u044b\u0439 \u0438 \u043c\u043e\u043b\u043e\u0434\u0435\u0436\u043d\u044b\u0439 \u0432\u0438\u0434.<\/span><\/li>\n<\/ul>\n<div class=\"Y3BBE\" data-sfc-cp=\"\" data-hveid=\"CAEIBxAA\" data-complete=\"true\" data-processed=\"true\"><strong class=\"Yjhzub\" data-complete=\"true\">\u0422\u0435\u0445\u043d\u0438\u0447\u0435\u0441\u043a\u0438\u0435 \u0445\u0430\u0440\u0430\u043a\u0442\u0435\u0440\u0438\u0441\u0442\u0438\u043a\u0438 (\u043e\u0431\u0449\u0438\u0435):<\/strong><\/div>\n<ul class=\"KsbFXc U6u95\" data-complete=\"true\" data-processed=\"true\">\n<li data-hveid=\"CAEICBAA\" data-complete=\"true\" data-sae=\"\"><span class=\"T286Pc\" data-sfc-cp=\"\" data-complete=\"true\"><strong class=\"Yjhzub\" data-complete=\"true\">\u0421\u0442\u0438\u043b\u044c:<\/strong>\u00a0\u0421\u043f\u043e\u0440\u0442 \/ \u041e\u0442\u0434\u044b\u0445 (Lifestyle)<\/span><\/li>\n<li data-hveid=\"CAEICBAB\" data-complete=\"true\" data-sae=\"\"><span class=\"T286Pc\" data-sfc-cp=\"\" data-complete=\"true\"><strong class=\"Yjhzub\" data-complete=\"true\">Material Exterior:<\/strong>\u00a0(\u041e\u0431\u044b\u0447\u043d\u043e mesh \u0438\u043b\u0438 \u044d\u043a\u043e\u043a\u043e\u0436\u0430)<\/span><\/li>\n<li data-hveid=\"CAEICBAC\" data-complete=\"true\" data-sae=\"\"><span class=\"T286Pc\" data-sfc-cp=\"\" data-complete=\"true\"><strong class=\"Yjhzub\" data-complete=\"true\">Material Interior:<\/strong>\u00a0\u0414\u044b\u0448\u0430\u0449\u0438\u0439 \u0442\u0435\u043a\u0441\u0442\u0438\u043b\u044c<\/span><\/li>\n<li data-hveid=\"CAEICBAD\" data-complete=\"true\" data-sae=\"\"><span class=\"T286Pc\" data-sfc-cp=\"\" data-complete=\"true\"><strong class=\"Yjhzub\" data-complete=\"true\">Talp\u0103:<\/strong>\u00a0\u0420\u0435\u0437\u0438\u043d\u0430\/\u0421\u0438\u043d\u0442\u0435\u0442\u0438\u043a\u0430<\/span><\/li>\n<li data-hveid=\"CAEICBAE\" data-complete=\"true\" data-sae=\"\"><span class=\"T286Pc\" data-sfc-cp=\"\" data-complete=\"true\"><strong class=\"Yjhzub\" data-complete=\"true\">Brand:<\/strong>\u00a0Macron<\/span><span class=\"uJ19be notranslate\" data-wiz-uids=\"rmBqec_1z,rmBqec_20\" data-complete=\"true\"><span class=\"vKEkVd\" data-animation-atomic=\"\" data-wiz-attrbind=\"class=rmBqec_1y\/TKHnVd\" data-sae=\"\"><span aria-hidden=\"true\" aria-owns=\"action-menu-parent-container\">\u00a0<\/span><\/span><\/span><\/li>\n<\/ul>","protected":false},"excerpt":{"rendered":"<div class=\"Y3BBE\" data-sfc-cp=\"\" data-hveid=\"CAEIBRAA\" data-complete=\"true\" data-processed=\"true\"><strong class=\"Yjhzub\" data-complete=\"true\">Materiale utilizate:<\/strong><\/div>\n<ul class=\"KsbFXc U6u95\" data-complete=\"true\" data-processed=\"true\">\n<li data-hveid=\"CAEIBhAA\" data-complete=\"true\" data-sae=\"\"><span class=\"T286Pc\" data-sfc-cp=\"\" data-complete=\"true\"><strong class=\"Yjhzub\" data-complete=\"true\">Poliester (Mesh\/Textil):<\/strong>\u00a0Partea superioar\u0103 este realizat\u0103 din fibre de poliester de \u00eenalt\u0103 densitate, oferind o\u00a0<strong class=\"Yjhzub\" data-complete=\"true\">respirabilitate excelent\u0103<\/strong>\u00a0\u0219i o adaptare flexibil\u0103 pe forma piciorului.<\/span><\/li>\n<li data-hveid=\"CAEIBhAB\" data-complete=\"true\" data-sae=\"\"><span class=\"T286Pc\" data-sfc-cp=\"\" data-complete=\"true\"><strong class=\"Yjhzub\" data-complete=\"true\">EVA (Etilen Vinil Acetat):<\/strong>\u00a0Talpa intermediar\u0103 din spum\u0103 EVA garanteaz\u0103 o\u00a0<strong class=\"Yjhzub\" data-complete=\"true\">amortizare superioar\u0103<\/strong>\u00a0\u0219i o absorb\u021bie eficient\u0103 a impactului, reduc\u00e2nd oboseala piciorului \u00een timpul mersului.<\/span><\/li>\n<li data-hveid=\"CAEIBhAC\" data-complete=\"true\" data-sae=\"\"><span class=\"T286Pc\" data-sfc-cp=\"\" data-complete=\"true\"><strong class=\"Yjhzub\" data-complete=\"true\">Cauciuc (Rubber):<\/strong>\u00a0Talpa exterioar\u0103 din cauciuc ofer\u0103\u00a0<strong class=\"Yjhzub\" data-complete=\"true\">aderen\u021b\u0103 maxim\u0103<\/strong> \u0219i durabilitate, prevenind alunecarea pe diverse suprafe\u021be urbane.<\/span><\/li>\n<\/ul>","protected":false},"featured_media":72019,"template":"","meta":[],"product_brand":[44],"product_cat":[628,659],"product_tag":[],"class_list":{"0":"post-72010","1":"product","2":"type-product","3":"status-publish","4":"has-post-thumbnail","6":"product_brand-macron","7":"product_cat-accesorii","8":"product_cat-slapi","9":"pa_brand-macron","10":"pa_fit-regular","11":"pa_gender-unisex","12":"pa_material-poliestere","13":"pa_size-300","14":"pa_size-299","15":"pa_size-298","16":"pa_size-296","17":"pa_size-295","18":"pa_size-297","19":"pa_size-291","20":"pa_size-290","21":"pa_size-294","22":"pa_size-293","23":"pa_size-289","24":"pa_size-292","26":"first","27":"instock","28":"sale","29":"shipping-taxable","30":"purchasable","31":"product-type-variable"},"_links":{"self":[{"href":"https:\/\/macron.md\/ru\/wp-json\/wp\/v2\/product\/72010","targetHints":{"allow":["GET"]}}],"collection":[{"href":"https:\/\/macron.md\/ru\/wp-json\/wp\/v2\/product"}],"about":[{"href":"https:\/\/macron.md\/ru\/wp-json\/wp\/v2\/types\/product"}],"wp:featuredmedia":[{"embeddable":true,"href":"https:\/\/macron.md\/ru\/wp-json\/wp\/v2\/media\/72019"}],"wp:attachment":[{"href":"https:\/\/macron.md\/ru\/wp-json\/wp\/v2\/media?parent=72010"}],"wp:term":[{"taxonomy":"product_brand","embeddable":true,"href":"https:\/\/macron.md\/ru\/wp-json\/wp\/v2\/product_brand?post=72010"},{"taxonomy":"product_cat","embeddable":true,"href":"https:\/\/macron.md\/ru\/wp-json\/wp\/v2\/product_cat?post=72010"},{"taxonomy":"product_tag","embeddable":true,"href":"https:\/\/macron.md\/ru\/wp-json\/wp\/v2\/product_tag?post=72010"}],"curies":[{"name":"wp","href":"https:\/\/api.w.org\/{rel}","templated":true}]}}