{"id":71451,"date":"2026-02-08T16:12:01","date_gmt":"2026-02-08T14:12:01","guid":{"rendered":"https:\/\/macron.md\/product\/stephanie-tricou-arbitru-dame\/"},"modified":"2026-03-26T15:47:31","modified_gmt":"2026-03-26T13:47:31","slug":"stephanie-tricou-arbitru-dame","status":"publish","type":"product","link":"https:\/\/macron.md\/ru\/product\/stephanie-tricou-arbitru-dame\/","title":{"rendered":"STEPHANIE TRICOU ARBITRU DAME"},"content":{"rendered":"<div class=\"Y3BBE\" data-sfc-cp=\"\" data-hveid=\"CAEIAhAA\" data-complete=\"true\" data-processed=\"true\"><strong class=\"Yjhzub\" data-complete=\"true\">\u0424\u0443\u0442\u0431\u043e\u043b\u043a\u0430 \u0430\u0440\u0431\u0438\u0442\u0440\u0430 \u0421\u0442\u0435\u0444\u0430\u043d\u0438 \u0438\u0437\u0433\u043e\u0442\u043e\u0432\u043b\u0435\u043d\u0430 \u0438\u0437 \u043c\u0430\u0442\u0435\u0440\u0438\u0430\u043b\u0430 Vertilock \u0441 \u0441\u0435\u0442\u0447\u0430\u0442\u044b\u043c\u0438 \u0438 \u043c\u0438\u043a\u0440\u043e\u0441\u0435\u0442\u0447\u0430\u0442\u044b\u043c\u0438 \u0432\u0441\u0442\u0430\u0432\u043a\u0430\u043c\u0438 \u0434\u043b\u044f \u043e\u043f\u0442\u0438\u043c\u0430\u043b\u044c\u043d\u043e\u0439 \u0432\u043e\u0437\u0434\u0443\u0445\u043e\u043f\u0440\u043e\u043d\u0438\u0446\u0430\u0435\u043c\u043e\u0441\u0442\u0438. \u041e\u0431\u0435\u0441\u043f\u0435\u0447\u0438\u0432\u0430\u0435\u0442 \u0432\u044b\u0441\u043e\u043a\u0438\u0439 \u043a\u043e\u043c\u0444\u043e\u0440\u0442 \u0438 \u044d\u043b\u0435\u0433\u0430\u043d\u0442\u043d\u044b\u0439 \u0441\u0442\u0438\u043b\u044c. \u0414\u043e\u0441\u0442\u0443\u043f\u043d\u0430 \u0432 \u0440\u0430\u0437\u043b\u0438\u0447\u043d\u044b\u0445 \u0446\u0432\u0435\u0442\u0430\u0445 \u0438 \u0448\u0438\u0440\u043e\u043a\u043e\u043c \u0440\u0430\u0437\u043c\u0435\u0440\u043d\u043e\u043c \u0440\u044f\u0434\u0435, \u043e\u0442 \u0434\u0435\u0442\u0441\u043a\u0438\u0445 \u0434\u043e \u0432\u0437\u0440\u043e\u0441\u043b\u044b\u0445 \u0440\u0430\u0437\u043c\u0435\u0440\u043e\u0432.\u201d<\/strong><\/div>\n<div class=\"Fsg96\" data-sfc-cp=\"\" data-complete=\"true\" data-processed=\"true\"><\/div>\n<hr class=\"j3tEEe\" data-serialized-params=\"[]\" data-complete=\"true\" data-processed=\"true\" data-sae=\"\" \/>\n<div class=\"Fsg96\" data-sfc-cp=\"\" data-complete=\"true\" data-processed=\"true\"><\/div>\n<div class=\"otQkpb\" role=\"heading\" aria-level=\"3\" data-animation-nesting=\"\" data-sfc-cp=\"\" data-complete=\"true\" data-processed=\"true\" data-sae=\"\">\u041f\u043e\u0434\u0440\u043e\u0431\u043d\u043e\u0441\u0442\u0438 \u043e\u0431 \u0438\u0441\u043f\u043e\u043b\u044c\u0437\u0443\u0435\u043c\u044b\u0445 \u0442\u0435\u0440\u043c\u0438\u043d\u0430\u0445:<\/div>\n<ul class=\"KsbFXc U6u95\" data-processed=\"true\" data-complete=\"true\">\n<li data-hveid=\"CAEIBRAA\" data-complete=\"true\" data-sae=\"\"><span class=\"T286Pc\" data-sfc-cp=\"\" data-complete=\"true\"><strong class=\"Yjhzub\" data-complete=\"true\">\u0424\u0443\u0442\u0431\u043e\u043b\u043a\u0430:<\/strong>\u00a0\u0421\u0442\u0430\u043d\u0434\u0430\u0440\u0442\u043d\u044b\u0439 \u043f\u0435\u0440\u0435\u0432\u043e\u0434 \u201ecamisola\u201d \u0432 \u0441\u043f\u043e\u0440\u0442\u0438\u0432\u043d\u043e\u043c \u043a\u043e\u043d\u0442\u0435\u043a\u0441\u0442\u0435 (\u0438\u0433\u0440\u043e\u0432\u0430\u044f \u044d\u043a\u0438\u043f\u0438\u0440\u043e\u0432\u043a\u0430).<\/span><\/li>\n<li data-hveid=\"CAEIBRAB\" data-complete=\"true\" data-sae=\"\"><span class=\"T286Pc\" data-sfc-cp=\"\" data-complete=\"true\"><strong class=\"Yjhzub\" data-complete=\"true\">Vertilock:<\/strong>\u00a0\u0422\u0435\u0445\u043d\u0438\u0447\u0435\u0441\u043a\u043e\u0435 \u043d\u0430\u0437\u0432\u0430\u043d\u0438\u0435 \u0441\u043f\u0435\u0446\u0438\u0444\u0438\u0447\u0435\u0441\u043a\u043e\u0439 \u0442\u043a\u0430\u043d\u0438 \u0431\u0440\u0435\u043d\u0434\u0430 Macron, \u043e\u0431\u0435\u0441\u043f\u0435\u0447\u0438\u0432\u0430\u044e\u0449\u0435\u0439 \u043f\u0440\u043e\u0447\u043d\u043e\u0441\u0442\u044c \u0438 \u044d\u043b\u0430\u0441\u0442\u0438\u0447\u043d\u043e\u0441\u0442\u044c.<\/span><\/li>\n<li data-hveid=\"CAEIBRAC\" data-sae=\"\" data-complete=\"true\"><span class=\"T286Pc\" data-sfc-cp=\"\" data-complete=\"true\"><strong class=\"Yjhzub\" data-complete=\"true\">Micromesh:<\/strong>\u00a0\u041e\u0447\u0435\u043d\u044c \u043c\u0435\u043b\u043a\u0430\u044f \u0441\u0435\u0442\u043a\u0430, \u0441\u043f\u043e\u0441\u043e\u0431\u0441\u0442\u0432\u0443\u044e\u0449\u0430\u044f \u0431\u044b\u0441\u0442\u0440\u043e\u043c\u0443 \u043e\u0442\u0432\u0435\u0434\u0435\u043d\u0438\u044e \u043f\u043e\u0442\u0430.<\/span><\/li>\n<li data-hveid=\"CAEIBRAD\" data-complete=\"true\" data-processed=\"true\" data-sae=\"\"><span class=\"T286Pc\" data-sfc-cp=\"\" data-complete=\"true\"><strong class=\"Yjhzub\" data-complete=\"true\">\u0428\u0438\u0440\u043e\u043a\u0438\u0439 \u0440\u0430\u0437\u043c\u0435\u0440\u043d\u044b\u0439 \u0440\u044f\u0434:<\/strong> \u041f\u0440\u043e\u0444\u0435\u0441\u0441\u0438\u043e\u043d\u0430\u043b\u044c\u043d\u043e\u0435 \u0432\u044b\u0440\u0430\u0436\u0435\u043d\u0438\u0435 \u0434\u043b\u044f \u201egrande sortido de tamanhos\u201d.<\/span><\/li>\n<\/ul>","protected":false},"excerpt":{"rendered":"<ul class=\"KsbFXc U6u95\" data-complete=\"true\" data-processed=\"true\">\n<li data-hveid=\"CAEIBRAA\" data-complete=\"true\" data-sae=\"\"><span class=\"T286Pc\" data-sfc-cp=\"\" data-complete=\"true\"><strong class=\"Yjhzub\" data-complete=\"true\">Jacard (Jaquardato):<\/strong>\u00a0Un tip de \u021bes\u0103tur\u0103 cu un model complex, integrat \u00een material, nu imprimat la suprafa\u021b\u0103.<\/span><\/li>\n<li data-hveid=\"CAEIBRAB\" data-complete=\"true\" data-sae=\"\"><span class=\"T286Pc\" data-sfc-cp=\"\" data-complete=\"true\"><strong class=\"Yjhzub\" data-complete=\"true\">Micromesh \/ Mesh:<\/strong>\u00a0Materiale tip plas\u0103, folosite strategic pentru a asigura ventila\u021bia optim\u0103 a corpului.<\/span><\/li>\n<li data-hveid=\"CAEIBRAC\" data-complete=\"true\" data-sae=\"\"><span class=\"T286Pc\" data-sfc-cp=\"\" data-complete=\"true\"><strong class=\"Yjhzub\" data-complete=\"true\">R\u0103scroiala m\u00e2necii (Giromanica):<\/strong>\u00a0Zona de sub bra\u021b\/um\u0103r, important\u0103 pentru libertatea de mi\u0219care.<\/span><\/li>\n<li data-hveid=\"CAEIBRAD\" data-complete=\"true\" data-sae=\"\"><span class=\"T286Pc\" data-sfc-cp=\"\" data-complete=\"true\" aria-owns=\"action-menu-parent-container\"><strong class=\"Yjhzub\" data-complete=\"true\">Tricot (Maglieria \/ Knit):<\/strong>\u00a0Indic\u0103 faptul c\u0103 materialul este elastic \u0219i moale (tricotat), nu \u021besut rigid.<\/span><\/li>\n<\/ul>","protected":false},"featured_media":71464,"template":"","meta":[],"product_brand":[44],"product_cat":[662,623],"product_tag":[],"class_list":{"0":"post-71451","1":"product","2":"type-product","3":"status-publish","4":"has-post-thumbnail","6":"product_brand-macron","7":"product_cat-arbitri","8":"product_cat-football","9":"pa_age_range-adulti","10":"pa_brand-macron","11":"pa_color-negru","12":"pa_color-neon-galben","13":"pa_color-neon-roz","14":"pa_color-neon-sky","15":"pa_fit-slim","16":"pa_gender-femei","17":"pa_material-poliestere","18":"pa_size-l","19":"pa_size-m","20":"pa_size-s","21":"pa_size-xl","22":"pa_size-xs","23":"pa_size-xxl","25":"first","26":"outofstock","27":"shipping-taxable","28":"purchasable","29":"product-type-variable"},"_links":{"self":[{"href":"https:\/\/macron.md\/ru\/wp-json\/wp\/v2\/product\/71451","targetHints":{"allow":["GET"]}}],"collection":[{"href":"https:\/\/macron.md\/ru\/wp-json\/wp\/v2\/product"}],"about":[{"href":"https:\/\/macron.md\/ru\/wp-json\/wp\/v2\/types\/product"}],"wp:featuredmedia":[{"embeddable":true,"href":"https:\/\/macron.md\/ru\/wp-json\/wp\/v2\/media\/71464"}],"wp:attachment":[{"href":"https:\/\/macron.md\/ru\/wp-json\/wp\/v2\/media?parent=71451"}],"wp:term":[{"taxonomy":"product_brand","embeddable":true,"href":"https:\/\/macron.md\/ru\/wp-json\/wp\/v2\/product_brand?post=71451"},{"taxonomy":"product_cat","embeddable":true,"href":"https:\/\/macron.md\/ru\/wp-json\/wp\/v2\/product_cat?post=71451"},{"taxonomy":"product_tag","embeddable":true,"href":"https:\/\/macron.md\/ru\/wp-json\/wp\/v2\/product_tag?post=71451"}],"curies":[{"name":"wp","href":"https:\/\/api.w.org\/{rel}","templated":true}]}}