{"id":71320,"date":"2026-02-08T16:11:51","date_gmt":"2026-02-08T14:11:51","guid":{"rendered":"https:\/\/macron.md\/product\/galler-wristband\/"},"modified":"2026-03-26T15:29:51","modified_gmt":"2026-03-26T13:29:51","slug":"galler-wristband","status":"publish","type":"product","link":"https:\/\/macron.md\/ru\/product\/galler-wristband\/","title":{"rendered":"GALLER WRISTBAND"},"content":{"rendered":"<div class=\"otQkpb\" role=\"heading\" aria-level=\"3\" data-animation-nesting=\"\" data-sfc-cp=\"\" data-complete=\"true\" data-processed=\"true\" data-sae=\"\"><strong class=\"Yjhzub\" data-complete=\"true\">\u0411\u0440\u0430\u0441\u043b\u0435\u0442 \/ \u042d\u043b\u0430\u0441\u0442\u0438\u0447\u043d\u0430\u044f \u043c\u0430\u043d\u0436\u0435\u0442\u0430 Galler \u2013 \u0432\u0430\u0448 \u043d\u0435\u0437\u0430\u043c\u0435\u043d\u0438\u043c\u044b\u0439 \u0430\u043a\u0441\u0435\u0441\u0441\u0443\u0430\u0440 \u0434\u043b\u044f \u0441\u043f\u043e\u0440\u0442\u0430<\/strong><\/div>\n<div class=\"Y3BBE\" data-sfc-cp=\"\" data-hveid=\"CAEIAxAA\" data-complete=\"true\" data-processed=\"true\">\u0411\u0443\u0434\u044c \u0432\u044b \u0441\u0443\u0434\u044c\u044f \u043d\u0430 \u043f\u043e\u043b\u0435 \u0438\u043b\u0438 \u0441\u0442\u0440\u0430\u0441\u0442\u043d\u044b\u0439 \u0431\u0435\u0433\u0443\u043d, \u044d\u043b\u0430\u0441\u0442\u0438\u0447\u043d\u0430\u044f \u043c\u0430\u043d\u0436\u0435\u0442\u0430\u00a0<strong class=\"Yjhzub\" data-complete=\"true\">Galler<\/strong>\u00a0\u0431\u044b\u043b\u0430 \u0441\u043e\u0437\u0434\u0430\u043d\u0430, \u0447\u0442\u043e\u0431\u044b \u043e\u0431\u0435\u0441\u043f\u0435\u0447\u0438\u0442\u044c \u043c\u0430\u043a\u0441\u0438\u043c\u0430\u043b\u044c\u043d\u0443\u044e \u0444\u0443\u043d\u043a\u0446\u0438\u043e\u043d\u0430\u043b\u044c\u043d\u043e\u0441\u0442\u044c \u0431\u0435\u0437 \u0443\u0449\u0435\u0440\u0431\u0430 \u0434\u043b\u044f \u043a\u043e\u043c\u0444\u043e\u0440\u0442\u0430. \u041f\u0440\u043e\u0438\u0437\u0432\u0435\u0434\u0435\u043d\u043d\u0430\u044f\u00a0<strong class=\"Yjhzub\" data-complete=\"true\">Macron<\/strong>, \u043e\u043d\u0430 \u0441\u043e\u0447\u0435\u0442\u0430\u0435\u0442 \u044d\u0440\u0433\u043e\u043d\u043e\u043c\u0438\u0447\u043d\u044b\u0439 \u0434\u0438\u0437\u0430\u0439\u043d \u0441 \u043f\u0440\u0430\u043a\u0442\u0438\u0447\u043d\u044b\u043c\u0438 \u0434\u0435\u0442\u0430\u043b\u044f\u043c\u0438 \u043f\u043e\u0441\u043b\u0435\u0434\u043d\u0435\u0433\u043e \u043f\u043e\u043a\u043e\u043b\u0435\u043d\u0438\u044f.<\/div>\n<div class=\"Y3BBE\" data-sfc-cp=\"\" data-hveid=\"CAEIBBAA\" data-complete=\"true\" data-processed=\"true\"><strong class=\"Yjhzub\" data-complete=\"true\">\u041f\u043e\u0447\u0435\u043c\u0443 \u0441\u0442\u043e\u0438\u0442 \u0432\u044b\u0431\u0440\u0430\u0442\u044c \u043c\u0430\u043d\u0436\u0435\u0442\u0443 Galler?<\/strong><\/div>\n<ul class=\"KsbFXc U6u95\" data-complete=\"true\" data-processed=\"true\">\n<li data-hveid=\"CAEIBRAA\" data-complete=\"true\" data-sae=\"\"><span class=\"T286Pc\" data-sfc-cp=\"\" data-complete=\"true\">\u2705\u00a0<strong class=\"Yjhzub\" data-complete=\"true\">\u0418\u043d\u0442\u0435\u043b\u043b\u0435\u043a\u0442\u0443\u0430\u043b\u044c\u043d\u043e\u0435 \u043e\u0442\u0434\u0435\u043b\u0435\u043d\u0438\u0435:<\/strong>\u00a0\u041e\u0441\u043d\u0430\u0449\u0435\u043d\u0430 \u043d\u0435\u0431\u043e\u043b\u044c\u0448\u0438\u043c \u043a\u0430\u0440\u043c\u0430\u0448\u043a\u043e\u043c \u0441\u00a0<strong class=\"Yjhzub\" data-complete=\"true\">\u043e\u0431\u0440\u0430\u0442\u043d\u043e\u0439 \u043c\u043e\u043b\u043d\u0438\u0435\u0439<\/strong>, \u0438\u0434\u0435\u0430\u043b\u044c\u043d\u043e \u043f\u043e\u0434\u0445\u043e\u0434\u044f\u0449\u0438\u043c \u0434\u043b\u044f \u0431\u0435\u0437\u043e\u043f\u0430\u0441\u043d\u043e\u0433\u043e \u0445\u0440\u0430\u043d\u0435\u043d\u0438\u044f \u043a\u043b\u044e\u0447\u0435\u0439 \u0438\u043b\u0438 \u043c\u0435\u043b\u043a\u0438\u0445 \u043f\u0440\u0435\u0434\u043c\u0435\u0442\u043e\u0432 \u0432\u043e \u0432\u0440\u0435\u043c\u044f \u0434\u0432\u0438\u0436\u0435\u043d\u0438\u044f.<\/span><\/li>\n<li data-hveid=\"CAEIBRAB\" data-complete=\"true\" data-sae=\"\"><span class=\"T286Pc\" data-sfc-cp=\"\" data-complete=\"true\">\u2705\u00a0<strong class=\"Yjhzub\" data-complete=\"true\">\u0421\u043f\u0435\u0446\u0438\u0430\u043b\u044c\u043d\u043e \u0434\u043b\u044f \u0441\u0443\u0434\u0435\u0439:<\/strong>\u00a0\u0412\u043a\u043b\u044e\u0447\u0430\u0435\u0442 \u0441\u043f\u0435\u0446\u0438\u0430\u043b\u044c\u043d\u0443\u044e \u044d\u043b\u0430\u0441\u0442\u0438\u0447\u043d\u0443\u044e \u043f\u0435\u0442\u043b\u044e \u0434\u043b\u044f \u0431\u044b\u0441\u0442\u0440\u043e\u0433\u043e \u043a\u0440\u0435\u043f\u043b\u0435\u043d\u0438\u044f \u0441\u0432\u0438\u0441\u0442\u043a\u0430.<\/span><\/li>\n<li data-hveid=\"CAEIBRAC\" data-complete=\"true\" data-sae=\"\"><span class=\"T286Pc\" data-sfc-cp=\"\" data-complete=\"true\">\u2705\u00a0<strong class=\"Yjhzub\" data-complete=\"true\">\u041a\u043e\u043c\u0444\u043e\u0440\u0442 \u0438 \u044d\u043b\u0430\u0441\u0442\u0438\u0447\u043d\u043e\u0441\u0442\u044c:<\/strong>\u00a0\u042d\u043b\u0430\u0441\u0442\u0438\u0447\u043d\u044b\u0439 \u043c\u0430\u0442\u0435\u0440\u0438\u0430\u043b \u0438\u0434\u0435\u0430\u043b\u044c\u043d\u043e \u043e\u0431\u043b\u0435\u0433\u0430\u0435\u0442 \u0437\u0430\u043f\u044f\u0441\u0442\u044c\u0435, \u043e\u0431\u0435\u0441\u043f\u0435\u0447\u0438\u0432\u0430\u044f \u043d\u0430\u0434\u0435\u0436\u043d\u0443\u044e \u0444\u0438\u043a\u0441\u0430\u0446\u0438\u044e \u0438 \u044d\u0444\u0444\u0435\u043a\u0442\u0438\u0432\u043d\u043e\u0435 \u0432\u043f\u0438\u0442\u044b\u0432\u0430\u043d\u0438\u0435 \u043f\u043e\u0442\u0430.<\/span><\/li>\n<li data-hveid=\"CAEIBRAD\" data-complete=\"true\" data-sae=\"\"><span class=\"T286Pc\" data-sfc-cp=\"\" data-complete=\"true\">\u2705\u00a0<strong class=\"Yjhzub\" data-complete=\"true\">\u041f\u0440\u0435\u043c\u0438\u0430\u043b\u044c\u043d\u044b\u0439 \u0414\u0438\u0437\u0430\u0439\u043d:<\/strong>\u00a0\u0421\u0432\u0435\u0442\u043e\u043e\u0442\u0440\u0430\u0436\u0430\u044e\u0449\u0438\u0439 \u043b\u043e\u0433\u043e\u0442\u0438\u043f\u00a0<strong class=\"Yjhzub\" data-complete=\"true\">Macron<\/strong>\u00a0\u0430\u043a\u043a\u0443\u0440\u0430\u0442\u043d\u043e \u0432\u044b\u0448\u0438\u0442, \u0433\u0430\u0440\u0430\u043d\u0442\u0438\u0440\u0443\u044f \u043f\u0440\u043e\u0444\u0435\u0441\u0441\u0438\u043e\u043d\u0430\u043b\u044c\u043d\u044b\u0439 \u0432\u0438\u0434 \u0438 \u0443\u0441\u0442\u043e\u0439\u0447\u0438\u0432\u043e\u0441\u0442\u044c \u043a \u043c\u043d\u043e\u0433\u043e\u043a\u0440\u0430\u0442\u043d\u044b\u043c \u0441\u0442\u0438\u0440\u043a\u0430\u043c.<\/span><\/li>\n<\/ul>\n<div class=\"Y3BBE\" data-sfc-cp=\"\" data-hveid=\"CAEIBhAA\" data-complete=\"true\" data-processed=\"true\"><strong class=\"Yjhzub\" data-complete=\"true\">\u0422\u0435\u0445\u043d\u0438\u0447\u0435\u0441\u043a\u0438\u0435 \u0434\u0435\u0442\u0430\u043b\u0438:<\/strong><\/div>\n<ul class=\"KsbFXc U6u95\" data-complete=\"true\" data-processed=\"true\">\n<li data-hveid=\"CAEIBxAA\" data-complete=\"true\" data-sae=\"\"><span class=\"T286Pc\" data-sfc-cp=\"\" data-complete=\"true\"><strong class=\"Yjhzub\" data-complete=\"true\">Brand:<\/strong>\u00a0Macron<\/span><\/li>\n<li data-hveid=\"CAEIBxAB\" data-complete=\"true\" data-sae=\"\"><span class=\"T286Pc\" data-sfc-cp=\"\" data-complete=\"true\"><strong class=\"Yjhzub\" data-complete=\"true\">Tip:<\/strong>\u00a0\u0421\u043f\u043e\u0440\u0442\u0438\u0432\u043d\u044b\u0439 \u0431\u0440\u0430\u0441\u043b\u0435\u0442 \/ \u041c\u043d\u043e\u0433\u043e\u0444\u0443\u043d\u043a\u0446\u0438\u043e\u043d\u0430\u043b\u044c\u043d\u0430\u044f \u043c\u0430\u043d\u0436\u0435\u0442\u0430<\/span><\/li>\n<li data-hveid=\"CAEIBxAC\" data-complete=\"true\" data-sae=\"\"><span class=\"T286Pc\" data-sfc-cp=\"\" data-complete=\"true\"><strong class=\"Yjhzub\" data-complete=\"true\">\u0421\u0438\u0441\u0442\u0435\u043c\u0430 \u0437\u0430\u0441\u0442\u0435\u0436\u043a\u0438:<\/strong>\u00a0\u041c\u0438\u043a\u0440\u043e-\u043e\u0431\u0440\u0430\u0442\u043d\u0430\u044f \u043c\u043e\u043b\u043d\u0438\u044f (\u043f\u0440\u043e\u0442\u0438\u0432 \u0440\u0430\u0437\u0434\u0440\u0430\u0436\u0435\u043d\u0438\u044f)<\/span><\/li>\n<li data-hveid=\"CAEIBxAD\" data-complete=\"true\" data-sae=\"\"><span class=\"T286Pc\" data-sfc-cp=\"\" data-complete=\"true\" aria-owns=\"action-menu-parent-container\"><strong class=\"Yjhzub\" data-complete=\"true\">Utilizare:<\/strong>\u00a0\u0421\u0443\u0434\u043e\u0432\u0441\u0442\u0432\u043e, \u0411\u0435\u0433, \u0424\u0443\u043d\u043a\u0446\u0438\u043e\u043d\u0430\u043b\u044c\u043d\u044b\u0439 \u0442\u0440\u0435\u043d\u0438\u043d\u0433<\/span><\/li>\n<\/ul>","protected":false},"excerpt":{"rendered":"<div class=\"otQkpb\" role=\"heading\" aria-level=\"3\" data-animation-nesting=\"\" data-sfc-cp=\"\" data-complete=\"true\" data-processed=\"true\" data-sae=\"\"><strong class=\"Yjhzub\" data-complete=\"true\">Specifica\u021bii de Top:<\/strong><\/div>\n<ul class=\"KsbFXc U6u95\" data-complete=\"true\" data-processed=\"true\">\n<li data-hveid=\"CAEIAxAA\" data-complete=\"true\" data-sae=\"\"><span class=\"T286Pc\" data-sfc-cp=\"\" data-complete=\"true\"><strong class=\"Yjhzub\" data-complete=\"true\">Sistem de prindere pentru fluier:<\/strong>\u00a0Dotat\u0103 cu un inel elastic special conceput pentru fixarea sigur\u0103 a fluierului, oferind acces rapid \u0219i control total \u00een timpul competi\u021biilor.<\/span><\/li>\n<li data-hveid=\"CAEIAxAB\" data-complete=\"true\" data-sae=\"\"><span class=\"T286Pc\" data-sfc-cp=\"\" data-complete=\"true\"><strong class=\"Yjhzub\" data-complete=\"true\">Buzunar interior cu micro-fermoar:<\/strong>\u00a0Include un compartiment discret cu\u00a0<strong class=\"Yjhzub\" data-complete=\"true\">micro-zip inversat<\/strong>, ideal pentru depozitarea \u00een siguran\u021b\u0103 a obiectelor mici (chei, monede), f\u0103r\u0103 a incomoda \u00een timpul mi\u0219c\u0103rii.<\/span><\/li>\n<li data-hveid=\"CAEIAxAC\" data-complete=\"true\" data-sae=\"\"><span class=\"T286Pc\" data-sfc-cp=\"\" data-complete=\"true\" aria-owns=\"action-menu-parent-container\"><strong class=\"Yjhzub\" data-complete=\"true\">\u0412\u044b\u0448\u0438\u0442\u044b\u0439 \u043b\u043e\u0433\u043e\u0442\u0438\u043f:<\/strong>\u00a0Logo-ul Macron este realizat prin broderie de \u00eenalt\u0103 calitate, asigur\u00e2nd un aspect profesional \u0219i durabilitate crescut\u0103 fa\u021b\u0103 de imprimeurile clasice.<\/span><\/li>\n<\/ul>","protected":false},"featured_media":71321,"template":"","meta":[],"product_brand":[44],"product_cat":[628,643],"product_tag":[],"class_list":{"0":"post-71320","1":"product","2":"type-product","3":"status-publish","4":"has-post-thumbnail","6":"product_brand-macron","7":"product_cat-accesorii","8":"product_cat-diverse","9":"pa_age_range-adulti","10":"pa_brand-macron","11":"pa_color-negru","12":"pa_fit-regular","13":"pa_gender-unisex","14":"pa_material-cotone","15":"pa_size-tu","17":"first","18":"outofstock","19":"shipping-taxable","20":"purchasable","21":"product-type-simple"},"_links":{"self":[{"href":"https:\/\/macron.md\/ru\/wp-json\/wp\/v2\/product\/71320","targetHints":{"allow":["GET"]}}],"collection":[{"href":"https:\/\/macron.md\/ru\/wp-json\/wp\/v2\/product"}],"about":[{"href":"https:\/\/macron.md\/ru\/wp-json\/wp\/v2\/types\/product"}],"wp:featuredmedia":[{"embeddable":true,"href":"https:\/\/macron.md\/ru\/wp-json\/wp\/v2\/media\/71321"}],"wp:attachment":[{"href":"https:\/\/macron.md\/ru\/wp-json\/wp\/v2\/media?parent=71320"}],"wp:term":[{"taxonomy":"product_brand","embeddable":true,"href":"https:\/\/macron.md\/ru\/wp-json\/wp\/v2\/product_brand?post=71320"},{"taxonomy":"product_cat","embeddable":true,"href":"https:\/\/macron.md\/ru\/wp-json\/wp\/v2\/product_cat?post=71320"},{"taxonomy":"product_tag","embeddable":true,"href":"https:\/\/macron.md\/ru\/wp-json\/wp\/v2\/product_tag?post=71320"}],"curies":[{"name":"wp","href":"https:\/\/api.w.org\/{rel}","templated":true}]}}