{"id":71180,"date":"2026-02-08T16:11:37","date_gmt":"2026-02-08T14:11:37","guid":{"rendered":"https:\/\/macron.md\/product\/taiga-xi-slight-mingea-n-4-gr-290\/"},"modified":"2026-04-03T10:26:23","modified_gmt":"2026-04-03T08:26:23","slug":"taiga-xi-slight-mingea-n-4-gr-290","status":"publish","type":"product","link":"https:\/\/macron.md\/ru\/product\/taiga-xi-slight-mingea-n-4-gr-290\/","title":{"rendered":"TAIGA XI SLIGHT MINGE N.4 GR 290"},"content":{"rendered":"<div class=\"otQkpb\" role=\"heading\" aria-level=\"3\" data-animation-nesting=\"\" data-sfc-cp=\"\" data-complete=\"true\" data-processed=\"true\" data-sae=\"\">\u0424\u0443\u0442\u0431\u043e\u043b\u044c\u043d\u044b\u0439 \u043c\u044f\u0447 \u0434\u043b\u044f \u0442\u0440\u0435\u043d\u0438\u0440\u043e\u0432\u043e\u043a Macron Light 290 (\u0420\u0430\u0437\u043c\u0435\u0440 4) \u2013 \u0421\u0432\u0435\u0440\u0445\u043b\u0451\u0433\u043a\u0438\u0439 \u0438 \u041f\u0440\u043e\u0447\u043d\u044b\u0439<\/div>\n<div class=\"Y3BBE\" data-sfc-cp=\"\" data-hveid=\"CAEIBBAA\" data-complete=\"true\" data-processed=\"true\"><strong class=\"Yjhzub\" data-complete=\"true\">\u0421\u0432\u0435\u0440\u0445\u043b\u0451\u0433\u043a\u0438\u0439 \u043c\u044f\u0447 \u0434\u043b\u044f \u0431\u0443\u0434\u0443\u0449\u0438\u0445 \u0447\u0435\u043c\u043f\u0438\u043e\u043d\u043e\u0432!<\/strong>\u00a0\u042d\u0442\u043e\u0442 \u0442\u0440\u0435\u043d\u0438\u0440\u043e\u0432\u043e\u0447\u043d\u044b\u0439 \u043c\u044f\u0447, \u0432\u0435\u0440\u0441\u0438\u044f\u00a0<strong class=\"Yjhzub\" data-complete=\"true\">Light 290<\/strong>, \u041e\u043d \u0441\u043f\u0435\u0446\u0438\u0430\u043b\u044c\u043d\u043e \u0440\u0430\u0437\u0440\u0430\u0431\u043e\u0442\u0430\u043d \u0434\u043b\u044f \u043e\u0431\u0435\u0441\u043f\u0435\u0447\u0435\u043d\u0438\u044f \u0434\u043e\u043b\u0433\u043e\u0432\u0435\u0447\u043d\u043e\u0441\u0442\u0438, \u043f\u0440\u0435\u0432\u043e\u0441\u0445\u043e\u0434\u043d\u043e\u0433\u043e \u043a\u043e\u043d\u0442\u0440\u043e\u043b\u044f \u0438 \u0447\u0440\u0435\u0437\u0432\u044b\u0447\u0430\u0439\u043d\u043e \u043c\u0430\u043b\u043e\u0433\u043e \u0432\u0435\u0441\u0430. \u042d\u0442\u043e \u0438\u0434\u0435\u0430\u043b\u044c\u043d\u044b\u0439 \u043f\u0430\u0440\u0442\u043d\u0451\u0440 \u0434\u043b\u044f \u0434\u0435\u0442\u0435\u0439 \u0438 \u044e\u043d\u0438\u043e\u0440\u043e\u0432, \u043a\u043e\u0442\u043e\u0440\u044b\u0435 \u0445\u043e\u0442\u044f\u0442 \u0431\u044b\u0441\u0442\u0440\u043e \u0443\u043b\u0443\u0447\u0448\u0438\u0442\u044c \u0441\u0432\u043e\u0438 \u043d\u0430\u0432\u044b\u043a\u0438 \u043e\u0431\u0440\u0430\u0449\u0435\u043d\u0438\u044f \u0441 \u043c\u044f\u0447\u043e\u043c \u0438 \u0442\u043e\u0447\u043d\u043e\u0441\u0442\u044c, \u0441\u043d\u0438\u0436\u0430\u044f \u0444\u0438\u0437\u0438\u0447\u0435\u0441\u043a\u0438\u0435 \u0443\u0441\u0438\u043b\u0438\u044f.<\/div>\n<div role=\"heading\" aria-level=\"3\" data-animation-nesting=\"\" data-sfc-cp=\"\" data-complete=\"true\" data-processed=\"true\" data-sae=\"\"><\/div>\n<div class=\"otQkpb\" role=\"heading\" aria-level=\"3\" data-animation-nesting=\"\" data-sfc-cp=\"\" data-complete=\"true\" data-processed=\"true\" data-sae=\"\">Caracteristici \u0219i Beneficii Principale:<\/div>\n<ul class=\"KsbFXc U6u95\" data-complete=\"true\" data-processed=\"true\">\n<li data-hveid=\"CAEIBhAA\" data-complete=\"true\" data-sae=\"\"><span class=\"T286Pc\" data-sfc-cp=\"\" data-complete=\"true\"><strong class=\"Yjhzub\" data-complete=\"true\">\u0418\u0441\u043a\u043b\u044e\u0447\u0438\u0442\u0435\u043b\u044c\u043d\u043e \u041c\u0430\u043b\u044b\u0439 \u0412\u0435\u0441 (Light 290):<\/strong>\u00a0\u0421 \u0432\u0435\u0441\u043e\u043c \u043e\u0442 280 \u0434\u043e 300 \u0433 \u043c\u044f\u0447 \u0437\u043d\u0430\u0447\u0438\u0442\u0435\u043b\u044c\u043d\u043e \u043b\u0435\u0433\u0447\u0435 \u0441\u0442\u0430\u043d\u0434\u0430\u0440\u0442\u043d\u043e\u0439 \u043c\u043e\u0434\u0435\u043b\u0438, \u0447\u0442\u043e \u043e\u0431\u043b\u0435\u0433\u0447\u0430\u0435\u0442 \u043a\u043e\u043d\u0442\u0440\u043e\u043b\u044c \u0438 \u0441\u043d\u0438\u0436\u0430\u0435\u0442 \u0440\u0438\u0441\u043a \u0442\u0440\u0430\u0432\u043c \u0434\u043b\u044f \u044e\u043d\u044b\u0445 \u0438\u0433\u0440\u043e\u043a\u043e\u0432.<\/span><\/li>\n<li data-hveid=\"CAEIBhAB\" data-complete=\"true\" data-sae=\"\"><span class=\"T286Pc\" data-sfc-cp=\"\" data-complete=\"true\"><strong class=\"Yjhzub\" data-complete=\"true\">Aderen\u021b\u0103 \u00cembun\u0103t\u0103\u021bit\u0103:<\/strong>\u00a0\u0422\u0435\u043a\u0441\u0442\u0443\u0440\u0438\u0440\u043e\u0432\u0430\u043d\u043d\u0430\u044f \u043f\u043e\u0432\u0435\u0440\u0445\u043d\u043e\u0441\u0442\u044c \u0438\u0437\u00a0<strong class=\"Yjhzub\" data-complete=\"true\">\u0422\u041f\u042d<\/strong>\u00a0(\u0422\u0435\u0440\u043c\u043e\u043f\u043b\u0430\u0441\u0442\u0438\u0447\u043d\u043e\u0433\u043e \u043f\u043e\u043b\u0438\u0443\u0440\u0435\u0442\u0430\u043d\u0430) \u043e\u0431\u0435\u0441\u043f\u0435\u0447\u0438\u0432\u0430\u0435\u0442 \u043e\u043f\u0442\u0438\u043c\u0430\u043b\u044c\u043d\u044b\u0439\u00a0<strong class=\"Yjhzub\" data-complete=\"true\">\u0441\u0446\u0435\u043f\u043b\u0435\u043d\u0438\u0435<\/strong>\u00a0\u0438 \u043c\u044f\u0433\u043a\u043e\u0435 \u043e\u0449\u0443\u0449\u0435\u043d\u0438\u0435 \u043f\u0440\u0438 \u043a\u0430\u0441\u0430\u043d\u0438\u0438.<\/span><\/li>\n<li data-hveid=\"CAEIBhAC\" data-complete=\"true\" data-sae=\"\"><span class=\"T286Pc\" data-sfc-cp=\"\" data-complete=\"true\"><strong class=\"Yjhzub\" data-complete=\"true\">\u041f\u0440\u043e\u0447\u043d\u0430\u044f \u043a\u043e\u043d\u0441\u0442\u0440\u0443\u043a\u0446\u0438\u044f:<\/strong>\u00a0\u041a\u043b\u0430\u0441\u0441\u0438\u0447\u0435\u0441\u043a\u0438\u0439 \u0434\u0438\u0437\u0430\u0439\u043d \u0441\u00a0<strong class=\"Yjhzub\" data-complete=\"true\">32 de panouri cusute la ma\u0219in\u0103<\/strong>\u00a0\u043e\u0431\u0435\u0441\u043f\u0435\u0447\u0438\u0432\u0430\u0435\u0442 \u043f\u0440\u043e\u0447\u043d\u0443\u044e \u043a\u043e\u043d\u0441\u0442\u0440\u0443\u043a\u0446\u0438\u044e \u0438 \u0440\u0430\u0432\u043d\u043e\u043c\u0435\u0440\u043d\u044b\u0439 \u043a\u043e\u043d\u0442\u0440\u043e\u043b\u044c, \u0438\u0434\u0435\u0430\u043b\u044c\u043d\u043e \u043f\u043e\u0434\u0445\u043e\u0434\u044f\u0449\u0438\u0435 \u0434\u043b\u044f \u0442\u0440\u0435\u043d\u0438\u0440\u043e\u0432\u043e\u043a.<\/span><\/li>\n<li data-hveid=\"CAEIBhAD\" data-complete=\"true\" data-sae=\"\"><span class=\"T286Pc\" data-sfc-cp=\"\" data-complete=\"true\"><strong class=\"Yjhzub\" data-complete=\"true\">\u041a\u043e\u043d\u0442\u0440\u043e\u043b\u044c \u0438 \u0422\u043e\u0447\u043d\u043e\u0441\u0442\u044c:<\/strong>\u00a0\u0420\u0430\u0437\u0440\u0430\u0431\u043e\u0442\u0430\u043d \u0434\u043b\u044f \u0443\u043b\u0443\u0447\u0448\u0435\u043d\u0438\u044f \u043c\u0430\u043d\u0435\u0432\u0440\u0435\u043d\u043d\u043e\u0441\u0442\u0438, \u0438\u0434\u0435\u0430\u043b\u044c\u043d\u043e \u043f\u043e\u0434\u0445\u043e\u0434\u0438\u0442 \u0434\u043b\u044f \u044e\u043d\u044b\u0445 \u0438\u0433\u0440\u043e\u043a\u043e\u0432, \u0438\u0437\u0443\u0447\u0430\u044e\u0449\u0438\u0445 \u043e\u0441\u043d\u043e\u0432\u044b.<\/span><\/li>\n<li data-hveid=\"CAEIBhAE\" data-complete=\"true\" data-sae=\"\"><span class=\"T286Pc\" data-sfc-cp=\"\" data-complete=\"true\" aria-owns=\"action-menu-parent-container\"><strong class=\"Yjhzub\" data-complete=\"true\">\u0421\u0431\u0430\u043b\u0430\u043d\u0441\u0438\u0440\u043e\u0432\u0430\u043d\u043d\u044b\u0439 \u043e\u0442\u0441\u043a\u043e\u043a:<\/strong>\u00a0\u0420\u0435\u043a\u043e\u043c\u0435\u043d\u0434\u0443\u0435\u043c\u043e\u0435 \u0434\u0430\u0432\u043b\u0435\u043d\u0438\u0435 (0.4-0.6 \u0431\u0430\u0440) \u043e\u0431\u0435\u0441\u043f\u0435\u0447\u0438\u0432\u0430\u0435\u0442 \u043e\u043f\u0442\u0438\u043c\u0430\u043b\u044c\u043d\u044b\u0439 \u0431\u0430\u043b\u0430\u043d\u0441 \u043c\u0435\u0436\u0434\u0443 \u043c\u044f\u0433\u043a\u043e\u0441\u0442\u044c\u044e \u0438 \u043a\u043e\u043d\u0442\u0440\u043e\u043b\u0438\u0440\u0443\u0435\u043c\u044b\u043c \u043e\u0442\u0441\u043a\u043e\u043a\u043e\u043c.<\/span><\/li>\n<\/ul>","protected":false},"excerpt":{"rendered":"<div class=\"otQkpb\" role=\"heading\" aria-level=\"3\" data-animation-nesting=\"\" data-sfc-cp=\"\" data-complete=\"true\" data-processed=\"true\" data-sae=\"\">Specifica\u021bii Tehnice:<\/div>\n<ul class=\"KsbFXc U6u95\" data-complete=\"true\" data-processed=\"true\">\n<li data-hveid=\"CAEICBAA\" data-complete=\"true\" data-sae=\"\"><span class=\"T286Pc\" data-sfc-cp=\"\" data-complete=\"true\"><strong class=\"Yjhzub\" data-complete=\"true\">M\u0103rime:<\/strong>\u00a04 (Ideal\u0103 pentru v\u00e2rsta 8-12 ani)<\/span><\/li>\n<li data-hveid=\"CAEICBAB\" data-complete=\"true\" data-sae=\"\"><span class=\"T286Pc\" data-sfc-cp=\"\" data-complete=\"true\"><strong class=\"Yjhzub\" data-complete=\"true\">Versiune:<\/strong>\u00a0Light 290 (Ultra-u\u0219oar\u0103)<\/span><\/li>\n<li data-hveid=\"CAEICBAC\" data-complete=\"true\" data-sae=\"\"><span class=\"T286Pc\" data-sfc-cp=\"\" data-complete=\"true\"><strong class=\"Yjhzub\" data-complete=\"true\">Material Suprafa\u021b\u0103:<\/strong>\u00a0TPE Texturat<\/span><\/li>\n<li data-hveid=\"CAEICBAD\" data-complete=\"true\" data-sae=\"\"><span class=\"T286Pc\" data-sfc-cp=\"\" data-complete=\"true\"><strong class=\"Yjhzub\" data-complete=\"true\">Construc\u021bie:<\/strong>\u00a032 de panouri cusute la ma\u0219in\u0103<\/span><\/li>\n<li data-hveid=\"CAEICBAE\" data-complete=\"true\" data-sae=\"\"><span class=\"T286Pc\" data-sfc-cp=\"\" data-complete=\"true\"><strong class=\"Yjhzub\" data-complete=\"true\">Greutate:<\/strong>\u00a0280\u2013300 g<\/span><\/li>\n<li data-hveid=\"CAEICBAF\" data-complete=\"true\" data-sae=\"\"><span class=\"T286Pc\" data-sfc-cp=\"\" data-complete=\"true\"><strong class=\"Yjhzub\" data-complete=\"true\">Circumferin\u021b\u0103:<\/strong>\u00a063,5\u201366 cm<\/span><\/li>\n<li data-hveid=\"CAEICBAG\" data-complete=\"true\" data-sae=\"\"><span class=\"T286Pc\" data-sfc-cp=\"\" data-complete=\"true\"><strong class=\"Yjhzub\" data-complete=\"true\">Presiune Aer:<\/strong> 0,4\u20130,6 bar<\/span><\/li>\n<\/ul>\n<div class=\"Fsg96\" data-sfc-cp=\"\" data-complete=\"true\" data-processed=\"true\"><\/div>\n<hr class=\"j3tEEe\" data-serialized-params=\"[]\" data-complete=\"true\" data-processed=\"true\" data-sae=\"\" \/>","protected":false},"featured_media":71185,"template":"","meta":[],"product_brand":[44],"product_cat":[623,640],"product_tag":[],"class_list":{"0":"post-71180","1":"product","2":"type-product","3":"status-publish","4":"has-post-thumbnail","6":"product_brand-macron","7":"product_cat-football","8":"product_cat-mingi_fotbal","9":"pa_age_range-adulti","10":"pa_brand-macron","11":"pa_color-alb","12":"pa_fit-regular","13":"pa_gender-unisex","14":"pa_material-poliestere","15":"pa_size-275","17":"first","18":"outofstock","19":"shipping-taxable","20":"purchasable","21":"product-type-simple"},"_links":{"self":[{"href":"https:\/\/macron.md\/ru\/wp-json\/wp\/v2\/product\/71180","targetHints":{"allow":["GET"]}}],"collection":[{"href":"https:\/\/macron.md\/ru\/wp-json\/wp\/v2\/product"}],"about":[{"href":"https:\/\/macron.md\/ru\/wp-json\/wp\/v2\/types\/product"}],"wp:featuredmedia":[{"embeddable":true,"href":"https:\/\/macron.md\/ru\/wp-json\/wp\/v2\/media\/71185"}],"wp:attachment":[{"href":"https:\/\/macron.md\/ru\/wp-json\/wp\/v2\/media?parent=71180"}],"wp:term":[{"taxonomy":"product_brand","embeddable":true,"href":"https:\/\/macron.md\/ru\/wp-json\/wp\/v2\/product_brand?post=71180"},{"taxonomy":"product_cat","embeddable":true,"href":"https:\/\/macron.md\/ru\/wp-json\/wp\/v2\/product_cat?post=71180"},{"taxonomy":"product_tag","embeddable":true,"href":"https:\/\/macron.md\/ru\/wp-json\/wp\/v2\/product_tag?post=71180"}],"curies":[{"name":"wp","href":"https:\/\/api.w.org\/{rel}","templated":true}]}}