{"id":71163,"date":"2026-02-08T16:11:36","date_gmt":"2026-02-08T14:11:36","guid":{"rendered":"https:\/\/macron.md\/product\/tropical-xi-futsal-hybrid-mingea\/"},"modified":"2026-04-03T10:26:25","modified_gmt":"2026-04-03T08:26:25","slug":"tropical-xi-futsal-hybrid-mingea","status":"publish","type":"product","link":"https:\/\/macron.md\/ru\/product\/tropical-xi-futsal-hybrid-mingea\/","title":{"rendered":"TROPICAL XI FUTSAL HYBRID MINGE"},"content":{"rendered":"<div class=\"otQkpb\" role=\"heading\" aria-level=\"3\" data-animation-nesting=\"\" data-sfc-cp=\"\" data-complete=\"true\" data-processed=\"true\" data-sae=\"\">\u0424\u0443\u0442\u0431\u043e\u043b\u044c\u043d\u044b\u0439 \u043c\u044f\u0447 Futsal Macron (\u0413\u0438\u0431\u0440\u0438\u0434) \u0422\u0440\u0435\u043d\u0438\u0440\u043e\u0432\u043e\u0447\u043d\u044b\u0439 \u2013 \u041f\u0440\u0435\u0432\u043e\u0441\u0445\u043e\u0434\u043d\u043e\u0435 \u0421\u0446\u0435\u043f\u043b\u0435\u043d\u0438\u0435 \u0438 \u041a\u043e\u043d\u0442\u0440\u043e\u043b\u044c<\/div>\n<div class=\"Y3BBE\" data-sfc-cp=\"\" data-hveid=\"CAEIBBAA\" data-complete=\"true\" data-processed=\"true\"><strong class=\"Yjhzub\" data-complete=\"true\">\u0414\u043e\u043c\u0438\u043d\u0438\u0440\u0443\u0439 \u043d\u0430 \u043f\u043b\u043e\u0449\u0430\u0434\u043a\u0435!<\/strong> \u042d\u0442\u043e\u0442 \u0433\u0438\u0431\u0440\u0438\u0434\u043d\u044b\u0439 \u0444\u0443\u0442\u0437\u0430\u043b\u044c\u043d\u044b\u0439 \u043c\u044f\u0447 \u0441\u043e\u0437\u0434\u0430\u043d \u0434\u043b\u044f \u0438\u0434\u0435\u0430\u043b\u044c\u043d\u043e\u0433\u043e \u0431\u0430\u043b\u0430\u043d\u0441\u0430 \u043c\u0435\u0436\u0434\u0443 \u0441\u043f\u0435\u0446\u0438\u0444\u0438\u0447\u043d\u044b\u043c \u0434\u043b\u044f \u0444\u0443\u0442\u0437\u0430\u043b\u0430 \u043a\u043e\u043d\u0442\u0440\u043e\u043b\u0435\u043c \u0438 \u043f\u0440\u043e\u0447\u043d\u043e\u0441\u0442\u044c\u044e, \u043d\u0435\u043e\u0431\u0445\u043e\u0434\u0438\u043c\u043e\u0439 \u0434\u043b\u044f \u0438\u043d\u0442\u0435\u043d\u0441\u0438\u0432\u043d\u044b\u0445 \u0442\u0440\u0435\u043d\u0438\u0440\u043e\u0432\u043e\u043a. \u0415\u0433\u043e \u0442\u0435\u043a\u0441\u0442\u0443\u0440\u0438\u0440\u043e\u0432\u0430\u043d\u043d\u0430\u044f \u043f\u043e\u0432\u0435\u0440\u0445\u043d\u043e\u0441\u0442\u044c \u043e\u0431\u0435\u0441\u043f\u0435\u0447\u0438\u0432\u0430\u0435\u0442 \u043e\u0442\u043b\u0438\u0447\u043d\u043e\u0435 \u0441\u0446\u0435\u043f\u043b\u0435\u043d\u0438\u0435, \u0447\u0442\u043e \u0432\u0430\u0436\u043d\u043e \u0434\u043b\u044f \u0442\u043e\u0447\u043d\u044b\u0445 \u043f\u0435\u0440\u0435\u0434\u0430\u0447 \u0438 \u0431\u044b\u0441\u0442\u0440\u044b\u0445 \u0443\u0434\u0430\u0440\u043e\u0432.<\/div>\n<div class=\"Fsg96\" data-sfc-cp=\"\" data-complete=\"true\" data-processed=\"true\"><\/div>\n<div class=\"otQkpb\" role=\"heading\" aria-level=\"3\" data-animation-nesting=\"\" data-sfc-cp=\"\" data-complete=\"true\" data-processed=\"true\" data-sae=\"\">Caracteristici \u0219i Beneficii Principale:<\/div>\n<ul class=\"KsbFXc U6u95\" data-complete=\"true\" data-processed=\"true\">\n<li data-hveid=\"CAEIBhAA\" data-complete=\"true\" data-sae=\"\"><span class=\"T286Pc\" data-sfc-cp=\"\" data-complete=\"true\"><strong class=\"Yjhzub\" data-complete=\"true\">\u0418\u043d\u043d\u043e\u0432\u0430\u0446\u0438\u043e\u043d\u043d\u0430\u044f \u0433\u0438\u0431\u0440\u0438\u0434\u043d\u0430\u044f \u043a\u043e\u043d\u0441\u0442\u0440\u0443\u043a\u0446\u0438\u044f:<\/strong>\u00a0\u0421\u043e\u0447\u0435\u0442\u0430\u0435\u0442 \u043f\u0440\u0435\u0438\u043c\u0443\u0449\u0435\u0441\u0442\u0432\u0430 \u0441\u0448\u0438\u0442\u044b\u0445 \u0438 \u0442\u0435\u0440\u043c\u043e\u0441\u0432\u0430\u0440\u043d\u044b\u0445 \u043c\u044f\u0447\u0435\u0439, \u0447\u0442\u043e \u0434\u0435\u043b\u0430\u0435\u0442 \u0435\u0433\u043e \u043f\u0440\u043e\u0447\u043d\u044b\u043c, \u0441 \u043d\u0438\u0437\u043a\u0438\u043c \u0432\u043e\u0434\u043e\u043f\u043e\u0433\u043b\u043e\u0449\u0435\u043d\u0438\u0435\u043c \u0438 \u043a\u043e\u043d\u0442\u0440\u043e\u043b\u0438\u0440\u0443\u0435\u043c\u044b\u043c \u043e\u0442\u0441\u043a\u043e\u043a\u043e\u043c (\u0445\u0430\u0440\u0430\u043a\u0442\u0435\u0440\u043d\u044b\u043c \u0434\u043b\u044f \u0444\u0443\u0442\u0437\u0430\u043b\u0430).<\/span><\/li>\n<li data-hveid=\"CAEIBhAB\" data-complete=\"true\" data-sae=\"\"><span class=\"T286Pc\" data-sfc-cp=\"\" data-complete=\"true\"><strong class=\"Yjhzub\" data-complete=\"true\">\u0423\u043b\u0443\u0447\u0448\u0435\u043d\u043d\u043e\u0435 \u0441\u0446\u0435\u043f\u043b\u0435\u043d\u0438\u0435:<\/strong>\u00a0\u041f\u043e\u0432\u0435\u0440\u0445\u043d\u043e\u0441\u0442\u044c \u0441\u00a0<strong class=\"Yjhzub\" data-complete=\"true\">\u043c\u0430\u0442\u043e\u0432\u043e\u0439 \u0442\u0435\u043a\u0441\u0442\u0443\u0440\u043e\u0439<\/strong>\u00a0\u043e\u0431\u0435\u0441\u043f\u0435\u0447\u0438\u0432\u0430\u0435\u0442 \u043e\u0442\u043b\u0438\u0447\u043d\u043e\u0435 \u0441\u0446\u0435\u043f\u043b\u0435\u043d\u0438\u0435 \u043f\u0440\u0438 \u043a\u043e\u043d\u0442\u0430\u043a\u0442\u0435 \u0441 \u043f\u0430\u0440\u043a\u0435\u0442\u043e\u043c \u0438\u043b\u0438 \u0441\u0438\u043d\u0442\u0435\u0442\u0438\u0447\u0435\u0441\u043a\u0438\u043c\u0438 \u043f\u043e\u0432\u0435\u0440\u0445\u043d\u043e\u0441\u0442\u044f\u043c\u0438, \u043e\u0431\u043b\u0435\u0433\u0447\u0430\u044f \u043a\u043e\u043d\u0442\u0440\u043e\u043b\u044c \u043c\u044f\u0447\u0430 \u043f\u043e\u0434\u043e\u0448\u0432\u043e\u0439 \u0438 \u0431\u044b\u0441\u0442\u0440\u044b\u0439 \u0434\u0440\u0438\u0431\u043b\u0438\u043d\u0433.<\/span><\/li>\n<li data-hveid=\"CAEIBhAC\" data-complete=\"true\" data-sae=\"\"><span class=\"T286Pc\" data-sfc-cp=\"\" data-complete=\"true\"><strong class=\"Yjhzub\" data-complete=\"true\">\u041e\u043f\u0442\u0438\u043c\u0438\u0437\u0438\u0440\u043e\u0432\u0430\u043d\u043d\u044b\u0439 \u043a\u043e\u043d\u0442\u0440\u043e\u043b\u044c:<\/strong>\u00a0\u0421\u043e\u0437\u0434\u0430\u043d \u0434\u043b\u044f \u0431\u044b\u0441\u0442\u0440\u043e\u0439 \u0438\u0433\u0440\u044b \u0432 \u0444\u0443\u0442\u0437\u0430\u043b, \u043e\u0431\u0435\u0441\u043f\u0435\u0447\u0438\u0432\u0430\u044f \u043d\u0438\u0437\u043a\u0438\u0439 \u043e\u0442\u0441\u043a\u043e\u043a \u0434\u043b\u044f \u0442\u043e\u0447\u043d\u043e\u0433\u043e \u043a\u043e\u043d\u0442\u0440\u043e\u043b\u044f \u0432 \u043e\u0433\u0440\u0430\u043d\u0438\u0447\u0435\u043d\u043d\u043e\u043c \u043f\u0440\u043e\u0441\u0442\u0440\u0430\u043d\u0441\u0442\u0432\u0435.<\/span><\/li>\n<li data-hveid=\"CAEIBhAD\" data-complete=\"true\" data-sae=\"\"><span class=\"T286Pc\" data-sfc-cp=\"\" data-complete=\"true\" aria-owns=\"action-menu-parent-container\"><strong class=\"Yjhzub\" data-complete=\"true\">Durabilitate:<\/strong>\u00a0\u041a\u0430\u0447\u0435\u0441\u0442\u0432\u0435\u043d\u043d\u044b\u0435 \u043c\u0430\u0442\u0435\u0440\u0438\u0430\u043b\u044b \u0433\u0430\u0440\u0430\u043d\u0442\u0438\u0440\u0443\u044e\u0442 \u0434\u043e\u043b\u0433\u043e\u0432\u0435\u0447\u043d\u043e\u0441\u0442\u044c \u0438 \u0438\u0437\u043d\u043e\u0441\u043e\u0441\u0442\u043e\u0439\u043a\u043e\u0441\u0442\u044c, \u0447\u0442\u043e \u0434\u0435\u043b\u0430\u0435\u0442 \u0435\u0433\u043e \u0438\u0434\u0435\u0430\u043b\u044c\u043d\u044b\u043c \u0434\u043b\u044f \u0435\u0436\u0435\u0434\u043d\u0435\u0432\u043d\u044b\u0445 \u0442\u0440\u0435\u043d\u0438\u0440\u043e\u0432\u043e\u043a.<\/span><\/li>\n<\/ul>","protected":false},"excerpt":{"rendered":"<div class=\"otQkpb\" role=\"heading\" aria-level=\"3\" data-animation-nesting=\"\" data-sfc-cp=\"\" data-complete=\"true\" data-processed=\"true\" data-sae=\"\">Specifica\u021bii Tehnice Detaliate:<\/div>\n<div class=\"Y3BBE\" data-sfc-cp=\"\" data-hveid=\"CAEIBBAA\" data-complete=\"true\" data-processed=\"true\">Aceste detalii ofer\u0103 o privire de ansamblu asupra materialelor de \u00eenalt\u0103 calitate folosite pentru a asigura durabilitatea \u0219i performan\u021ba mingii:<\/div>\n<div class=\"Fsg96\" data-sfc-cp=\"\" data-complete=\"true\" data-processed=\"true\"><\/div>\n<div class=\"Fv6NCb\" data-sfc-cp=\"\" data-ved=\"2ahUKEwj7_96E1OCSAxV9B9sEHT7MNucQ-q4QegYIAQgFEAA\" data-complete=\"true\" data-processed=\"true\">\n<table class=\"NRefec\" data-animation-nesting=\"\" data-sae=\"\">\n<tbody>\n<tr class=\"cZCYO\" data-sfc-cp=\"\" data-complete=\"true\">\n<th class=\"iry6k\" colspan=\"undefined\" data-sfc-cp=\"\" data-complete=\"true\">Caracteristic\u0103<\/th>\n<th class=\"iry6k\" colspan=\"undefined\" data-sfc-cp=\"\" data-complete=\"true\">Detaliu<\/th>\n<\/tr>\n<tr class=\"cZCYO\" data-sfc-cp=\"\" data-complete=\"true\">\n<td class=\"cOeeGf\" colspan=\"undefined\" data-sfc-cp=\"\" data-complete=\"true\"><strong class=\"Yjhzub\" data-complete=\"true\">SUPRAFA\u021a\u0102 (OUTCOV)<\/strong><\/td>\n<td class=\"cOeeGf\" colspan=\"undefined\" data-sfc-cp=\"\" data-complete=\"true\"><strong class=\"Yjhzub\" data-complete=\"true\">PU Texturat<\/strong>\u00a0(Poliuretan de \u00eenalt\u0103 calitate cu textur\u0103 mat\u0103)<\/td>\n<\/tr>\n<tr class=\"cZCYO\" data-sfc-cp=\"\" data-complete=\"true\">\n<td class=\"cOeeGf\" colspan=\"undefined\" data-sfc-cp=\"\" data-complete=\"true\"><strong class=\"Yjhzub\" data-complete=\"true\">C\u0103ptu\u0219eal\u0103 (LININ)<\/strong><\/td>\n<td class=\"cOeeGf\" colspan=\"undefined\" data-sfc-cp=\"\" data-complete=\"true\">Mix: Cauciuc + Poliester + EVA (pentru moliciune, rezisten\u021b\u0103 \u0219i un rico\u0219eu optim)<\/td>\n<\/tr>\n<tr class=\"cZCYO\" data-sfc-cp=\"\" data-complete=\"true\">\n<td class=\"cOeeGf\" colspan=\"undefined\" data-sfc-cp=\"\" data-complete=\"true\"><strong class=\"Yjhzub\" data-complete=\"true\">Camer\u0103 (BLADDR)<\/strong><\/td>\n<td class=\"cOeeGf\" colspan=\"undefined\" data-sfc-cp=\"\" data-complete=\"true\">Cauciuc (pentru reten\u021bie excelent\u0103 a aerului \u0219i durabilitate)<\/td>\n<\/tr>\n<\/tbody>\n<\/table>\n<\/div>\n<div class=\"Fsg96\" data-sfc-cp=\"\" data-complete=\"true\" data-processed=\"true\"><\/div>\n<hr class=\"j3tEEe\" data-serialized-params=\"[]\" data-complete=\"true\" data-processed=\"true\" data-sae=\"\" \/>\n<div class=\"Fsg96\" data-sfc-cp=\"\" data-complete=\"true\" data-processed=\"true\"><\/div>\n<div class=\"otQkpb\" role=\"heading\" aria-level=\"3\" data-animation-nesting=\"\" data-sfc-cp=\"\" data-complete=\"true\" data-processed=\"true\" data-sae=\"\">Beneficii Tehnologice:<\/div>\n<ul class=\"KsbFXc U6u95\" data-complete=\"true\" data-processed=\"true\">\n<li data-hveid=\"CAEICBAA\" data-complete=\"true\" data-sae=\"\"><span class=\"T286Pc\" data-sfc-cp=\"\" data-complete=\"true\"><strong class=\"Yjhzub\" data-complete=\"true\">Aderen\u021b\u0103 \u00cembun\u0103t\u0103\u021bit\u0103:<\/strong>\u00a0Suprafa\u021ba texturat\u0103 din PU ofer\u0103 un\u00a0<strong class=\"Yjhzub\" data-complete=\"true\">grip (aderen\u021b\u0103) superior<\/strong>, facilit\u00e2nd controlul precis al mingii \u00een timpul driblingurilor \u0219i \u0219uturilor.<\/span><\/li>\n<li data-hveid=\"CAEICBAB\" data-complete=\"true\" data-sae=\"\"><span class=\"T286Pc\" data-sfc-cp=\"\" data-complete=\"true\"><strong class=\"Yjhzub\" data-complete=\"true\">Confort \u0219i Control:<\/strong>\u00a0Combina\u021bia unic\u0103 din c\u0103ptu\u0219eal\u0103 (cauciuc, poliester, EVA) ofer\u0103 o senza\u021bie moale la atingere \u0219i un control excelent al mingii.<\/span><\/li>\n<li data-hveid=\"CAEICBAC\" data-complete=\"true\" data-sae=\"\"><span class=\"T286Pc\" data-sfc-cp=\"\" data-complete=\"true\" aria-owns=\"action-menu-parent-container\"><strong class=\"Yjhzub\" data-complete=\"true\">Durabilitate:<\/strong>\u00a0Materialele de \u00eenalt\u0103 calitate, inclusiv camera robust\u0103 din cauciuc, asigur\u0103 o durat\u0103 de via\u021b\u0103 extins\u0103 a mingii.<\/span><\/li>\n<\/ul>","protected":false},"featured_media":71167,"template":"","meta":[],"product_brand":[44],"product_cat":[623,640],"product_tag":[],"class_list":{"0":"post-71163","1":"product","2":"type-product","3":"status-publish","4":"has-post-thumbnail","6":"product_brand-macron","7":"product_cat-football","8":"product_cat-mingi_fotbal","9":"pa_age_range-adulti","10":"pa_brand-macron","11":"pa_gender-unisex","12":"pa_size-275","14":"first","15":"outofstock","16":"shipping-taxable","17":"purchasable","18":"product-type-simple"},"_links":{"self":[{"href":"https:\/\/macron.md\/ru\/wp-json\/wp\/v2\/product\/71163","targetHints":{"allow":["GET"]}}],"collection":[{"href":"https:\/\/macron.md\/ru\/wp-json\/wp\/v2\/product"}],"about":[{"href":"https:\/\/macron.md\/ru\/wp-json\/wp\/v2\/types\/product"}],"wp:featuredmedia":[{"embeddable":true,"href":"https:\/\/macron.md\/ru\/wp-json\/wp\/v2\/media\/71167"}],"wp:attachment":[{"href":"https:\/\/macron.md\/ru\/wp-json\/wp\/v2\/media?parent=71163"}],"wp:term":[{"taxonomy":"product_brand","embeddable":true,"href":"https:\/\/macron.md\/ru\/wp-json\/wp\/v2\/product_brand?post=71163"},{"taxonomy":"product_cat","embeddable":true,"href":"https:\/\/macron.md\/ru\/wp-json\/wp\/v2\/product_cat?post=71163"},{"taxonomy":"product_tag","embeddable":true,"href":"https:\/\/macron.md\/ru\/wp-json\/wp\/v2\/product_tag?post=71163"}],"curies":[{"name":"wp","href":"https:\/\/api.w.org\/{rel}","templated":true}]}}