{"id":71017,"date":"2026-02-08T16:11:27","date_gmt":"2026-02-08T14:11:27","guid":{"rendered":"https:\/\/macron.md\/product\/taiga-xi-mingea-n-5\/"},"modified":"2026-04-03T10:26:23","modified_gmt":"2026-04-03T08:26:23","slug":"taiga-xi-mingea-n-5","status":"publish","type":"product","link":"https:\/\/macron.md\/ru\/product\/taiga-xi-mingea-n-5\/","title":{"rendered":"TAIGA XI MINGE N.5"},"content":{"rendered":"<div class=\"otQkpb\" role=\"heading\" aria-level=\"3\" data-animation-nesting=\"\" data-sfc-cp=\"\" data-complete=\"true\" data-processed=\"true\" data-sae=\"\">\u0424\u0443\u0442\u0431\u043e\u043b\u044c\u043d\u044b\u0439 \u043c\u044f\u0447 \u0434\u043b\u044f \u0442\u0440\u0435\u043d\u0438\u0440\u043e\u0432\u043e\u043a Macron \u2013 \u0423\u043b\u0443\u0447\u0448\u0435\u043d\u043d\u043e\u0435 \u0441\u0446\u0435\u043f\u043b\u0435\u043d\u0438\u0435 \u0438 \u0434\u043e\u043b\u0433\u043e\u0432\u0435\u0447\u043d\u043e\u0441\u0442\u044c<span class=\"uJ19be notranslate\" data-wiz-uids=\"MtLCCd_j,MtLCCd_k\" data-complete=\"true\"><span class=\"vKEkVd\" data-animation-atomic=\"\" data-wiz-attrbind=\"class=MtLCCd_i\/TKHnVd\" data-sae=\"\"><span aria-hidden=\"true\">\u00a0<\/span><\/span><\/span><\/div>\n<div class=\"Y3BBE\" data-sfc-cp=\"\" data-hveid=\"CAEIBBAA\" data-complete=\"true\" data-processed=\"true\"><strong class=\"Yjhzub\" data-complete=\"true\">\u0418\u0434\u0435\u0430\u043b\u044c\u043d\u043e \u043f\u043e\u0434\u0445\u043e\u0434\u0438\u0442 \u0434\u043b\u044f \u0435\u0436\u0435\u0434\u043d\u0435\u0432\u043d\u044b\u0445 \u0442\u0440\u0435\u043d\u0438\u0440\u043e\u0432\u043e\u0447\u043d\u044b\u0445 \u0441\u0435\u0441\u0441\u0438\u0439!<\/strong>\u00a0\u042d\u0442\u043e\u0442 \u0444\u0443\u0442\u0431\u043e\u043b\u044c\u043d\u044b\u0439 \u043c\u044f\u0447 \u0441\u043e\u0447\u0435\u0442\u0430\u0435\u0442 \u0432 \u0441\u0435\u0431\u0435 \u043a\u043b\u0430\u0441\u0441\u0438\u0447\u0435\u0441\u043a\u0443\u044e, \u043f\u0440\u043e\u0447\u043d\u0443\u044e \u043a\u043e\u043d\u0441\u0442\u0440\u0443\u043a\u0446\u0438\u044e \u0441 \u0441\u043e\u0432\u0440\u0435\u043c\u0435\u043d\u043d\u043e\u0439, \u0442\u0435\u043a\u0441\u0442\u0443\u0440\u0438\u0440\u043e\u0432\u0430\u043d\u043d\u043e\u0439 \u043f\u043e\u0432\u0435\u0440\u0445\u043d\u043e\u0441\u0442\u044c\u044e, \u044f\u0432\u043b\u044f\u044f\u0441\u044c \u0438\u0434\u0435\u0430\u043b\u044c\u043d\u044b\u043c \u043f\u0430\u0440\u0442\u043d\u0435\u0440\u043e\u043c \u0434\u043b\u044f \u043e\u0442\u0440\u0430\u0431\u043e\u0442\u043a\u0438 \u043d\u0430\u0432\u044b\u043a\u043e\u0432 \u043d\u0430 \u043b\u044e\u0431\u043e\u043c \u0438\u0433\u0440\u043e\u0432\u043e\u043c \u043f\u043e\u043a\u0440\u044b\u0442\u0438\u0438.<span class=\"uJ19be notranslate\" data-wiz-uids=\"MtLCCd_o,MtLCCd_p\" data-complete=\"true\"><span class=\"vKEkVd\" data-animation-atomic=\"\" data-wiz-attrbind=\"class=MtLCCd_n\/TKHnVd\" data-sae=\"\"><span aria-hidden=\"true\">\u00a0<\/span><\/span><\/span><\/div>\n<div class=\"Fsg96\" data-sfc-cp=\"\" data-complete=\"true\" data-processed=\"true\"><\/div>\n<div class=\"otQkpb\" role=\"heading\" aria-level=\"3\" data-animation-nesting=\"\" data-sfc-cp=\"\" data-complete=\"true\" data-processed=\"true\" data-sae=\"\">Caracteristici \u0219i Beneficii Principale:<\/div>\n<ul class=\"KsbFXc U6u95\" data-complete=\"true\" data-processed=\"true\">\n<li data-hveid=\"CAEIBhAA\" data-complete=\"true\" data-sae=\"\"><span class=\"T286Pc\" data-sfc-cp=\"\" data-complete=\"true\"><strong class=\"Yjhzub\" data-complete=\"true\">\u0423\u043b\u0443\u0447\u0448\u0435\u043d\u043d\u043e\u0435 \u0441\u0446\u0435\u043f\u043b\u0435\u043d\u0438\u0435:<\/strong>\u00a0\u041f\u043e\u0432\u0435\u0440\u0445\u043d\u043e\u0441\u0442\u044c \u0441\u00a0<strong class=\"Yjhzub\" data-complete=\"true\">\u043c\u0430\u0442\u043e\u0432\u043e\u0439 \u0442\u0435\u043a\u0441\u0442\u0443\u0440\u043e\u0439<\/strong>\u00a0\u043e\u0431\u0435\u0441\u043f\u0435\u0447\u0438\u0432\u0430\u0435\u0442 \u043e\u0442\u043b\u0438\u0447\u043d\u044b\u0439 \u0437\u0430\u0445\u0432\u0430\u0442 \u0438 \u043f\u0440\u0435\u0432\u043e\u0441\u0445\u043e\u0434\u043d\u044b\u0439 \u043a\u043e\u043d\u0442\u0440\u043e\u043b\u044c \u043d\u0430\u0434 \u043c\u044f\u0447\u043e\u043c, \u043d\u0435\u0437\u0430\u0432\u0438\u0441\u0438\u043c\u043e \u043e\u0442 \u043f\u043e\u0433\u043e\u0434\u043d\u044b\u0445 \u0443\u0441\u043b\u043e\u0432\u0438\u0439 \u0438\u043b\u0438 \u0442\u0438\u043f\u0430 \u0438\u0433\u0440\u043e\u0432\u043e\u0433\u043e \u043f\u043e\u043a\u0440\u044b\u0442\u0438\u044f.<\/span><\/li>\n<li data-hveid=\"CAEIBhAB\" data-complete=\"true\" data-sae=\"\"><span class=\"T286Pc\" data-sfc-cp=\"\" data-complete=\"true\"><strong class=\"Yjhzub\" data-complete=\"true\">\u041f\u0440\u043e\u0447\u043d\u0430\u044f \u043a\u043e\u043d\u0441\u0442\u0440\u0443\u043a\u0446\u0438\u044f:<\/strong>\u00a0<strong class=\"Yjhzub\" data-complete=\"true\">\u041c\u0430\u0448\u0438\u043d\u043d\u0430\u044f \u0441\u0442\u0440\u043e\u0447\u043a\u0430<\/strong>\u00a0\u043e\u0431\u0435\u0441\u043f\u0435\u0447\u0438\u0432\u0430\u0435\u0442 \u043f\u0440\u043e\u0447\u043d\u043e\u0441\u0442\u044c \u043f\u0430\u043d\u0435\u043b\u0435\u0439 \u0438 \u0443\u0432\u0435\u043b\u0438\u0447\u0435\u043d\u043d\u044b\u0439 \u0441\u0440\u043e\u043a \u0441\u043b\u0443\u0436\u0431\u044b \u043c\u044f\u0447\u0430 \u0434\u0430\u0436\u0435 \u0432 \u0443\u0441\u043b\u043e\u0432\u0438\u044f\u0445 \u0438\u043d\u0442\u0435\u043d\u0441\u0438\u0432\u043d\u043e\u0433\u043e \u0438\u0441\u043f\u043e\u043b\u044c\u0437\u043e\u0432\u0430\u043d\u0438\u044f.<\/span><\/li>\n<li data-hveid=\"CAEIBhAC\" data-complete=\"true\" data-sae=\"\"><span class=\"T286Pc\" data-sfc-cp=\"\" data-complete=\"true\"><strong class=\"Yjhzub\" data-complete=\"true\">Control Uniform:<\/strong>\u00a0\u041a\u043b\u0430\u0441\u0441\u0438\u0447\u0435\u0441\u043a\u0438\u0439 \u0434\u0438\u0437\u0430\u0439\u043d \u0441 \u043d\u0435\u0441\u043a\u043e\u043b\u044c\u043a\u0438\u043c\u0438 \u043f\u0430\u043d\u0435\u043b\u044f\u043c\u0438 (\u043e\u0431\u044b\u0447\u043d\u043e 32) \u0433\u0430\u0440\u0430\u043d\u0442\u0438\u0440\u0443\u0435\u0442 \u0440\u0430\u0432\u043d\u043e\u043c\u0435\u0440\u043d\u0443\u044e \u043a\u043e\u043d\u0441\u0442\u0440\u0443\u043a\u0446\u0438\u044e \u0438 \u043f\u0440\u0435\u0434\u0441\u043a\u0430\u0437\u0443\u0435\u043c\u044b\u0439 \u043a\u043e\u043d\u0442\u0440\u043e\u043b\u044c \u043f\u0440\u0438 \u043a\u0430\u0436\u0434\u043e\u043c \u043e\u0442\u0441\u043a\u043e\u043a\u0435.<\/span><\/li>\n<li data-hveid=\"CAEIBhAD\" data-complete=\"true\" data-sae=\"\"><span class=\"T286Pc\" data-sfc-cp=\"\" data-complete=\"true\"><strong class=\"Yjhzub\" data-complete=\"true\">\u0423\u043d\u0438\u0432\u0435\u0440\u0441\u0430\u043b\u044c\u043d\u043e\u0441\u0442\u044c:<\/strong>\u00a0\u041f\u043e\u0434\u0445\u043e\u0434\u0438\u0442 \u0434\u043b\u044f \u0442\u0440\u0435\u043d\u0438\u0440\u043e\u0432\u043e\u043a \u043d\u0430 \u043d\u0430\u0442\u0443\u0440\u0430\u043b\u044c\u043d\u043e\u043c \u0433\u0430\u0437\u043e\u043d\u0435, \u0438\u0441\u043a\u0443\u0441\u0441\u0442\u0432\u0435\u043d\u043d\u043e\u043c \u043f\u043e\u043a\u0440\u044b\u0442\u0438\u0438 \u0438\u043b\u0438 \u0434\u0440\u0443\u0433\u0438\u0445 \u043f\u043e\u0432\u0435\u0440\u0445\u043d\u043e\u0441\u0442\u044f\u0445.<\/span><span class=\"uJ19be notranslate\" data-wiz-uids=\"MtLCCd_1b,MtLCCd_1c\" data-complete=\"true\"><span class=\"vKEkVd\" data-animation-atomic=\"\" data-wiz-attrbind=\"class=MtLCCd_1a\/TKHnVd\" data-sae=\"\"><span aria-hidden=\"true\" aria-owns=\"action-menu-parent-container\">\u00a0<\/span><\/span><\/span><\/li>\n<\/ul>","protected":false},"excerpt":{"rendered":"<div class=\"otQkpb\" role=\"heading\" aria-level=\"3\" data-animation-nesting=\"\" data-sfc-cp=\"\" data-complete=\"true\" data-processed=\"true\" data-sae=\"\">Specifica\u021bii Tehnice Detaliate:<\/div>\n<div class=\"Y3BBE\" data-sfc-cp=\"\" data-hveid=\"CAEIBBAA\" data-complete=\"true\" data-processed=\"true\">Aceast\u0103 minge este proiectat\u0103 pentru a oferi performan\u021be constante, utiliz\u00e2nd materiale de ultim\u0103 genera\u021bie care asigur\u0103 un control precis \u0219i o durabilitate ridicat\u0103.<\/div>\n<div class=\"Fsg96\" data-sfc-cp=\"\" data-complete=\"true\" data-processed=\"true\"><\/div>\n<div class=\"Fv6NCb\" data-sfc-cp=\"\" data-ved=\"2ahUKEwjR26HQ1uCSAxVWcfEDHXyZJkQQ-q4QegYIAQgFEAA\" data-complete=\"true\" data-processed=\"true\">\n<table class=\"NRefec\" data-animation-nesting=\"\" data-sae=\"\">\n<tbody>\n<tr class=\"cZCYO\" data-sfc-cp=\"\" data-complete=\"true\">\n<th class=\"iry6k\" colspan=\"undefined\" data-sfc-cp=\"\" data-complete=\"true\">Caracteristic\u0103<\/th>\n<th class=\"iry6k\" colspan=\"undefined\" data-sfc-cp=\"\" data-complete=\"true\">Detaliu Tehnic<\/th>\n<\/tr>\n<tr class=\"cZCYO\" data-sfc-cp=\"\" data-complete=\"true\">\n<td class=\"cOeeGf\" colspan=\"undefined\" data-sfc-cp=\"\" data-complete=\"true\"><strong class=\"Yjhzub\" data-complete=\"true\">Suprafa\u021b\u0103 (Surface)<\/strong><\/td>\n<td class=\"cOeeGf\" colspan=\"undefined\" data-sfc-cp=\"\" data-complete=\"true\"><strong class=\"Yjhzub\" data-complete=\"true\">TPU Texturat<\/strong>\u00a0\u2013 finisaj special pentru o aderen\u021b\u0103 (grip) superioar\u0103 \u00een orice condi\u021bii meteo<\/td>\n<\/tr>\n<tr class=\"cZCYO\" data-sfc-cp=\"\" data-complete=\"true\">\n<td class=\"cOeeGf\" colspan=\"undefined\" data-sfc-cp=\"\" data-complete=\"true\"><strong class=\"Yjhzub\" data-complete=\"true\">\u00cenveli\u0219 Exterior (Outcov)<\/strong><\/td>\n<td class=\"cOeeGf\" colspan=\"undefined\" data-sfc-cp=\"\" data-complete=\"true\"><strong class=\"Yjhzub\" data-complete=\"true\">TPU<\/strong>\u00a0(Poliuretan Termoplastic) \u2013 material rezistent la abraziune \u0219i \u0219ocuri<\/td>\n<\/tr>\n<tr class=\"cZCYO\" data-sfc-cp=\"\" data-complete=\"true\">\n<td class=\"cOeeGf\" colspan=\"undefined\" data-sfc-cp=\"\" data-complete=\"true\"><strong class=\"Yjhzub\" data-complete=\"true\">C\u0103ptu\u0219eal\u0103 (Linin)<\/strong><\/td>\n<td class=\"cOeeGf\" colspan=\"undefined\" data-sfc-cp=\"\" data-complete=\"true\"><strong class=\"Yjhzub\" data-complete=\"true\">Poliester<\/strong>\u00a0\u2013 strat interior dens care men\u021bine forma sferic\u0103 \u0219i stabilitatea \u00een zbor<\/td>\n<\/tr>\n<tr class=\"cZCYO\" data-sfc-cp=\"\" data-complete=\"true\">\n<td class=\"cOeeGf\" colspan=\"undefined\" data-sfc-cp=\"\" data-complete=\"true\"><strong class=\"Yjhzub\" data-complete=\"true\">Camer\u0103 (Bladdr)<\/strong><\/td>\n<td class=\"cOeeGf\" colspan=\"undefined\" data-sfc-cp=\"\" data-complete=\"true\"><strong class=\"Yjhzub\" data-complete=\"true\">Cauciuc + Butil<\/strong>\u00a0\u2013 mix premium care garanteaz\u0103 o reten\u021bie de lung\u0103 durat\u0103 a aerului<\/td>\n<\/tr>\n<\/tbody>\n<\/table>\n<\/div>\n<div class=\"Fsg96\" data-sfc-cp=\"\" data-complete=\"true\" data-processed=\"true\"><\/div>\n<hr class=\"j3tEEe\" data-serialized-params=\"[]\" data-complete=\"true\" data-processed=\"true\" data-sae=\"\" \/>\n<div class=\"Fsg96\" data-sfc-cp=\"\" data-complete=\"true\" data-processed=\"true\"><\/div>\n<div class=\"otQkpb\" role=\"heading\" aria-level=\"3\" data-animation-nesting=\"\" data-sfc-cp=\"\" data-complete=\"true\" data-processed=\"true\" data-sae=\"\">Beneficii Cheie pentru Utilizator:<\/div>\n<ul class=\"KsbFXc U6u95\" data-complete=\"true\" data-processed=\"true\">\n<li data-hveid=\"CAEICBAA\" data-complete=\"true\" data-sae=\"\"><span class=\"T286Pc\" data-sfc-cp=\"\" data-complete=\"true\"><strong class=\"Yjhzub\" data-complete=\"true\">Control \u0219i Aderen\u021b\u0103:<\/strong>\u00a0Suprafa\u021ba texturat\u0103 permite un contact mai bun cu gheata, facilit\u00e2nd driblingurile \u0219i \u0219uturile cu efect.<\/span><\/li>\n<li data-hveid=\"CAEICBAB\" data-complete=\"true\" data-sae=\"\"><span class=\"T286Pc\" data-sfc-cp=\"\" data-complete=\"true\"><strong class=\"Yjhzub\" data-complete=\"true\">Reten\u021bie Superioar\u0103 a Aerului:<\/strong>\u00a0Datorit\u0103 camerei din butil, mingea necesit\u0103 umfl\u0103ri mult mai rare, fiind mereu gata de joc.<\/span><\/li>\n<li data-hveid=\"CAEICBAC\" data-complete=\"true\" data-sae=\"\"><span class=\"T286Pc\" data-sfc-cp=\"\" data-complete=\"true\" aria-owns=\"action-menu-parent-container\"><strong class=\"Yjhzub\" data-complete=\"true\">Rezisten\u021b\u0103 la Uzur\u0103:<\/strong>\u00a0Stratul exterior din TPU este conceput s\u0103 reziste pe diverse suprafe\u021be de joc, de la gazon natural la teren sintetic.<\/span><\/li>\n<\/ul>","protected":false},"featured_media":71023,"template":"","meta":[],"product_brand":[44],"product_cat":[623,640],"product_tag":[],"class_list":{"0":"post-71017","1":"product","2":"type-product","3":"status-publish","4":"has-post-thumbnail","6":"product_brand-macron","7":"product_cat-football","8":"product_cat-mingi_fotbal","9":"pa_age_range-adulti","10":"pa_brand-macron","11":"pa_gender-unisex","12":"pa_size-274","14":"first","15":"outofstock","16":"shipping-taxable","17":"purchasable","18":"product-type-simple"},"_links":{"self":[{"href":"https:\/\/macron.md\/ru\/wp-json\/wp\/v2\/product\/71017","targetHints":{"allow":["GET"]}}],"collection":[{"href":"https:\/\/macron.md\/ru\/wp-json\/wp\/v2\/product"}],"about":[{"href":"https:\/\/macron.md\/ru\/wp-json\/wp\/v2\/types\/product"}],"wp:featuredmedia":[{"embeddable":true,"href":"https:\/\/macron.md\/ru\/wp-json\/wp\/v2\/media\/71023"}],"wp:attachment":[{"href":"https:\/\/macron.md\/ru\/wp-json\/wp\/v2\/media?parent=71017"}],"wp:term":[{"taxonomy":"product_brand","embeddable":true,"href":"https:\/\/macron.md\/ru\/wp-json\/wp\/v2\/product_brand?post=71017"},{"taxonomy":"product_cat","embeddable":true,"href":"https:\/\/macron.md\/ru\/wp-json\/wp\/v2\/product_cat?post=71017"},{"taxonomy":"product_tag","embeddable":true,"href":"https:\/\/macron.md\/ru\/wp-json\/wp\/v2\/product_tag?post=71017"}],"curies":[{"name":"wp","href":"https:\/\/api.w.org\/{rel}","templated":true}]}}