{"id":109672,"date":"2026-04-05T10:19:01","date_gmt":"2026-04-05T08:19:01","guid":{"rendered":"https:\/\/macron.md\/?post_type=product&#038;p=109672"},"modified":"2026-04-05T10:25:47","modified_gmt":"2026-04-05T08:25:47","slug":"sorti-de-antrenament-fc-rapid","status":"publish","type":"product","link":"https:\/\/macron.md\/ru\/product\/sorti-de-antrenament-fc-rapid\/","title":{"rendered":"\u0428\u043e\u0440\u0442\u044b \u0434\u043b\u044f \u0442\u0440\u0435\u043d\u0438\u0440\u043e\u0432\u043e\u043a \u0424\u041a \u0420\u0430\u043f\u0438\u0434"},"content":{"rendered":"<div class=\"Y3BBE\" data-sfc-cp=\"\" data-hveid=\"CAEIBRAA\" data-complete=\"true\" data-processed=\"true\"><strong class=\"Yjhzub\" data-complete=\"true\" data-processed=\"true\">Personalizeaz\u0103-\u021bi echipamentul de campion!<\/strong> \u042d\u0442\u0438 \u043e\u0444\u0438\u0446\u0438\u0430\u043b\u044c\u043d\u044b\u0435 \u0442\u0440\u0435\u043d\u0438\u0440\u043e\u0432\u043e\u0447\u043d\u044b\u0435 \u0448\u043e\u0440\u0442\u044b \u0441\u043e\u0437\u0434\u0430\u043d\u044b \u0441\u043f\u0435\u0446\u0438\u0430\u043b\u044c\u043d\u043e \u0434\u043b\u044f \u044e\u043d\u044b\u0445 \u0438\u0433\u0440\u043e\u043a\u043e\u0432, <strong>\u0424\u041a \u0420\u0410\u041f\u0418\u0414<\/strong>,\u043e\u0431\u0435\u0441\u043f\u0435\u0447\u0438\u0432\u0430\u044f \u043a\u043e\u043c\u0444\u043e\u0440\u0442 \u0438 \u0441\u0432\u043e\u0431\u043e\u0434\u0443 \u0434\u0432\u0438\u0436\u0435\u043d\u0438\u0439 \u0432\u043e \u0432\u0440\u0435\u043c\u044f \u043a\u0430\u0436\u0434\u043e\u0439 \u0442\u0440\u0435\u043d\u0438\u0440\u043e\u0432\u043a\u0438 \u043d\u0430 \u043f\u043e\u043b\u0435. \u041c\u043e\u0434\u0435\u043b\u044c <strong class=\"Yjhzub\" data-complete=\"true\" data-processed=\"true\">Macron Mesa Hero<\/strong>\u00a0combin\u0103 tehnologia textil\u0103 avansat\u0103 cu un design ergonomic, fiind ideal pentru antrenamente intense.<\/div>\n<div class=\"Y3BBE\" data-sfc-cp=\"\" data-hveid=\"CAEIBxAA\" data-processed=\"true\" data-complete=\"true\">\n<div role=\"heading\" aria-level=\"3\" data-animation-nesting=\"\" data-sfc-cp=\"\" data-complete=\"true\" data-processed=\"true\" data-sae=\"\"><\/div>\n<div class=\"otQkpb\" role=\"heading\" aria-level=\"3\" data-animation-nesting=\"\" data-sfc-cp=\"\" data-complete=\"true\" data-processed=\"true\" data-sae=\"\">\u26bd Detalii personalizare:<\/div>\n<ul class=\"KsbFXc U6u95\" data-complete=\"true\" data-processed=\"true\">\n<li class=\"dF3vjf\" data-hveid=\"CAEIBxAA\" data-complete=\"true\" data-sae=\"\"><span class=\"T286Pc\" data-sfc-cp=\"\" data-complete=\"true\">Include imprimarea <strong>\u0436\u0435\u043b\u0430\u0435\u043c\u043e\u0433\u043e \u043d\u043e\u043c\u0435\u0440\u0430.<\/strong><\/span><\/li>\n<li class=\"dF3vjf\" data-hveid=\"CAEIBxAB\" data-complete=\"true\" data-sae=\"\"><span class=\"T286Pc\" data-sfc-cp=\"\" data-complete=\"true\"><strong class=\"Yjhzub\" data-complete=\"true\">Important:<\/strong>\u00a0V\u0103 rug\u0103m s\u0103\u00a0<strong class=\"Yjhzub\" data-complete=\"true\">verifica\u021bi disponibilitatea numerelor de joc la antrenorul echipei<\/strong> \u00eenainte de a plasa comanda pentru a evita dublarea acestora.<\/span><\/li>\n<\/ul>\n<div class=\"Fsg96\" data-sfc-cp=\"\" data-complete=\"true\" data-processed=\"true\"><\/div>\n<div class=\"otQkpb\" role=\"heading\" aria-level=\"3\" data-animation-nesting=\"\" data-sfc-cp=\"\" data-complete=\"true\" data-processed=\"true\" data-sae=\"\">\ud83d\udccf Ghid de m\u0103rimi \u0219i Recomand\u0103ri:<\/div>\n<ul class=\"KsbFXc U6u95\" data-complete=\"true\" data-processed=\"true\">\n<li class=\"dF3vjf\" data-hveid=\"CAEICRAA\" data-complete=\"true\" data-sae=\"\"><span class=\"T286Pc\" data-sfc-cp=\"\" data-complete=\"true\">Tabelul de m\u0103rimi afi\u0219at are un\u00a0<strong class=\"Yjhzub\" data-complete=\"true\">caracter orientativ<\/strong>.<\/span><\/li>\n<li class=\"dF3vjf\" data-hveid=\"CAEICRAB\" data-complete=\"true\" data-sae=\"\"><span class=\"T286Pc\" data-sfc-cp=\"\" data-complete=\"true\">Pentru a asigura o potrivire perfect\u0103, v\u0103\u00a0<strong class=\"Yjhzub\" data-complete=\"true\">\u043d\u0430\u0441\u0442\u043e\u044f\u0442\u0435\u043b\u044c\u043d\u043e \u0440\u0435\u043a\u043e\u043c\u0435\u043d\u0434\u0443\u0435\u043c \u043f\u0440\u0438\u043c\u0435\u0440\u0438\u0442\u044c \u0448\u043e\u0440\u0442\u044b \u0432 \u043c\u0430\u0433\u0430\u0437\u0438\u043d\u0435.<\/strong> \u00eenainte de a solicita personalizarea.<\/span><\/li>\n<\/ul>\n<div class=\"Fsg96\" data-sfc-cp=\"\" data-complete=\"true\" data-processed=\"true\"><\/div>\n<div class=\"otQkpb\" role=\"heading\" aria-level=\"3\" data-animation-nesting=\"\" data-sfc-cp=\"\" data-complete=\"true\" data-processed=\"true\" data-sae=\"\">\u26a0\ufe0f Politica de retur:<\/div>\n<ul class=\"KsbFXc U6u95\" data-complete=\"true\" data-processed=\"true\">\n<li class=\"dF3vjf\" data-hveid=\"CAEICxAA\" data-complete=\"true\" data-sae=\"\"><span class=\"T286Pc\" data-sfc-cp=\"\" data-complete=\"true\"><strong class=\"Yjhzub\" data-complete=\"true\">Aten\u021bie!<\/strong>\u00a0Produsele personalizate (cu nume \u0219i num\u0103r)\u00a0<strong class=\"Yjhzub\" data-complete=\"true\">nu pot fi returnate sau schimbate<\/strong>.<\/span><\/li>\n<li class=\"dF3vjf\" data-hveid=\"CAEICxAB\" data-complete=\"true\" data-sae=\"\"><span class=\"T286Pc\" data-sfc-cp=\"\" data-complete=\"true\">De asemenea, procesul de imprimare este final: odat\u0103 aplicate, datele (numele\/num\u0103rul)\u00a0<strong class=\"Yjhzub\" data-complete=\"true\">nu mai pot fi modificate<\/strong>.<\/span><\/li>\n<\/ul>\n<div class=\"Fsg96\" data-sfc-cp=\"\" data-complete=\"true\" data-processed=\"true\"><\/div>\n<\/div>","protected":false},"excerpt":{"rendered":"<ul class=\"KsbFXc U6u95\" data-complete=\"true\" data-processed=\"true\">\n<li data-hveid=\"CAEIBBAA\" data-complete=\"true\" data-sae=\"\"><span class=\"T286Pc\" data-sfc-cp=\"\" data-complete=\"true\"><strong class=\"Yjhzub\" data-complete=\"true\">\u0421\u0438\u0441\u0442\u0435\u043c\u0430 \u0440\u0435\u0433\u0443\u043b\u0438\u0440\u043e\u0432\u043a\u0438:<\/strong>\u00a0<strong class=\"Yjhzub\" data-complete=\"true\">\u041f\u043b\u043e\u0441\u043a\u0430\u044f \u043a\u0443\u043b\u0438\u0441\u043a\u0430<\/strong>\u00a0(\u043f\u043b\u043e\u0441\u043a\u0438\u0439 \u0448\u043d\u0443\u0440\/\u0442\u0435\u0441\u044c\u043c\u0430) \u0434\u043b\u044f \u0440\u0435\u0433\u0443\u043b\u0438\u0440\u043e\u0432\u043a\u0438 \u043d\u0438\u0437\u0430 \u0438\u043b\u0438 \u043f\u043e\u044f\u0441\u0430 (\u0432 \u0437\u0430\u0432\u0438\u0441\u0438\u043c\u043e\u0441\u0442\u0438 \u043e\u0442 \u0438\u0441\u0445\u043e\u0434\u043d\u043e\u0433\u043e \u043a\u043e\u043d\u0442\u0435\u043a\u0441\u0442\u0430 \u0441\u0442\u0430\u0442\u044c\u0438).<\/span><\/li>\n<li data-hveid=\"CAEIBBAB\" data-complete=\"true\" data-sae=\"\"><span class=\"T286Pc\" data-sfc-cp=\"\" data-complete=\"true\"><strong class=\"Yjhzub\" data-complete=\"true\">\u041c\u0430\u0442\u0435\u0440\u0438\u0430\u043b:<\/strong>\u00a0100% \u041f\u043e\u043b\u0438\u044d\u0441\u0442\u0435\u0440 \u0442\u0440\u0438\u043a\u043e\u0442\u0430\u0436 (\u0442\u0440\u0438\u043a\u043e\u0442\u0430\u0436\u043d\u043e\u0435 \u043f\u043e\u043b\u043e\u0442\u043d\u043e).<\/span><\/li>\n<li data-hveid=\"CAEIBBAC\" data-complete=\"true\" data-sae=\"\"><span class=\"T286Pc\" data-sfc-cp=\"\" data-complete=\"true\"><strong class=\"Yjhzub\" data-complete=\"true\">\u041a\u0440\u043e\u0439:<\/strong> \u0423\u043d\u0438\u0441\u0435\u043a\u0441 \u2013 \u043f\u043e\u0434\u0445\u043e\u0434\u0438\u0442 \u0434\u043b\u044f \u043e\u0431\u043e\u0438\u0445 \u043f\u043e\u043b\u043e\u0432.<\/span><\/li>\n<\/ul>\n<div class=\"Fsg96\" data-sfc-cp=\"\" data-complete=\"true\" data-processed=\"true\"><\/div>\n<div data-xid=\"Gd7Hsc\" data-sfc-cp=\"\" data-complete=\"true\" data-processed=\"true\">\n<div class=\"DBd2Wb\" data-complete=\"true\" data-processed=\"true\">\n<div data-complete=\"true\" data-processed=\"true\"><\/div>\n<div class=\"zkL70c\" data-processed=\"true\">\n<div data-xid=\"YruvMc\" data-signal-inputs=\"ns9scf=CVSRhc_1a\/ns9scf\" data-complete=\"true\" data-processed=\"true\">\n<div class=\"OUQe0e\" data-processed=\"true\">\n<div id=\"shrproxy67\" class=\"bQ0Yzc\" data-ved=\"0CAAQp4QQahgKEwjA5I6UidGSAxUAAAAAHQAAAAAQ-gE\" data-hveid=\"0\" data-processed=\"true\"><\/div>\n<\/div>\n<\/div>\n<\/div>\n<\/div>\n<\/div>","protected":false},"featured_media":109722,"template":"","meta":[],"product_brand":[44],"product_cat":[730,913],"product_tag":[747],"class_list":{"0":"post-109672","1":"product","2":"type-product","3":"status-publish","4":"has-post-thumbnail","6":"product_brand-macron","7":"product_cat-club-shop","8":"product_cat-fc-rapid","9":"product_tag-numar","10":"pa_age_range-adulti","11":"pa_age_range-copii","12":"pa_brand-macron","13":"pa_color-alb","14":"pa_color-bordo","15":"pa_color-negru","16":"pa_fit-regular","17":"pa_gender-barbati","18":"pa_material-poliestere","19":"pa_size-3xl","20":"pa_size-3xs","21":"pa_size-4xl","22":"pa_size-4xs","23":"pa_size-5xl","24":"pa_size-l","25":"pa_size-m","26":"pa_size-s","27":"pa_size-xl","28":"pa_size-xs","29":"pa_size-xxl","30":"pa_size-xxs","32":"first","33":"instock","34":"shipping-taxable","35":"purchasable","36":"product-type-variable"},"_links":{"self":[{"href":"https:\/\/macron.md\/ru\/wp-json\/wp\/v2\/product\/109672","targetHints":{"allow":["GET"]}}],"collection":[{"href":"https:\/\/macron.md\/ru\/wp-json\/wp\/v2\/product"}],"about":[{"href":"https:\/\/macron.md\/ru\/wp-json\/wp\/v2\/types\/product"}],"wp:featuredmedia":[{"embeddable":true,"href":"https:\/\/macron.md\/ru\/wp-json\/wp\/v2\/media\/109722"}],"wp:attachment":[{"href":"https:\/\/macron.md\/ru\/wp-json\/wp\/v2\/media?parent=109672"}],"wp:term":[{"taxonomy":"product_brand","embeddable":true,"href":"https:\/\/macron.md\/ru\/wp-json\/wp\/v2\/product_brand?post=109672"},{"taxonomy":"product_cat","embeddable":true,"href":"https:\/\/macron.md\/ru\/wp-json\/wp\/v2\/product_cat?post=109672"},{"taxonomy":"product_tag","embeddable":true,"href":"https:\/\/macron.md\/ru\/wp-json\/wp\/v2\/product_tag?post=109672"}],"curies":[{"name":"wp","href":"https:\/\/api.w.org\/{rel}","templated":true}]}}