{"id":109405,"date":"2026-04-03T15:55:19","date_gmt":"2026-04-03T13:55:19","guid":{"rendered":"https:\/\/macron.md\/?post_type=product&#038;p=109405"},"modified":"2026-04-04T21:02:22","modified_gmt":"2026-04-04T19:02:22","slug":"pantaloni-de-prezentare-kids-codru","status":"publish","type":"product","link":"https:\/\/macron.md\/ru\/product\/pantaloni-de-prezentare-kids-codru\/","title":{"rendered":"\u0428\u0422\u0410\u041d\u042b \u0414\u041b\u042f \u041f\u0420\u0415\u0417\u0415\u041d\u0422\u0410\u0426\u0418\u0418 \u0414\u0415\u0422\u0421\u041a\u0418\u0415 \u041a\u041e\u0414\u0420\u0423"},"content":{"rendered":"<div class=\"Fsg96\" data-sfc-cp=\"\" data-complete=\"true\" data-processed=\"true\"><\/div>\n<hr class=\"j3tEEe\" data-serialized-params=\"[]\" data-complete=\"true\" data-processed=\"true\" data-sae=\"\" \/>\n<div role=\"heading\" aria-level=\"3\" data-animation-nesting=\"\" data-sfc-cp=\"\" data-complete=\"true\" data-processed=\"true\" data-sae=\"\">\n<div class=\"otQkpb\" role=\"heading\" aria-level=\"3\" data-animation-nesting=\"\" data-sfc-cp=\"\" data-sfc-cb=\"\" data-complete=\"true\" data-processed=\"true\" data-sae=\"\"><strong class=\"Yjhzub\" data-sfc-cb=\"\" data-complete=\"true\">\u0411\u0420\u042e\u041a\u0418 \u041f\u0420\u0415\u0417\u0415\u041d\u0422\u0410\u0426\u0418\u041e\u041d\u041d\u042b\u0415 \u0414\u0415\u0422\u0421\u041a\u0418\u0415 CODRU \u2013 Macron Jotnar<\/strong><\/div>\n<div class=\"Y3BBE\" data-sfc-cp=\"\" data-sfc-cb=\"\" data-hveid=\"CAEIBBAA\" data-complete=\"true\" data-processed=\"true\">\u0421\u043e\u0437\u0434\u0430\u043d\u043d\u044b\u0435, \u0447\u0442\u043e\u0431\u044b \u0432\u044b\u0434\u0435\u0440\u0436\u0438\u0432\u0430\u0442\u044c \u0441\u0430\u043c\u044b\u0435 \u0438\u043d\u0442\u0435\u043d\u0441\u0438\u0432\u043d\u044b\u0435 \u0442\u0440\u0435\u043d\u0438\u0440\u043e\u0432\u043e\u0447\u043d\u044b\u0435 \u0441\u0435\u0441\u0441\u0438\u0438, \u0431\u0440\u044e\u043a\u0438\u00a0<strong class=\"Yjhzub\" data-sfc-cb=\"\" data-complete=\"true\" data-processed=\"true\">Macron Jotnar<\/strong> \u043f\u0440\u0435\u0434\u0441\u0442\u0430\u0432\u043b\u044f\u044e\u0442 \u0441\u043e\u0431\u043e\u0439 \u0438\u0434\u0435\u0430\u043b\u044c\u043d\u044b\u0439 \u0431\u0430\u043b\u0430\u043d\u0441 \u043c\u0435\u0436\u0434\u0443 \u0434\u043e\u043b\u0433\u043e\u0432\u0435\u0447\u043d\u043e\u0441\u0442\u044c\u044e \u0438 \u0433\u0438\u0431\u043a\u043e\u0441\u0442\u044c\u044e. \u041d\u0430\u0434\u0435\u0432\u0430\u0435\u043c\u044b\u0435 \u044e\u043d\u044b\u043c\u0438 \u0442\u0430\u043b\u0430\u043d\u0442\u0430\u043c\u0438 <strong>KIDS CODRU<\/strong>, \u044d\u0442\u0438 \u0431\u0440\u044e\u043a\u0438 \u0440\u0430\u0437\u0440\u0430\u0431\u043e\u0442\u0430\u043d\u044b \u0434\u043b\u044f \u043e\u0431\u0435\u0441\u043f\u0435\u0447\u0435\u043d\u0438\u044f \u043f\u043e\u043b\u043d\u043e\u0439 \u0441\u0432\u043e\u0431\u043e\u0434\u044b \u0434\u0432\u0438\u0436\u0435\u043d\u0438\u0439 \u043d\u0435\u0437\u0430\u0432\u0438\u0441\u0438\u043c\u043e \u043e\u0442 \u0441\u043b\u043e\u0436\u043d\u043e\u0441\u0442\u0438 \u0443\u043f\u0440\u0430\u0436\u043d\u0435\u043d\u0438\u0439.<\/div>\n<\/div>\n<div role=\"heading\" aria-level=\"3\" data-animation-nesting=\"\" data-sfc-cp=\"\" data-complete=\"true\" data-processed=\"true\" data-sae=\"\"><\/div>\n<div class=\"otQkpb\" role=\"heading\" aria-level=\"3\" data-animation-nesting=\"\" data-sfc-cp=\"\" data-complete=\"true\" data-processed=\"true\" data-sae=\"\">\u26bd Detalii personalizare:<\/div>\n<ul class=\"KsbFXc U6u95\" data-complete=\"true\" data-processed=\"true\">\n<li class=\"dF3vjf\" data-hveid=\"CAEIBxAA\" data-complete=\"true\" data-sae=\"\"><span class=\"T286Pc\" data-sfc-cp=\"\" data-complete=\"true\">Include imprimarea <strong>numarului dorit.<\/strong><\/span><\/li>\n<\/ul>\n<div class=\"Fsg96\" data-sfc-cp=\"\" data-complete=\"true\" data-processed=\"true\"><\/div>\n<div class=\"otQkpb\" role=\"heading\" aria-level=\"3\" data-animation-nesting=\"\" data-sfc-cp=\"\" data-complete=\"true\" data-processed=\"true\" data-sae=\"\">\ud83d\udccf Ghid de m\u0103rimi \u0219i Recomand\u0103ri:<\/div>\n<ul class=\"KsbFXc U6u95\" data-complete=\"true\" data-processed=\"true\">\n<li class=\"dF3vjf\" data-hveid=\"CAEICRAA\" data-complete=\"true\" data-sae=\"\"><span class=\"T286Pc\" data-sfc-cp=\"\" data-complete=\"true\">Tabelul de m\u0103rimi afi\u0219at are un\u00a0<strong class=\"Yjhzub\" data-complete=\"true\">caracter orientativ<\/strong>.<\/span><\/li>\n<li class=\"dF3vjf\" data-hveid=\"CAEICRAB\" data-complete=\"true\" data-sae=\"\"><span class=\"T286Pc\" data-sfc-cp=\"\" data-complete=\"true\">Pentru a asigura o potrivire perfect\u0103, v\u0103\u00a0<strong class=\"Yjhzub\" data-complete=\"true\">\u043d\u0430\u0441\u0442\u043e\u044f\u0442\u0435\u043b\u044c\u043d\u043e \u0440\u0435\u043a\u043e\u043c\u0435\u043d\u0434\u0443\u0435\u043c \u043f\u0440\u0438\u043c\u0435\u0440\u0438\u0442\u044c \u0431\u0440\u044e\u043a\u0438 \u0432 \u043c\u0430\u0433\u0430\u0437\u0438\u043d\u0435<\/strong> \u00eenainte de a solicita personalizarea.<\/span><\/li>\n<\/ul>\n<div class=\"Fsg96\" data-sfc-cp=\"\" data-complete=\"true\" data-processed=\"true\"><\/div>\n<div class=\"otQkpb\" role=\"heading\" aria-level=\"3\" data-animation-nesting=\"\" data-sfc-cp=\"\" data-complete=\"true\" data-processed=\"true\" data-sae=\"\">\u26a0\ufe0f Politica de retur:<\/div>\n<ul class=\"KsbFXc U6u95\" data-complete=\"true\" data-processed=\"true\">\n<li class=\"dF3vjf\" data-hveid=\"CAEICxAA\" data-complete=\"true\" data-sae=\"\"><span class=\"T286Pc\" data-sfc-cp=\"\" data-complete=\"true\"><strong class=\"Yjhzub\" data-complete=\"true\">Aten\u021bie!<\/strong>\u00a0Produsele personalizate (cu nume \u0219i num\u0103r)\u00a0<strong class=\"Yjhzub\" data-complete=\"true\">nu pot fi returnate sau schimbate<\/strong>.<\/span><\/li>\n<li class=\"dF3vjf\" data-hveid=\"CAEICxAB\" data-complete=\"true\" data-sae=\"\"><span class=\"T286Pc\" data-sfc-cp=\"\" data-complete=\"true\">De asemenea, procesul de imprimare este final: odat\u0103 aplicate, datele (numele\/num\u0103rul)\u00a0<strong class=\"Yjhzub\" data-complete=\"true\">nu mai pot fi modificate<\/strong>.<\/span><\/li>\n<\/ul>\n<div class=\"Fsg96\" data-sfc-cp=\"\" data-complete=\"true\" data-processed=\"true\"><\/div>","protected":false},"excerpt":{"rendered":"<p><strong class=\"Yjhzub\" data-complete=\"true\">Tiv elastic la glezn\u0103, Band\u0103 elastic\u0103 \u00een talie cu \u0219nur plat, Logo brodat, Buzunare laterale.<\/strong><br data-serialized-params=\"[]\" data-complete=\"true\" \/><strong class=\"Yjhzub\" data-complete=\"true\" aria-owns=\"action-menu-parent-container\">Pantaloni Unisex Tricota\u021bi, 100% Poliester.<\/strong><\/p>","protected":false},"featured_media":109418,"template":"","meta":[],"product_brand":[44],"product_cat":[730,911],"product_tag":[747],"class_list":{"0":"post-109405","1":"product","2":"type-product","3":"status-publish","4":"has-post-thumbnail","6":"product_brand-macron","7":"product_cat-club-shop","8":"product_cat-csf-kids-codru","9":"product_tag-numar","10":"pa_brand-macron","11":"pa_color-negru","12":"pa_fit-regular","13":"pa_gender-barbati","14":"pa_material-polydry","15":"pa_size-3xl","16":"pa_size-3xs","17":"pa_size-4xl","18":"pa_size-4xs","19":"pa_size-5xl","20":"pa_size-l","21":"pa_size-m","22":"pa_size-s","23":"pa_size-xl","24":"pa_size-xs","25":"pa_size-xxl","26":"pa_size-xxs","28":"first","29":"instock","30":"shipping-taxable","31":"purchasable","32":"product-type-variable"},"_links":{"self":[{"href":"https:\/\/macron.md\/ru\/wp-json\/wp\/v2\/product\/109405","targetHints":{"allow":["GET"]}}],"collection":[{"href":"https:\/\/macron.md\/ru\/wp-json\/wp\/v2\/product"}],"about":[{"href":"https:\/\/macron.md\/ru\/wp-json\/wp\/v2\/types\/product"}],"wp:featuredmedia":[{"embeddable":true,"href":"https:\/\/macron.md\/ru\/wp-json\/wp\/v2\/media\/109418"}],"wp:attachment":[{"href":"https:\/\/macron.md\/ru\/wp-json\/wp\/v2\/media?parent=109405"}],"wp:term":[{"taxonomy":"product_brand","embeddable":true,"href":"https:\/\/macron.md\/ru\/wp-json\/wp\/v2\/product_brand?post=109405"},{"taxonomy":"product_cat","embeddable":true,"href":"https:\/\/macron.md\/ru\/wp-json\/wp\/v2\/product_cat?post=109405"},{"taxonomy":"product_tag","embeddable":true,"href":"https:\/\/macron.md\/ru\/wp-json\/wp\/v2\/product_tag?post=109405"}],"curies":[{"name":"wp","href":"https:\/\/api.w.org\/{rel}","templated":true}]}}