{"id":109345,"date":"2026-04-03T15:44:27","date_gmt":"2026-04-03T13:44:27","guid":{"rendered":"https:\/\/macron.md\/?post_type=product&#038;p=109345"},"modified":"2026-04-03T21:02:31","modified_gmt":"2026-04-03T19:02:31","slug":"caciula-kids-codru","status":"publish","type":"product","link":"https:\/\/macron.md\/ru\/product\/caciula-kids-codru\/","title":{"rendered":"\u0428\u0410\u041f\u041a\u0410 KIDS CODRU"},"content":{"rendered":"<div class=\"otQkpb\" role=\"heading\" aria-level=\"3\" data-animation-nesting=\"\" data-sfc-cp=\"\" data-complete=\"true\" data-processed=\"true\" data-sae=\"\"><strong class=\"Yjhzub\" data-complete=\"true\">\u0428\u0430\u043f\u043a\u0430 Macron Metel \u2013 \u041a\u043e\u043c\u0444\u043e\u0440\u0442 \u0438 \u0421\u0442\u0438\u043b\u044c \u0432 \u0417\u0438\u043c\u043d\u0435\u0435 \u0412\u0440\u0435\u043c\u044f<\/strong><\/div>\n<div class=\"Y3BBE\" data-sfc-cp=\"\" data-hveid=\"CAEIAxAA\" data-processed=\"true\" data-complete=\"true\">\u0414\u043e\u043f\u043e\u043b\u043d\u0438 \u0441\u0432\u043e\u0439 \u0442\u0440\u0435\u043d\u0438\u0440\u043e\u0432\u043e\u0447\u043d\u044b\u0439 \u043a\u043e\u043c\u043f\u043b\u0435\u043a\u0442 \u0438\u043b\u0438 \u043f\u043e\u0432\u0441\u0435\u0434\u043d\u0435\u0432\u043d\u044b\u0439 \u043e\u0431\u0440\u0430\u0437 \u0448\u0430\u043f\u043a\u043e\u0439\u00a0<strong class=\"Yjhzub\" data-complete=\"true\">Macron Metel<\/strong>. \u0421\u043e\u0437\u0434\u0430\u043d\u0430 \u0434\u043b\u044f \u043c\u0430\u043a\u0441\u0438\u043c\u0430\u043b\u044c\u043d\u043e\u0433\u043e \u0442\u0435\u043f\u043b\u0430 \u0438 \u0441\u043e\u0432\u0440\u0435\u043c\u0435\u043d\u043d\u043e\u0433\u043e \u0432\u0438\u0434\u0430, \u044d\u0442\u043e \u043d\u0435\u0437\u0430\u043c\u0435\u043d\u0438\u043c\u044b\u0439 \u0430\u043a\u0441\u0435\u0441\u0441\u0443\u0430\u0440 \u0434\u043b\u044f \u0445\u043e\u043b\u043e\u0434\u043d\u043e\u0433\u043e \u0441\u0435\u0437\u043e\u043d\u0430.<\/div>\n<ul class=\"KsbFXc U6u95\" data-complete=\"true\" data-processed=\"true\">\n<li data-hveid=\"CAEIBBAA\" data-complete=\"true\" data-sae=\"\"><span class=\"T286Pc\" data-sfc-cp=\"\" data-complete=\"true\"><strong class=\"Yjhzub\" data-complete=\"true\">\u041f\u0440\u0435\u0432\u043e\u0441\u0445\u043e\u0434\u043d\u0430\u044f \u0422\u0435\u043f\u043b\u043e\u0438\u0437\u043e\u043b\u044f\u0446\u0438\u044f:<\/strong>\u00a0\u0418\u0437\u0433\u043e\u0442\u043e\u0432\u043b\u0435\u043d\u0430 \u0438\u0437\u00a0<strong class=\"Yjhzub\" data-complete=\"true\">\u0434\u0432\u043e\u0439\u043d\u043e\u0435 \u0440\u0435\u0431\u0440\u0438\u0441\u0442\u043e\u0435 \u043f\u043e\u043b\u043e\u0442\u043d\u043e<\/strong>, \u043a\u043e\u0442\u043e\u0440\u043e\u0435 \u044d\u0444\u0444\u0435\u043a\u0442\u0438\u0432\u043d\u043e \u0441\u043e\u0445\u0440\u0430\u043d\u044f\u0435\u0442 \u0442\u0435\u043f\u043b\u043e \u0438 \u043e\u0431\u043b\u0430\u0434\u0430\u0435\u0442 \u043c\u044f\u0433\u043a\u043e\u0439 \u043d\u0430 \u043e\u0449\u0443\u043f\u044c \u0442\u0435\u043a\u0441\u0442\u0443\u0440\u043e\u0439.<\/span><\/li>\n<li data-hveid=\"CAEIBBAB\" data-complete=\"true\" data-sae=\"\"><span class=\"T286Pc\" data-sfc-cp=\"\" data-complete=\"true\"><strong class=\"Yjhzub\" data-complete=\"true\">\u041f\u0440\u043e\u0447\u043d\u044b\u0439 \u041c\u0430\u0442\u0435\u0440\u0438\u0430\u043b:<\/strong>\u00a0\u0421\u043e\u0441\u0442\u0430\u0432 \u0438\u0437\u00a0<strong class=\"Yjhzub\" data-complete=\"true\">100% \u0430\u043a\u0440\u0438\u043b<\/strong>\u00a0\u043e\u0431\u0435\u0441\u043f\u0435\u0447\u0438\u0432\u0430\u0435\u0442 \u0434\u043e\u043b\u0433\u043e\u0432\u0435\u0447\u043d\u043e\u0441\u0442\u044c, \u0441\u043e\u0445\u0440\u0430\u043d\u044f\u044f \u0444\u043e\u0440\u043c\u0443 \u0438 \u0446\u0432\u0435\u0442 \u0434\u0430\u0436\u0435 \u043f\u043e\u0441\u043b\u0435 \u043c\u043d\u043e\u0433\u043e\u043a\u0440\u0430\u0442\u043d\u043e\u0433\u043e \u0438\u0441\u043f\u043e\u043b\u044c\u0437\u043e\u0432\u0430\u043d\u0438\u044f.<\/span><\/li>\n<li data-hveid=\"CAEIBBAC\" data-complete=\"true\" data-sae=\"\"><span class=\"T286Pc\" data-sfc-cp=\"\" data-complete=\"true\"><strong class=\"Yjhzub\" data-complete=\"true\">\u041e\u0442\u043b\u0438\u0447\u0438\u0442\u0435\u043b\u044c\u043d\u044b\u0439 \u0414\u0438\u0437\u0430\u0439\u043d:<\/strong>\u00a0\u0414\u0435\u0442\u0430\u043b\u044c, \u043a\u043e\u0442\u043e\u0440\u0430\u044f \u0432\u044b\u0434\u0435\u043b\u044f\u0435\u0442 \u044d\u0442\u0443 \u043c\u043e\u0434\u0435\u043b\u044c \u2014\u00a0<strong class=\"Yjhzub\" data-complete=\"true\">\u043d\u043e\u0432\u044b\u0439 \u0432\u044b\u0448\u0438\u0442\u044b\u0439 \u043b\u043e\u0433\u043e\u0442\u0438\u043f Macron<\/strong>\u00a0\u0432 \u0446\u0435\u043d\u0442\u0440\u0435, \u043f\u0440\u0438\u0434\u0430\u044e\u0449\u0438\u0439 \u043f\u0440\u0435\u043c\u0438\u0430\u043b\u044c\u043d\u044b\u0439 \u0438 \u0430\u0443\u0442\u0435\u043d\u0442\u0438\u0447\u043d\u044b\u0439 \u0432\u0438\u0434.<\/span><\/li>\n<li data-hveid=\"CAEIBBAD\" data-complete=\"true\" data-sae=\"\"><span class=\"T286Pc\" data-sfc-cp=\"\" data-complete=\"true\"><strong class=\"Yjhzub\" data-complete=\"true\">\u041f\u043e\u0432\u044b\u0448\u0435\u043d\u043d\u044b\u0439 \u041a\u043e\u043c\u0444\u043e\u0440\u0442:<\/strong> \u042d\u043b\u0430\u0441\u0442\u0438\u0447\u043d\u043e\u0441\u0442\u044c \u043c\u0430\u0442\u0435\u0440\u0438\u0430\u043b\u0430 \u043e\u0431\u0435\u0441\u043f\u0435\u0447\u0438\u0432\u0430\u0435\u0442 \u0438\u0434\u0435\u0430\u043b\u044c\u043d\u0443\u044e \u043f\u043e\u0441\u0430\u0434\u043a\u0443 \u043d\u0430 \u0433\u043e\u043b\u043e\u0432\u0435 \u0431\u0435\u0437 \u0434\u0430\u0432\u043b\u0435\u043d\u0438\u044f, \u043f\u043e\u0434\u0445\u043e\u0434\u044f \u0434\u043b\u044f \u043b\u044e\u0431\u043e\u0433\u043e \u0440\u0430\u0437\u043c\u0435\u0440\u0430 (One Size).<\/span><\/li>\n<\/ul>\n<div class=\"Fsg96\" data-sfc-cp=\"\" data-complete=\"true\" data-processed=\"true\"><\/div>\n<hr class=\"j3tEEe\" data-serialized-params=\"[]\" data-complete=\"true\" data-processed=\"true\" data-sae=\"\" \/>\n<div class=\"Fsg96\" data-sfc-cp=\"\" data-complete=\"true\" data-processed=\"true\"><\/div>","protected":false},"excerpt":{"rendered":"<ul class=\"KsbFXc U6u95\" data-complete=\"true\" data-processed=\"true\">\n<li data-hveid=\"CAEIBRAA\" data-complete=\"true\" data-sae=\"\"><span class=\"T286Pc\" data-sfc-cp=\"\" data-complete=\"true\"><strong class=\"Yjhzub\" data-complete=\"true\">Reten\u021bie Termic\u0103:<\/strong>\u00a0Fibrele de acril imit\u0103 propriet\u0103\u021bile l\u00e2nii, men\u021bin\u00e2nd c\u0103ldura f\u0103r\u0103 a \u00een\u021bepa sau a provoca irita\u021bii.<\/span><\/li>\n<li data-hveid=\"CAEIBRAB\" data-complete=\"true\" data-sae=\"\"><span class=\"T286Pc\" data-sfc-cp=\"\" data-complete=\"true\"><strong class=\"Yjhzub\" data-complete=\"true\">Rezisten\u021b\u0103 Sporit\u0103:<\/strong>\u00a0Materialul este extrem de durabil, nu se \u0219ifoneaz\u0103 \u0219i \u00ee\u0219i p\u0103streaz\u0103 forma original\u0103 chiar \u0219i dup\u0103 sp\u0103l\u0103ri frecvente.<\/span><\/li>\n<li data-hveid=\"CAEIBRAC\" data-complete=\"true\" data-sae=\"\"><span class=\"T286Pc\" data-sfc-cp=\"\" data-complete=\"true\"><strong class=\"Yjhzub\" data-complete=\"true\">\u00centre\u021binere U\u0219oar\u0103:<\/strong>\u00a0Se usuc\u0103 rapid \u0219i este rezistent la pete \u0219i la ac\u021biunea luminii solare (nu decoloreaz\u0103 u\u0219or).<\/span><\/li>\n<li data-hveid=\"CAEIBRAD\" data-complete=\"true\" data-sae=\"\"><span class=\"T286Pc\" data-sfc-cp=\"\" data-complete=\"true\"><strong class=\"Yjhzub\" data-complete=\"true\">Hipoalergenic:<\/strong> Spre deosebire de l\u00e2n\u0103, acrilul este o op\u021biune excelent\u0103 pentru persoanele cu piele sensibil\u0103.<\/span><\/li>\n<\/ul>\n<div class=\"Fsg96\" data-sfc-cp=\"\" data-complete=\"true\" data-processed=\"true\"><\/div>\n<hr class=\"j3tEEe\" data-serialized-params=\"[]\" data-complete=\"true\" data-processed=\"true\" data-sae=\"\" \/>\n<div class=\"Fsg96\" data-sfc-cp=\"\" data-complete=\"true\" data-processed=\"true\"><\/div>","protected":false},"featured_media":76128,"template":"","meta":[],"product_brand":[44],"product_cat":[730,911],"product_tag":[],"class_list":{"0":"post-109345","1":"product","2":"type-product","3":"status-publish","4":"has-post-thumbnail","6":"product_brand-macron","7":"product_cat-club-shop","8":"product_cat-csf-kids-codru","9":"pa_brand-macron","10":"pa_color-negru","11":"pa_gender-unisex","12":"pa_size-jr","13":"pa_size-sr","15":"first","16":"instock","17":"shipping-taxable","18":"purchasable","19":"product-type-variable"},"_links":{"self":[{"href":"https:\/\/macron.md\/ru\/wp-json\/wp\/v2\/product\/109345","targetHints":{"allow":["GET"]}}],"collection":[{"href":"https:\/\/macron.md\/ru\/wp-json\/wp\/v2\/product"}],"about":[{"href":"https:\/\/macron.md\/ru\/wp-json\/wp\/v2\/types\/product"}],"wp:featuredmedia":[{"embeddable":true,"href":"https:\/\/macron.md\/ru\/wp-json\/wp\/v2\/media\/76128"}],"wp:attachment":[{"href":"https:\/\/macron.md\/ru\/wp-json\/wp\/v2\/media?parent=109345"}],"wp:term":[{"taxonomy":"product_brand","embeddable":true,"href":"https:\/\/macron.md\/ru\/wp-json\/wp\/v2\/product_brand?post=109345"},{"taxonomy":"product_cat","embeddable":true,"href":"https:\/\/macron.md\/ru\/wp-json\/wp\/v2\/product_cat?post=109345"},{"taxonomy":"product_tag","embeddable":true,"href":"https:\/\/macron.md\/ru\/wp-json\/wp\/v2\/product_tag?post=109345"}],"curies":[{"name":"wp","href":"https:\/\/api.w.org\/{rel}","templated":true}]}}