{"id":109339,"date":"2026-04-03T15:42:36","date_gmt":"2026-04-03T13:42:36","guid":{"rendered":"https:\/\/macron.md\/?post_type=product&#038;p=109339"},"modified":"2026-04-03T21:02:30","modified_gmt":"2026-04-03T19:02:30","slug":"evo-rucsac-kids-codru","status":"publish","type":"product","link":"https:\/\/macron.md\/ru\/product\/evo-rucsac-kids-codru\/","title":{"rendered":"\u042d\u0412\u041e \u0414\u0415\u0422\u0421\u041a\u0418\u0419 \u0420\u042e\u041a\u0417\u0410\u041a \u041a\u041e\u0414\u0420\u0423"},"content":{"rendered":"<div class=\"otQkpb\" role=\"heading\" aria-level=\"3\" data-animation-nesting=\"\" data-sfc-cp=\"\" data-complete=\"true\" data-processed=\"true\" data-sae=\"\"><strong class=\"Yjhzub\" data-complete=\"true\">\u041f\u043e\u043b\u0443\u0436\u0435\u0441\u0442\u043a\u0438\u0439 \u0440\u044e\u043a\u0437\u0430\u043a Macron Academy Evo \u2013 \u041f\u043e\u043b\u0438\u044d\u0441\u0442\u0435\u0440, 25 \u043b\u0438\u0442\u0440\u043e\u0432<\/strong><\/div>\n<div class=\"Y3BBE\" data-sfc-cp=\"\" data-hveid=\"CAEIBBAA\" data-complete=\"true\" data-processed=\"true\">\u0420\u044e\u043a\u0437\u0430\u043a\u00a0<strong class=\"Yjhzub\" data-complete=\"true\">Academy Evo<\/strong> \u044f\u0432\u043b\u044f\u0435\u0442\u0441\u044f \u0438\u0434\u0435\u0430\u043b\u044c\u043d\u044b\u043c \u0440\u0435\u0448\u0435\u043d\u0438\u0435\u043c \u0434\u043b\u044f \u0441\u043f\u043e\u0440\u0442\u0441\u043c\u0435\u043d\u043e\u0432 \u0438 \u0441\u0442\u0443\u0434\u0435\u043d\u0442\u043e\u0432, \u043a\u043e\u0442\u043e\u0440\u044b\u0435 \u0438\u0449\u0443\u0442 \u043f\u0440\u043e\u0447\u043d\u044b\u0439, \u0445\u043e\u0440\u043e\u0448\u043e \u043e\u0440\u0433\u0430\u043d\u0438\u0437\u043e\u0432\u0430\u043d\u043d\u044b\u0439 \u0430\u043a\u0441\u0435\u0441\u0441\u0443\u0430\u0440, \u0441\u043f\u043e\u0441\u043e\u0431\u043d\u044b\u0439 \u043d\u0430\u0434\u0435\u0436\u043d\u043e \u0437\u0430\u0449\u0438\u0442\u0438\u0442\u044c \u0441\u043e\u0434\u0435\u0440\u0436\u0438\u043c\u043e\u0435 \u0431\u043b\u0430\u0433\u043e\u0434\u0430\u0440\u044f \u0441\u0432\u043e\u0435\u0439 \u0438\u043d\u043d\u043e\u0432\u0430\u0446\u0438\u043e\u043d\u043d\u043e\u0439 \u043a\u043e\u043d\u0441\u0442\u0440\u0443\u043a\u0446\u0438\u0438.<\/div>\n<div class=\"Y3BBE\" data-sfc-cp=\"\" data-hveid=\"CAEIBRAA\" data-processed=\"true\" data-complete=\"true\"><strong class=\"Yjhzub\" data-complete=\"true\">\u041f\u043e\u0447\u0435\u043c\u0443 \u0441\u0442\u043e\u0438\u0442 \u0432\u044b\u0431\u0440\u0430\u0442\u044c \u0440\u044e\u043a\u0437\u0430\u043a Academy Evo?<\/strong><\/div>\n<ul class=\"KsbFXc U6u95\" data-complete=\"true\" data-processed=\"true\">\n<li data-hveid=\"CAEIBhAA\" data-complete=\"true\" data-sae=\"\"><span class=\"T286Pc\" data-sfc-cp=\"\" data-complete=\"true\"><strong class=\"Yjhzub\" data-complete=\"true\">\u041f\u043e\u043b\u0443\u0436\u0435\u0441\u0442\u043a\u0430\u044f \u043a\u043e\u043d\u0441\u0442\u0440\u0443\u043a\u0446\u0438\u044f:<\/strong>\u00a0\u0423\u043d\u0438\u043a\u0430\u043b\u044c\u043d\u044b\u0439 \u0434\u0438\u0437\u0430\u0439\u043d \u043e\u0431\u0435\u0441\u043f\u0435\u0447\u0438\u0432\u0430\u0435\u0442 \u043f\u043e\u0432\u044b\u0448\u0435\u043d\u043d\u0443\u044e \u0437\u0430\u0449\u0438\u0442\u0443 \u043f\u0440\u0435\u0434\u043c\u0435\u0442\u043e\u0432 \u0432\u043d\u0443\u0442\u0440\u0438, \u0441\u043e\u0445\u0440\u0430\u043d\u044f\u0435\u0442 \u0444\u043e\u0440\u043c\u0443 \u0440\u044e\u043a\u0437\u0430\u043a\u0430 \u0438 \u0433\u0430\u0440\u0430\u043d\u0442\u0438\u0440\u0443\u0435\u0442 \u0434\u043e\u043b\u0433\u043e\u0432\u0435\u0447\u043d\u043e\u0441\u0442\u044c.<\/span><\/li>\n<li data-hveid=\"CAEIBhAB\" data-complete=\"true\" data-sae=\"\"><span class=\"T286Pc\" data-sfc-cp=\"\" data-complete=\"true\"><strong class=\"Yjhzub\" data-complete=\"true\">\u041f\u0440\u043e\u0447\u043d\u044b\u0439 \u041c\u0430\u0442\u0435\u0440\u0438\u0430\u043b:<\/strong>\u00a0Confec\u021bionat din\u00a0<strong class=\"Yjhzub\" data-complete=\"true\">poliester<\/strong>\u00a0\u0432\u044b\u0441\u043e\u043a\u043e\u043a\u0430\u0447\u0435\u0441\u0442\u0432\u0435\u043d\u043d\u044b\u0439, \u0438\u0437\u043d\u043e\u0441\u043e\u0441\u0442\u043e\u0439\u043a\u0438\u0439 \u0438 \u043f\u0440\u043e\u0441\u0442\u043e\u0439 \u0432 \u0443\u0445\u043e\u0434\u0435 \u043c\u0430\u0442\u0435\u0440\u0438\u0430\u043b.<\/span><\/li>\n<li data-hveid=\"CAEIBhAC\" data-complete=\"true\" data-sae=\"\"><span class=\"T286Pc\" data-sfc-cp=\"\" data-complete=\"true\"><strong class=\"Yjhzub\" data-complete=\"true\">\u0429\u0435\u0434\u0440\u0430\u044f \u0432\u043c\u0435\u0441\u0442\u0438\u043c\u043e\u0441\u0442\u044c:<\/strong>\u00a0\u041e\u0431\u0449\u0438\u0439 \u043e\u0431\u044a\u0435\u043c\u00a0<strong class=\"Yjhzub\" data-complete=\"true\">25 \u043b\u0438\u0442\u0440\u043e\u0432<\/strong>\u00a0\u043e\u043f\u0442\u0438\u043c\u0430\u043b\u0435\u043d \u0434\u043b\u044f \u043f\u0435\u0440\u0435\u043d\u043e\u0441\u043a\u0438 \u0441\u043f\u043e\u0440\u0442\u0438\u0432\u043d\u043e\u0433\u043e \u0441\u043d\u0430\u0440\u044f\u0436\u0435\u043d\u0438\u044f, \u043a\u043d\u0438\u0433 \u0438\u043b\u0438 \u0434\u0440\u0443\u0433\u0438\u0445 \u043d\u0435\u043e\u0431\u0445\u043e\u0434\u0438\u043c\u044b\u0445 \u0432\u0435\u0449\u0435\u0439.<\/span><\/li>\n<li data-hveid=\"CAEIBhAD\" data-complete=\"true\" data-sae=\"\"><span class=\"T286Pc\" data-sfc-cp=\"\" data-complete=\"true\"><strong class=\"Yjhzub\" data-complete=\"true\">\u0421\u043f\u0435\u0446\u0438\u0430\u043b\u044c\u043d\u043e\u0435 \u043e\u0442\u0434\u0435\u043b\u0435\u043d\u0438\u0435 \u0434\u043b\u044f \u043e\u0431\u0443\u0432\u0438:<\/strong>\u00a0\u041e\u0441\u043d\u043e\u0432\u0430\u043d\u0438\u0435 \u0440\u044e\u043a\u0437\u0430\u043a\u0430 \u0438\u043c\u0435\u0435\u0442 \u0432\u044b\u0441\u043e\u0442\u0443\u00a0<strong class=\"Yjhzub\" data-complete=\"true\">8 cm<\/strong>, ,.<\/span><\/li>\n<li data-hveid=\"CAEIBhAE\" data-complete=\"true\" data-sae=\"\"><span class=\"T286Pc\" data-sfc-cp=\"\" data-complete=\"true\"><strong class=\"Yjhzub\" data-complete=\"true\">\u0447\u0442\u043e \u0434\u0435\u043b\u0430\u0435\u0442 \u0435\u0433\u043e \u0438\u0434\u0435\u0430\u043b\u044c\u043d\u043e\u0439 \u0432\u044b\u0434\u0435\u043b\u0435\u043d\u043d\u043e\u0439 \u0437\u043e\u043d\u043e\u0439 \u0434\u043b\u044f \u043e\u0431\u0443\u0432\u0438 \u0438\u043b\u0438 \u0432\u043b\u0430\u0436\u043d\u043e\u0439 \u043e\u0434\u0435\u0436\u0434\u044b.<\/strong>\u00a0\u041a\u043e\u043c\u043f\u0430\u043a\u0442\u043d\u044b\u0435 \u0440\u0430\u0437\u043c\u0435\u0440\u044b:\u00a0<strong class=\"Yjhzub\" data-complete=\"true\">\u041f\u0440\u0438 \u0440\u0430\u0437\u043c\u0435\u0440\u0430\u0445<\/strong>, 28x42x22 \u0441\u043c.<\/span><\/li>\n<li data-hveid=\"CAEIBhAF\" data-complete=\"true\" data-sae=\"\"><span class=\"T286Pc\" data-sfc-cp=\"\" data-complete=\"true\"><strong class=\"Yjhzub\" data-complete=\"true\">\u0440\u044e\u043a\u0437\u0430\u043a \u044d\u0440\u0433\u043e\u043d\u043e\u043c\u0438\u0447\u0435\u043d \u0438 \u0443\u0434\u043e\u0431\u0435\u043d \u0432 \u043e\u0431\u0440\u0430\u0449\u0435\u043d\u0438\u0438, \u0432 \u0442\u043e\u043c \u0447\u0438\u0441\u043b\u0435 \u0432 \u043a\u0430\u0447\u0435\u0441\u0442\u0432\u0435 \u0440\u0443\u0447\u043d\u043e\u0439 \u043a\u043b\u0430\u0434\u0438.<\/strong> \u0420\u0430\u0437\u043d\u043e\u043e\u0431\u0440\u0430\u0437\u0438\u0435 \u0446\u0432\u0435\u0442\u043e\u0432:.<\/span><\/li>\n<\/ul>\n<div class=\"Y3BBE\" data-sfc-cp=\"\" data-hveid=\"CAEIBxAA\" data-complete=\"true\" data-processed=\"true\">\n<div class=\"Fsg96\" data-sfc-cp=\"\" data-complete=\"true\" data-processed=\"true\"><\/div>\n<div class=\"otQkpb\" role=\"heading\" aria-level=\"3\" data-animation-nesting=\"\" data-sfc-cp=\"\" data-complete=\"true\" data-processed=\"true\" data-sae=\"\">\u26bd Detalii personalizare:<\/div>\n<ul class=\"KsbFXc U6u95\" data-complete=\"true\" data-processed=\"true\">\n<li class=\"dF3vjf\" data-hveid=\"CAEIBxAA\" data-complete=\"true\" data-sae=\"\"><span class=\"T286Pc\" data-sfc-cp=\"\" data-complete=\"true\">Include imprimarea <strong>\u0436\u0435\u043b\u0430\u0435\u043c\u043e\u0433\u043e \u043d\u043e\u043c\u0435\u0440\u0430.<\/strong><\/span><\/li>\n<li class=\"dF3vjf\" data-hveid=\"CAEIBxAB\" data-complete=\"true\" data-sae=\"\"><span class=\"T286Pc\" data-sfc-cp=\"\" data-complete=\"true\"><strong class=\"Yjhzub\" data-complete=\"true\">Important:<\/strong>\u00a0V\u0103 rug\u0103m s\u0103\u00a0<strong class=\"Yjhzub\" data-complete=\"true\">verifica\u021bi disponibilitatea numerelor de joc la antrenorul echipei<\/strong> \u00eenainte de a plasa comanda pentru a evita dublarea acestora.<\/span><\/li>\n<\/ul>\n<div class=\"Fsg96\" data-sfc-cp=\"\" data-complete=\"true\" data-processed=\"true\"><\/div>\n<div class=\"otQkpb\" role=\"heading\" aria-level=\"3\" data-animation-nesting=\"\" data-sfc-cp=\"\" data-complete=\"true\" data-processed=\"true\" data-sae=\"\">\ud83d\udccf Ghid de m\u0103rimi \u0219i Recomand\u0103ri:<\/div>\n<ul class=\"KsbFXc U6u95\" data-complete=\"true\" data-processed=\"true\">\n<li class=\"dF3vjf\" data-hveid=\"CAEICRAA\" data-complete=\"true\" data-sae=\"\"><span class=\"T286Pc\" data-sfc-cp=\"\" data-complete=\"true\">Tabelul de m\u0103rimi afi\u0219at are un\u00a0<strong class=\"Yjhzub\" data-complete=\"true\">caracter orientativ<\/strong>.<\/span><\/li>\n<li class=\"dF3vjf\" data-hveid=\"CAEICRAB\" data-complete=\"true\" data-sae=\"\"><span class=\"T286Pc\" data-sfc-cp=\"\" data-complete=\"true\">Pentru a asigura o potrivire perfect\u0103, v\u0103\u00a0<strong class=\"Yjhzub\" data-complete=\"true\">\u0414\u043e\u0441\u0442\u0443\u043f\u0435\u043d \u0432 \u043d\u0435\u0441\u043a\u043e\u043b\u044c\u043a\u0438\u0445 \u0446\u0432\u0435\u0442\u043e\u0432\u044b\u0445 \u0432\u0430\u0440\u0438\u0430\u043d\u0442\u0430\u0445, \u0447\u0442\u043e\u0431\u044b \u0441\u043e\u043e\u0442\u0432\u0435\u0442\u0441\u0442\u0432\u043e\u0432\u0430\u0442\u044c \u0438\u043d\u0434\u0438\u0432\u0438\u0434\u0443\u0430\u043b\u044c\u043d\u044b\u043c \u043f\u0440\u0435\u0434\u043f\u043e\u0447\u0442\u0435\u043d\u0438\u044f\u043c.<\/strong> \u00eenainte de a solicita personalizarea.<\/span><\/li>\n<\/ul>\n<div class=\"Fsg96\" data-sfc-cp=\"\" data-complete=\"true\" data-processed=\"true\"><\/div>\n<div class=\"otQkpb\" role=\"heading\" aria-level=\"3\" data-animation-nesting=\"\" data-sfc-cp=\"\" data-complete=\"true\" data-processed=\"true\" data-sae=\"\">\u26a0\ufe0f Politica de retur:<\/div>\n<ul class=\"KsbFXc U6u95\" data-complete=\"true\" data-processed=\"true\">\n<li class=\"dF3vjf\" data-hveid=\"CAEICxAA\" data-complete=\"true\" data-sae=\"\"><span class=\"T286Pc\" data-sfc-cp=\"\" data-complete=\"true\"><strong class=\"Yjhzub\" data-complete=\"true\">Aten\u021bie!<\/strong>\u00a0Produsele personalizate (cu nume \u0219i num\u0103r)\u00a0<strong class=\"Yjhzub\" data-complete=\"true\">nu pot fi returnate sau schimbate<\/strong>.<\/span><\/li>\n<li class=\"dF3vjf\" data-hveid=\"CAEICxAB\" data-complete=\"true\" data-sae=\"\"><span class=\"T286Pc\" data-sfc-cp=\"\" data-complete=\"true\">De asemenea, procesul de imprimare este final: odat\u0103 aplicate, datele (numele\/num\u0103rul)\u00a0<strong class=\"Yjhzub\" data-complete=\"true\">nu mai pot fi modificate<\/strong>.<\/span><\/li>\n<\/ul>\n<\/div>\n<div class=\"Fsg96\" data-sfc-cp=\"\" data-complete=\"true\" data-processed=\"true\"><\/div>\n<hr class=\"j3tEEe\" data-serialized-params=\"[]\" data-complete=\"true\" data-processed=\"true\" data-sae=\"\" \/>","protected":false},"excerpt":{"rendered":"<div class=\"otQkpb\" role=\"heading\" aria-level=\"3\" data-animation-nesting=\"\" data-sfc-cp=\"\" data-complete=\"true\" data-processed=\"true\" data-sae=\"\"><strong class=\"Yjhzub\" data-complete=\"true\">Rucsac Macron \u2013 Material Poliester 600D, \u021aes\u0103tur\u0103 Rezistent\u0103<\/strong><span class=\"uJ19be notranslate\" data-wiz-uids=\"esccod_k,esccod_l\" data-complete=\"true\"><span class=\"vKEkVd\" data-animation-atomic=\"\" data-wiz-attrbind=\"class=esccod_j\/TKHnVd\" data-sae=\"\"><span aria-hidden=\"true\">\u00a0<\/span><\/span><\/span><\/div>\n<div class=\"Y3BBE\" data-sfc-cp=\"\" data-hveid=\"CAEIBBAA\" data-complete=\"true\" data-processed=\"true\">Un rucsac robust, conceput ca accesoriu sportiv esen\u021bial, care ofer\u0103 durabilitate \u0219i func\u021bionalitate pentru utilizarea zilnic\u0103 sau pentru antrenamente.<span class=\"uJ19be notranslate\" data-wiz-uids=\"esccod_o,esccod_p\" data-complete=\"true\"><span class=\"vKEkVd\" data-animation-atomic=\"\" data-wiz-attrbind=\"class=esccod_n\/TKHnVd\" data-sae=\"\"><span aria-hidden=\"true\">\u00a0<\/span><\/span><\/span><\/div>\n<div class=\"Y3BBE\" data-sfc-cp=\"\" data-hveid=\"CAEIBRAA\" data-complete=\"true\" data-processed=\"true\">\n<div class=\"Y3BBE\" data-sfc-cp=\"\" data-hveid=\"CAEIBxAA\" data-complete=\"true\" data-processed=\"true\"><strong class=\"Yjhzub\" data-complete=\"true\">Specifica\u021bii Tehnice:<\/strong><\/div>\n<ul class=\"KsbFXc U6u95\" data-complete=\"true\" data-processed=\"true\">\n<li data-hveid=\"CAEICBAA\" data-complete=\"true\" data-sae=\"\"><span class=\"T286Pc\" data-sfc-cp=\"\" data-complete=\"true\"><strong class=\"Yjhzub\" data-complete=\"true\">Volum:<\/strong>\u00a025 Litri<\/span><\/li>\n<li data-hveid=\"CAEICBAB\" data-complete=\"true\" data-sae=\"\"><span class=\"T286Pc\" data-sfc-cp=\"\" data-complete=\"true\"><strong class=\"Yjhzub\" data-complete=\"true\">Dimensiuni Totale:<\/strong>\u00a028 x 42 x 22 cm<\/span><\/li>\n<li data-hveid=\"CAEICBAC\" data-complete=\"true\" data-sae=\"\"><span class=\"T286Pc\" data-sfc-cp=\"\" data-complete=\"true\"><strong class=\"Yjhzub\" data-complete=\"true\">\u00cen\u0103l\u021bime Compartiment Inferior:<\/strong>\u00a08 cm<\/span><\/li>\n<li data-hveid=\"CAEICBAD\" data-complete=\"true\" data-sae=\"\"><span class=\"T286Pc\" data-sfc-cp=\"\" data-complete=\"true\"><strong class=\"Yjhzub\" data-complete=\"true\">\u041c\u0430\u0442\u0435\u0440\u0438\u0430\u043b:<\/strong>\u00a0Poliester (de obicei 600D, pentru durabilitate)<\/span><\/li>\n<li data-hveid=\"CAEICBAE\" data-complete=\"true\" data-sae=\"\"><span class=\"T286Pc\" data-sfc-cp=\"\" data-complete=\"true\"><strong class=\"Yjhzub\" data-complete=\"true\">Structur\u0103:<\/strong>\u00a0Semirigid\u0103<\/span><span class=\"T286Pc\" data-sfc-cp=\"\" data-complete=\"true\"><strong class=\"Yjhzub\" data-complete=\"true\">Brand:<\/strong> Macron<\/span><\/li>\n<\/ul>\n<\/div>","protected":false},"featured_media":109341,"template":"","meta":[],"product_brand":[44],"product_cat":[911],"product_tag":[],"class_list":{"0":"post-109339","1":"product","2":"type-product","3":"status-publish","4":"has-post-thumbnail","6":"product_brand-macron","7":"product_cat-csf-kids-codru","8":"pa_age_range-adulti","9":"pa_brand-macron","10":"pa_color-negru","11":"pa_fit-regular","12":"pa_gender-unisex","13":"pa_material-poliestere","14":"pa_size-tu","16":"first","17":"instock","18":"shipping-taxable","19":"purchasable","20":"product-type-variable"},"_links":{"self":[{"href":"https:\/\/macron.md\/ru\/wp-json\/wp\/v2\/product\/109339","targetHints":{"allow":["GET"]}}],"collection":[{"href":"https:\/\/macron.md\/ru\/wp-json\/wp\/v2\/product"}],"about":[{"href":"https:\/\/macron.md\/ru\/wp-json\/wp\/v2\/types\/product"}],"wp:featuredmedia":[{"embeddable":true,"href":"https:\/\/macron.md\/ru\/wp-json\/wp\/v2\/media\/109341"}],"wp:attachment":[{"href":"https:\/\/macron.md\/ru\/wp-json\/wp\/v2\/media?parent=109339"}],"wp:term":[{"taxonomy":"product_brand","embeddable":true,"href":"https:\/\/macron.md\/ru\/wp-json\/wp\/v2\/product_brand?post=109339"},{"taxonomy":"product_cat","embeddable":true,"href":"https:\/\/macron.md\/ru\/wp-json\/wp\/v2\/product_cat?post=109339"},{"taxonomy":"product_tag","embeddable":true,"href":"https:\/\/macron.md\/ru\/wp-json\/wp\/v2\/product_tag?post=109339"}],"curies":[{"name":"wp","href":"https:\/\/api.w.org\/{rel}","templated":true}]}}