{"id":70734,"date":"2026-02-06T10:48:56","date_gmt":"2026-02-06T08:48:56","guid":{"rendered":"https:\/\/macron.md\/?page_id=70734"},"modified":"2026-02-06T11:50:32","modified_gmt":"2026-02-06T09:50:32","slug":"ghid_de_marimi","status":"publish","type":"page","link":"https:\/\/macron.md\/ru\/ghid_de_marimi\/","title":{"rendered":"\u0413\u0438\u0434 \u043f\u043e \u0440\u0430\u0437\u043c\u0435\u0440\u0430\u043c"},"content":{"rendered":"<div data-elementor-type=\"wp-page\" data-elementor-id=\"70734\" class=\"elementor elementor-70734\" wpc-filter-elementor-widget=\"1\">\n\t\t\t\t<div class=\"elementor-element elementor-element-913be36 e-flex e-con-boxed e-con e-parent\" data-id=\"913be36\" data-element_type=\"container\" data-e-type=\"container\">\r\n\t\t\t\t\t<div class=\"e-con-inner\">\r\n\t\t\t\t<div class=\"elementor-element elementor-element-155119c elementor-widget elementor-widget-heading\" data-id=\"155119c\" data-element_type=\"widget\" data-e-type=\"widget\" data-widget_type=\"heading.default\">\n\t\t\t\t\t<h1 class=\"elementor-heading-title elementor-size-default\"><br>\u0413\u0438\u0434 \u043f\u043e \u0440\u0430\u0437\u043c\u0435\u0440\u0430\u043c<\/p>\n\n<\/h1>\t\t\t\t<\/div>\n\t\t\t\t\t<\/div>\n\t\t\t\t<\/div>\n\t\t<div class=\"elementor-element elementor-element-2ddb446 e-flex e-con-boxed e-con e-parent\" data-id=\"2ddb446\" data-element_type=\"container\" data-e-type=\"container\">\r\n\t\t\t\t\t<div class=\"e-con-inner\">\r\n\t\t\t\t<div class=\"elementor-element elementor-element-4375759 elementor-widget elementor-widget-spacer\" data-id=\"4375759\" data-element_type=\"widget\" data-e-type=\"widget\" data-widget_type=\"spacer.default\">\n\t\t\t\t\t\t\t<div class=\"elementor-spacer\">\n\t\t\t<div class=\"elementor-spacer-inner\"><\/div>\n\t\t<\/div>\n\t\t\t\t\t\t<\/div>\n\t\t\t\t<div class=\"elementor-element elementor-element-f18f5ed elementor-widget elementor-widget-text-editor\" data-id=\"f18f5ed\" data-element_type=\"widget\" data-e-type=\"widget\" data-widget_type=\"text-editor.default\">\n\t\t\t\t\t\t\t\t\t<h4>\u041e\u0431\u0440\u0430\u0442\u0438\u0442\u0435 \u0432\u043d\u0438\u043c\u0430\u043d\u0438\u0435, \u0447\u0442\u043e \u044d\u0442\u043e \u043f\u0440\u0438\u0431\u043b\u0438\u0437\u0438\u0442\u0435\u043b\u044c\u043d\u044b\u0435 \u0440\u0430\u0437\u043c\u0435\u0440\u044b. \u042d\u0442\u0438 \u0438\u0437\u043c\u0435\u0440\u0435\u043d\u0438\u044f \u043e\u0442\u043d\u043e\u0441\u044f\u0442\u0441\u044f \u043a \u0440\u0430\u0437\u043c\u0435\u0440\u0430\u043c \u0442\u0435\u043b\u0430, \u0430 \u043d\u0435 \u043a \u0440\u0430\u0437\u043c\u0435\u0440\u0430\u043c \u043f\u0440\u0435\u0434\u043c\u0435\u0442\u043e\u0432 \u043e\u0434\u0435\u0436\u0434\u044b.<button class=\"rBl3me\" tabindex=\"0\" data-amic=\"true\" data-icl-uuid=\"a5773cae-7e55-4480-aea0-7b82dad5bc3f\" aria-label=\"\u041f\u043e\u0441\u043c\u043e\u0442\u0440\u0435\u0442\u044c \u0441\u0441\u044b\u043b\u043a\u0438 \u043f\u043e \u0442\u0435\u043c\u0435\" data-wiz-attrbind=\"disabled=jZL14d_k\/C5gNJc;aria-label=jZL14d_k\/bOjMyf;class=jZL14d_k\/UpSNec\" data-ved=\"2ahUKEwibvaPAvsSSAxUywAIHHQH2BREQye0OegYIAQgDEAE\"><\/button><\/h4><h4 class=\"Y3BBE\" data-hveid=\"CAEIBBAA\" data-complete=\"true\" data-processed=\"true\">\u0418\u0437\u043c\u0435\u0440\u0435\u043d\u0438\u044f \u0432 \u0440\u0443\u043a\u043e\u0432\u043e\u0434\u0441\u0442\u0432\u0435 \u043f\u043e \u0440\u0430\u0437\u043c\u0435\u0440\u0430\u043c \u0434\u043b\u044f \u201e\u0414\u0435\u0432\u0443\u0448\u0435\u043a\u201d \u0438 \u201e\u0416\u0435\u043d\u0449\u0438\u043d\u201d \u043f\u0440\u0438\u043c\u0435\u043d\u0438\u043c\u044b \u0442\u043e\u043b\u044c\u043a\u043e \u043a \u043a\u043e\u043d\u043a\u0440\u0435\u0442\u043d\u044b\u043c \u0436\u0435\u043d\u0441\u043a\u0438\u043c \u0442\u043e\u0432\u0430\u0440\u0430\u043c \u0432 \u0440\u0430\u0437\u0434\u0435\u043b\u0435 \u201e\u0416\u0435\u043d\u0449\u0438\u043d\u044b\u201d.<button class=\"rBl3me\" tabindex=\"0\" data-amic=\"true\" data-icl-uuid=\"343bd5cc-476f-4432-a337-f07c2ad936e9\" aria-label=\"\u041f\u043e\u0441\u043c\u043e\u0442\u0440\u0435\u0442\u044c \u0441\u0441\u044b\u043b\u043a\u0438 \u043f\u043e \u0442\u0435\u043c\u0435\" data-wiz-attrbind=\"disabled=jZL14d_o\/C5gNJc;aria-label=jZL14d_o\/bOjMyf;class=jZL14d_o\/UpSNec\" data-ved=\"2ahUKEwibvaPAvsSSAxUywAIHHQH2BREQye0OegYIAQgEEAE\"><\/button><\/h4><blockquote><div class=\"Y3BBE\" data-sfc-cp=\"\" data-hveid=\"CAEIBhAA\" data-complete=\"true\"><span style=\"font-size: 18px;\"><strong class=\"Yjhzub\" data-complete=\"true\">\u0412\u0430\u0436\u043d\u0430\u044f \u0440\u0435\u043a\u043e\u043c\u0435\u043d\u0434\u0430\u0446\u0438\u044f:<\/strong>\u00a0\u0427\u0442\u043e\u0431\u044b \u0442\u043e\u0447\u043d\u043e \u043e\u043f\u0440\u0435\u0434\u0435\u043b\u0438\u0442\u044c \u043d\u0443\u0436\u043d\u044b\u0439 \u0432\u0430\u043c \u0440\u0430\u0437\u043c\u0435\u0440, \u043c\u044b \u0440\u0435\u043a\u043e\u043c\u0435\u043d\u0434\u0443\u0435\u043c\u00a0<strong class=\"Yjhzub\" data-complete=\"true\">\u043f\u0440\u0438\u043c\u0435\u0440\u0438\u0442\u044c \u0442\u043e\u0432\u0430\u0440\u044b \u0432 \u043c\u0430\u0433\u0430\u0437\u0438\u043d\u0435<\/strong>, \u043e\u0441\u043e\u0431\u0435\u043d\u043d\u043e \u0435\u0441\u043b\u0438 \u0432\u044b \u0441\u043e\u0431\u0438\u0440\u0430\u0435\u0442\u0435\u0441\u044c \u0437\u0430\u043a\u0430\u0437\u0430\u0442\u044c \u043f\u0435\u0440\u0441\u043e\u043d\u0430\u043b\u0438\u0437\u0438\u0440\u043e\u0432\u0430\u043d\u043d\u043e\u0435 \u0441\u043d\u0430\u0440\u044f\u0436\u0435\u043d\u0438\u0435 (\u0441 \u043d\u0430\u0434\u043f\u0438\u0441\u044f\u043c\u0438\/\u043f\u0440\u0438\u043d\u0442\u0430\u043c\u0438).<\/span><button class=\"rBl3me\" tabindex=\"0\" data-amic=\"true\" data-icl-uuid=\"8ab44b0e-9c9b-4dc4-bb45-f151a2028de2\" aria-label=\"\u041f\u043e\u0441\u043c\u043e\u0442\u0440\u0435\u0442\u044c \u0441\u0441\u044b\u043b\u043a\u0438 \u043f\u043e \u0442\u0435\u043c\u0435\" data-wiz-attrbind=\"disabled=jZL14d_y\/C5gNJc;aria-label=jZL14d_y\/bOjMyf;class=jZL14d_y\/UpSNec\" data-ved=\"2ahUKEwibvaPAvsSSAxUywAIHHQH2BREQye0OegYIAQgGEAE\"><\/button><\/div><\/blockquote>\t\t\t\t\t\t\t\t<\/div>\n\t\t\t\t<div class=\"elementor-element elementor-element-ade956b elementor-widget elementor-widget-image\" data-id=\"ade956b\" data-element_type=\"widget\" data-e-type=\"widget\" data-widget_type=\"image.default\">\n\t\t\t\t\t\t\t\t\t\t\t\t\t\t\t<img fetchpriority=\"high\" decoding=\"async\" width=\"1600\" height=\"1711\" src=\"https:\/\/macron.md\/wp-content\/uploads\/2026\/02\/RAZMERI-_BUN.webp\" class=\"attachment-full size-full wp-image-70740\" alt=\"\" srcset=\"https:\/\/macron.md\/wp-content\/uploads\/2026\/02\/RAZMERI-_BUN.webp 1600w, https:\/\/macron.md\/wp-content\/uploads\/2026\/02\/RAZMERI-_BUN-958x1024.webp 958w, https:\/\/macron.md\/wp-content\/uploads\/2026\/02\/RAZMERI-_BUN-768x821.webp 768w, https:\/\/macron.md\/wp-content\/uploads\/2026\/02\/RAZMERI-_BUN-1436x1536.webp 1436w, https:\/\/macron.md\/wp-content\/uploads\/2026\/02\/RAZMERI-_BUN-640x684.webp 640w, https:\/\/macron.md\/wp-content\/uploads\/2026\/02\/RAZMERI-_BUN-400x428.webp 400w, https:\/\/macron.md\/wp-content\/uploads\/2026\/02\/RAZMERI-_BUN-600x642.webp 600w\" sizes=\"(max-width: 1600px) 100vw, 1600px\" \/>\t\t\t\t\t\t\t\t\t\t\t\t\t\t\t<\/div>\n\t\t\t\t\t<\/div>\n\t\t\t\t<\/div>\n\t\t\t\t<\/div>","protected":false},"excerpt":{"rendered":"<p>Ghid de m\u0103rimi V\u0103 rug\u0103m s\u0103 re\u021bine\u021bi c\u0103 acestea sunt dimensiuni aproximative. Aceste m\u0103sur\u0103tori se refer\u0103 la dimensiunile corpului \u0219i nu la cele ale articolelor de \u00eembr\u0103c\u0103minte. M\u0103sur\u0103torile din ghidul de m\u0103rimi pentru \u201eFete\u201d \u0219i \u201eFemei\u201d sunt aplicabile doar produselor specifice pentru femei din sec\u021biunea \u201eFemei\u201d. Recomandare important\u0103:\u00a0Pentru a determina cu exactitate m\u0103rimea de care [&hellip;]<\/p>\n","protected":false},"author":1,"featured_media":0,"parent":0,"menu_order":0,"comment_status":"closed","ping_status":"closed","template":"","meta":{"footnotes":""},"class_list":["post-70734","page","type-page","status-publish","hentry"],"_links":{"self":[{"href":"https:\/\/macron.md\/ru\/wp-json\/wp\/v2\/pages\/70734","targetHints":{"allow":["GET"]}}],"collection":[{"href":"https:\/\/macron.md\/ru\/wp-json\/wp\/v2\/pages"}],"about":[{"href":"https:\/\/macron.md\/ru\/wp-json\/wp\/v2\/types\/page"}],"author":[{"embeddable":true,"href":"https:\/\/macron.md\/ru\/wp-json\/wp\/v2\/users\/1"}],"replies":[{"embeddable":true,"href":"https:\/\/macron.md\/ru\/wp-json\/wp\/v2\/comments?post=70734"}],"version-history":[{"count":0,"href":"https:\/\/macron.md\/ru\/wp-json\/wp\/v2\/pages\/70734\/revisions"}],"wp:attachment":[{"href":"https:\/\/macron.md\/ru\/wp-json\/wp\/v2\/media?parent=70734"}],"curies":[{"name":"wp","href":"https:\/\/api.w.org\/{rel}","templated":true}]}}